{"id":1097,"date":"2010-10-22T12:53:44","date_gmt":"2010-10-22T10:53:44","guid":{"rendered":"http:\/\/www.grundschule-sasbach.de\/wp\/?page_id=1097"},"modified":"2024-03-08T12:54:44","modified_gmt":"2024-03-08T10:54:44","slug":"schule-bewegt-sich","status":"publish","type":"page","link":"https:\/\/www.grundschule-sasbach.de\/wp\/?page_id=1097","title":{"rendered":"Bewegte Schule"},"content":{"rendered":"<h3 style=\"text-align: center;\"><span style=\"color: #3366ff;\"><a href=\"https:\/\/www.grundschule-sasbach.de\/wp\/wp-content\/uploads\/2010\/10\/Sportkinder.gif\"><img loading=\"lazy\" decoding=\"async\" class=\"size-medium wp-image-1103 alignleft\" title=\"Sportkinder\" src=\"https:\/\/www.grundschule-sasbach.de\/wp\/wp-content\/uploads\/2010\/10\/Sportkinder-300x169.gif\" alt=\"Sportkinder\" width=\"226\" height=\"127\" srcset=\"https:\/\/www.grundschule-sasbach.de\/wp\/wp-content\/uploads\/2010\/10\/Sportkinder-300x169.gif 300w, https:\/\/www.grundschule-sasbach.de\/wp\/wp-content\/uploads\/2010\/10\/Sportkinder.gif 469w\" sizes=\"auto, (max-width: 226px) 100vw, 226px\" \/><\/a><\/span><\/h3>\n<h3 style=\"text-align: center;\"><span style=\"color: #3366ff;\">&#8222;Wer sich bewegt, <\/span><\/h3>\n<h3 style=\"text-align: center;\"><span style=\"color: #3366ff;\">bringt etwas in Bewegung&#8220;<br \/>\n<\/span><\/h3>\n<p style=\"text-align: center;\">Robert Lerch (*1938)<\/p>\n<h4><span style=\"color: #00ccff;\">Re-Zertifizierung zur Grundschule mit Bewegung f\u00fcr weitere 3 Jahre<\/span><\/h4>\n<p style=\"text-align: center;\"><strong><span style=\"color: #000080;\">Im Februar 2019 haben wir die Re-Zertifizierung zur Grundschule mit Bewegung Kategorie A mit <span style=\"color: #800080;\">Auszeichnung<\/span> erhalten.<\/span><\/strong><\/p>\n<p>Das freut uns nat\u00fcrlich sehr, da f\u00fcr uns Bewegung und Spiel ein wichtiges Element unseres Schulalltages ist.<\/p>\n<p><a href=\"https:\/\/www.grundschule-sasbach.de\/wp\/wp-content\/uploads\/2010\/10\/Bewegte-Schule1.JPG\"><img loading=\"lazy\" decoding=\"async\" class=\"aligncenter size-full wp-image-1271\" title=\"Bewegte Schule\" src=\"https:\/\/www.grundschule-sasbach.de\/wp\/wp-content\/uploads\/2010\/10\/Bewegte-Schule1.JPG\" alt=\"Bewegte Schule\" width=\"745\" height=\"1052\" srcset=\"https:\/\/www.grundschule-sasbach.de\/wp\/wp-content\/uploads\/2010\/10\/Bewegte-Schule1-212x300.jpg 212w, https:\/\/www.grundschule-sasbach.de\/wp\/wp-content\/uploads\/2010\/10\/Bewegte-Schule1-724x1023.jpg 724w\" sizes=\"auto, (max-width: 745px) 100vw, 745px\" \/><\/a>Alle sportlichen Aktivit\u00e4ten sehen Sie unter den einzelnen Schuljahren.<\/p>\n","protected":false},"excerpt":{"rendered":"<p>&#8222;Wer sich bewegt, bringt etwas in Bewegung&#8220; Robert Lerch (*1938) Re-Zertifizierung zur Grundschule mit Bewegung f\u00fcr weitere 3 Jahre Im Februar 2019 haben wir die Re-Zertifizierung zur Grundschule mit Bewegung Kategorie A mit Auszeichnung erhalten. Das freut uns nat\u00fcrlich sehr, da f\u00fcr uns Bewegung und Spiel ein wichtiges Element unseres Schulalltages ist. Alle sportlichen Aktivit\u00e4ten &hellip; <a href=\"https:\/\/www.grundschule-sasbach.de\/wp\/?page_id=1097\" class=\"more-link\"><span class=\"screen-reader-text\">Bewegte Schule<\/span> weiterlesen <span class=\"meta-nav\">&rarr;<\/span><\/a><\/p>\n","protected":false},"author":4,"featured_media":0,"parent":6,"menu_order":5,"comment_status":"closed","ping_status":"closed","template":"","meta":{"footnotes":""},"class_list":["post-1097","page","type-page","status-publish","hentry"],"_links":{"self":[{"href":"https:\/\/www.grundschule-sasbach.de\/wp\/index.php?rest_route=\/wp\/v2\/pages\/1097","targetHints":{"allow":["GET"]}}],"collection":[{"href":"https:\/\/www.grundschule-sasbach.de\/wp\/index.php?rest_route=\/wp\/v2\/pages"}],"about":[{"href":"https:\/\/www.grundschule-sasbach.de\/wp\/index.php?rest_route=\/wp\/v2\/types\/page"}],"author":[{"embeddable":true,"href":"https:\/\/www.grundschule-sasbach.de\/wp\/index.php?rest_route=\/wp\/v2\/users\/4"}],"replies":[{"embeddable":true,"href":"https:\/\/www.grundschule-sasbach.de\/wp\/index.php?rest_route=%2Fwp%2Fv2%2Fcomments&post=1097"}],"version-history":[{"count":15,"href":"https:\/\/www.grundschule-sasbach.de\/wp\/index.php?rest_route=\/wp\/v2\/pages\/1097\/revisions"}],"predecessor-version":[{"id":6553,"href":"https:\/\/www.grundschule-sasbach.de\/wp\/index.php?rest_route=\/wp\/v2\/pages\/1097\/revisions\/6553"}],"up":[{"embeddable":true,"href":"https:\/\/www.grundschule-sasbach.de\/wp\/index.php?rest_route=\/wp\/v2\/pages\/6"}],"wp:attachment":[{"href":"https:\/\/www.grundschule-sasbach.de\/wp\/index.php?rest_route=%2Fwp%2Fv2%2Fmedia&parent=1097"}],"curies":[{"name":"wp","href":"https:\/\/api.w.org\/{rel}","templated":true}]}}