{"id":172,"date":"2009-08-24T15:09:27","date_gmt":"2009-08-24T13:09:27","guid":{"rendered":"http:\/\/www.grundschule-sasbach.de\/wp\/?page_id=172"},"modified":"2025-11-02T15:37:45","modified_gmt":"2025-11-02T13:37:45","slug":"forderverein","status":"publish","type":"page","link":"https:\/\/www.grundschule-sasbach.de\/wp\/?page_id=172","title":{"rendered":"F\u00f6rderverein"},"content":{"rendered":"<h3 style=\"text-align: center;\"><span style=\"color: #ff0000;\"><span style=\"font-family: comic sans ms, sans-serif; font-size: 14pt;\">Seit dem Schuljahr 2024-2025<\/span><\/span><\/h3>\n<a href=\"https:\/\/www.grundschule-sasbach.de\/wp\/wp-content\/uploads\/2025\/03\/Foerdervereinshaus.pdf\" class=\"pdfemb-viewer\" style=\"\" data-width=\"max\" data-height=\"max\" data-toolbar=\"bottom\" data-toolbar-fixed=\"off\">F\u00f6rdervereinshaus<\/a>\n<h3 style=\"text-align: center;\"><span style=\"color: #000000; font-size: 12pt;\"><span style=\"font-family: comic sans ms, sans-serif;\">Juhuu, wir haben einen neuen F\u00f6rderverein:<\/span><\/span><\/h3>\n<p><strong><span style=\"color: #ff6600;\">Satzung:<br \/>\n<\/span><\/strong><\/p>\n<p><span style=\"color: #000000;\"><a href=\"https:\/\/www.grundschule-sasbach.de\/wp\/wp-content\/uploads\/2025\/03\/Satzung-Foerderverein-fuer-ein-Kinderlaecheln-e.-V.pdf\" class=\"pdfemb-viewer\" style=\"\" data-width=\"max\" data-height=\"max\" data-toolbar=\"bottom\" data-toolbar-fixed=\"off\">Satzung Fo\u0308rderverein fu\u0308r ein Kinderla\u0308cheln e. V.<\/a><\/span><strong><span style=\"color: #ff6600;\"><br \/>\n<\/span><\/strong><\/p>\n<p><strong><span style=\"color: #ff6600;\">Beitragsordnung:<\/span><\/strong><\/p>\n<a href=\"https:\/\/www.grundschule-sasbach.de\/wp\/wp-content\/uploads\/2025\/03\/Beitragsordnung-Foerderverein-fuer-ein-Kinderlaecheln-e.-V.pdf\" class=\"pdfemb-viewer\" style=\"\" data-width=\"max\" data-height=\"max\" data-toolbar=\"bottom\" data-toolbar-fixed=\"off\">Beitragsordnung Fo\u0308rderverein fu\u0308r ein Kinderla\u0308cheln e. V.<\/a>\n<p>Sie wollen Mitglied werden\u00a0 ? Das w\u00e4re toll ! Mit 20 \u20ac im Jahr k\u00f6nnten Sie uns unterst\u00fctzen:<\/p>\n<p>Einfach die Beitrittserkl\u00e4rung ausf\u00fcllen und in der Schule abgeben ! DANKE !<\/p>\n<p><strong><span style=\"color: #ff6600;\"><a href=\"https:\/\/www.grundschule-sasbach.de\/wp\/wp-content\/uploads\/2025\/04\/Beitrittserklaerung-Foerderverein-2025.pdf\" target=\"_blank\" rel=\"noopener\">Beitrittserkl\u00e4rung zum Ausdrucken<\/a>:<\/span><\/strong> <a href=\"https:\/\/www.grundschule-sasbach.de\/wp\/?page_id=172\" target=\"_blank\" rel=\"noopener\"><a href=\"https:\/\/www.grundschule-sasbach.de\/wp\/wp-content\/uploads\/2025\/04\/Beitrittserklaerung-Foerderverein-2025.pdf\" class=\"pdfemb-viewer\" style=\"\" data-width=\"max\" data-height=\"max\" data-toolbar=\"bottom\" data-toolbar-fixed=\"off\">Beitrittserkla\u0308rung F\u00f6rderverein 2025<\/a><\/a><strong><span style=\"color: #ff6600;\"><br \/>\n<\/span><\/strong><\/p>\n<p><strong><span style=\"color: #ff6600;\">Die Auftaktveranstaltung bei Kaffee und Kuchen fand am <\/span><\/strong><strong><span style=\"color: #ff6600;\">Samstag, den 29. M\u00e4rz 2025 in der Limburghalle in SASBACH statt.<\/span><\/strong><\/p>\n<h3><span style=\"color: #ff6600;\"><strong>F\u00d6RDERVEREIN f\u00fcr ein Kinderl\u00e4cheln e.V.<\/strong><\/span><\/h3>\n<h2><span style=\"color: #000000; font-size: 14pt;\">Er unterst\u00fctzt uns in Zeiten knapper werdender \u00f6ffentlicher Kassen bei der Anschaffung von Lehrmitteln und Ger\u00e4ten:<\/span><\/h2>\n<ul>\n<li><span style=\"color: #000000;\">B\u00fccher und Spiele f\u00fcr die Klassenb\u00fccherei<\/span><\/li>\n<li><span style=\"color: #000000;\">Pausenspiele<\/span><\/li>\n<li><span style=\"color: #000000;\">Zu<\/span>sch\u00fcsse f\u00fcr Autorenlesungen, Gewaltpr\u00e4ventionskurse,&#8230;<\/li>\n<li>organisiert aber auch Ausfl\u00fcge und Ferienaktionen.<\/li>\n<\/ul>\n<p><span style=\"color: #000000;\">Er unterst\u00fctzte uns aber vor allem durch sein Engagement bei:<\/span><\/p>\n<ul>\n<li><span style=\"color: #000000;\">Schulfesten<\/span><\/li>\n<li><span style=\"color: #000000;\">und &#8230;.<\/span><\/li>\n<\/ul>\n<p><strong><span style=\"color: #000000;\"><span style=\"text-decoration: underline;\">Das Vorstandsteam\u00a0unseres F\u00f6rdervereines :<\/span><\/span><\/strong><\/p>\n<ol>\n<li><strong>Vorstand<\/strong>: Nikolas Kopp<\/li>\n<li><strong>Vorstand<\/strong>: Felicitas Jan\u00dfon<\/li>\n<li><strong>RechnerIn<\/strong> Rheinauen Grundschule: Michaela Nock<\/li>\n<li><strong>RechnerIn<\/strong> Kindergarten Wirbelwind: Patricia Ziser<\/li>\n<li><strong>RechnerIn<\/strong> Kindergarten Kunterbunt: Mareike Sigwart<\/li>\n<\/ol>\n<p><strong>Schriftf\u00fchrerIn<\/strong>: Christina Helde<\/p>\n<p>&nbsp;<\/p>\n<p style=\"text-align: center;\"><span style=\"color: #ff0000; font-size: 18pt;\"><strong>HERZLICHEN DANK !<\/strong>\u00a0 <a href=\"https:\/\/www.grundschule-sasbach.de\/wp\/wp-content\/uploads\/2023\/05\/Kinder2.png\"><img loading=\"lazy\" decoding=\"async\" class=\"alignnone size-thumbnail wp-image-6170\" src=\"https:\/\/www.grundschule-sasbach.de\/wp\/wp-content\/uploads\/2023\/05\/Kinder2-150x150.png\" alt=\"\" width=\"150\" height=\"150\" \/><\/a><br \/>\n<\/span><\/p>\n<p>&nbsp;<\/p>\n<ul>\n<li><\/li>\n<\/ul>\n<p>&nbsp;<\/p>\n","protected":false},"excerpt":{"rendered":"<p>Seit dem Schuljahr 2024-2025 Juhuu, wir haben einen neuen F\u00f6rderverein: Satzung: Beitragsordnung: Sie wollen Mitglied werden\u00a0 ? Das w\u00e4re toll ! Mit 20 \u20ac im Jahr k\u00f6nnten Sie uns unterst\u00fctzen: Einfach die Beitrittserkl\u00e4rung ausf\u00fcllen und in der Schule abgeben ! DANKE ! Beitrittserkl\u00e4rung zum Ausdrucken: Die Auftaktveranstaltung bei Kaffee und Kuchen fand am Samstag, den &hellip; <a href=\"https:\/\/www.grundschule-sasbach.de\/wp\/?page_id=172\" class=\"more-link\"><span class=\"screen-reader-text\">F\u00f6rderverein<\/span> weiterlesen <span class=\"meta-nav\">&rarr;<\/span><\/a><\/p>\n","protected":false},"author":4,"featured_media":0,"parent":5868,"menu_order":6,"comment_status":"closed","ping_status":"closed","template":"","meta":{"footnotes":""},"class_list":["post-172","page","type-page","status-publish","hentry"],"_links":{"self":[{"href":"https:\/\/www.grundschule-sasbach.de\/wp\/index.php?rest_route=\/wp\/v2\/pages\/172","targetHints":{"allow":["GET"]}}],"collection":[{"href":"https:\/\/www.grundschule-sasbach.de\/wp\/index.php?rest_route=\/wp\/v2\/pages"}],"about":[{"href":"https:\/\/www.grundschule-sasbach.de\/wp\/index.php?rest_route=\/wp\/v2\/types\/page"}],"author":[{"embeddable":true,"href":"https:\/\/www.grundschule-sasbach.de\/wp\/index.php?rest_route=\/wp\/v2\/users\/4"}],"replies":[{"embeddable":true,"href":"https:\/\/www.grundschule-sasbach.de\/wp\/index.php?rest_route=%2Fwp%2Fv2%2Fcomments&post=172"}],"version-history":[{"count":56,"href":"https:\/\/www.grundschule-sasbach.de\/wp\/index.php?rest_route=\/wp\/v2\/pages\/172\/revisions"}],"predecessor-version":[{"id":7323,"href":"https:\/\/www.grundschule-sasbach.de\/wp\/index.php?rest_route=\/wp\/v2\/pages\/172\/revisions\/7323"}],"up":[{"embeddable":true,"href":"https:\/\/www.grundschule-sasbach.de\/wp\/index.php?rest_route=\/wp\/v2\/pages\/5868"}],"wp:attachment":[{"href":"https:\/\/www.grundschule-sasbach.de\/wp\/index.php?rest_route=%2Fwp%2Fv2%2Fmedia&parent=172"}],"curies":[{"name":"wp","href":"https:\/\/api.w.org\/{rel}","templated":true}]}}