{"id":2860,"date":"2015-01-29T16:52:31","date_gmt":"2015-01-29T14:52:31","guid":{"rendered":"http:\/\/www.grundschule-sasbach.de\/wp\/?page_id=2860"},"modified":"2019-09-17T10:04:29","modified_gmt":"2019-09-17T08:04:29","slug":"schuljahr-2014-2015","status":"publish","type":"page","link":"https:\/\/www.grundschule-sasbach.de\/wp\/?page_id=2860","title":{"rendered":"Schuljahr 2014\/2015"},"content":{"rendered":"<p><strong><span style=\"text-decoration: underline;\">Ab November 2014<\/span>:<\/strong> Die Klassen 4a und 4b\u00a0 haben Schwimmunterricht in Marckolsheim und werden dort die Schwimmabzeichen \u2013 Seepferdchen, Silber, Bronze oder Trixi ablegen. <a href=\"https:\/\/www.grundschule-sasbach.de\/wp\/wp-content\/uploads\/2015\/01\/schwimmen2.gif\"><img loading=\"lazy\" decoding=\"async\" class=\"alignright  wp-image-2863\" src=\"https:\/\/www.grundschule-sasbach.de\/wp\/wp-content\/uploads\/2015\/01\/schwimmen2-300x221.gif\" alt=\"schwimmen2\" width=\"124\" height=\"91\" \/><\/a><\/p>\n<p><strong><span style=\"text-decoration: underline;\">Februar 2015<\/span>:<\/strong> Ab Februar werden werden die 4. Kl\u00e4ssler, an je 2 Montagen, mit ihren Partnerkindern aus Ohnenheim zum Langlaufskifahren auf den Champ du feu gehen. Hoffentlich gibt es genug Schnee !<\/p>\n<p><a href=\"https:\/\/www.grundschule-sasbach.de\/wp\/wp-content\/uploads\/2015\/01\/Schuh_Ball.gif\"><img loading=\"lazy\" decoding=\"async\" class=\"alignright  wp-image-2864\" src=\"https:\/\/www.grundschule-sasbach.de\/wp\/wp-content\/uploads\/2015\/01\/Schuh_Ball-300x98.gif\" alt=\"Schuh_Ball\" width=\"144\" height=\"47\" \/><\/a><\/p>\n<p><strong><span style=\"text-decoration: underline;\">29. Januar 2015:<\/span><\/strong> Fu\u00dfball Hallenrunde-Wettkampfklasse V. Unsere Jungen-Fu\u00dfballmannschaft belegte in Sasbach nach Riegel den 2. Platz. Damit qualifizierten wir uns f\u00fcr die n\u00e4chste Runde.<\/p>\n<p><span style=\"color: #ff9900;\">Herzlichen Gl\u00fcckwunsch !<\/span> <a href=\"https:\/\/www.grundschule-sasbach.de\/wp\/wp-content\/uploads\/2015\/01\/Hallenfu\u00dfball-Sasbach-2.-Platz-29.01.2015.jpg\"><img loading=\"lazy\" decoding=\"async\" class=\"alignright size-medium wp-image-2865\" src=\"https:\/\/www.grundschule-sasbach.de\/wp\/wp-content\/uploads\/2015\/01\/Hallenfu\u00dfball-Sasbach-2.-Platz-29.01.2015-300x199.jpg\" alt=\"Hallenfu\u00dfball Sasbach 2. Platz 29.01.2015\" width=\"300\" height=\"199\" srcset=\"https:\/\/www.grundschule-sasbach.de\/wp\/wp-content\/uploads\/2015\/01\/Hallenfu\u00dfball-Sasbach-2.-Platz-29.01.2015-300x199.jpg 300w, https:\/\/www.grundschule-sasbach.de\/wp\/wp-content\/uploads\/2015\/01\/Hallenfu\u00dfball-Sasbach-2.-Platz-29.01.2015.jpg 800w\" sizes=\"auto, (max-width: 300px) 100vw, 300px\" \/><\/a><\/p>\n<p>&nbsp;<\/p>\n<p>&nbsp;<\/p>\n<p>&nbsp;<\/p>\n<p>&nbsp;<\/p>\n<p>&nbsp;<\/p>\n<p><strong>Am 2. und am 9. Februar<\/strong> waren wir mit unserer Partnerschule aus Ohnenheim beim Langlaufskifahren auf dem \u201cChamp du feu\u201d. Es waren 2 tolle Schneetage.<\/p>\n<p><img loading=\"lazy\" decoding=\"async\" class=\"aligncenter size-medium wp-image-2872\" src=\"https:\/\/www.grundschule-sasbach.de\/wp\/wp-content\/uploads\/2015\/02\/Gruppe-300x168.jpg\" alt=\"Gruppe\" width=\"300\" height=\"168\" srcset=\"https:\/\/www.grundschule-sasbach.de\/wp\/wp-content\/uploads\/2015\/02\/Gruppe-300x168.jpg 300w, https:\/\/www.grundschule-sasbach.de\/wp\/wp-content\/uploads\/2015\/02\/Gruppe.jpg 800w\" sizes=\"auto, (max-width: 300px) 100vw, 300px\" \/><\/p>\n","protected":false},"excerpt":{"rendered":"<p>Ab November 2014: Die Klassen 4a und 4b\u00a0 haben Schwimmunterricht in Marckolsheim und werden dort die Schwimmabzeichen \u2013 Seepferdchen, Silber, Bronze oder Trixi ablegen. Februar 2015: Ab Februar werden werden die 4. Kl\u00e4ssler, an je 2 Montagen, mit ihren Partnerkindern aus Ohnenheim zum Langlaufskifahren auf den Champ du feu gehen. Hoffentlich gibt es genug Schnee &hellip; <a href=\"https:\/\/www.grundschule-sasbach.de\/wp\/?page_id=2860\" class=\"more-link\"><span class=\"screen-reader-text\">Schuljahr 2014\/2015<\/span> weiterlesen <span class=\"meta-nav\">&rarr;<\/span><\/a><\/p>\n","protected":false},"author":4,"featured_media":0,"parent":1097,"menu_order":5,"comment_status":"closed","ping_status":"closed","template":"","meta":{"footnotes":""},"class_list":["post-2860","page","type-page","status-publish","hentry"],"_links":{"self":[{"href":"https:\/\/www.grundschule-sasbach.de\/wp\/index.php?rest_route=\/wp\/v2\/pages\/2860","targetHints":{"allow":["GET"]}}],"collection":[{"href":"https:\/\/www.grundschule-sasbach.de\/wp\/index.php?rest_route=\/wp\/v2\/pages"}],"about":[{"href":"https:\/\/www.grundschule-sasbach.de\/wp\/index.php?rest_route=\/wp\/v2\/types\/page"}],"author":[{"embeddable":true,"href":"https:\/\/www.grundschule-sasbach.de\/wp\/index.php?rest_route=\/wp\/v2\/users\/4"}],"replies":[{"embeddable":true,"href":"https:\/\/www.grundschule-sasbach.de\/wp\/index.php?rest_route=%2Fwp%2Fv2%2Fcomments&post=2860"}],"version-history":[{"count":6,"href":"https:\/\/www.grundschule-sasbach.de\/wp\/index.php?rest_route=\/wp\/v2\/pages\/2860\/revisions"}],"predecessor-version":[{"id":2877,"href":"https:\/\/www.grundschule-sasbach.de\/wp\/index.php?rest_route=\/wp\/v2\/pages\/2860\/revisions\/2877"}],"up":[{"embeddable":true,"href":"https:\/\/www.grundschule-sasbach.de\/wp\/index.php?rest_route=\/wp\/v2\/pages\/1097"}],"wp:attachment":[{"href":"https:\/\/www.grundschule-sasbach.de\/wp\/index.php?rest_route=%2Fwp%2Fv2%2Fmedia&parent=2860"}],"curies":[{"name":"wp","href":"https:\/\/api.w.org\/{rel}","templated":true}]}}