{"id":3278,"date":"2016-03-22T11:47:18","date_gmt":"2016-03-22T09:47:18","guid":{"rendered":"http:\/\/www.grundschule-sasbach.de\/wp\/?page_id=3278"},"modified":"2026-03-02T10:53:28","modified_gmt":"2026-03-02T08:53:28","slug":"wald-ag","status":"publish","type":"page","link":"https:\/\/www.grundschule-sasbach.de\/wp\/?page_id=3278","title":{"rendered":"Natur AG"},"content":{"rendered":"<h3><span style=\"color: #99cc00;\">Die au\u00dferschulische\u00a0 Natur AG<\/span><\/h3>\n<p>leiten in diesem Schuljahr Anny Resch und Leonie Schweitzer- FSJ<\/p>\n<p>Gemeinsam mit den Kindern entdecken sie die Natur rund um unsere Schule.<\/p>\n<p>Bauen Nester, schnitzen, bauen im Schnee, besuchen die WG, wandern mit Ziegen&#8230;. eine tolle AG !<\/p>\n<p><span style=\"color: #339966; font-size: 18pt;\">DANKE !<\/span><\/p>\n<h3><strong><span style=\"color: #339966;\">2025\/2026<\/span><\/strong><\/h3>\n<p>Hier ein paar Eindr\u00fccke:<\/p>\n<p>Die Natur AG ist wieder aktiv&#8230;<\/p>\n<p>Dieses Jahr ging es zun\u00e4chst mal mit den Ziegen in die Natur. Sch\u00f6n war\u00b4s&#8230;<\/p>\n<p><a href=\"https:\/\/www.grundschule-sasbach.de\/wp\/wp-content\/uploads\/2026\/03\/Die-KInder-mit-den-Ziegen-auf-dem-Weg.jpg\"><img loading=\"lazy\" decoding=\"async\" class=\"alignnone size-thumbnail wp-image-7504\" src=\"https:\/\/www.grundschule-sasbach.de\/wp\/wp-content\/uploads\/2026\/03\/Die-KInder-mit-den-Ziegen-auf-dem-Weg-150x150.jpg\" alt=\"\" width=\"150\" height=\"150\" \/><\/a><a href=\"https:\/\/www.grundschule-sasbach.de\/wp\/wp-content\/uploads\/2026\/03\/Alle-KInder-zeigen-ihr-geschnitzen-Stoecke.jpg\"><img loading=\"lazy\" decoding=\"async\" class=\"alignnone size-thumbnail wp-image-7495\" src=\"https:\/\/www.grundschule-sasbach.de\/wp\/wp-content\/uploads\/2026\/03\/Alle-KInder-zeigen-ihr-geschnitzen-Stoecke-150x150.jpg\" alt=\"\" width=\"150\" height=\"150\" \/><\/a> <a href=\"https:\/\/www.grundschule-sasbach.de\/wp\/wp-content\/uploads\/2026\/03\/Die-Kinder-mit-den-Ziegen.jpg\"><img loading=\"lazy\" decoding=\"async\" class=\"alignnone size-thumbnail wp-image-7505\" src=\"https:\/\/www.grundschule-sasbach.de\/wp\/wp-content\/uploads\/2026\/03\/Die-Kinder-mit-den-Ziegen-150x150.jpg\" alt=\"\" width=\"150\" height=\"150\" \/><\/a> <a href=\"https:\/\/www.grundschule-sasbach.de\/wp\/wp-content\/uploads\/2026\/03\/Die-KInder-beim-Nestchen-machen.jpg\"><img loading=\"lazy\" decoding=\"async\" class=\"alignnone size-thumbnail wp-image-7501\" src=\"https:\/\/www.grundschule-sasbach.de\/wp\/wp-content\/uploads\/2026\/03\/Die-KInder-beim-Nestchen-machen-150x150.jpg\" alt=\"\" width=\"150\" height=\"150\" \/><\/a> <a href=\"https:\/\/www.grundschule-sasbach.de\/wp\/wp-content\/uploads\/2026\/03\/Die-KInder-haben-aus-Naturmaterial-Nestchen-gebaut.jpg\"><img loading=\"lazy\" decoding=\"async\" class=\"alignnone size-thumbnail wp-image-7503\" src=\"https:\/\/www.grundschule-sasbach.de\/wp\/wp-content\/uploads\/2026\/03\/Die-KInder-haben-aus-Naturmaterial-Nestchen-gebaut-150x150.jpg\" alt=\"\" width=\"150\" height=\"150\" \/><\/a> <a href=\"https:\/\/www.grundschule-sasbach.de\/wp\/wp-content\/uploads\/2026\/03\/Die-KInder-beim-Stockbrot-machen-am-Feuer.jpg\"><img loading=\"lazy\" decoding=\"async\" class=\"alignnone size-thumbnail wp-image-7502\" src=\"https:\/\/www.grundschule-sasbach.de\/wp\/wp-content\/uploads\/2026\/03\/Die-KInder-beim-Stockbrot-machen-am-Feuer-150x150.jpg\" alt=\"\" width=\"150\" height=\"150\" \/><\/a><a href=\"https:\/\/www.grundschule-sasbach.de\/wp\/wp-content\/uploads\/2026\/03\/Stockbrot-machen-am-Feuer.jpg\"><img loading=\"lazy\" decoding=\"async\" class=\"alignnone size-thumbnail wp-image-7506\" src=\"https:\/\/www.grundschule-sasbach.de\/wp\/wp-content\/uploads\/2026\/03\/Stockbrot-machen-am-Feuer-150x150.jpg\" alt=\"\" width=\"150\" height=\"150\" \/><\/a><a href=\"https:\/\/www.grundschule-sasbach.de\/wp\/wp-content\/uploads\/2026\/03\/Baerlauchzeit-3.jpg\"><img loading=\"lazy\" decoding=\"async\" class=\"alignnone size-thumbnail wp-image-7498\" src=\"https:\/\/www.grundschule-sasbach.de\/wp\/wp-content\/uploads\/2026\/03\/Baerlauchzeit-3-150x150.jpg\" alt=\"\" width=\"150\" height=\"150\" \/><\/a><a href=\"https:\/\/www.grundschule-sasbach.de\/wp\/wp-content\/uploads\/2026\/03\/Baerlauchzeit-1.jpg\"><img loading=\"lazy\" decoding=\"async\" class=\"alignnone size-thumbnail wp-image-7496\" src=\"https:\/\/www.grundschule-sasbach.de\/wp\/wp-content\/uploads\/2026\/03\/Baerlauchzeit-1-150x150.jpg\" alt=\"\" width=\"150\" height=\"150\" \/><\/a><\/p>\n<h3><span style=\"color: #008000;\">2024\/2025<\/span><\/h3>\n<p>Vor den Osterferien waren die Natur AG Kinder der Rheinauen Grundschule Sasbach mit Frau Anny Resch und allen, die sonst noch Lust und Zeit hatten, mit unserem Revierf\u00f6rster Alex Schulz im Wald.<\/p>\n<p>Bei der Waldbegehung erkl\u00e4rte Herr Schulz den Kindern warum viele Rheinauenb\u00e4ume erkrankt sind, zeigte ihnen den Pilzbefall und erkl\u00e4rte wie intelligent die B\u00e4ume auf die Trockenheit reagieren, um \u00fcberleben zu k\u00f6nnen. \u00a0Er erz\u00e4hlte warum die B\u00e4ume abgeholzt werden m\u00fcssen und welche verschiedenen Verwendungsm\u00f6glichkeiten es f\u00fcr das Holz gibt (Industrieholz, Palettenholz, Feuerholz)<\/p>\n<p>Er zeigte den Kindern auch die Hochsitze erkl\u00e4rte ihre Funktion und vieles mehr.<\/p>\n<p>\u00dcber 2 Stunden waren im Nu vergangen. Alle waren beeindruckt und wissen jetzt, dass der Lebensraum Wald f\u00fcr uns gro\u00dfen und kleinen Menschen sehr wichtig ist.<\/p>\n<p>F\u00fcr die tolle F\u00fchrung \u00fcberreichte die Natur AG Herrn Schulz am Ende ein selbstgemachtes Fr\u00fchlingspesto.<\/p>\n<p>DANKE f\u00fcr die lehrreiche Waldbegehung !<\/p>\n<p><a href=\"https:\/\/www.grundschule-sasbach.de\/wp\/wp-content\/uploads\/2025\/05\/Der-Revierfoerster-Alex-Schulz.jpg\"><img loading=\"lazy\" decoding=\"async\" class=\"alignnone size-thumbnail wp-image-7051\" src=\"https:\/\/www.grundschule-sasbach.de\/wp\/wp-content\/uploads\/2025\/05\/Der-Revierfoerster-Alex-Schulz-150x150.jpg\" alt=\"\" width=\"150\" height=\"150\" \/><\/a><a href=\"https:\/\/www.grundschule-sasbach.de\/wp\/wp-content\/uploads\/2025\/05\/Waldbegehungsgruppe-mit-Foerster-Schulz.jpg\"><img loading=\"lazy\" decoding=\"async\" class=\"alignnone size-thumbnail wp-image-7053\" src=\"https:\/\/www.grundschule-sasbach.de\/wp\/wp-content\/uploads\/2025\/05\/Waldbegehungsgruppe-mit-Foerster-Schulz-150x150.jpg\" alt=\"\" width=\"150\" height=\"150\" \/><\/a><\/p>\n<p><a href=\"https:\/\/www.grundschule-sasbach.de\/wp\/wp-content\/uploads\/2024\/07\/Fahhradausflug-Natur-AG-27.06.2024.jpg\"><img loading=\"lazy\" decoding=\"async\" class=\"alignnone size-medium wp-image-6669\" src=\"https:\/\/www.grundschule-sasbach.de\/wp\/wp-content\/uploads\/2024\/07\/Fahhradausflug-Natur-AG-27.06.2024-300x169.jpg\" alt=\"\" width=\"300\" height=\"169\" srcset=\"https:\/\/www.grundschule-sasbach.de\/wp\/wp-content\/uploads\/2024\/07\/Fahhradausflug-Natur-AG-27.06.2024-300x169.jpg 300w, https:\/\/www.grundschule-sasbach.de\/wp\/wp-content\/uploads\/2024\/07\/Fahhradausflug-Natur-AG-27.06.2024-768x432.jpg 768w, https:\/\/www.grundschule-sasbach.de\/wp\/wp-content\/uploads\/2024\/07\/Fahhradausflug-Natur-AG-27.06.2024.jpg 800w\" sizes=\"auto, (max-width: 300px) 100vw, 300px\" \/><\/a> <a href=\"https:\/\/www.grundschule-sasbach.de\/wp\/wp-content\/uploads\/2024\/07\/Fahrradausflug-Natur-AG-27.06.2024.jpg\"><img loading=\"lazy\" decoding=\"async\" class=\"alignnone size-medium wp-image-6670\" src=\"https:\/\/www.grundschule-sasbach.de\/wp\/wp-content\/uploads\/2024\/07\/Fahrradausflug-Natur-AG-27.06.2024-300x169.jpg\" alt=\"\" width=\"300\" height=\"169\" srcset=\"https:\/\/www.grundschule-sasbach.de\/wp\/wp-content\/uploads\/2024\/07\/Fahrradausflug-Natur-AG-27.06.2024-300x169.jpg 300w, https:\/\/www.grundschule-sasbach.de\/wp\/wp-content\/uploads\/2024\/07\/Fahrradausflug-Natur-AG-27.06.2024-768x432.jpg 768w, https:\/\/www.grundschule-sasbach.de\/wp\/wp-content\/uploads\/2024\/07\/Fahrradausflug-Natur-AG-27.06.2024.jpg 800w\" sizes=\"auto, (max-width: 300px) 100vw, 300px\" \/><\/a><\/p>\n<p><a href=\"https:\/\/www.grundschule-sasbach.de\/wp\/wp-content\/uploads\/2024\/12\/Beim-Nestbau.jpg\"><img loading=\"lazy\" decoding=\"async\" class=\"alignnone size-medium wp-image-6879\" src=\"https:\/\/www.grundschule-sasbach.de\/wp\/wp-content\/uploads\/2024\/12\/Beim-Nestbau-300x169.jpg\" alt=\"\" width=\"300\" height=\"169\" srcset=\"https:\/\/www.grundschule-sasbach.de\/wp\/wp-content\/uploads\/2024\/12\/Beim-Nestbau-300x169.jpg 300w, https:\/\/www.grundschule-sasbach.de\/wp\/wp-content\/uploads\/2024\/12\/Beim-Nestbau-1024x576.jpg 1024w, https:\/\/www.grundschule-sasbach.de\/wp\/wp-content\/uploads\/2024\/12\/Beim-Nestbau-768x432.jpg 768w, https:\/\/www.grundschule-sasbach.de\/wp\/wp-content\/uploads\/2024\/12\/Beim-Nestbau-1536x864.jpg 1536w, https:\/\/www.grundschule-sasbach.de\/wp\/wp-content\/uploads\/2024\/12\/Beim-Nestbau.jpg 1600w\" sizes=\"auto, (max-width: 300px) 100vw, 300px\" \/><\/a> <a href=\"https:\/\/www.grundschule-sasbach.de\/wp\/wp-content\/uploads\/2024\/12\/Der-erste-Schnee-1.jpg\"><img loading=\"lazy\" decoding=\"async\" class=\"alignnone size-medium wp-image-6880\" src=\"https:\/\/www.grundschule-sasbach.de\/wp\/wp-content\/uploads\/2024\/12\/Der-erste-Schnee-1-300x169.jpg\" alt=\"\" width=\"300\" height=\"169\" srcset=\"https:\/\/www.grundschule-sasbach.de\/wp\/wp-content\/uploads\/2024\/12\/Der-erste-Schnee-1-300x169.jpg 300w, https:\/\/www.grundschule-sasbach.de\/wp\/wp-content\/uploads\/2024\/12\/Der-erste-Schnee-1-1024x576.jpg 1024w, https:\/\/www.grundschule-sasbach.de\/wp\/wp-content\/uploads\/2024\/12\/Der-erste-Schnee-1-768x432.jpg 768w, https:\/\/www.grundschule-sasbach.de\/wp\/wp-content\/uploads\/2024\/12\/Der-erste-Schnee-1-1536x864.jpg 1536w, https:\/\/www.grundschule-sasbach.de\/wp\/wp-content\/uploads\/2024\/12\/Der-erste-Schnee-1.jpg 1600w\" sizes=\"auto, (max-width: 300px) 100vw, 300px\" \/><\/a> <a href=\"https:\/\/www.grundschule-sasbach.de\/wp\/wp-content\/uploads\/2024\/12\/Der-erste-Schnee-2024.jpg\"><img loading=\"lazy\" decoding=\"async\" class=\"alignnone size-medium wp-image-6881\" src=\"https:\/\/www.grundschule-sasbach.de\/wp\/wp-content\/uploads\/2024\/12\/Der-erste-Schnee-2024-169x300.jpg\" alt=\"\" width=\"169\" height=\"300\" srcset=\"https:\/\/www.grundschule-sasbach.de\/wp\/wp-content\/uploads\/2024\/12\/Der-erste-Schnee-2024-169x300.jpg 169w, https:\/\/www.grundschule-sasbach.de\/wp\/wp-content\/uploads\/2024\/12\/Der-erste-Schnee-2024-576x1024.jpg 576w, https:\/\/www.grundschule-sasbach.de\/wp\/wp-content\/uploads\/2024\/12\/Der-erste-Schnee-2024-768x1365.jpg 768w, https:\/\/www.grundschule-sasbach.de\/wp\/wp-content\/uploads\/2024\/12\/Der-erste-Schnee-2024-864x1536.jpg 864w, https:\/\/www.grundschule-sasbach.de\/wp\/wp-content\/uploads\/2024\/12\/Der-erste-Schnee-2024.jpg 900w\" sizes=\"auto, (max-width: 169px) 100vw, 169px\" \/><\/a> <a href=\"https:\/\/www.grundschule-sasbach.de\/wp\/wp-content\/uploads\/2024\/12\/Im-Wald.jpg\"><img loading=\"lazy\" decoding=\"async\" class=\"alignnone size-medium wp-image-6882\" src=\"https:\/\/www.grundschule-sasbach.de\/wp\/wp-content\/uploads\/2024\/12\/Im-Wald-300x169.jpg\" alt=\"\" width=\"300\" height=\"169\" srcset=\"https:\/\/www.grundschule-sasbach.de\/wp\/wp-content\/uploads\/2024\/12\/Im-Wald-300x169.jpg 300w, https:\/\/www.grundschule-sasbach.de\/wp\/wp-content\/uploads\/2024\/12\/Im-Wald-1024x576.jpg 1024w, https:\/\/www.grundschule-sasbach.de\/wp\/wp-content\/uploads\/2024\/12\/Im-Wald-768x432.jpg 768w, https:\/\/www.grundschule-sasbach.de\/wp\/wp-content\/uploads\/2024\/12\/Im-Wald-1536x864.jpg 1536w, https:\/\/www.grundschule-sasbach.de\/wp\/wp-content\/uploads\/2024\/12\/Im-Wald.jpg 1600w\" sizes=\"auto, (max-width: 300px) 100vw, 300px\" \/><\/a> <a href=\"https:\/\/www.grundschule-sasbach.de\/wp\/wp-content\/uploads\/2024\/12\/In-der-WG-1.jpg\"><img loading=\"lazy\" decoding=\"async\" class=\"alignnone size-medium wp-image-6883\" src=\"https:\/\/www.grundschule-sasbach.de\/wp\/wp-content\/uploads\/2024\/12\/In-der-WG-1-169x300.jpg\" alt=\"\" width=\"169\" height=\"300\" srcset=\"https:\/\/www.grundschule-sasbach.de\/wp\/wp-content\/uploads\/2024\/12\/In-der-WG-1-169x300.jpg 169w, https:\/\/www.grundschule-sasbach.de\/wp\/wp-content\/uploads\/2024\/12\/In-der-WG-1-576x1024.jpg 576w, https:\/\/www.grundschule-sasbach.de\/wp\/wp-content\/uploads\/2024\/12\/In-der-WG-1-768x1365.jpg 768w, https:\/\/www.grundschule-sasbach.de\/wp\/wp-content\/uploads\/2024\/12\/In-der-WG-1-864x1536.jpg 864w, https:\/\/www.grundschule-sasbach.de\/wp\/wp-content\/uploads\/2024\/12\/In-der-WG-1.jpg 900w\" sizes=\"auto, (max-width: 169px) 100vw, 169px\" \/><\/a> <a href=\"https:\/\/www.grundschule-sasbach.de\/wp\/wp-content\/uploads\/2024\/12\/In-der-WG-Umtrunk.jpg\"><img loading=\"lazy\" decoding=\"async\" class=\"alignnone size-medium wp-image-6884\" src=\"https:\/\/www.grundschule-sasbach.de\/wp\/wp-content\/uploads\/2024\/12\/In-der-WG-Umtrunk-169x300.jpg\" alt=\"\" width=\"169\" height=\"300\" srcset=\"https:\/\/www.grundschule-sasbach.de\/wp\/wp-content\/uploads\/2024\/12\/In-der-WG-Umtrunk-169x300.jpg 169w, https:\/\/www.grundschule-sasbach.de\/wp\/wp-content\/uploads\/2024\/12\/In-der-WG-Umtrunk-576x1024.jpg 576w, https:\/\/www.grundschule-sasbach.de\/wp\/wp-content\/uploads\/2024\/12\/In-der-WG-Umtrunk-768x1365.jpg 768w, https:\/\/www.grundschule-sasbach.de\/wp\/wp-content\/uploads\/2024\/12\/In-der-WG-Umtrunk-864x1536.jpg 864w, https:\/\/www.grundschule-sasbach.de\/wp\/wp-content\/uploads\/2024\/12\/In-der-WG-Umtrunk.jpg 900w\" sizes=\"auto, (max-width: 169px) 100vw, 169px\" \/><\/a> <a href=\"https:\/\/www.grundschule-sasbach.de\/wp\/wp-content\/uploads\/2024\/12\/wir-schnitzen-1.jpg\"><img loading=\"lazy\" decoding=\"async\" class=\"alignnone size-medium wp-image-6885\" src=\"https:\/\/www.grundschule-sasbach.de\/wp\/wp-content\/uploads\/2024\/12\/wir-schnitzen-1-169x300.jpg\" alt=\"\" width=\"169\" height=\"300\" srcset=\"https:\/\/www.grundschule-sasbach.de\/wp\/wp-content\/uploads\/2024\/12\/wir-schnitzen-1-169x300.jpg 169w, https:\/\/www.grundschule-sasbach.de\/wp\/wp-content\/uploads\/2024\/12\/wir-schnitzen-1-576x1024.jpg 576w, https:\/\/www.grundschule-sasbach.de\/wp\/wp-content\/uploads\/2024\/12\/wir-schnitzen-1-768x1365.jpg 768w, https:\/\/www.grundschule-sasbach.de\/wp\/wp-content\/uploads\/2024\/12\/wir-schnitzen-1-864x1536.jpg 864w, https:\/\/www.grundschule-sasbach.de\/wp\/wp-content\/uploads\/2024\/12\/wir-schnitzen-1.jpg 900w\" sizes=\"auto, (max-width: 169px) 100vw, 169px\" \/><\/a> <a href=\"https:\/\/www.grundschule-sasbach.de\/wp\/wp-content\/uploads\/2024\/12\/Wir-schnitzen.jpg\"><img loading=\"lazy\" decoding=\"async\" class=\"alignnone size-medium wp-image-6886\" src=\"https:\/\/www.grundschule-sasbach.de\/wp\/wp-content\/uploads\/2024\/12\/Wir-schnitzen-169x300.jpg\" alt=\"\" width=\"169\" height=\"300\" srcset=\"https:\/\/www.grundschule-sasbach.de\/wp\/wp-content\/uploads\/2024\/12\/Wir-schnitzen-169x300.jpg 169w, https:\/\/www.grundschule-sasbach.de\/wp\/wp-content\/uploads\/2024\/12\/Wir-schnitzen-576x1024.jpg 576w, https:\/\/www.grundschule-sasbach.de\/wp\/wp-content\/uploads\/2024\/12\/Wir-schnitzen-768x1365.jpg 768w, https:\/\/www.grundschule-sasbach.de\/wp\/wp-content\/uploads\/2024\/12\/Wir-schnitzen-864x1536.jpg 864w, https:\/\/www.grundschule-sasbach.de\/wp\/wp-content\/uploads\/2024\/12\/Wir-schnitzen.jpg 900w\" sizes=\"auto, (max-width: 169px) 100vw, 169px\" \/><\/a><a href=\"https:\/\/www.grundschule-sasbach.de\/wp\/wp-content\/uploads\/2025\/01\/Das-Feuer-brennt.jpg\"><img loading=\"lazy\" decoding=\"async\" class=\"alignnone size-medium wp-image-6920\" src=\"https:\/\/www.grundschule-sasbach.de\/wp\/wp-content\/uploads\/2025\/01\/Das-Feuer-brennt-169x300.jpg\" alt=\"\" width=\"169\" height=\"300\" srcset=\"https:\/\/www.grundschule-sasbach.de\/wp\/wp-content\/uploads\/2025\/01\/Das-Feuer-brennt-169x300.jpg 169w, https:\/\/www.grundschule-sasbach.de\/wp\/wp-content\/uploads\/2025\/01\/Das-Feuer-brennt-576x1024.jpg 576w, https:\/\/www.grundschule-sasbach.de\/wp\/wp-content\/uploads\/2025\/01\/Das-Feuer-brennt-768x1365.jpg 768w, https:\/\/www.grundschule-sasbach.de\/wp\/wp-content\/uploads\/2025\/01\/Das-Feuer-brennt-864x1536.jpg 864w, https:\/\/www.grundschule-sasbach.de\/wp\/wp-content\/uploads\/2025\/01\/Das-Feuer-brennt.jpg 900w\" sizes=\"auto, (max-width: 169px) 100vw, 169px\" \/><\/a><a href=\"https:\/\/www.grundschule-sasbach.de\/wp\/wp-content\/uploads\/2025\/01\/Holz-sammeln.jpg\"><img loading=\"lazy\" decoding=\"async\" class=\"alignnone size-medium wp-image-6921\" src=\"https:\/\/www.grundschule-sasbach.de\/wp\/wp-content\/uploads\/2025\/01\/Holz-sammeln-300x169.jpg\" alt=\"\" width=\"300\" height=\"169\" srcset=\"https:\/\/www.grundschule-sasbach.de\/wp\/wp-content\/uploads\/2025\/01\/Holz-sammeln-300x169.jpg 300w, https:\/\/www.grundschule-sasbach.de\/wp\/wp-content\/uploads\/2025\/01\/Holz-sammeln-768x432.jpg 768w, https:\/\/www.grundschule-sasbach.de\/wp\/wp-content\/uploads\/2025\/01\/Holz-sammeln.jpg 800w\" sizes=\"auto, (max-width: 300px) 100vw, 300px\" \/><\/a><\/p>\n<h3><\/h3>\n<p>&nbsp;<\/p>\n<p>&nbsp;<\/p>\n<p>&nbsp;<\/p>\n<p>&nbsp;<\/p>\n","protected":false},"excerpt":{"rendered":"<p>Die au\u00dferschulische\u00a0 Natur AG leiten in diesem Schuljahr Anny Resch und Leonie Schweitzer- FSJ Gemeinsam mit den Kindern entdecken sie die Natur rund um unsere Schule. Bauen Nester, schnitzen, bauen im Schnee, besuchen die WG, wandern mit Ziegen&#8230;. eine tolle AG ! DANKE ! 2025\/2026 Hier ein paar Eindr\u00fccke: Die Natur AG ist wieder aktiv&#8230; &hellip; <a href=\"https:\/\/www.grundschule-sasbach.de\/wp\/?page_id=3278\" class=\"more-link\"><span class=\"screen-reader-text\">Natur AG<\/span> weiterlesen <span class=\"meta-nav\">&rarr;<\/span><\/a><\/p>\n","protected":false},"author":4,"featured_media":0,"parent":1947,"menu_order":1,"comment_status":"closed","ping_status":"closed","template":"","meta":{"footnotes":""},"class_list":["post-3278","page","type-page","status-publish","hentry"],"_links":{"self":[{"href":"https:\/\/www.grundschule-sasbach.de\/wp\/index.php?rest_route=\/wp\/v2\/pages\/3278","targetHints":{"allow":["GET"]}}],"collection":[{"href":"https:\/\/www.grundschule-sasbach.de\/wp\/index.php?rest_route=\/wp\/v2\/pages"}],"about":[{"href":"https:\/\/www.grundschule-sasbach.de\/wp\/index.php?rest_route=\/wp\/v2\/types\/page"}],"author":[{"embeddable":true,"href":"https:\/\/www.grundschule-sasbach.de\/wp\/index.php?rest_route=\/wp\/v2\/users\/4"}],"replies":[{"embeddable":true,"href":"https:\/\/www.grundschule-sasbach.de\/wp\/index.php?rest_route=%2Fwp%2Fv2%2Fcomments&post=3278"}],"version-history":[{"count":17,"href":"https:\/\/www.grundschule-sasbach.de\/wp\/index.php?rest_route=\/wp\/v2\/pages\/3278\/revisions"}],"predecessor-version":[{"id":7509,"href":"https:\/\/www.grundschule-sasbach.de\/wp\/index.php?rest_route=\/wp\/v2\/pages\/3278\/revisions\/7509"}],"up":[{"embeddable":true,"href":"https:\/\/www.grundschule-sasbach.de\/wp\/index.php?rest_route=\/wp\/v2\/pages\/1947"}],"wp:attachment":[{"href":"https:\/\/www.grundschule-sasbach.de\/wp\/index.php?rest_route=%2Fwp%2Fv2%2Fmedia&parent=3278"}],"curies":[{"name":"wp","href":"https:\/\/api.w.org\/{rel}","templated":true}]}}