{"id":3280,"date":"2016-03-22T11:47:49","date_gmt":"2016-03-22T09:47:49","guid":{"rendered":"http:\/\/www.grundschule-sasbach.de\/wp\/?page_id=3280"},"modified":"2025-11-02T16:08:11","modified_gmt":"2025-11-02T14:08:11","slug":"werk-ag","status":"publish","type":"page","link":"https:\/\/www.grundschule-sasbach.de\/wp\/?page_id=3280","title":{"rendered":"PC AG"},"content":{"rendered":"<p><span style=\"font-family: comic sans ms, sans-serif; font-size: 14pt; color: #800000;\">2024-2025\u00a0<\/span><\/p>\n<p><span style=\"font-family: comic sans ms, sans-serif; color: #800000;\">in der PC-AG bei Herrn Gehring lernen die Kinder spielerisch programmieren und wie ein Computer \u00fcberhaupt fubnktioniert.<br \/>\n<\/span><\/p>\n<p><a href=\"https:\/\/www.grundschule-sasbach.de\/wp\/wp-content\/uploads\/2024\/12\/PC-AG-1.-Gruppe.jpg\"><img loading=\"lazy\" decoding=\"async\" class=\"alignnone size-medium wp-image-6888\" src=\"https:\/\/www.grundschule-sasbach.de\/wp\/wp-content\/uploads\/2024\/12\/PC-AG-1.-Gruppe-225x300.jpg\" alt=\"\" width=\"225\" height=\"300\" srcset=\"https:\/\/www.grundschule-sasbach.de\/wp\/wp-content\/uploads\/2024\/12\/PC-AG-1.-Gruppe-225x300.jpg 225w, https:\/\/www.grundschule-sasbach.de\/wp\/wp-content\/uploads\/2024\/12\/PC-AG-1.-Gruppe-768x1023.jpg 768w, https:\/\/www.grundschule-sasbach.de\/wp\/wp-content\/uploads\/2024\/12\/PC-AG-1.-Gruppe.jpg 800w\" sizes=\"auto, (max-width: 225px) 100vw, 225px\" \/><\/a><\/p>\n<h3><span style=\"color: #ff6600;\">2025\/2026<\/span><\/h3>\n<p><strong><span style=\"font-family: comic sans ms, sans-serif;\">Dieses Jahr gibt es gleich zwei PC AG Angebote von Herr Gehring.<\/span><\/strong><\/p>\n<p><strong><span style=\"font-family: comic sans ms, sans-serif;\">F\u00fcr die Klasse 3: Robotic und programmieren mit Scratch<\/span><\/strong><\/p>\n<p><span style=\"font-family: comic sans ms, sans-serif;\">Informationen zum Projekt Robotic:\u00a0 <a href=\"https:\/\/www.lmz-bw.de\/robotik\/ueber-das-projekt\">https:\/\/www.lmz-bw.de\/robotik\/ueber-das-projekt<\/a><\/span><\/p>\n<p><span style=\"font-family: comic sans ms, sans-serif;\">Informationen zu Sratch:<\/span><\/p>\n<p><span style=\"font-family: comic sans ms, sans-serif;\">Scratch ist eine kostenlose, blockbasierte visuelle Programmiersprache und eine Online-Plattform, die f\u00fcr Kinder und Jugendliche entwickelt wurde. Sie erm\u00f6glicht es Nutzern, durch das Zusammenf\u00fcgen von visuellen Code-Bl\u00f6cken per Drag &amp; Drop interaktive Geschichten, Spiele und Animationen zu erstellen, ohne traditionellen Text Code schreiben zu m\u00fcssen. Die Plattform f\u00f6rdert kreatives Denken, Probleml\u00f6sungsf\u00e4higkeiten und digitale Zusammenarbeit.<\/span><\/p>\n<p><strong><span style=\"font-family: comic sans ms, sans-serif;\">F\u00fcr die Klasse 4: Vertiefung<\/span><\/strong><\/p>\n<p><span style=\"font-family: comic sans ms, sans-serif;\">Wie ist ein Comuter aufgebaut, programmieren, KI, Projekte mit dem 3 D Drucker,&#8230;<\/span><\/p>\n<h3><span style=\"font-family: comic sans ms, sans-serif;\"><span style=\"color: #ff9900;\">DANKE f\u00fcr das tolle Angebot !<\/span> <a href=\"https:\/\/www.grundschule-sasbach.de\/wp\/wp-content\/uploads\/2009\/08\/Illu_Blume4_web.gif\"><img loading=\"lazy\" decoding=\"async\" class=\"alignnone size-thumbnail wp-image-437\" src=\"https:\/\/www.grundschule-sasbach.de\/wp\/wp-content\/uploads\/2009\/08\/Illu_Blume4_web-150x150.gif\" alt=\"\" width=\"150\" height=\"150\" \/><\/a><\/span><\/h3>\n","protected":false},"excerpt":{"rendered":"<p>2024-2025\u00a0 in der PC-AG bei Herrn Gehring lernen die Kinder spielerisch programmieren und wie ein Computer \u00fcberhaupt fubnktioniert. 2025\/2026 Dieses Jahr gibt es gleich zwei PC AG Angebote von Herr Gehring. F\u00fcr die Klasse 3: Robotic und programmieren mit Scratch Informationen zum Projekt Robotic:\u00a0 https:\/\/www.lmz-bw.de\/robotik\/ueber-das-projekt Informationen zu Sratch: Scratch ist eine kostenlose, blockbasierte visuelle Programmiersprache &hellip; <a href=\"https:\/\/www.grundschule-sasbach.de\/wp\/?page_id=3280\" class=\"more-link\"><span class=\"screen-reader-text\">PC AG<\/span> weiterlesen <span class=\"meta-nav\">&rarr;<\/span><\/a><\/p>\n","protected":false},"author":4,"featured_media":0,"parent":1947,"menu_order":2,"comment_status":"closed","ping_status":"closed","template":"","meta":{"footnotes":""},"class_list":["post-3280","page","type-page","status-publish","hentry"],"_links":{"self":[{"href":"https:\/\/www.grundschule-sasbach.de\/wp\/index.php?rest_route=\/wp\/v2\/pages\/3280","targetHints":{"allow":["GET"]}}],"collection":[{"href":"https:\/\/www.grundschule-sasbach.de\/wp\/index.php?rest_route=\/wp\/v2\/pages"}],"about":[{"href":"https:\/\/www.grundschule-sasbach.de\/wp\/index.php?rest_route=\/wp\/v2\/types\/page"}],"author":[{"embeddable":true,"href":"https:\/\/www.grundschule-sasbach.de\/wp\/index.php?rest_route=\/wp\/v2\/users\/4"}],"replies":[{"embeddable":true,"href":"https:\/\/www.grundschule-sasbach.de\/wp\/index.php?rest_route=%2Fwp%2Fv2%2Fcomments&post=3280"}],"version-history":[{"count":11,"href":"https:\/\/www.grundschule-sasbach.de\/wp\/index.php?rest_route=\/wp\/v2\/pages\/3280\/revisions"}],"predecessor-version":[{"id":7333,"href":"https:\/\/www.grundschule-sasbach.de\/wp\/index.php?rest_route=\/wp\/v2\/pages\/3280\/revisions\/7333"}],"up":[{"embeddable":true,"href":"https:\/\/www.grundschule-sasbach.de\/wp\/index.php?rest_route=\/wp\/v2\/pages\/1947"}],"wp:attachment":[{"href":"https:\/\/www.grundschule-sasbach.de\/wp\/index.php?rest_route=%2Fwp%2Fv2%2Fmedia&parent=3280"}],"curies":[{"name":"wp","href":"https:\/\/api.w.org\/{rel}","templated":true}]}}