{"id":3282,"date":"2016-03-22T11:48:16","date_gmt":"2016-03-22T09:48:16","guid":{"rendered":"http:\/\/www.grundschule-sasbach.de\/wp\/?page_id=3282"},"modified":"2025-11-02T16:09:29","modified_gmt":"2025-11-02T14:09:29","slug":"koch-ag","status":"publish","type":"page","link":"https:\/\/www.grundschule-sasbach.de\/wp\/?page_id=3282","title":{"rendered":"Koch AG"},"content":{"rendered":"<h2><span style=\"font-family: comic sans ms, sans-serif; font-size: 14pt; color: #800080;\">Dieses Schuljahr 2025\/26 haben wir leider keine Koch\/Back AG<\/span><\/h2>\n<h3><span style=\"color: #800080; font-family: comic sans ms, sans-serif;\">Back AG 2019\/2020<\/span><\/h3>\n<h3><span style=\"color: #993300; font-family: comic sans ms, sans-serif;\">Koch AG 2018\/2019<\/span><\/h3>\n<p><span style=\"font-family: comic sans ms, sans-serif;\">In diesem Jahr konnte leider keine Koch AG stattfinden, da unsere Schulk\u00fcche im Zuge der Hallensanierung nicht zu Verf\u00fcfung stand. Schade !<\/span><\/p>\n<h3><span style=\"color: #993300; font-family: comic sans ms, sans-serif;\">Koch AG 2017\/2018<\/span><\/h3>\n<p><span style=\"font-family: comic sans ms, sans-serif;\">Die Koch AG findet dieses Jahr am\u00a0 Mittwoch statt und wird von Sophia Helbling geleitet. Da sich viele Kinder angemeldet haben, mussten wir 2 Gruppen bilden.<\/span><\/p>\n<h3><span style=\"color: #993300; font-family: comic sans ms, sans-serif;\">Koch AG 2016\/2017<\/span><\/h3>\n<p><span style=\"font-family: comic sans ms, sans-serif;\">Die Koch AG findet dieses Jahr am\u00a0 Freitag statt und wird von Sophia Helbling geleitet. Da sich viele Kinder angemeldet haben, mussten wir 3 Gruppen bilden. Die 1. Gruppe hat bereits begonnen&#8230;<\/span><\/p>\n<p><span style=\"font-family: comic sans ms, sans-serif;\"><a href=\"https:\/\/www.grundschule-sasbach.de\/wp\/wp-content\/uploads\/2016\/03\/Koch-AG.jpg\"><img loading=\"lazy\" decoding=\"async\" class=\"aligncenter wp-image-3464\" src=\"https:\/\/www.grundschule-sasbach.de\/wp\/wp-content\/uploads\/2016\/03\/Koch-AG-300x200.jpg\" alt=\"koch-ag\" width=\"391\" height=\"260\" srcset=\"https:\/\/www.grundschule-sasbach.de\/wp\/wp-content\/uploads\/2016\/03\/Koch-AG-300x200.jpg 300w, https:\/\/www.grundschule-sasbach.de\/wp\/wp-content\/uploads\/2016\/03\/Koch-AG.jpg 800w\" sizes=\"auto, (max-width: 391px) 100vw, 391px\" \/><\/a><\/span><\/p>\n<h3><span style=\"color: #ff00ff; font-family: comic sans ms, sans-serif;\">Koch AG 2015\/2016<\/span><\/h3>\n<div class=\"entry\">\n<p><span style=\"font-family: comic sans ms, sans-serif;\">Seit dem Schuljahr 2015\/2016 haben wir f\u00fcr die 3. Kl\u00e4ssler einmal in der Woche eine 2 -st\u00fcndige Koch AG.<\/span><\/p>\n<p><span style=\"font-family: comic sans ms, sans-serif;\">Dort lernen die Kinder viel \u00fcber gesunde Ern\u00e4hrung und was man alles selbst machen kann.<\/span><\/p>\n<p><span style=\"font-family: comic sans ms, sans-serif;\">Da sich viele Kinder angemeldet haben mussten wir 3 Kochgruppen bilden.<\/span><\/p>\n<p><span style=\"font-family: comic sans ms, sans-serif;\">Viel Spass beim Kochen und Verkosten !\u00a0 <a href=\"https:\/\/www.grundschule-sasbach.de\/wp\/wp-content\/uploads\/2016\/03\/Koch-AG-1.jpg\"><img loading=\"lazy\" decoding=\"async\" class=\"aligncenter size-medium wp-image-3276\" src=\"https:\/\/www.grundschule-sasbach.de\/wp\/wp-content\/uploads\/2016\/03\/Koch-AG-1-300x200.jpg\" alt=\"Koch AG (1)\" width=\"300\" height=\"200\" \/><\/a><a href=\"https:\/\/www.grundschule-sasbach.de\/wp\/wp-content\/uploads\/2016\/03\/K\u00fcchenregeln-1.pdf\">Regeln f\u00fcr die Schulk\u00fcche<\/a><\/span><\/p>\n<\/div>\n","protected":false},"excerpt":{"rendered":"<p>Dieses Schuljahr 2025\/26 haben wir leider keine Koch\/Back AG Back AG 2019\/2020 Koch AG 2018\/2019 In diesem Jahr konnte leider keine Koch AG stattfinden, da unsere Schulk\u00fcche im Zuge der Hallensanierung nicht zu Verf\u00fcfung stand. Schade ! Koch AG 2017\/2018 Die Koch AG findet dieses Jahr am\u00a0 Mittwoch statt und wird von Sophia Helbling geleitet. &hellip; <a href=\"https:\/\/www.grundschule-sasbach.de\/wp\/?page_id=3282\" class=\"more-link\"><span class=\"screen-reader-text\">Koch AG<\/span> weiterlesen <span class=\"meta-nav\">&rarr;<\/span><\/a><\/p>\n","protected":false},"author":4,"featured_media":0,"parent":1947,"menu_order":3,"comment_status":"closed","ping_status":"closed","template":"","meta":{"footnotes":""},"class_list":["post-3282","page","type-page","status-publish","hentry"],"_links":{"self":[{"href":"https:\/\/www.grundschule-sasbach.de\/wp\/index.php?rest_route=\/wp\/v2\/pages\/3282","targetHints":{"allow":["GET"]}}],"collection":[{"href":"https:\/\/www.grundschule-sasbach.de\/wp\/index.php?rest_route=\/wp\/v2\/pages"}],"about":[{"href":"https:\/\/www.grundschule-sasbach.de\/wp\/index.php?rest_route=\/wp\/v2\/types\/page"}],"author":[{"embeddable":true,"href":"https:\/\/www.grundschule-sasbach.de\/wp\/index.php?rest_route=\/wp\/v2\/users\/4"}],"replies":[{"embeddable":true,"href":"https:\/\/www.grundschule-sasbach.de\/wp\/index.php?rest_route=%2Fwp%2Fv2%2Fcomments&post=3282"}],"version-history":[{"count":12,"href":"https:\/\/www.grundschule-sasbach.de\/wp\/index.php?rest_route=\/wp\/v2\/pages\/3282\/revisions"}],"predecessor-version":[{"id":7334,"href":"https:\/\/www.grundschule-sasbach.de\/wp\/index.php?rest_route=\/wp\/v2\/pages\/3282\/revisions\/7334"}],"up":[{"embeddable":true,"href":"https:\/\/www.grundschule-sasbach.de\/wp\/index.php?rest_route=\/wp\/v2\/pages\/1947"}],"wp:attachment":[{"href":"https:\/\/www.grundschule-sasbach.de\/wp\/index.php?rest_route=%2Fwp%2Fv2%2Fmedia&parent=3282"}],"curies":[{"name":"wp","href":"https:\/\/api.w.org\/{rel}","templated":true}]}}