{"id":5434,"date":"2020-09-17T12:27:14","date_gmt":"2020-09-17T10:27:14","guid":{"rendered":"http:\/\/www.grundschule-sasbach.de\/wp\/?page_id=5434"},"modified":"2021-07-30T14:17:07","modified_gmt":"2021-07-30T12:17:07","slug":"einschulung","status":"publish","type":"page","link":"https:\/\/www.grundschule-sasbach.de\/wp\/?page_id=5434","title":{"rendered":"Einschulung"},"content":{"rendered":"<h4><a href=\"https:\/\/www.grundschule-sasbach.de\/wp\/wp-content\/uploads\/2020\/09\/Junge_Schultasche.gif\"><img loading=\"lazy\" decoding=\"async\" class=\"wp-image-5437 alignleft\" src=\"https:\/\/www.grundschule-sasbach.de\/wp\/wp-content\/uploads\/2020\/09\/Junge_Schultasche.gif\" alt=\"\" width=\"134\" height=\"137\" \/><\/a><\/h4>\n<h4><span style=\"color: #0000ff;\">Einschulung am Mittwoch, den 16. September 2020 <a href=\"https:\/\/www.grundschule-sasbach.de\/wp\/wp-content\/uploads\/2020\/09\/Herzlich-Willkommen.jpg\"><img loading=\"lazy\" decoding=\"async\" class=\"wp-image-5443 alignright\" src=\"https:\/\/www.grundschule-sasbach.de\/wp\/wp-content\/uploads\/2020\/09\/Herzlich-Willkommen.jpg\" alt=\"\" width=\"252\" height=\"168\" srcset=\"https:\/\/www.grundschule-sasbach.de\/wp\/wp-content\/uploads\/2020\/09\/Herzlich-Willkommen.jpg 800w, https:\/\/www.grundschule-sasbach.de\/wp\/wp-content\/uploads\/2020\/09\/Herzlich-Willkommen-300x200.jpg 300w, https:\/\/www.grundschule-sasbach.de\/wp\/wp-content\/uploads\/2020\/09\/Herzlich-Willkommen-768x512.jpg 768w\" sizes=\"auto, (max-width: 252px) 100vw, 252px\" \/><\/a><\/span><\/h4>\n<p>Coronabedingt fand die Einschulung dieses Jahr schon am Mittwoch statt.<\/p>\n<p>Die Einschulungskinder aus den Ortteilen kamen morgens mit den anderen Sch\u00fclern und einem Elternteil mit dem Schulbus zur Schule.<\/p>\n<p>Das Programm in der Limburghalle begann dann f\u00fcr alle um 7.45 Uhr. Die Halle f\u00fcllt sich.<\/p>\n<p><a href=\"https:\/\/www.grundschule-sasbach.de\/wp\/wp-content\/uploads\/2020\/09\/Halle-ist-vorbereitet.jpg\"><img loading=\"lazy\" decoding=\"async\" class=\"wp-image-5442 aligncenter\" src=\"https:\/\/www.grundschule-sasbach.de\/wp\/wp-content\/uploads\/2020\/09\/Halle-ist-vorbereitet.jpg\" alt=\"\" width=\"409\" height=\"272\" srcset=\"https:\/\/www.grundschule-sasbach.de\/wp\/wp-content\/uploads\/2020\/09\/Halle-ist-vorbereitet.jpg 800w, https:\/\/www.grundschule-sasbach.de\/wp\/wp-content\/uploads\/2020\/09\/Halle-ist-vorbereitet-300x200.jpg 300w, https:\/\/www.grundschule-sasbach.de\/wp\/wp-content\/uploads\/2020\/09\/Halle-ist-vorbereitet-768x512.jpg 768w\" sizes=\"auto, (max-width: 409px) 100vw, 409px\" \/><\/a><img loading=\"lazy\" decoding=\"async\" class=\"alignnone wp-image-5441\" src=\"https:\/\/www.grundschule-sasbach.de\/wp\/wp-content\/uploads\/2020\/09\/Halle-f\u00fcllt-sich.jpg\" alt=\"\" width=\"383\" height=\"255\" srcset=\"https:\/\/www.grundschule-sasbach.de\/wp\/wp-content\/uploads\/2020\/09\/Halle-f\u00fcllt-sich.jpg 800w, https:\/\/www.grundschule-sasbach.de\/wp\/wp-content\/uploads\/2020\/09\/Halle-f\u00fcllt-sich-300x200.jpg 300w, https:\/\/www.grundschule-sasbach.de\/wp\/wp-content\/uploads\/2020\/09\/Halle-f\u00fcllt-sich-768x512.jpg 768w\" sizes=\"auto, (max-width: 383px) 100vw, 383px\" \/><\/p>\n<p>Jetz sind alle da:<\/p>\n<p><a href=\"https:\/\/www.grundschule-sasbach.de\/wp\/wp-content\/uploads\/2020\/09\/alle-da.jpg\"><img loading=\"lazy\" decoding=\"async\" class=\"alignnone wp-image-5439\" src=\"https:\/\/www.grundschule-sasbach.de\/wp\/wp-content\/uploads\/2020\/09\/alle-da.jpg\" alt=\"\" width=\"391\" height=\"260\" srcset=\"https:\/\/www.grundschule-sasbach.de\/wp\/wp-content\/uploads\/2020\/09\/alle-da.jpg 800w, https:\/\/www.grundschule-sasbach.de\/wp\/wp-content\/uploads\/2020\/09\/alle-da-300x200.jpg 300w, https:\/\/www.grundschule-sasbach.de\/wp\/wp-content\/uploads\/2020\/09\/alle-da-768x512.jpg 768w\" sizes=\"auto, (max-width: 391px) 100vw, 391px\" \/><\/a><\/p>\n<h4>Die 2. Kl\u00e4ssler f\u00fchrten ein tolles Theaterst\u00fcck auf !<\/h4>\n<h4><span style=\"color: #0000ff;\">DANKE nochmals daf\u00fcr !<\/span><\/h4>\n<p><a href=\"https:\/\/www.grundschule-sasbach.de\/wp\/wp-content\/uploads\/2020\/09\/kl.-2-kommt.jpg\"><img loading=\"lazy\" decoding=\"async\" class=\"alignnone wp-image-5444\" src=\"https:\/\/www.grundschule-sasbach.de\/wp\/wp-content\/uploads\/2020\/09\/kl.-2-kommt.jpg\" alt=\"\" width=\"363\" height=\"298\" srcset=\"https:\/\/www.grundschule-sasbach.de\/wp\/wp-content\/uploads\/2020\/09\/kl.-2-kommt.jpg 800w, https:\/\/www.grundschule-sasbach.de\/wp\/wp-content\/uploads\/2020\/09\/kl.-2-kommt-300x246.jpg 300w, https:\/\/www.grundschule-sasbach.de\/wp\/wp-content\/uploads\/2020\/09\/kl.-2-kommt-768x630.jpg 768w\" sizes=\"auto, (max-width: 363px) 100vw, 363px\" \/><\/a><a href=\"https:\/\/www.grundschule-sasbach.de\/wp\/wp-content\/uploads\/2020\/09\/Kl.-2-Theaterst\u00fcck.jpg\"><img loading=\"lazy\" decoding=\"async\" class=\"alignnone wp-image-5445\" src=\"https:\/\/www.grundschule-sasbach.de\/wp\/wp-content\/uploads\/2020\/09\/Kl.-2-Theaterst\u00fcck.jpg\" alt=\"\" width=\"509\" height=\"339\" srcset=\"https:\/\/www.grundschule-sasbach.de\/wp\/wp-content\/uploads\/2020\/09\/Kl.-2-Theaterst\u00fcck.jpg 800w, https:\/\/www.grundschule-sasbach.de\/wp\/wp-content\/uploads\/2020\/09\/Kl.-2-Theaterst\u00fcck-300x200.jpg 300w, https:\/\/www.grundschule-sasbach.de\/wp\/wp-content\/uploads\/2020\/09\/Kl.-2-Theaterst\u00fcck-768x512.jpg 768w\" sizes=\"auto, (max-width: 509px) 100vw, 509px\" \/><\/a><\/p>\n<p>Dann wurden die Wunschballons losgelassen&#8230;.<\/p>\n<p><a href=\"https:\/\/www.grundschule-sasbach.de\/wp\/wp-content\/uploads\/2020\/09\/Die-W\u00fcnsche-fliegen-davon.jpg\"><img loading=\"lazy\" decoding=\"async\" class=\"alignnone wp-image-5440\" src=\"https:\/\/www.grundschule-sasbach.de\/wp\/wp-content\/uploads\/2020\/09\/Die-W\u00fcnsche-fliegen-davon.jpg\" alt=\"\" width=\"362\" height=\"241\" srcset=\"https:\/\/www.grundschule-sasbach.de\/wp\/wp-content\/uploads\/2020\/09\/Die-W\u00fcnsche-fliegen-davon.jpg 800w, https:\/\/www.grundschule-sasbach.de\/wp\/wp-content\/uploads\/2020\/09\/Die-W\u00fcnsche-fliegen-davon-300x200.jpg 300w, https:\/\/www.grundschule-sasbach.de\/wp\/wp-content\/uploads\/2020\/09\/Die-W\u00fcnsche-fliegen-davon-768x512.jpg 768w\" sizes=\"auto, (max-width: 362px) 100vw, 362px\" \/><\/a><\/p>\n<p><a href=\"https:\/\/www.grundschule-sasbach.de\/wp\/wp-content\/uploads\/2020\/09\/Wunschballon-1.jpg\"><img loading=\"lazy\" decoding=\"async\" class=\"wp-image-5449 alignright\" src=\"https:\/\/www.grundschule-sasbach.de\/wp\/wp-content\/uploads\/2020\/09\/Wunschballon-1-683x1024.jpg\" alt=\"\" width=\"288\" height=\"432\" srcset=\"https:\/\/www.grundschule-sasbach.de\/wp\/wp-content\/uploads\/2020\/09\/Wunschballon-1-683x1024.jpg 683w, https:\/\/www.grundschule-sasbach.de\/wp\/wp-content\/uploads\/2020\/09\/Wunschballon-1-200x300.jpg 200w, https:\/\/www.grundschule-sasbach.de\/wp\/wp-content\/uploads\/2020\/09\/Wunschballon-1-768x1152.jpg 768w, https:\/\/www.grundschule-sasbach.de\/wp\/wp-content\/uploads\/2020\/09\/Wunschballon-1.jpg 800w\" sizes=\"auto, (max-width: 288px) 100vw, 288px\" \/><\/a><\/p>\n<p>&nbsp;<\/p>\n<p>&nbsp;<\/p>\n<p>&nbsp;<\/p>\n<p>&nbsp;<\/p>\n<p>&nbsp;<\/p>\n<p>&nbsp;<\/p>\n<p>&nbsp;<\/p>\n<p>&nbsp;<\/p>\n<h5><span style=\"color: #3366ff;\">Das ist unsere neue 1. Klasse:<\/span><\/h5>\n<p><a href=\"https:\/\/www.grundschule-sasbach.de\/wp\/wp-content\/uploads\/2020\/09\/Klassenphoto.jpg\"><img loading=\"lazy\" decoding=\"async\" class=\"alignnone wp-image-5446\" src=\"https:\/\/www.grundschule-sasbach.de\/wp\/wp-content\/uploads\/2020\/09\/Klassenphoto.jpg\" alt=\"\" width=\"492\" height=\"328\" srcset=\"https:\/\/www.grundschule-sasbach.de\/wp\/wp-content\/uploads\/2020\/09\/Klassenphoto.jpg 800w, https:\/\/www.grundschule-sasbach.de\/wp\/wp-content\/uploads\/2020\/09\/Klassenphoto-300x200.jpg 300w, https:\/\/www.grundschule-sasbach.de\/wp\/wp-content\/uploads\/2020\/09\/Klassenphoto-768x512.jpg 768w\" sizes=\"auto, (max-width: 492px) 100vw, 492px\" \/><\/a><\/p>\n<p>&#8222;Tsch\u00fcsss, liebe Eltern ! Es geht los !&#8220;<\/p>\n<p><a href=\"https:\/\/www.grundschule-sasbach.de\/wp\/wp-content\/uploads\/2020\/09\/Tsch\u00fcss-liebe-Eltern.jpg\"><img loading=\"lazy\" decoding=\"async\" class=\"alignnone wp-image-5447\" src=\"https:\/\/www.grundschule-sasbach.de\/wp\/wp-content\/uploads\/2020\/09\/Tsch\u00fcss-liebe-Eltern.jpg\" alt=\"\" width=\"399\" height=\"266\" srcset=\"https:\/\/www.grundschule-sasbach.de\/wp\/wp-content\/uploads\/2020\/09\/Tsch\u00fcss-liebe-Eltern.jpg 800w, https:\/\/www.grundschule-sasbach.de\/wp\/wp-content\/uploads\/2020\/09\/Tsch\u00fcss-liebe-Eltern-300x200.jpg 300w, https:\/\/www.grundschule-sasbach.de\/wp\/wp-content\/uploads\/2020\/09\/Tsch\u00fcss-liebe-Eltern-768x512.jpg 768w\" sizes=\"auto, (max-width: 399px) 100vw, 399px\" \/><\/a><\/p>\n<h4><span style=\"color: #0000ff;\">Wir w\u00fcnschen Euch und Euren Eltern einen sch\u00f6nen Schulstart an unserer Schule und viel Spa\u00df am Lernen.<\/span><\/h4>\n<p><a href=\"https:\/\/www.grundschule-sasbach.de\/wp\/wp-content\/uploads\/2020\/09\/Viel-Gl\u00fcck.jpg\"><img loading=\"lazy\" decoding=\"async\" class=\"alignnone wp-image-5448\" src=\"https:\/\/www.grundschule-sasbach.de\/wp\/wp-content\/uploads\/2020\/09\/Viel-Gl\u00fcck.jpg\" alt=\"\" width=\"322\" height=\"214\" srcset=\"https:\/\/www.grundschule-sasbach.de\/wp\/wp-content\/uploads\/2020\/09\/Viel-Gl\u00fcck.jpg 800w, https:\/\/www.grundschule-sasbach.de\/wp\/wp-content\/uploads\/2020\/09\/Viel-Gl\u00fcck-300x200.jpg 300w, https:\/\/www.grundschule-sasbach.de\/wp\/wp-content\/uploads\/2020\/09\/Viel-Gl\u00fcck-768x512.jpg 768w\" sizes=\"auto, (max-width: 322px) 100vw, 322px\" \/><\/a><\/p>\n","protected":false},"excerpt":{"rendered":"<p>Einschulung am Mittwoch, den 16. September 2020 Coronabedingt fand die Einschulung dieses Jahr schon am Mittwoch statt. Die Einschulungskinder aus den Ortteilen kamen morgens mit den anderen Sch\u00fclern und einem Elternteil mit dem Schulbus zur Schule. Das Programm in der Limburghalle begann dann f\u00fcr alle um 7.45 Uhr. Die Halle f\u00fcllt sich. Jetz sind alle &hellip; <a href=\"https:\/\/www.grundschule-sasbach.de\/wp\/?page_id=5434\" class=\"more-link\"><span class=\"screen-reader-text\">Einschulung<\/span> weiterlesen <span class=\"meta-nav\">&rarr;<\/span><\/a><\/p>\n","protected":false},"author":4,"featured_media":0,"parent":5610,"menu_order":2,"comment_status":"closed","ping_status":"closed","template":"","meta":{"footnotes":""},"class_list":["post-5434","page","type-page","status-publish","hentry"],"_links":{"self":[{"href":"https:\/\/www.grundschule-sasbach.de\/wp\/index.php?rest_route=\/wp\/v2\/pages\/5434","targetHints":{"allow":["GET"]}}],"collection":[{"href":"https:\/\/www.grundschule-sasbach.de\/wp\/index.php?rest_route=\/wp\/v2\/pages"}],"about":[{"href":"https:\/\/www.grundschule-sasbach.de\/wp\/index.php?rest_route=\/wp\/v2\/types\/page"}],"author":[{"embeddable":true,"href":"https:\/\/www.grundschule-sasbach.de\/wp\/index.php?rest_route=\/wp\/v2\/users\/4"}],"replies":[{"embeddable":true,"href":"https:\/\/www.grundschule-sasbach.de\/wp\/index.php?rest_route=%2Fwp%2Fv2%2Fcomments&post=5434"}],"version-history":[{"count":4,"href":"https:\/\/www.grundschule-sasbach.de\/wp\/index.php?rest_route=\/wp\/v2\/pages\/5434\/revisions"}],"predecessor-version":[{"id":5451,"href":"https:\/\/www.grundschule-sasbach.de\/wp\/index.php?rest_route=\/wp\/v2\/pages\/5434\/revisions\/5451"}],"up":[{"embeddable":true,"href":"https:\/\/www.grundschule-sasbach.de\/wp\/index.php?rest_route=\/wp\/v2\/pages\/5610"}],"wp:attachment":[{"href":"https:\/\/www.grundschule-sasbach.de\/wp\/index.php?rest_route=%2Fwp%2Fv2%2Fmedia&parent=5434"}],"curies":[{"name":"wp","href":"https:\/\/api.w.org\/{rel}","templated":true}]}}