{"id":5458,"date":"2020-10-02T11:08:12","date_gmt":"2020-10-02T09:08:12","guid":{"rendered":"http:\/\/www.grundschule-sasbach.de\/wp\/?page_id=5458"},"modified":"2021-07-30T14:14:45","modified_gmt":"2021-07-30T12:14:45","slug":"radaktionstag","status":"publish","type":"page","link":"https:\/\/www.grundschule-sasbach.de\/wp\/?page_id=5458","title":{"rendered":"Radaktionstag"},"content":{"rendered":"<h4>Rad Helden at school<\/h4>\n<p>Am 1. Oktober 2020 konnten wir mit Hilfe des Radsportverbandes einen Radaktionstag mit allen Kinder der Schule durchf\u00fchren.<\/p>\n<p>F\u00fcr einen Schulvormittag durften die Sch\u00fclerinnen und Sch\u00fcler ihre Fahrr\u00e4der von zu Hause mitbringen. Der W\u00fcrttembergische Radsportverband hatte auf unserem Pausenhof\u00a0 acht verschiedene Stationen aufgebaut, an denen die Kinder den Umgang mit ihrem Fahrrad erproben konnten. Auch \u00dcbungen zur Verkehrssicherheit waren aufgebaut.<a href=\"https:\/\/www.grundschule-sasbach.de\/wp\/wp-content\/uploads\/2020\/07\/Sonne_farbig.bmp\"><img loading=\"lazy\" decoding=\"async\" class=\" wp-image-5348 alignright\" src=\"https:\/\/www.grundschule-sasbach.de\/wp\/wp-content\/uploads\/2020\/07\/Sonne_farbig.bmp\" alt=\"\" width=\"144\" height=\"100\" \/><\/a><\/p>\n<p>Ge\u00fcbt wurden Geschicklichkeit, Sicherheit, &#8230;. damit sich die Kinder im Stra\u00dfenverkehr sicherer f\u00fchlen k\u00f6nnen.<\/p>\n<p>Der Aktionstag wird als Erg\u00e4nzung zur Verkehrserziehung, in Kooperation mit Schule und Eltern veranstaltet.<\/p>\n<p>Der Radtag motivierte die Sch\u00fclerinnen und Sch\u00fcler sehr. Sogar die Sonne lachte an diesem Tag vom Himmel \u2013 es war ein rundum sch\u00f6ner und erfolgreicher Vormittag.<\/p>\n<p>Ein ganz besonderer Dank geht an die vielen Eltern, die uns beim Auf-und Abbau sowie der Durchf\u00fchrung an den verschiedenen Stationen unterst\u00fctzt haben. <a href=\"https:\/\/www.grundschule-sasbach.de\/wp\/wp-content\/uploads\/2020\/07\/Kinder_Blume.jpg\"><img loading=\"lazy\" decoding=\"async\" class=\"wp-image-5351 alignleft\" src=\"https:\/\/www.grundschule-sasbach.de\/wp\/wp-content\/uploads\/2020\/07\/Kinder_Blume.jpg\" alt=\"\" width=\"213\" height=\"137\" srcset=\"https:\/\/www.grundschule-sasbach.de\/wp\/wp-content\/uploads\/2020\/07\/Kinder_Blume.jpg 822w, https:\/\/www.grundschule-sasbach.de\/wp\/wp-content\/uploads\/2020\/07\/Kinder_Blume-300x193.jpg 300w, https:\/\/www.grundschule-sasbach.de\/wp\/wp-content\/uploads\/2020\/07\/Kinder_Blume-768x493.jpg 768w\" sizes=\"auto, (max-width: 213px) 100vw, 213px\" \/><\/a><\/p>\n<p><a href=\"https:\/\/www.grundschule-sasbach.de\/wp\/wp-content\/uploads\/2020\/10\/Geschicklichkeit.jpg\"><img loading=\"lazy\" decoding=\"async\" class=\"alignnone size-full wp-image-5459\" src=\"https:\/\/www.grundschule-sasbach.de\/wp\/wp-content\/uploads\/2020\/10\/Geschicklichkeit.jpg\" alt=\"\" width=\"800\" height=\"533\" srcset=\"https:\/\/www.grundschule-sasbach.de\/wp\/wp-content\/uploads\/2020\/10\/Geschicklichkeit.jpg 800w, https:\/\/www.grundschule-sasbach.de\/wp\/wp-content\/uploads\/2020\/10\/Geschicklichkeit-300x200.jpg 300w, https:\/\/www.grundschule-sasbach.de\/wp\/wp-content\/uploads\/2020\/10\/Geschicklichkeit-768x512.jpg 768w\" sizes=\"auto, (max-width: 800px) 100vw, 800px\" \/><\/a> <a href=\"https:\/\/www.grundschule-sasbach.de\/wp\/wp-content\/uploads\/2020\/10\/Gleich-gehts-los.jpg\"><img loading=\"lazy\" decoding=\"async\" class=\"alignnone size-large wp-image-5460\" src=\"https:\/\/www.grundschule-sasbach.de\/wp\/wp-content\/uploads\/2020\/10\/Gleich-gehts-los.jpg\" alt=\"\" width=\"604\" height=\"402\" srcset=\"https:\/\/www.grundschule-sasbach.de\/wp\/wp-content\/uploads\/2020\/10\/Gleich-gehts-los.jpg 800w, https:\/\/www.grundschule-sasbach.de\/wp\/wp-content\/uploads\/2020\/10\/Gleich-gehts-los-300x200.jpg 300w, https:\/\/www.grundschule-sasbach.de\/wp\/wp-content\/uploads\/2020\/10\/Gleich-gehts-los-768x512.jpg 768w\" sizes=\"auto, (max-width: 604px) 100vw, 604px\" \/><\/a> <a href=\"https:\/\/www.grundschule-sasbach.de\/wp\/wp-content\/uploads\/2020\/10\/Rampe.jpg\"><img loading=\"lazy\" decoding=\"async\" class=\"alignnone size-large wp-image-5461\" src=\"https:\/\/www.grundschule-sasbach.de\/wp\/wp-content\/uploads\/2020\/10\/Rampe-683x1024.jpg\" alt=\"\" width=\"604\" height=\"906\" srcset=\"https:\/\/www.grundschule-sasbach.de\/wp\/wp-content\/uploads\/2020\/10\/Rampe-683x1024.jpg 683w, https:\/\/www.grundschule-sasbach.de\/wp\/wp-content\/uploads\/2020\/10\/Rampe-200x300.jpg 200w, https:\/\/www.grundschule-sasbach.de\/wp\/wp-content\/uploads\/2020\/10\/Rampe-768x1152.jpg 768w, https:\/\/www.grundschule-sasbach.de\/wp\/wp-content\/uploads\/2020\/10\/Rampe.jpg 800w\" sizes=\"auto, (max-width: 604px) 100vw, 604px\" \/><\/a> <a href=\"https:\/\/www.grundschule-sasbach.de\/wp\/wp-content\/uploads\/2020\/10\/Rasant.jpg\"><img loading=\"lazy\" decoding=\"async\" class=\"alignnone size-large wp-image-5462\" src=\"https:\/\/www.grundschule-sasbach.de\/wp\/wp-content\/uploads\/2020\/10\/Rasant-683x1024.jpg\" alt=\"\" width=\"604\" height=\"906\" srcset=\"https:\/\/www.grundschule-sasbach.de\/wp\/wp-content\/uploads\/2020\/10\/Rasant-683x1024.jpg 683w, https:\/\/www.grundschule-sasbach.de\/wp\/wp-content\/uploads\/2020\/10\/Rasant-200x300.jpg 200w, https:\/\/www.grundschule-sasbach.de\/wp\/wp-content\/uploads\/2020\/10\/Rasant-768x1152.jpg 768w, https:\/\/www.grundschule-sasbach.de\/wp\/wp-content\/uploads\/2020\/10\/Rasant.jpg 800w\" sizes=\"auto, (max-width: 604px) 100vw, 604px\" \/><\/a> <a href=\"https:\/\/www.grundschule-sasbach.de\/wp\/wp-content\/uploads\/2020\/10\/Um-die-Halle.jpg\"><img loading=\"lazy\" decoding=\"async\" class=\"alignnone size-large wp-image-5463\" src=\"https:\/\/www.grundschule-sasbach.de\/wp\/wp-content\/uploads\/2020\/10\/Um-die-Halle.jpg\" alt=\"\" width=\"604\" height=\"402\" srcset=\"https:\/\/www.grundschule-sasbach.de\/wp\/wp-content\/uploads\/2020\/10\/Um-die-Halle.jpg 800w, https:\/\/www.grundschule-sasbach.de\/wp\/wp-content\/uploads\/2020\/10\/Um-die-Halle-300x200.jpg 300w, https:\/\/www.grundschule-sasbach.de\/wp\/wp-content\/uploads\/2020\/10\/Um-die-Halle-768x512.jpg 768w\" sizes=\"auto, (max-width: 604px) 100vw, 604px\" \/><\/a><\/p>\n","protected":false},"excerpt":{"rendered":"<p>Rad Helden at school Am 1. Oktober 2020 konnten wir mit Hilfe des Radsportverbandes einen Radaktionstag mit allen Kinder der Schule durchf\u00fchren. F\u00fcr einen Schulvormittag durften die Sch\u00fclerinnen und Sch\u00fcler ihre Fahrr\u00e4der von zu Hause mitbringen. Der W\u00fcrttembergische Radsportverband hatte auf unserem Pausenhof\u00a0 acht verschiedene Stationen aufgebaut, an denen die Kinder den Umgang mit ihrem &hellip; <a href=\"https:\/\/www.grundschule-sasbach.de\/wp\/?page_id=5458\" class=\"more-link\"><span class=\"screen-reader-text\">Radaktionstag<\/span> weiterlesen <span class=\"meta-nav\">&rarr;<\/span><\/a><\/p>\n","protected":false},"author":4,"featured_media":0,"parent":5610,"menu_order":3,"comment_status":"closed","ping_status":"closed","template":"","meta":{"footnotes":""},"class_list":["post-5458","page","type-page","status-publish","hentry"],"_links":{"self":[{"href":"https:\/\/www.grundschule-sasbach.de\/wp\/index.php?rest_route=\/wp\/v2\/pages\/5458","targetHints":{"allow":["GET"]}}],"collection":[{"href":"https:\/\/www.grundschule-sasbach.de\/wp\/index.php?rest_route=\/wp\/v2\/pages"}],"about":[{"href":"https:\/\/www.grundschule-sasbach.de\/wp\/index.php?rest_route=\/wp\/v2\/types\/page"}],"author":[{"embeddable":true,"href":"https:\/\/www.grundschule-sasbach.de\/wp\/index.php?rest_route=\/wp\/v2\/users\/4"}],"replies":[{"embeddable":true,"href":"https:\/\/www.grundschule-sasbach.de\/wp\/index.php?rest_route=%2Fwp%2Fv2%2Fcomments&post=5458"}],"version-history":[{"count":1,"href":"https:\/\/www.grundschule-sasbach.de\/wp\/index.php?rest_route=\/wp\/v2\/pages\/5458\/revisions"}],"predecessor-version":[{"id":5464,"href":"https:\/\/www.grundschule-sasbach.de\/wp\/index.php?rest_route=\/wp\/v2\/pages\/5458\/revisions\/5464"}],"up":[{"embeddable":true,"href":"https:\/\/www.grundschule-sasbach.de\/wp\/index.php?rest_route=\/wp\/v2\/pages\/5610"}],"wp:attachment":[{"href":"https:\/\/www.grundschule-sasbach.de\/wp\/index.php?rest_route=%2Fwp%2Fv2%2Fmedia&parent=5458"}],"curies":[{"name":"wp","href":"https:\/\/api.w.org\/{rel}","templated":true}]}}