{"id":5499,"date":"2020-12-11T11:40:09","date_gmt":"2020-12-11T09:40:09","guid":{"rendered":"http:\/\/www.grundschule-sasbach.de\/wp\/?page_id=5499"},"modified":"2021-07-30T14:17:49","modified_gmt":"2021-07-30T12:17:49","slug":"adventszeit","status":"publish","type":"page","link":"https:\/\/www.grundschule-sasbach.de\/wp\/?page_id=5499","title":{"rendered":"Adventszeit"},"content":{"rendered":"<h4><a href=\"https:\/\/www.grundschule-sasbach.de\/wp\/wp-content\/uploads\/2020\/12\/Tannenbaum.jpg\"><img loading=\"lazy\" decoding=\"async\" class=\"alignnone wp-image-5509\" src=\"https:\/\/www.grundschule-sasbach.de\/wp\/wp-content\/uploads\/2020\/12\/Tannenbaum-683x1024.jpg\" alt=\"\" width=\"117\" height=\"176\" srcset=\"https:\/\/www.grundschule-sasbach.de\/wp\/wp-content\/uploads\/2020\/12\/Tannenbaum-683x1024.jpg 683w, https:\/\/www.grundschule-sasbach.de\/wp\/wp-content\/uploads\/2020\/12\/Tannenbaum-200x300.jpg 200w, https:\/\/www.grundschule-sasbach.de\/wp\/wp-content\/uploads\/2020\/12\/Tannenbaum-768x1152.jpg 768w, https:\/\/www.grundschule-sasbach.de\/wp\/wp-content\/uploads\/2020\/12\/Tannenbaum.jpg 800w\" sizes=\"auto, (max-width: 117px) 100vw, 117px\" \/><\/a> \u00a0\u00a0 <span style=\"color: #ff0000;\">Adventszeit in einem besonderen Jahr&#8230;<\/span><\/h4>\n<p>Leider konnten wir dieses Jahr keine gemeinsame Adventsfeier in der Aula machen. Aber der Nikolaus hat uns trotzdem nicht vergessen. Er brachte f\u00fcr alle Sch\u00fcler neue Spielger\u00e4te f\u00fcr die Sporthalle und schenkte noch jeder Klasse einen gro\u00dfen Ger\u00e4tetag in der Sporthalle.<\/p>\n<p><a href=\"https:\/\/www.grundschule-sasbach.de\/wp\/wp-content\/uploads\/2020\/12\/Geschenke.jpg\"><img loading=\"lazy\" decoding=\"async\" class=\"alignnone wp-image-5507\" src=\"https:\/\/www.grundschule-sasbach.de\/wp\/wp-content\/uploads\/2020\/12\/Geschenke.jpg\" alt=\"\" width=\"258\" height=\"172\" srcset=\"https:\/\/www.grundschule-sasbach.de\/wp\/wp-content\/uploads\/2020\/12\/Geschenke.jpg 800w, https:\/\/www.grundschule-sasbach.de\/wp\/wp-content\/uploads\/2020\/12\/Geschenke-300x200.jpg 300w, https:\/\/www.grundschule-sasbach.de\/wp\/wp-content\/uploads\/2020\/12\/Geschenke-768x512.jpg 768w\" sizes=\"auto, (max-width: 258px) 100vw, 258px\" \/><\/a><a href=\"https:\/\/www.grundschule-sasbach.de\/wp\/wp-content\/uploads\/2020\/12\/Brief-vom-Nikolaus.jpg\"><img loading=\"lazy\" decoding=\"async\" class=\"alignnone wp-image-5506\" src=\"https:\/\/www.grundschule-sasbach.de\/wp\/wp-content\/uploads\/2020\/12\/Brief-vom-Nikolaus.jpg\" alt=\"\" width=\"252\" height=\"168\" srcset=\"https:\/\/www.grundschule-sasbach.de\/wp\/wp-content\/uploads\/2020\/12\/Brief-vom-Nikolaus.jpg 800w, https:\/\/www.grundschule-sasbach.de\/wp\/wp-content\/uploads\/2020\/12\/Brief-vom-Nikolaus-300x200.jpg 300w, https:\/\/www.grundschule-sasbach.de\/wp\/wp-content\/uploads\/2020\/12\/Brief-vom-Nikolaus-768x512.jpg 768w\" sizes=\"auto, (max-width: 252px) 100vw, 252px\" \/><\/a><\/p>\n<p>F\u00fcr die Unterst\u00fctzung unseres Patenkindes &#8222;Grace&#8220; aus Uganda versuchen die Kinder <a href=\"https:\/\/www.grundschule-sasbach.de\/wp\/wp-content\/uploads\/2020\/12\/Grace.jpg\"><img loading=\"lazy\" decoding=\"async\" class=\"wp-image-5508 alignleft\" src=\"https:\/\/www.grundschule-sasbach.de\/wp\/wp-content\/uploads\/2020\/12\/Grace-683x1024.jpg\" alt=\"\" width=\"171\" height=\"257\" srcset=\"https:\/\/www.grundschule-sasbach.de\/wp\/wp-content\/uploads\/2020\/12\/Grace-683x1024.jpg 683w, https:\/\/www.grundschule-sasbach.de\/wp\/wp-content\/uploads\/2020\/12\/Grace-200x300.jpg 200w, https:\/\/www.grundschule-sasbach.de\/wp\/wp-content\/uploads\/2020\/12\/Grace-768x1152.jpg 768w, https:\/\/www.grundschule-sasbach.de\/wp\/wp-content\/uploads\/2020\/12\/Grace.jpg 800w\" sizes=\"auto, (max-width: 171px) 100vw, 171px\" \/><\/a>selbst Geld zu erarbeiten. Es wird geputzt, aufger\u00e4umt,&#8230;.<\/p>\n<p>Der Weihnachtsmarkt f\u00e4llt dieses Jahr leider auch aus.<\/p>\n<h5><span style=\"color: #008000;\">Trotzdem w\u00fcnschen wir ALLEN ein sch\u00f6nes Weihnachtsfest und sind voller Hoffnung, dass das neue Jahr 2021 ein besseres Jahr werden wird.<\/span> <a href=\"https:\/\/www.grundschule-sasbach.de\/wp\/wp-content\/uploads\/2020\/12\/Christbaum.gif\"><img loading=\"lazy\" decoding=\"async\" class=\"wp-image-5500 alignright\" src=\"https:\/\/www.grundschule-sasbach.de\/wp\/wp-content\/uploads\/2020\/12\/Christbaum.gif\" alt=\"\" width=\"98\" height=\"153\" \/><\/a><\/h5>\n<p>&nbsp;<\/p>\n<p>&nbsp;<\/p>\n","protected":false},"excerpt":{"rendered":"<p>\u00a0\u00a0 Adventszeit in einem besonderen Jahr&#8230; Leider konnten wir dieses Jahr keine gemeinsame Adventsfeier in der Aula machen. Aber der Nikolaus hat uns trotzdem nicht vergessen. Er brachte f\u00fcr alle Sch\u00fcler neue Spielger\u00e4te f\u00fcr die Sporthalle und schenkte noch jeder Klasse einen gro\u00dfen Ger\u00e4tetag in der Sporthalle. F\u00fcr die Unterst\u00fctzung unseres Patenkindes &#8222;Grace&#8220; aus Uganda &hellip; <a href=\"https:\/\/www.grundschule-sasbach.de\/wp\/?page_id=5499\" class=\"more-link\"><span class=\"screen-reader-text\">Adventszeit<\/span> weiterlesen <span class=\"meta-nav\">&rarr;<\/span><\/a><\/p>\n","protected":false},"author":4,"featured_media":0,"parent":5610,"menu_order":5,"comment_status":"closed","ping_status":"closed","template":"","meta":{"footnotes":""},"class_list":["post-5499","page","type-page","status-publish","hentry"],"_links":{"self":[{"href":"https:\/\/www.grundschule-sasbach.de\/wp\/index.php?rest_route=\/wp\/v2\/pages\/5499","targetHints":{"allow":["GET"]}}],"collection":[{"href":"https:\/\/www.grundschule-sasbach.de\/wp\/index.php?rest_route=\/wp\/v2\/pages"}],"about":[{"href":"https:\/\/www.grundschule-sasbach.de\/wp\/index.php?rest_route=\/wp\/v2\/types\/page"}],"author":[{"embeddable":true,"href":"https:\/\/www.grundschule-sasbach.de\/wp\/index.php?rest_route=\/wp\/v2\/users\/4"}],"replies":[{"embeddable":true,"href":"https:\/\/www.grundschule-sasbach.de\/wp\/index.php?rest_route=%2Fwp%2Fv2%2Fcomments&post=5499"}],"version-history":[{"count":3,"href":"https:\/\/www.grundschule-sasbach.de\/wp\/index.php?rest_route=\/wp\/v2\/pages\/5499\/revisions"}],"predecessor-version":[{"id":5511,"href":"https:\/\/www.grundschule-sasbach.de\/wp\/index.php?rest_route=\/wp\/v2\/pages\/5499\/revisions\/5511"}],"up":[{"embeddable":true,"href":"https:\/\/www.grundschule-sasbach.de\/wp\/index.php?rest_route=\/wp\/v2\/pages\/5610"}],"wp:attachment":[{"href":"https:\/\/www.grundschule-sasbach.de\/wp\/index.php?rest_route=%2Fwp%2Fv2%2Fmedia&parent=5499"}],"curies":[{"name":"wp","href":"https:\/\/api.w.org\/{rel}","templated":true}]}}