{"id":5542,"date":"2021-02-08T13:00:54","date_gmt":"2021-02-08T11:00:54","guid":{"rendered":"http:\/\/www.grundschule-sasbach.de\/wp\/?page_id=5542"},"modified":"2022-11-16T11:30:26","modified_gmt":"2022-11-16T09:30:26","slug":"lernprogramme","status":"publish","type":"page","link":"https:\/\/www.grundschule-sasbach.de\/wp\/?page_id=5542","title":{"rendered":"Lernprogramme"},"content":{"rendered":"<p>Programme mit Schullizenz:<\/p>\n<p>Die Kinder k\u00f6nnen in der Schule, aber auch zu Hause \u00fcben. Im Schulplaner haben die Kinder den QR-Code und die Zugangsdaten.<\/p>\n<p>Antolin: Lesekompetenz<\/p>\n<p><a href=\"https:\/\/www.grundschule-sasbach.de\/wp\/wp-content\/uploads\/2022\/11\/Elternbrief-ANTOLIN-1.pdf\" class=\"pdfemb-viewer\" style=\"\" data-width=\"max\" data-height=\"max\" data-toolbar=\"bottom\" data-toolbar-fixed=\"off\">Elternbrief ANTOLIN<\/a> <a href=\"https:\/\/www.grundschule-sasbach.de\/wp\/wp-content\/uploads\/2022\/11\/Anleitung-fuer-Eltern-Schueler.pdf\" class=\"pdfemb-viewer\" style=\"\" data-width=\"max\" data-height=\"max\" data-toolbar=\"bottom\" data-toolbar-fixed=\"off\">Anleitung f\u00fcr Eltern-Sch\u00fcler<\/a><\/p>\n<p>Einverst\u00e4ndniserkl\u00e4rung zur Nutzung der Lernprogramme:<\/p>\n<a href=\"https:\/\/www.grundschule-sasbach.de\/wp\/wp-content\/uploads\/2022\/11\/ELTERNINFORMATION-Einverstaendnis-Antolin-ANTON.pdf\" class=\"pdfemb-viewer\" style=\"\" data-width=\"max\" data-height=\"max\" data-toolbar=\"bottom\" data-toolbar-fixed=\"off\">ELTERNINFORMATION-Einverst\u00e4ndnis Antolin-ANTON<\/a>\n<p>&nbsp;<\/p>\n<p>&nbsp;<\/p>\n<p>&nbsp;<\/p>\n","protected":false},"excerpt":{"rendered":"<p>Programme mit Schullizenz: Die Kinder k\u00f6nnen in der Schule, aber auch zu Hause \u00fcben. Im Schulplaner haben die Kinder den QR-Code und die Zugangsdaten. Antolin: Lesekompetenz Einverst\u00e4ndniserkl\u00e4rung zur Nutzung der Lernprogramme: &nbsp; &nbsp; &nbsp;<\/p>\n","protected":false},"author":4,"featured_media":0,"parent":5535,"menu_order":3,"comment_status":"closed","ping_status":"closed","template":"","meta":{"footnotes":""},"class_list":["post-5542","page","type-page","status-publish","hentry"],"_links":{"self":[{"href":"https:\/\/www.grundschule-sasbach.de\/wp\/index.php?rest_route=\/wp\/v2\/pages\/5542","targetHints":{"allow":["GET"]}}],"collection":[{"href":"https:\/\/www.grundschule-sasbach.de\/wp\/index.php?rest_route=\/wp\/v2\/pages"}],"about":[{"href":"https:\/\/www.grundschule-sasbach.de\/wp\/index.php?rest_route=\/wp\/v2\/types\/page"}],"author":[{"embeddable":true,"href":"https:\/\/www.grundschule-sasbach.de\/wp\/index.php?rest_route=\/wp\/v2\/users\/4"}],"replies":[{"embeddable":true,"href":"https:\/\/www.grundschule-sasbach.de\/wp\/index.php?rest_route=%2Fwp%2Fv2%2Fcomments&post=5542"}],"version-history":[{"count":8,"href":"https:\/\/www.grundschule-sasbach.de\/wp\/index.php?rest_route=\/wp\/v2\/pages\/5542\/revisions"}],"predecessor-version":[{"id":6040,"href":"https:\/\/www.grundschule-sasbach.de\/wp\/index.php?rest_route=\/wp\/v2\/pages\/5542\/revisions\/6040"}],"up":[{"embeddable":true,"href":"https:\/\/www.grundschule-sasbach.de\/wp\/index.php?rest_route=\/wp\/v2\/pages\/5535"}],"wp:attachment":[{"href":"https:\/\/www.grundschule-sasbach.de\/wp\/index.php?rest_route=%2Fwp%2Fv2%2Fmedia&parent=5542"}],"curies":[{"name":"wp","href":"https:\/\/api.w.org\/{rel}","templated":true}]}}