{"id":5584,"date":"2021-05-05T12:43:45","date_gmt":"2021-05-05T10:43:45","guid":{"rendered":"https:\/\/www.grundschule-sasbach.de\/wp\/?page_id=5584"},"modified":"2021-07-30T14:21:33","modified_gmt":"2021-07-30T12:21:33","slug":"konrektorin","status":"publish","type":"page","link":"https:\/\/www.grundschule-sasbach.de\/wp\/?page_id=5584","title":{"rendered":"Konrektorin"},"content":{"rendered":"<h3><span style=\"color: #99cc00;\">Wir haben eine neue Konrektorin&#8230;<\/span><\/h3>\n<p>Ab dem 5. Mai 2021 wird Frau Melanie M\u00fcller die Schulleitung unterst\u00fctzen und vertreten.<\/p>\n<p>Frau M\u00fcller wird sich neben der Entlastung der Schulleitung haupts\u00e4chlich um die Medienausstattung der Schule k\u00fcmmern.<\/p>\n<p><a href=\"https:\/\/www.grundschule-sasbach.de\/wp\/wp-content\/uploads\/2021\/05\/Blumen.jpg\"><img loading=\"lazy\" decoding=\"async\" class=\"alignnone wp-image-5585\" src=\"https:\/\/www.grundschule-sasbach.de\/wp\/wp-content\/uploads\/2021\/05\/Blumen-683x1024.jpg\" alt=\"\" width=\"234\" height=\"351\" srcset=\"https:\/\/www.grundschule-sasbach.de\/wp\/wp-content\/uploads\/2021\/05\/Blumen-683x1024.jpg 683w, https:\/\/www.grundschule-sasbach.de\/wp\/wp-content\/uploads\/2021\/05\/Blumen-200x300.jpg 200w, https:\/\/www.grundschule-sasbach.de\/wp\/wp-content\/uploads\/2021\/05\/Blumen-768x1152.jpg 768w, https:\/\/www.grundschule-sasbach.de\/wp\/wp-content\/uploads\/2021\/05\/Blumen.jpg 800w\" sizes=\"auto, (max-width: 234px) 100vw, 234px\" \/><\/a><a href=\"https:\/\/www.grundschule-sasbach.de\/wp\/wp-content\/uploads\/2021\/05\/Frau-Mueller-1.5.2021.jpg\"><img loading=\"lazy\" decoding=\"async\" class=\"alignnone wp-image-5586\" src=\"https:\/\/www.grundschule-sasbach.de\/wp\/wp-content\/uploads\/2021\/05\/Frau-Mueller-1.5.2021-683x1024.jpg\" alt=\"\" width=\"353\" height=\"530\" srcset=\"https:\/\/www.grundschule-sasbach.de\/wp\/wp-content\/uploads\/2021\/05\/Frau-Mueller-1.5.2021-683x1024.jpg 683w, https:\/\/www.grundschule-sasbach.de\/wp\/wp-content\/uploads\/2021\/05\/Frau-Mueller-1.5.2021-200x300.jpg 200w, https:\/\/www.grundschule-sasbach.de\/wp\/wp-content\/uploads\/2021\/05\/Frau-Mueller-1.5.2021-768x1152.jpg 768w, https:\/\/www.grundschule-sasbach.de\/wp\/wp-content\/uploads\/2021\/05\/Frau-Mueller-1.5.2021.jpg 800w\" sizes=\"auto, (max-width: 353px) 100vw, 353px\" \/><\/a><\/p>\n<h4><span style=\"color: #008000;\">Wir w\u00fcnschen Frau M\u00fcller viel Freude und Erfolg f\u00fcr die neue Aufgabe.<\/span> <a href=\"https:\/\/www.grundschule-sasbach.de\/wp\/wp-content\/uploads\/2021\/05\/Danke.jpg\"><img loading=\"lazy\" decoding=\"async\" class=\"wp-image-5587 alignright\" src=\"https:\/\/www.grundschule-sasbach.de\/wp\/wp-content\/uploads\/2021\/05\/Danke.jpg\" alt=\"\" width=\"248\" height=\"192\" srcset=\"https:\/\/www.grundschule-sasbach.de\/wp\/wp-content\/uploads\/2021\/05\/Danke.jpg 501w, https:\/\/www.grundschule-sasbach.de\/wp\/wp-content\/uploads\/2021\/05\/Danke-300x232.jpg 300w\" sizes=\"auto, (max-width: 248px) 100vw, 248px\" \/><\/a><\/h4>\n<p>&nbsp;<\/p>\n<p>&nbsp;<\/p>\n<p>&nbsp;<\/p>\n","protected":false},"excerpt":{"rendered":"<p>Wir haben eine neue Konrektorin&#8230; Ab dem 5. Mai 2021 wird Frau Melanie M\u00fcller die Schulleitung unterst\u00fctzen und vertreten. Frau M\u00fcller wird sich neben der Entlastung der Schulleitung haupts\u00e4chlich um die Medienausstattung der Schule k\u00fcmmern. Wir w\u00fcnschen Frau M\u00fcller viel Freude und Erfolg f\u00fcr die neue Aufgabe. &nbsp; &nbsp; &nbsp;<\/p>\n","protected":false},"author":4,"featured_media":0,"parent":5610,"menu_order":9,"comment_status":"closed","ping_status":"closed","template":"","meta":{"footnotes":""},"class_list":["post-5584","page","type-page","status-publish","hentry"],"_links":{"self":[{"href":"https:\/\/www.grundschule-sasbach.de\/wp\/index.php?rest_route=\/wp\/v2\/pages\/5584","targetHints":{"allow":["GET"]}}],"collection":[{"href":"https:\/\/www.grundschule-sasbach.de\/wp\/index.php?rest_route=\/wp\/v2\/pages"}],"about":[{"href":"https:\/\/www.grundschule-sasbach.de\/wp\/index.php?rest_route=\/wp\/v2\/types\/page"}],"author":[{"embeddable":true,"href":"https:\/\/www.grundschule-sasbach.de\/wp\/index.php?rest_route=\/wp\/v2\/users\/4"}],"replies":[{"embeddable":true,"href":"https:\/\/www.grundschule-sasbach.de\/wp\/index.php?rest_route=%2Fwp%2Fv2%2Fcomments&post=5584"}],"version-history":[{"count":1,"href":"https:\/\/www.grundschule-sasbach.de\/wp\/index.php?rest_route=\/wp\/v2\/pages\/5584\/revisions"}],"predecessor-version":[{"id":5588,"href":"https:\/\/www.grundschule-sasbach.de\/wp\/index.php?rest_route=\/wp\/v2\/pages\/5584\/revisions\/5588"}],"up":[{"embeddable":true,"href":"https:\/\/www.grundschule-sasbach.de\/wp\/index.php?rest_route=\/wp\/v2\/pages\/5610"}],"wp:attachment":[{"href":"https:\/\/www.grundschule-sasbach.de\/wp\/index.php?rest_route=%2Fwp%2Fv2%2Fmedia&parent=5584"}],"curies":[{"name":"wp","href":"https:\/\/api.w.org\/{rel}","templated":true}]}}