{"id":5660,"date":"2021-09-16T14:56:48","date_gmt":"2021-09-16T12:56:48","guid":{"rendered":"https:\/\/www.grundschule-sasbach.de\/wp\/?page_id=5660"},"modified":"2022-09-15T12:36:50","modified_gmt":"2022-09-15T10:36:50","slug":"schuljahr-2021-2022","status":"publish","type":"page","link":"https:\/\/www.grundschule-sasbach.de\/wp\/?page_id=5660","title":{"rendered":"Lehrerausflug 1+2"},"content":{"rendered":"<h4><span style=\"color: #800080;\">1. Lehrerausflug nach Ettenheim am 22. Oktober 2021<\/span><\/h4>\n<p><strong>Ettenheim ist nach der fast v\u00f6lligen Zerst\u00f6rung im Jahre 1637 als Barockstadt wiedererstanden. Das heutige Stadtbild ist das Ergebnis einer nahezu 150-j\u00e4hrigen Baut\u00e4tigkeit, die bald nach dem Ende des 30-j\u00e4hrigen Krieges begann und mit der Einweihung der barocken Pfarrkirche im Jahre 1782 ihren H\u00f6hepunkt fand.<\/strong><\/p>\n<p>Dieses Juwel historischen St\u00e4dtebaus wurde vom Landesdenkmalamt 1963 als Ensemble unter Schutz gestellt und wird von den B\u00fcrgern liebevoll gepflegt.<\/p>\n<p>Die Geschichte Ettenheims durften wir bei einer Stadtf\u00fchrung erfahren, die uns auf den Spuren von Kardinal Rohan durch die heimeligen G\u00e4sschen f\u00fchrte. Dabei erfuhren wir viel \u00fcber hintergr\u00fcndige Geschichten und Anekdoten \u00fcbers &#8222;St\u00e4dtle&#8220; und seine Bewohner.<\/p>\n<p><a href=\"https:\/\/www.grundschule-sasbach.de\/wp\/wp-content\/uploads\/2021\/10\/Auf-dem-Weg.jpg\"><img loading=\"lazy\" decoding=\"async\" class=\"alignnone wp-image-5726\" src=\"https:\/\/www.grundschule-sasbach.de\/wp\/wp-content\/uploads\/2021\/10\/Auf-dem-Weg-768x1024.jpg\" alt=\"\" width=\"350\" height=\"466\" srcset=\"https:\/\/www.grundschule-sasbach.de\/wp\/wp-content\/uploads\/2021\/10\/Auf-dem-Weg-768x1023.jpg 768w, https:\/\/www.grundschule-sasbach.de\/wp\/wp-content\/uploads\/2021\/10\/Auf-dem-Weg-225x300.jpg 225w, https:\/\/www.grundschule-sasbach.de\/wp\/wp-content\/uploads\/2021\/10\/Auf-dem-Weg.jpg 800w\" sizes=\"auto, (max-width: 350px) 100vw, 350px\" \/><\/a> <a href=\"https:\/\/www.grundschule-sasbach.de\/wp\/wp-content\/uploads\/2021\/10\/In-der-Barockkirche.jpg\"><img loading=\"lazy\" decoding=\"async\" class=\"wp-image-5727 aligncenter\" src=\"https:\/\/www.grundschule-sasbach.de\/wp\/wp-content\/uploads\/2021\/10\/In-der-Barockkirche-768x1024.jpg\" alt=\"\" width=\"389\" height=\"518\" srcset=\"https:\/\/www.grundschule-sasbach.de\/wp\/wp-content\/uploads\/2021\/10\/In-der-Barockkirche-768x1023.jpg 768w, https:\/\/www.grundschule-sasbach.de\/wp\/wp-content\/uploads\/2021\/10\/In-der-Barockkirche-225x300.jpg 225w, https:\/\/www.grundschule-sasbach.de\/wp\/wp-content\/uploads\/2021\/10\/In-der-Barockkirche.jpg 800w\" sizes=\"auto, (max-width: 389px) 100vw, 389px\" \/><\/a> <a href=\"https:\/\/www.grundschule-sasbach.de\/wp\/wp-content\/uploads\/2021\/10\/Vor-dem-Rathaus.jpg\"><img loading=\"lazy\" decoding=\"async\" class=\"alignnone wp-image-5728\" src=\"https:\/\/www.grundschule-sasbach.de\/wp\/wp-content\/uploads\/2021\/10\/Vor-dem-Rathaus-768x1024.jpg\" alt=\"\" width=\"356\" height=\"474\" srcset=\"https:\/\/www.grundschule-sasbach.de\/wp\/wp-content\/uploads\/2021\/10\/Vor-dem-Rathaus-768x1023.jpg 768w, https:\/\/www.grundschule-sasbach.de\/wp\/wp-content\/uploads\/2021\/10\/Vor-dem-Rathaus-225x300.jpg 225w, https:\/\/www.grundschule-sasbach.de\/wp\/wp-content\/uploads\/2021\/10\/Vor-dem-Rathaus.jpg 800w\" sizes=\"auto, (max-width: 356px) 100vw, 356px\" \/><\/a><\/p>\n<p>Danke, es war sehr interessant !<\/p>\n<p>Es lohnt sich sehr ! Hier ein Link zur Information<\/p>\n<p><a href=\"https:\/\/www.ettenheim.de\/sites\/default\/files\/dokumente\/barocker-rundweg_2019_3.pdf\">https:\/\/www.ettenheim.de\/sites\/default\/files\/dokumente\/barocker-rundweg_2019_3.pdf<\/a><\/p>\n<h4><span style=\"color: #ff6600;\">2. Lehrerausflug in Sasbach 24. Juni 2022<\/span><\/h4>\n<p>Unser 2. Lehrerausflug ging dieses Mal nach Sasbach. Viele der ausw\u00e4rtigen Kollegen wussten gar nicht, was unser Heinmat-Schulort so alles zubieten hat.<\/p>\n<p>Der Nachmittag begann mit einer Weinprobe in der WG Sasbach. Dort bekamen wir eine tolle Weinprobe pr\u00e4sentiert-DANKE !<\/p>\n<p><a href=\"https:\/\/www.grundschule-sasbach.de\/wp\/wp-content\/uploads\/2022\/07\/Im-Holzfasskeller.jpg\"><img loading=\"lazy\" decoding=\"async\" class=\"alignnone size-medium wp-image-5901\" src=\"https:\/\/www.grundschule-sasbach.de\/wp\/wp-content\/uploads\/2022\/07\/Im-Holzfasskeller-300x225.jpg\" alt=\"\" width=\"300\" height=\"225\" srcset=\"https:\/\/www.grundschule-sasbach.de\/wp\/wp-content\/uploads\/2022\/07\/Im-Holzfasskeller-300x225.jpg 300w, https:\/\/www.grundschule-sasbach.de\/wp\/wp-content\/uploads\/2022\/07\/Im-Holzfasskeller-768x576.jpg 768w, https:\/\/www.grundschule-sasbach.de\/wp\/wp-content\/uploads\/2022\/07\/Im-Holzfasskeller.jpg 800w\" sizes=\"auto, (max-width: 300px) 100vw, 300px\" \/><\/a> <a href=\"https:\/\/www.grundschule-sasbach.de\/wp\/wp-content\/uploads\/2022\/07\/In-der-WG.jpg\"><img loading=\"lazy\" decoding=\"async\" class=\"alignnone size-medium wp-image-5902\" src=\"https:\/\/www.grundschule-sasbach.de\/wp\/wp-content\/uploads\/2022\/07\/In-der-WG-300x225.jpg\" alt=\"\" width=\"300\" height=\"225\" srcset=\"https:\/\/www.grundschule-sasbach.de\/wp\/wp-content\/uploads\/2022\/07\/In-der-WG-300x225.jpg 300w, https:\/\/www.grundschule-sasbach.de\/wp\/wp-content\/uploads\/2022\/07\/In-der-WG-768x576.jpg 768w, https:\/\/www.grundschule-sasbach.de\/wp\/wp-content\/uploads\/2022\/07\/In-der-WG.jpg 800w\" sizes=\"auto, (max-width: 300px) 100vw, 300px\" \/><\/a> <a href=\"https:\/\/www.grundschule-sasbach.de\/wp\/wp-content\/uploads\/2022\/07\/Im-Barrique-Holzfasskeller.jpg\"><img loading=\"lazy\" decoding=\"async\" class=\"alignnone size-medium wp-image-5903\" src=\"https:\/\/www.grundschule-sasbach.de\/wp\/wp-content\/uploads\/2022\/07\/Im-Barrique-Holzfasskeller-225x300.jpg\" alt=\"\" width=\"225\" height=\"300\" srcset=\"https:\/\/www.grundschule-sasbach.de\/wp\/wp-content\/uploads\/2022\/07\/Im-Barrique-Holzfasskeller-225x300.jpg 225w, https:\/\/www.grundschule-sasbach.de\/wp\/wp-content\/uploads\/2022\/07\/Im-Barrique-Holzfasskeller-768x1023.jpg 768w, https:\/\/www.grundschule-sasbach.de\/wp\/wp-content\/uploads\/2022\/07\/Im-Barrique-Holzfasskeller.jpg 800w\" sizes=\"auto, (max-width: 225px) 100vw, 225px\" \/><\/a>\u00a0 <a href=\"https:\/\/www.grundschule-sasbach.de\/wp\/wp-content\/uploads\/2022\/07\/Vor-der-WG.jpg\"><img loading=\"lazy\" decoding=\"async\" class=\"alignnone size-medium wp-image-5905\" src=\"https:\/\/www.grundschule-sasbach.de\/wp\/wp-content\/uploads\/2022\/07\/Vor-der-WG-300x225.jpg\" alt=\"\" width=\"300\" height=\"225\" srcset=\"https:\/\/www.grundschule-sasbach.de\/wp\/wp-content\/uploads\/2022\/07\/Vor-der-WG-300x225.jpg 300w, https:\/\/www.grundschule-sasbach.de\/wp\/wp-content\/uploads\/2022\/07\/Vor-der-WG-768x576.jpg 768w, https:\/\/www.grundschule-sasbach.de\/wp\/wp-content\/uploads\/2022\/07\/Vor-der-WG.jpg 800w\" sizes=\"auto, (max-width: 300px) 100vw, 300px\" \/><\/a><\/p>\n<p>Weiter ging\u00b4s in VITTs H\u00f6fle zum Kaffeetrinken. Wer wollte konnte auch kreattiv werden&#8230;.<\/p>\n<p><a href=\"https:\/\/www.grundschule-sasbach.de\/wp\/wp-content\/uploads\/2022\/07\/In-VITTs-Hoefle.jpg\"><img loading=\"lazy\" decoding=\"async\" class=\"alignnone size-medium wp-image-5904\" src=\"https:\/\/www.grundschule-sasbach.de\/wp\/wp-content\/uploads\/2022\/07\/In-VITTs-Hoefle-225x300.jpg\" alt=\"\" width=\"225\" height=\"300\" srcset=\"https:\/\/www.grundschule-sasbach.de\/wp\/wp-content\/uploads\/2022\/07\/In-VITTs-Hoefle-225x300.jpg 225w, https:\/\/www.grundschule-sasbach.de\/wp\/wp-content\/uploads\/2022\/07\/In-VITTs-Hoefle-768x1023.jpg 768w, https:\/\/www.grundschule-sasbach.de\/wp\/wp-content\/uploads\/2022\/07\/In-VITTs-Hoefle.jpg 800w\" sizes=\"auto, (max-width: 225px) 100vw, 225px\" \/><span style=\"color: #000000;\">Der Abschluss war dann in der B\u00fcrgetstube.<\/span><\/a><\/p>\n<p>Es war ein sch\u00f6ner Tag !<\/p>\n","protected":false},"excerpt":{"rendered":"<p>1. Lehrerausflug nach Ettenheim am 22. Oktober 2021 Ettenheim ist nach der fast v\u00f6lligen Zerst\u00f6rung im Jahre 1637 als Barockstadt wiedererstanden. Das heutige Stadtbild ist das Ergebnis einer nahezu 150-j\u00e4hrigen Baut\u00e4tigkeit, die bald nach dem Ende des 30-j\u00e4hrigen Krieges begann und mit der Einweihung der barocken Pfarrkirche im Jahre 1782 ihren H\u00f6hepunkt fand. Dieses Juwel &hellip; <a href=\"https:\/\/www.grundschule-sasbach.de\/wp\/?page_id=5660\" class=\"more-link\"><span class=\"screen-reader-text\">Lehrerausflug 1+2<\/span> weiterlesen <span class=\"meta-nav\">&rarr;<\/span><\/a><\/p>\n","protected":false},"author":4,"featured_media":0,"parent":5965,"menu_order":5,"comment_status":"closed","ping_status":"closed","template":"","meta":{"footnotes":""},"class_list":["post-5660","page","type-page","status-publish","hentry"],"_links":{"self":[{"href":"https:\/\/www.grundschule-sasbach.de\/wp\/index.php?rest_route=\/wp\/v2\/pages\/5660","targetHints":{"allow":["GET"]}}],"collection":[{"href":"https:\/\/www.grundschule-sasbach.de\/wp\/index.php?rest_route=\/wp\/v2\/pages"}],"about":[{"href":"https:\/\/www.grundschule-sasbach.de\/wp\/index.php?rest_route=\/wp\/v2\/types\/page"}],"author":[{"embeddable":true,"href":"https:\/\/www.grundschule-sasbach.de\/wp\/index.php?rest_route=\/wp\/v2\/users\/4"}],"replies":[{"embeddable":true,"href":"https:\/\/www.grundschule-sasbach.de\/wp\/index.php?rest_route=%2Fwp%2Fv2%2Fcomments&post=5660"}],"version-history":[{"count":5,"href":"https:\/\/www.grundschule-sasbach.de\/wp\/index.php?rest_route=\/wp\/v2\/pages\/5660\/revisions"}],"predecessor-version":[{"id":5906,"href":"https:\/\/www.grundschule-sasbach.de\/wp\/index.php?rest_route=\/wp\/v2\/pages\/5660\/revisions\/5906"}],"up":[{"embeddable":true,"href":"https:\/\/www.grundschule-sasbach.de\/wp\/index.php?rest_route=\/wp\/v2\/pages\/5965"}],"wp:attachment":[{"href":"https:\/\/www.grundschule-sasbach.de\/wp\/index.php?rest_route=%2Fwp%2Fv2%2Fmedia&parent=5660"}],"curies":[{"name":"wp","href":"https:\/\/api.w.org\/{rel}","templated":true}]}}