{"id":5665,"date":"2021-09-16T15:00:47","date_gmt":"2021-09-16T13:00:47","guid":{"rendered":"https:\/\/www.grundschule-sasbach.de\/wp\/?page_id=5665"},"modified":"2022-09-15T12:36:50","modified_gmt":"2022-09-15T10:36:50","slug":"einschulung","status":"publish","type":"page","link":"https:\/\/www.grundschule-sasbach.de\/wp\/?page_id=5665","title":{"rendered":"Einschulung"},"content":{"rendered":"<h4><span style=\"font-family: comic sans ms, sans-serif;\"><span style=\"color: #ff6600;\">Einschulung am Mittwoch, den 15. September 2021 <\/span><\/span><\/h4>\n<p><span style=\"font-family: comic sans ms, sans-serif;\">Die Einschulung fand dieses Jahr<a href=\"https:\/\/www.grundschule-sasbach.de\/wp\/wp-content\/uploads\/2021\/09\/Willkommen.jpg\"><img loading=\"lazy\" decoding=\"async\" class=\"wp-image-5668 alignleft\" src=\"https:\/\/www.grundschule-sasbach.de\/wp\/wp-content\/uploads\/2021\/09\/Willkommen-683x1024.jpg\" alt=\"\" width=\"200\" height=\"300\" srcset=\"https:\/\/www.grundschule-sasbach.de\/wp\/wp-content\/uploads\/2021\/09\/Willkommen-683x1024.jpg 683w, https:\/\/www.grundschule-sasbach.de\/wp\/wp-content\/uploads\/2021\/09\/Willkommen-200x300.jpg 200w, https:\/\/www.grundschule-sasbach.de\/wp\/wp-content\/uploads\/2021\/09\/Willkommen-768x1152.jpg 768w, https:\/\/www.grundschule-sasbach.de\/wp\/wp-content\/uploads\/2021\/09\/Willkommen.jpg 800w\" sizes=\"auto, (max-width: 200px) 100vw, 200px\" \/><\/a> wieder am Mittwoch statt.<br \/>\n<\/span><\/p>\n<p><span style=\"font-family: comic sans ms, sans-serif;\">Die Einschulungskinder aus den Ortteilen: Jechtingen und Leiselheim kamen morgens mit den anderen Sch\u00fclern und einem Elternteil mit dem Schulbus zur Schule.<\/span><\/p>\n<p><span style=\"font-family: comic sans ms, sans-serif;\">Das Programm in der Limburghalle begann dann f\u00fcr alle um 7.50 Uhr.<br \/>\n<\/span><\/p>\n<p><a href=\"https:\/\/www.grundschule-sasbach.de\/wp\/wp-content\/uploads\/2021\/09\/Stellwand-Schule.jpg\"><img loading=\"lazy\" decoding=\"async\" class=\"alignnone wp-image-5669\" src=\"https:\/\/www.grundschule-sasbach.de\/wp\/wp-content\/uploads\/2021\/09\/Stellwand-Schule.jpg\" alt=\"\" width=\"241\" height=\"367\" srcset=\"https:\/\/www.grundschule-sasbach.de\/wp\/wp-content\/uploads\/2021\/09\/Stellwand-Schule.jpg 581w, https:\/\/www.grundschule-sasbach.de\/wp\/wp-content\/uploads\/2021\/09\/Stellwand-Schule-197x300.jpg 197w\" sizes=\"auto, (max-width: 241px) 100vw, 241px\" \/><\/a><a href=\"https:\/\/www.grundschule-sasbach.de\/wp\/wp-content\/uploads\/2021\/09\/STellwand-Schusachen.jpg\"><img loading=\"lazy\" decoding=\"async\" class=\" wp-image-5670 alignnone\" src=\"https:\/\/www.grundschule-sasbach.de\/wp\/wp-content\/uploads\/2021\/09\/STellwand-Schusachen.jpg\" alt=\"\" width=\"311\" height=\"364\" srcset=\"https:\/\/www.grundschule-sasbach.de\/wp\/wp-content\/uploads\/2021\/09\/STellwand-Schusachen.jpg 720w, https:\/\/www.grundschule-sasbach.de\/wp\/wp-content\/uploads\/2021\/09\/STellwand-Schusachen-257x300.jpg 257w\" sizes=\"auto, (max-width: 311px) 100vw, 311px\" \/><\/a><a href=\"https:\/\/www.grundschule-sasbach.de\/wp\/wp-content\/uploads\/2021\/09\/Die-neuen-1.-Klaessler-warten-gespannt-scaled.jpg\"><img loading=\"lazy\" decoding=\"async\" class=\"alignnone wp-image-5672\" src=\"https:\/\/www.grundschule-sasbach.de\/wp\/wp-content\/uploads\/2021\/09\/Die-neuen-1.-Klaessler-warten-gespannt-1024x683.jpg\" alt=\"\" width=\"421\" height=\"281\" srcset=\"https:\/\/www.grundschule-sasbach.de\/wp\/wp-content\/uploads\/2021\/09\/Die-neuen-1.-Klaessler-warten-gespannt-1024x683.jpg 1024w, https:\/\/www.grundschule-sasbach.de\/wp\/wp-content\/uploads\/2021\/09\/Die-neuen-1.-Klaessler-warten-gespannt-300x200.jpg 300w, https:\/\/www.grundschule-sasbach.de\/wp\/wp-content\/uploads\/2021\/09\/Die-neuen-1.-Klaessler-warten-gespannt-768x512.jpg 768w, https:\/\/www.grundschule-sasbach.de\/wp\/wp-content\/uploads\/2021\/09\/Die-neuen-1.-Klaessler-warten-gespannt-1536x1024.jpg 1536w, https:\/\/www.grundschule-sasbach.de\/wp\/wp-content\/uploads\/2021\/09\/Die-neuen-1.-Klaessler-warten-gespannt-2048x1365.jpg 2048w\" sizes=\"auto, (max-width: 421px) 100vw, 421px\" \/><\/a><\/p>\n<h4><span style=\"font-family: comic sans ms, sans-serif;\">Die 2. Kl\u00e4ssler f\u00fchrten ein tolles Theaterst\u00fcck auf !<\/span><\/h4>\n<p><span style=\"font-family: comic sans ms, sans-serif;\">Hier warten sie schon, die Buchstabenm\u00e4use&#8230;<\/span><\/p>\n<p><a href=\"https:\/\/www.grundschule-sasbach.de\/wp\/wp-content\/uploads\/2021\/09\/Die-Buchstabenmaeuse.jpg\"><img loading=\"lazy\" decoding=\"async\" class=\"alignnone size-full wp-image-5671\" src=\"https:\/\/www.grundschule-sasbach.de\/wp\/wp-content\/uploads\/2021\/09\/Die-Buchstabenmaeuse.jpg\" alt=\"\" width=\"800\" height=\"533\" srcset=\"https:\/\/www.grundschule-sasbach.de\/wp\/wp-content\/uploads\/2021\/09\/Die-Buchstabenmaeuse.jpg 800w, https:\/\/www.grundschule-sasbach.de\/wp\/wp-content\/uploads\/2021\/09\/Die-Buchstabenmaeuse-300x200.jpg 300w, https:\/\/www.grundschule-sasbach.de\/wp\/wp-content\/uploads\/2021\/09\/Die-Buchstabenmaeuse-768x512.jpg 768w\" sizes=\"auto, (max-width: 800px) 100vw, 800px\" \/><\/a><\/p>\n<h4><span style=\"font-family: comic sans ms, sans-serif;\">Das habt ihr toll gemacht-DANKE nochmals daf\u00fcr !<\/span><\/h4>\n<h4><span style=\"font-family: comic sans ms, sans-serif;\">Das ist unsere neue 1. Klasse:<\/span><\/h4>\n<p><a href=\"https:\/\/www.grundschule-sasbach.de\/wp\/wp-content\/uploads\/2021\/09\/Die-1.-Klaessler-auf-der-Buehne.jpg\"><img loading=\"lazy\" decoding=\"async\" class=\"alignnone size-full wp-image-5673\" src=\"https:\/\/www.grundschule-sasbach.de\/wp\/wp-content\/uploads\/2021\/09\/Die-1.-Klaessler-auf-der-Buehne.jpg\" alt=\"\" width=\"800\" height=\"533\" srcset=\"https:\/\/www.grundschule-sasbach.de\/wp\/wp-content\/uploads\/2021\/09\/Die-1.-Klaessler-auf-der-Buehne.jpg 800w, https:\/\/www.grundschule-sasbach.de\/wp\/wp-content\/uploads\/2021\/09\/Die-1.-Klaessler-auf-der-Buehne-300x200.jpg 300w, https:\/\/www.grundschule-sasbach.de\/wp\/wp-content\/uploads\/2021\/09\/Die-1.-Klaessler-auf-der-Buehne-768x512.jpg 768w\" sizes=\"auto, (max-width: 800px) 100vw, 800px\" \/><\/a><\/p>\n<p><span style=\"font-family: comic sans ms, sans-serif;\">\u201eTsch\u00fcsss, liebe Eltern ! Es geht los !\u201c<\/span><\/p>\n<h4><span style=\"font-family: comic sans ms, sans-serif;\">Wir w\u00fcnschen Euch und Euren Eltern einen sch\u00f6nen Schulstart an unserer Schule und viel Spa\u00df am Lernen. <a href=\"https:\/\/www.grundschule-sasbach.de\/wp\/wp-content\/uploads\/2021\/05\/Danke.jpg\"><img loading=\"lazy\" decoding=\"async\" class=\"alignnone wp-image-5587\" src=\"https:\/\/www.grundschule-sasbach.de\/wp\/wp-content\/uploads\/2021\/05\/Danke.jpg\" alt=\"\" width=\"255\" height=\"198\" srcset=\"https:\/\/www.grundschule-sasbach.de\/wp\/wp-content\/uploads\/2021\/05\/Danke.jpg 501w, https:\/\/www.grundschule-sasbach.de\/wp\/wp-content\/uploads\/2021\/05\/Danke-300x232.jpg 300w\" sizes=\"auto, (max-width: 255px) 100vw, 255px\" \/><\/a><br \/>\n<\/span><\/h4>\n<p>&nbsp;<\/p>\n","protected":false},"excerpt":{"rendered":"<p>Einschulung am Mittwoch, den 15. September 2021 Die Einschulung fand dieses Jahr wieder am Mittwoch statt. Die Einschulungskinder aus den Ortteilen: Jechtingen und Leiselheim kamen morgens mit den anderen Sch\u00fclern und einem Elternteil mit dem Schulbus zur Schule. Das Programm in der Limburghalle begann dann f\u00fcr alle um 7.50 Uhr. Die 2. Kl\u00e4ssler f\u00fchrten ein &hellip; <a href=\"https:\/\/www.grundschule-sasbach.de\/wp\/?page_id=5665\" class=\"more-link\"><span class=\"screen-reader-text\">Einschulung<\/span> weiterlesen <span class=\"meta-nav\">&rarr;<\/span><\/a><\/p>\n","protected":false},"author":4,"featured_media":0,"parent":5965,"menu_order":1,"comment_status":"closed","ping_status":"closed","template":"","meta":{"footnotes":""},"class_list":["post-5665","page","type-page","status-publish","hentry"],"_links":{"self":[{"href":"https:\/\/www.grundschule-sasbach.de\/wp\/index.php?rest_route=\/wp\/v2\/pages\/5665","targetHints":{"allow":["GET"]}}],"collection":[{"href":"https:\/\/www.grundschule-sasbach.de\/wp\/index.php?rest_route=\/wp\/v2\/pages"}],"about":[{"href":"https:\/\/www.grundschule-sasbach.de\/wp\/index.php?rest_route=\/wp\/v2\/types\/page"}],"author":[{"embeddable":true,"href":"https:\/\/www.grundschule-sasbach.de\/wp\/index.php?rest_route=\/wp\/v2\/users\/4"}],"replies":[{"embeddable":true,"href":"https:\/\/www.grundschule-sasbach.de\/wp\/index.php?rest_route=%2Fwp%2Fv2%2Fcomments&post=5665"}],"version-history":[{"count":3,"href":"https:\/\/www.grundschule-sasbach.de\/wp\/index.php?rest_route=\/wp\/v2\/pages\/5665\/revisions"}],"predecessor-version":[{"id":5674,"href":"https:\/\/www.grundschule-sasbach.de\/wp\/index.php?rest_route=\/wp\/v2\/pages\/5665\/revisions\/5674"}],"up":[{"embeddable":true,"href":"https:\/\/www.grundschule-sasbach.de\/wp\/index.php?rest_route=\/wp\/v2\/pages\/5965"}],"wp:attachment":[{"href":"https:\/\/www.grundschule-sasbach.de\/wp\/index.php?rest_route=%2Fwp%2Fv2%2Fmedia&parent=5665"}],"curies":[{"name":"wp","href":"https:\/\/api.w.org\/{rel}","templated":true}]}}