{"id":5709,"date":"2021-10-20T14:47:43","date_gmt":"2021-10-20T12:47:43","guid":{"rendered":"https:\/\/www.grundschule-sasbach.de\/wp\/?page_id=5709"},"modified":"2022-09-15T12:36:50","modified_gmt":"2022-09-15T10:36:50","slug":"oper-mannheim","status":"publish","type":"page","link":"https:\/\/www.grundschule-sasbach.de\/wp\/?page_id=5709","title":{"rendered":"OPER Mannheim"},"content":{"rendered":"<p>Es war einmal&#8230;. <a href=\"https:\/\/www.grundschule-sasbach.de\/wp\/wp-content\/uploads\/2021\/10\/Buehnenbild.jpg\"><img loading=\"lazy\" decoding=\"async\" class=\"alignnone size-full wp-image-5711\" src=\"https:\/\/www.grundschule-sasbach.de\/wp\/wp-content\/uploads\/2021\/10\/Buehnenbild.jpg\" alt=\"\" width=\"800\" height=\"405\" srcset=\"https:\/\/www.grundschule-sasbach.de\/wp\/wp-content\/uploads\/2021\/10\/Buehnenbild.jpg 800w, https:\/\/www.grundschule-sasbach.de\/wp\/wp-content\/uploads\/2021\/10\/Buehnenbild-300x152.jpg 300w, https:\/\/www.grundschule-sasbach.de\/wp\/wp-content\/uploads\/2021\/10\/Buehnenbild-768x389.jpg 768w\" sizes=\"auto, (max-width: 800px) 100vw, 800px\" \/><\/a><\/p>\n<p>Endlich konnten wir wieder die OPER Mannheim zu uns einladen.<a href=\"https:\/\/www.grundschule-sasbach.de\/wp\/wp-content\/uploads\/2021\/10\/Das-Publikum.jpg\"><img loading=\"lazy\" decoding=\"async\" class=\"size-full wp-image-5713 alignleft\" src=\"https:\/\/www.grundschule-sasbach.de\/wp\/wp-content\/uploads\/2021\/10\/Das-Publikum.jpg\" alt=\"\" width=\"800\" height=\"533\" srcset=\"https:\/\/www.grundschule-sasbach.de\/wp\/wp-content\/uploads\/2021\/10\/Das-Publikum.jpg 800w, https:\/\/www.grundschule-sasbach.de\/wp\/wp-content\/uploads\/2021\/10\/Das-Publikum-300x200.jpg 300w, https:\/\/www.grundschule-sasbach.de\/wp\/wp-content\/uploads\/2021\/10\/Das-Publikum-768x512.jpg 768w\" sizes=\"auto, (max-width: 800px) 100vw, 800px\" \/><\/a><\/p>\n<p>Dieses mal spielten sie das St\u00fcck: &#8222;Es war einmal&#8230;&#8220;.<\/p>\n<p>Eine m\u00e4rchenhafte Kinderoper ab 5 Jahren \u2013 von Tanja Hamleh und Klaus-Dieter K\u00f6hler.<\/p>\n<p><a href=\"https:\/\/www.grundschule-sasbach.de\/wp\/wp-content\/uploads\/2021\/10\/Die-gestiefelte-Katze.jpg\"><img loading=\"lazy\" decoding=\"async\" class=\"alignnone size-full wp-image-5714\" src=\"https:\/\/www.grundschule-sasbach.de\/wp\/wp-content\/uploads\/2021\/10\/Die-gestiefelte-Katze.jpg\" alt=\"\" width=\"800\" height=\"416\" srcset=\"https:\/\/www.grundschule-sasbach.de\/wp\/wp-content\/uploads\/2021\/10\/Die-gestiefelte-Katze.jpg 800w, https:\/\/www.grundschule-sasbach.de\/wp\/wp-content\/uploads\/2021\/10\/Die-gestiefelte-Katze-300x156.jpg 300w, https:\/\/www.grundschule-sasbach.de\/wp\/wp-content\/uploads\/2021\/10\/Die-gestiefelte-Katze-768x399.jpg 768w\" sizes=\"auto, (max-width: 800px) 100vw, 800px\" \/><\/a><\/p>\n<p>Professor Zacharias Zauberkobel ist ein verschrobener Erfinder, der ein ganz besonderes M\u00e4rchenbuch erfunden hat. Das M\u00e4rchenexplorationszauberbuch. Doch eines Abends passiert etwas \u00dcberraschendes. Eine der M\u00e4rchenfiguren aus seinem Buch macht sich selbstst\u00e4ndig und landet mitten in seinem Wohnzimmer. Und nicht nur das. Es handelt sich um seine Lieblingsfigur, den gestiefelten Kater, der sich noch dazu als sehr charmante Katze entpuppt und ihm eine haarstr\u00e4ubende Geschichte erz\u00e4hlt. Das M\u00e4rchenland sei in Gefahr, &#8230;..<\/p>\n<p><a href=\"https:\/\/www.grundschule-sasbach.de\/wp\/wp-content\/uploads\/2021\/10\/Rotkaeppchen-und-der-nette-Wolf.jpg\"><img loading=\"lazy\" decoding=\"async\" class=\"alignnone size-full wp-image-5715\" src=\"https:\/\/www.grundschule-sasbach.de\/wp\/wp-content\/uploads\/2021\/10\/Rotkaeppchen-und-der-nette-Wolf.jpg\" alt=\"\" width=\"800\" height=\"533\" srcset=\"https:\/\/www.grundschule-sasbach.de\/wp\/wp-content\/uploads\/2021\/10\/Rotkaeppchen-und-der-nette-Wolf.jpg 800w, https:\/\/www.grundschule-sasbach.de\/wp\/wp-content\/uploads\/2021\/10\/Rotkaeppchen-und-der-nette-Wolf-300x200.jpg 300w, https:\/\/www.grundschule-sasbach.de\/wp\/wp-content\/uploads\/2021\/10\/Rotkaeppchen-und-der-nette-Wolf-768x512.jpg 768w\" sizes=\"auto, (max-width: 800px) 100vw, 800px\" \/><\/a><\/p>\n<p>Wird es den beiden Helden gelingen die M\u00e4rchenwelt zu retten?<\/p>\n<p>Das Gute muss einfach \u00fcber das B\u00f6se siegen\u2026<\/p>\n<p><a href=\"https:\/\/www.grundschule-sasbach.de\/wp\/wp-content\/uploads\/2021\/10\/Aschenputtel-scaled.jpg\"><img loading=\"lazy\" decoding=\"async\" class=\"alignnone size-large wp-image-5719\" src=\"https:\/\/www.grundschule-sasbach.de\/wp\/wp-content\/uploads\/2021\/10\/Aschenputtel-1024x683.jpg\" alt=\"\" width=\"604\" height=\"403\" srcset=\"https:\/\/www.grundschule-sasbach.de\/wp\/wp-content\/uploads\/2021\/10\/Aschenputtel-1024x683.jpg 1024w, https:\/\/www.grundschule-sasbach.de\/wp\/wp-content\/uploads\/2021\/10\/Aschenputtel-300x200.jpg 300w, https:\/\/www.grundschule-sasbach.de\/wp\/wp-content\/uploads\/2021\/10\/Aschenputtel-768x512.jpg 768w, https:\/\/www.grundschule-sasbach.de\/wp\/wp-content\/uploads\/2021\/10\/Aschenputtel-1536x1024.jpg 1536w, https:\/\/www.grundschule-sasbach.de\/wp\/wp-content\/uploads\/2021\/10\/Aschenputtel-2048x1365.jpg 2048w\" sizes=\"auto, (max-width: 604px) 100vw, 604px\" \/><\/a><\/p>\n<p>Wir wissen es jetzt und die Geschichte und den Gesang fanden wir wundervoll &#8211; DANKE !<\/p>\n<p>&#8230;. und wenn sie nicht gestorben sind, dann leben sie noch heute.<\/p>\n<p>Und die Theater AG Kinder durfeten bei der Vorstellung auch noch mitwirken &#8211; toll !<\/p>\n<p><a href=\"https:\/\/www.grundschule-sasbach.de\/wp\/wp-content\/uploads\/2021\/10\/Unsere-Mitspielkinder-bei-der-Schneekoenigin.jpg\"><img loading=\"lazy\" decoding=\"async\" class=\"size-full wp-image-5716 alignleft\" src=\"https:\/\/www.grundschule-sasbach.de\/wp\/wp-content\/uploads\/2021\/10\/Unsere-Mitspielkinder-bei-der-Schneekoenigin.jpg\" alt=\"\" width=\"800\" height=\"533\" srcset=\"https:\/\/www.grundschule-sasbach.de\/wp\/wp-content\/uploads\/2021\/10\/Unsere-Mitspielkinder-bei-der-Schneekoenigin.jpg 800w, https:\/\/www.grundschule-sasbach.de\/wp\/wp-content\/uploads\/2021\/10\/Unsere-Mitspielkinder-bei-der-Schneekoenigin-300x200.jpg 300w, https:\/\/www.grundschule-sasbach.de\/wp\/wp-content\/uploads\/2021\/10\/Unsere-Mitspielkinder-bei-der-Schneekoenigin-768x512.jpg 768w\" sizes=\"auto, (max-width: 800px) 100vw, 800px\" \/><\/a> <a href=\"https:\/\/www.grundschule-sasbach.de\/wp\/wp-content\/uploads\/2021\/10\/Unsere-Theater-AG-Lebkuchen.jpg\"><img loading=\"lazy\" decoding=\"async\" class=\"size-large wp-image-5717 alignnone\" src=\"https:\/\/www.grundschule-sasbach.de\/wp\/wp-content\/uploads\/2021\/10\/Unsere-Theater-AG-Lebkuchen.jpg\" alt=\"\" width=\"604\" height=\"402\" srcset=\"https:\/\/www.grundschule-sasbach.de\/wp\/wp-content\/uploads\/2021\/10\/Unsere-Theater-AG-Lebkuchen.jpg 800w, https:\/\/www.grundschule-sasbach.de\/wp\/wp-content\/uploads\/2021\/10\/Unsere-Theater-AG-Lebkuchen-300x200.jpg 300w, https:\/\/www.grundschule-sasbach.de\/wp\/wp-content\/uploads\/2021\/10\/Unsere-Theater-AG-Lebkuchen-768x512.jpg 768w\" sizes=\"auto, (max-width: 604px) 100vw, 604px\" \/><\/a><\/p>\n<h3><a href=\"https:\/\/www.grundschule-sasbach.de\/wp\/wp-content\/uploads\/2021\/10\/Toll-wars-Applaus-fuer-alle....jpg\"><img loading=\"lazy\" decoding=\"async\" class=\"alignnone size-full wp-image-5718\" src=\"https:\/\/www.grundschule-sasbach.de\/wp\/wp-content\/uploads\/2021\/10\/Toll-wars-Applaus-fuer-alle....jpg\" alt=\"\" width=\"800\" height=\"382\" srcset=\"https:\/\/www.grundschule-sasbach.de\/wp\/wp-content\/uploads\/2021\/10\/Toll-wars-Applaus-fuer-alle....jpg 800w, https:\/\/www.grundschule-sasbach.de\/wp\/wp-content\/uploads\/2021\/10\/Toll-wars-Applaus-fuer-alle...-300x143.jpg 300w, https:\/\/www.grundschule-sasbach.de\/wp\/wp-content\/uploads\/2021\/10\/Toll-wars-Applaus-fuer-alle...-768x367.jpg 768w\" sizes=\"auto, (max-width: 800px) 100vw, 800px\" \/><span style=\"color: #800080;\">Applaus !<\/span><\/a><\/h3>\n<p>Wir freuen uns schon auf den n\u00e4chsten Besuch&#8230;<\/p>\n","protected":false},"excerpt":{"rendered":"<p>Es war einmal&#8230;. Endlich konnten wir wieder die OPER Mannheim zu uns einladen. Dieses mal spielten sie das St\u00fcck: &#8222;Es war einmal&#8230;&#8220;. Eine m\u00e4rchenhafte Kinderoper ab 5 Jahren \u2013 von Tanja Hamleh und Klaus-Dieter K\u00f6hler. Professor Zacharias Zauberkobel ist ein verschrobener Erfinder, der ein ganz besonderes M\u00e4rchenbuch erfunden hat. Das M\u00e4rchenexplorationszauberbuch. Doch eines Abends passiert &hellip; <a href=\"https:\/\/www.grundschule-sasbach.de\/wp\/?page_id=5709\" class=\"more-link\"><span class=\"screen-reader-text\">OPER Mannheim<\/span> weiterlesen <span class=\"meta-nav\">&rarr;<\/span><\/a><\/p>\n","protected":false},"author":4,"featured_media":0,"parent":5965,"menu_order":4,"comment_status":"closed","ping_status":"closed","template":"","meta":{"footnotes":""},"class_list":["post-5709","page","type-page","status-publish","hentry"],"_links":{"self":[{"href":"https:\/\/www.grundschule-sasbach.de\/wp\/index.php?rest_route=\/wp\/v2\/pages\/5709","targetHints":{"allow":["GET"]}}],"collection":[{"href":"https:\/\/www.grundschule-sasbach.de\/wp\/index.php?rest_route=\/wp\/v2\/pages"}],"about":[{"href":"https:\/\/www.grundschule-sasbach.de\/wp\/index.php?rest_route=\/wp\/v2\/types\/page"}],"author":[{"embeddable":true,"href":"https:\/\/www.grundschule-sasbach.de\/wp\/index.php?rest_route=\/wp\/v2\/users\/4"}],"replies":[{"embeddable":true,"href":"https:\/\/www.grundschule-sasbach.de\/wp\/index.php?rest_route=%2Fwp%2Fv2%2Fcomments&post=5709"}],"version-history":[{"count":6,"href":"https:\/\/www.grundschule-sasbach.de\/wp\/index.php?rest_route=\/wp\/v2\/pages\/5709\/revisions"}],"predecessor-version":[{"id":5724,"href":"https:\/\/www.grundschule-sasbach.de\/wp\/index.php?rest_route=\/wp\/v2\/pages\/5709\/revisions\/5724"}],"up":[{"embeddable":true,"href":"https:\/\/www.grundschule-sasbach.de\/wp\/index.php?rest_route=\/wp\/v2\/pages\/5965"}],"wp:attachment":[{"href":"https:\/\/www.grundschule-sasbach.de\/wp\/index.php?rest_route=%2Fwp%2Fv2%2Fmedia&parent=5709"}],"curies":[{"name":"wp","href":"https:\/\/api.w.org\/{rel}","templated":true}]}}