{"id":5764,"date":"2022-02-08T15:44:00","date_gmt":"2022-02-08T13:44:00","guid":{"rendered":"https:\/\/www.grundschule-sasbach.de\/wp\/?page_id=5764"},"modified":"2022-09-15T12:36:50","modified_gmt":"2022-09-15T10:36:50","slug":"schlittentag-klasse-12","status":"publish","type":"page","link":"https:\/\/www.grundschule-sasbach.de\/wp\/?page_id=5764","title":{"rendered":"Schlittentag Klasse 1+2"},"content":{"rendered":"<h3><span style=\"font-family: comic sans ms, sans-serif;\"><span style=\"color: #3366ff;\">Schlittentag in<\/span> <span style=\"color: #33cccc;\">HINTERZARTEN<\/span><\/span> <a href=\"https:\/\/www.grundschule-sasbach.de\/wp\/wp-content\/uploads\/2020\/07\/Sonne_farbig.bmp\"><img loading=\"lazy\" decoding=\"async\" class=\"wp-image-5348 alignright\" src=\"https:\/\/www.grundschule-sasbach.de\/wp\/wp-content\/uploads\/2020\/07\/Sonne_farbig.bmp\" alt=\"\" width=\"182\" height=\"127\" \/><\/a><\/h3>\n<p><span style=\"font-family: comic sans ms, sans-serif;\">Am 8. Februar 2022 sind wir mit den Klassen 1+2 mit dem Bus zum Schlittenfahren nach Hinterzarten gefahren.<\/span><\/p>\n<p><span style=\"font-family: comic sans ms, sans-serif;\">Bei sch\u00f6nstem Wetter eroberten wir den Schlittenberg.<\/span><\/p>\n<p><span style=\"font-family: comic sans ms, sans-serif;\">Hier ein paar Eindr\u00fccke:<\/span><\/p>\n<p><a href=\"https:\/\/www.grundschule-sasbach.de\/wp\/wp-content\/uploads\/2022\/02\/Am-Kurhaus.jpg\"><img loading=\"lazy\" decoding=\"async\" class=\"alignnone wp-image-5767\" src=\"https:\/\/www.grundschule-sasbach.de\/wp\/wp-content\/uploads\/2022\/02\/Am-Kurhaus-1024x768.jpg\" alt=\"\" width=\"361\" height=\"271\" srcset=\"https:\/\/www.grundschule-sasbach.de\/wp\/wp-content\/uploads\/2022\/02\/Am-Kurhaus-1024x768.jpg 1024w, https:\/\/www.grundschule-sasbach.de\/wp\/wp-content\/uploads\/2022\/02\/Am-Kurhaus-300x225.jpg 300w, https:\/\/www.grundschule-sasbach.de\/wp\/wp-content\/uploads\/2022\/02\/Am-Kurhaus-768x576.jpg 768w, https:\/\/www.grundschule-sasbach.de\/wp\/wp-content\/uploads\/2022\/02\/Am-Kurhaus-1536x1152.jpg 1536w, https:\/\/www.grundschule-sasbach.de\/wp\/wp-content\/uploads\/2022\/02\/Am-Kurhaus.jpg 1600w\" sizes=\"auto, (max-width: 361px) 100vw, 361px\" \/><\/a><a href=\"https:\/\/www.grundschule-sasbach.de\/wp\/wp-content\/uploads\/2022\/02\/Ankekommen-am-Bahnhof.jpg\"><img loading=\"lazy\" decoding=\"async\" class=\"alignnone wp-image-5768\" src=\"https:\/\/www.grundschule-sasbach.de\/wp\/wp-content\/uploads\/2022\/02\/Ankekommen-am-Bahnhof-1024x768.jpg\" alt=\"\" width=\"387\" height=\"290\" srcset=\"https:\/\/www.grundschule-sasbach.de\/wp\/wp-content\/uploads\/2022\/02\/Ankekommen-am-Bahnhof-1024x768.jpg 1024w, https:\/\/www.grundschule-sasbach.de\/wp\/wp-content\/uploads\/2022\/02\/Ankekommen-am-Bahnhof-300x225.jpg 300w, https:\/\/www.grundschule-sasbach.de\/wp\/wp-content\/uploads\/2022\/02\/Ankekommen-am-Bahnhof-768x576.jpg 768w, https:\/\/www.grundschule-sasbach.de\/wp\/wp-content\/uploads\/2022\/02\/Ankekommen-am-Bahnhof-1536x1152.jpg 1536w, https:\/\/www.grundschule-sasbach.de\/wp\/wp-content\/uploads\/2022\/02\/Ankekommen-am-Bahnhof.jpg 1600w\" sizes=\"auto, (max-width: 387px) 100vw, 387px\" \/><\/a> <a href=\"https:\/\/www.grundschule-sasbach.de\/wp\/wp-content\/uploads\/2022\/02\/Auf-dem-Rueckeweg.jpg\"><img loading=\"lazy\" decoding=\"async\" class=\"alignnone wp-image-5769\" src=\"https:\/\/www.grundschule-sasbach.de\/wp\/wp-content\/uploads\/2022\/02\/Auf-dem-Rueckeweg-768x1024.jpg\" alt=\"\" width=\"406\" height=\"541\" srcset=\"https:\/\/www.grundschule-sasbach.de\/wp\/wp-content\/uploads\/2022\/02\/Auf-dem-Rueckeweg-768x1024.jpg 768w, https:\/\/www.grundschule-sasbach.de\/wp\/wp-content\/uploads\/2022\/02\/Auf-dem-Rueckeweg-225x300.jpg 225w, https:\/\/www.grundschule-sasbach.de\/wp\/wp-content\/uploads\/2022\/02\/Auf-dem-Rueckeweg-1152x1536.jpg 1152w, https:\/\/www.grundschule-sasbach.de\/wp\/wp-content\/uploads\/2022\/02\/Auf-dem-Rueckeweg.jpg 1200w\" sizes=\"auto, (max-width: 406px) 100vw, 406px\" \/><\/a><\/p>\n<p><span style=\"font-family: comic sans ms, sans-serif; color: #3366ff;\">Es war ein wundersch\u00f6ner Tag&#8230;.<\/span><\/p>\n<p><span style=\"font-family: comic sans ms, sans-serif; color: #33cccc;\">DANKE der Gemeinde Hinterzarten f\u00fcr diese tolle M\u00f6glichkeit !<\/span><\/p>\n<p><a href=\"https:\/\/www.grundschule-sasbach.de\/wp\/wp-content\/uploads\/2022\/02\/Das-Schlittenteam-1.jpg\"><img loading=\"lazy\" decoding=\"async\" class=\"alignnone size-large wp-image-5770\" src=\"https:\/\/www.grundschule-sasbach.de\/wp\/wp-content\/uploads\/2022\/02\/Das-Schlittenteam-1-1024x689.jpg\" alt=\"\" width=\"604\" height=\"406\" srcset=\"https:\/\/www.grundschule-sasbach.de\/wp\/wp-content\/uploads\/2022\/02\/Das-Schlittenteam-1-1024x689.jpg 1024w, https:\/\/www.grundschule-sasbach.de\/wp\/wp-content\/uploads\/2022\/02\/Das-Schlittenteam-1-300x202.jpg 300w, https:\/\/www.grundschule-sasbach.de\/wp\/wp-content\/uploads\/2022\/02\/Das-Schlittenteam-1-768x517.jpg 768w, https:\/\/www.grundschule-sasbach.de\/wp\/wp-content\/uploads\/2022\/02\/Das-Schlittenteam-1-1536x1034.jpg 1536w, https:\/\/www.grundschule-sasbach.de\/wp\/wp-content\/uploads\/2022\/02\/Das-Schlittenteam-1.jpg 1600w\" sizes=\"auto, (max-width: 604px) 100vw, 604px\" \/><\/a> <a href=\"https:\/\/www.grundschule-sasbach.de\/wp\/wp-content\/uploads\/2022\/02\/Der-SChlittenhang.jpg\"><img loading=\"lazy\" decoding=\"async\" class=\"alignnone wp-image-5771\" src=\"https:\/\/www.grundschule-sasbach.de\/wp\/wp-content\/uploads\/2022\/02\/Der-SChlittenhang-1024x768.jpg\" alt=\"\" width=\"455\" height=\"341\" srcset=\"https:\/\/www.grundschule-sasbach.de\/wp\/wp-content\/uploads\/2022\/02\/Der-SChlittenhang-1024x768.jpg 1024w, https:\/\/www.grundschule-sasbach.de\/wp\/wp-content\/uploads\/2022\/02\/Der-SChlittenhang-300x225.jpg 300w, https:\/\/www.grundschule-sasbach.de\/wp\/wp-content\/uploads\/2022\/02\/Der-SChlittenhang-768x576.jpg 768w, https:\/\/www.grundschule-sasbach.de\/wp\/wp-content\/uploads\/2022\/02\/Der-SChlittenhang-1536x1152.jpg 1536w, https:\/\/www.grundschule-sasbach.de\/wp\/wp-content\/uploads\/2022\/02\/Der-SChlittenhang.jpg 1600w\" sizes=\"auto, (max-width: 455px) 100vw, 455px\" \/><\/a> <a href=\"https:\/\/www.grundschule-sasbach.de\/wp\/wp-content\/uploads\/2022\/02\/Der-Wichtel.jpg\"><img loading=\"lazy\" decoding=\"async\" class=\"alignnone wp-image-5772\" src=\"https:\/\/www.grundschule-sasbach.de\/wp\/wp-content\/uploads\/2022\/02\/Der-Wichtel-768x1024.jpg\" alt=\"\" width=\"420\" height=\"560\" srcset=\"https:\/\/www.grundschule-sasbach.de\/wp\/wp-content\/uploads\/2022\/02\/Der-Wichtel-768x1024.jpg 768w, https:\/\/www.grundschule-sasbach.de\/wp\/wp-content\/uploads\/2022\/02\/Der-Wichtel-225x300.jpg 225w, https:\/\/www.grundschule-sasbach.de\/wp\/wp-content\/uploads\/2022\/02\/Der-Wichtel-1152x1536.jpg 1152w, https:\/\/www.grundschule-sasbach.de\/wp\/wp-content\/uploads\/2022\/02\/Der-Wichtel.jpg 1200w\" sizes=\"auto, (max-width: 420px) 100vw, 420px\" \/><\/a> <a href=\"https:\/\/www.grundschule-sasbach.de\/wp\/wp-content\/uploads\/2022\/02\/Hand-Schneemann.jpg\"><img loading=\"lazy\" decoding=\"async\" class=\"alignnone wp-image-5773\" src=\"https:\/\/www.grundschule-sasbach.de\/wp\/wp-content\/uploads\/2022\/02\/Hand-Schneemann-768x1024.jpg\" alt=\"\" width=\"339\" height=\"452\" srcset=\"https:\/\/www.grundschule-sasbach.de\/wp\/wp-content\/uploads\/2022\/02\/Hand-Schneemann-768x1024.jpg 768w, https:\/\/www.grundschule-sasbach.de\/wp\/wp-content\/uploads\/2022\/02\/Hand-Schneemann-225x300.jpg 225w, https:\/\/www.grundschule-sasbach.de\/wp\/wp-content\/uploads\/2022\/02\/Hand-Schneemann-1152x1536.jpg 1152w, https:\/\/www.grundschule-sasbach.de\/wp\/wp-content\/uploads\/2022\/02\/Hand-Schneemann.jpg 1200w\" sizes=\"auto, (max-width: 339px) 100vw, 339px\" \/><\/a><\/p>\n<p><a href=\"https:\/\/www.grundschule-sasbach.de\/wp\/wp-content\/uploads\/2022\/02\/Vesperpause.jpg\"><img loading=\"lazy\" decoding=\"async\" class=\"alignnone  wp-image-5775\" src=\"https:\/\/www.grundschule-sasbach.de\/wp\/wp-content\/uploads\/2022\/02\/Vesperpause-1024x768.jpg\" alt=\"\" width=\"535\" height=\"401\" srcset=\"https:\/\/www.grundschule-sasbach.de\/wp\/wp-content\/uploads\/2022\/02\/Vesperpause-1024x768.jpg 1024w, https:\/\/www.grundschule-sasbach.de\/wp\/wp-content\/uploads\/2022\/02\/Vesperpause-300x225.jpg 300w, https:\/\/www.grundschule-sasbach.de\/wp\/wp-content\/uploads\/2022\/02\/Vesperpause-768x576.jpg 768w, https:\/\/www.grundschule-sasbach.de\/wp\/wp-content\/uploads\/2022\/02\/Vesperpause-1536x1152.jpg 1536w, https:\/\/www.grundschule-sasbach.de\/wp\/wp-content\/uploads\/2022\/02\/Vesperpause.jpg 1600w\" sizes=\"auto, (max-width: 535px) 100vw, 535px\" \/><\/a><a href=\"https:\/\/www.grundschule-sasbach.de\/wp\/wp-content\/uploads\/2022\/02\/Schlittengalerie.jpg\"><img loading=\"lazy\" decoding=\"async\" class=\"alignnone size-large wp-image-5774\" src=\"https:\/\/www.grundschule-sasbach.de\/wp\/wp-content\/uploads\/2022\/02\/Schlittengalerie-768x1024.jpg\" alt=\"\" width=\"604\" height=\"805\" srcset=\"https:\/\/www.grundschule-sasbach.de\/wp\/wp-content\/uploads\/2022\/02\/Schlittengalerie-768x1024.jpg 768w, https:\/\/www.grundschule-sasbach.de\/wp\/wp-content\/uploads\/2022\/02\/Schlittengalerie-225x300.jpg 225w, https:\/\/www.grundschule-sasbach.de\/wp\/wp-content\/uploads\/2022\/02\/Schlittengalerie-1152x1536.jpg 1152w, https:\/\/www.grundschule-sasbach.de\/wp\/wp-content\/uploads\/2022\/02\/Schlittengalerie.jpg 1200w\" sizes=\"auto, (max-width: 604px) 100vw, 604px\" \/><span style=\"font-family: comic sans ms, sans-serif;\">&#8230; und hier warten schon die Schlitten der 3. und 4. Kl\u00e4ssler !<\/span><\/a><\/p>\n","protected":false},"excerpt":{"rendered":"<p>Schlittentag in HINTERZARTEN Am 8. Februar 2022 sind wir mit den Klassen 1+2 mit dem Bus zum Schlittenfahren nach Hinterzarten gefahren. Bei sch\u00f6nstem Wetter eroberten wir den Schlittenberg. Hier ein paar Eindr\u00fccke: Es war ein wundersch\u00f6ner Tag&#8230;. DANKE der Gemeinde Hinterzarten f\u00fcr diese tolle M\u00f6glichkeit ! &#8230; und hier warten schon die Schlitten der 3. &hellip; <a href=\"https:\/\/www.grundschule-sasbach.de\/wp\/?page_id=5764\" class=\"more-link\"><span class=\"screen-reader-text\">Schlittentag Klasse 1+2<\/span> weiterlesen <span class=\"meta-nav\">&rarr;<\/span><\/a><\/p>\n","protected":false},"author":4,"featured_media":0,"parent":5965,"menu_order":7,"comment_status":"closed","ping_status":"closed","template":"","meta":{"footnotes":""},"class_list":["post-5764","page","type-page","status-publish","hentry"],"_links":{"self":[{"href":"https:\/\/www.grundschule-sasbach.de\/wp\/index.php?rest_route=\/wp\/v2\/pages\/5764","targetHints":{"allow":["GET"]}}],"collection":[{"href":"https:\/\/www.grundschule-sasbach.de\/wp\/index.php?rest_route=\/wp\/v2\/pages"}],"about":[{"href":"https:\/\/www.grundschule-sasbach.de\/wp\/index.php?rest_route=\/wp\/v2\/types\/page"}],"author":[{"embeddable":true,"href":"https:\/\/www.grundschule-sasbach.de\/wp\/index.php?rest_route=\/wp\/v2\/users\/4"}],"replies":[{"embeddable":true,"href":"https:\/\/www.grundschule-sasbach.de\/wp\/index.php?rest_route=%2Fwp%2Fv2%2Fcomments&post=5764"}],"version-history":[{"count":4,"href":"https:\/\/www.grundschule-sasbach.de\/wp\/index.php?rest_route=\/wp\/v2\/pages\/5764\/revisions"}],"predecessor-version":[{"id":5777,"href":"https:\/\/www.grundschule-sasbach.de\/wp\/index.php?rest_route=\/wp\/v2\/pages\/5764\/revisions\/5777"}],"up":[{"embeddable":true,"href":"https:\/\/www.grundschule-sasbach.de\/wp\/index.php?rest_route=\/wp\/v2\/pages\/5965"}],"wp:attachment":[{"href":"https:\/\/www.grundschule-sasbach.de\/wp\/index.php?rest_route=%2Fwp%2Fv2%2Fmedia&parent=5764"}],"curies":[{"name":"wp","href":"https:\/\/api.w.org\/{rel}","templated":true}]}}