{"id":5778,"date":"2022-02-08T15:54:53","date_gmt":"2022-02-08T13:54:53","guid":{"rendered":"https:\/\/www.grundschule-sasbach.de\/wp\/?page_id=5778"},"modified":"2022-09-15T12:36:50","modified_gmt":"2022-09-15T10:36:50","slug":"schlittentag-klasse-34-2","status":"publish","type":"page","link":"https:\/\/www.grundschule-sasbach.de\/wp\/?page_id=5778","title":{"rendered":"Lesetage"},"content":{"rendered":"<h4><span style=\"color: #ff6600;\">Lesetage vom 21.-23. Februar 2022<\/span><\/h4>\n<p>Dieses Jahr fanden die Lesetage in den Klassen statt. Jeder Klassenlehrer hat ein Leseprojekt mit seinen Kindern vorbereitet.<\/p>\n<p>Der Lesewettbewerb musster leider ausfallen.<\/p>\n<p>Die Buchtauschb\u00f6rse konnte aber stattfinden. Da konnten bereits gelesene B\u00fccher gegen neue eingetauscht werden. Viel Spa\u00df beim Lesen&#8230; auch die Lehrer haben eine Tauschb\u00f6rse gemacht.<\/p>\n<p><a href=\"https:\/\/www.grundschule-sasbach.de\/wp\/wp-content\/uploads\/2022\/02\/Beim-Tausch.jpg\"><img loading=\"lazy\" decoding=\"async\" class=\"alignnone size-large wp-image-5796\" src=\"https:\/\/www.grundschule-sasbach.de\/wp\/wp-content\/uploads\/2022\/02\/Beim-Tausch-683x1024.jpg\" alt=\"\" width=\"604\" height=\"906\" srcset=\"https:\/\/www.grundschule-sasbach.de\/wp\/wp-content\/uploads\/2022\/02\/Beim-Tausch-683x1024.jpg 683w, https:\/\/www.grundschule-sasbach.de\/wp\/wp-content\/uploads\/2022\/02\/Beim-Tausch-200x300.jpg 200w, https:\/\/www.grundschule-sasbach.de\/wp\/wp-content\/uploads\/2022\/02\/Beim-Tausch-768x1152.jpg 768w, https:\/\/www.grundschule-sasbach.de\/wp\/wp-content\/uploads\/2022\/02\/Beim-Tausch.jpg 800w\" sizes=\"auto, (max-width: 604px) 100vw, 604px\" \/><\/a> <a href=\"https:\/\/www.grundschule-sasbach.de\/wp\/wp-content\/uploads\/2022\/02\/Buecher-KL.-1-2.jpg\"><img loading=\"lazy\" decoding=\"async\" class=\"alignnone size-large wp-image-5797\" src=\"https:\/\/www.grundschule-sasbach.de\/wp\/wp-content\/uploads\/2022\/02\/Buecher-KL.-1-2.jpg\" alt=\"\" width=\"604\" height=\"402\" srcset=\"https:\/\/www.grundschule-sasbach.de\/wp\/wp-content\/uploads\/2022\/02\/Buecher-KL.-1-2.jpg 800w, https:\/\/www.grundschule-sasbach.de\/wp\/wp-content\/uploads\/2022\/02\/Buecher-KL.-1-2-300x200.jpg 300w, https:\/\/www.grundschule-sasbach.de\/wp\/wp-content\/uploads\/2022\/02\/Buecher-KL.-1-2-768x512.jpg 768w\" sizes=\"auto, (max-width: 604px) 100vw, 604px\" \/><\/a> <a href=\"https:\/\/www.grundschule-sasbach.de\/wp\/wp-content\/uploads\/2022\/02\/Buecher-KL.-3-4.jpg\"><img loading=\"lazy\" decoding=\"async\" class=\"alignnone size-large wp-image-5798\" src=\"https:\/\/www.grundschule-sasbach.de\/wp\/wp-content\/uploads\/2022\/02\/Buecher-KL.-3-4.jpg\" alt=\"\" width=\"604\" height=\"402\" srcset=\"https:\/\/www.grundschule-sasbach.de\/wp\/wp-content\/uploads\/2022\/02\/Buecher-KL.-3-4.jpg 800w, https:\/\/www.grundschule-sasbach.de\/wp\/wp-content\/uploads\/2022\/02\/Buecher-KL.-3-4-300x200.jpg 300w, https:\/\/www.grundschule-sasbach.de\/wp\/wp-content\/uploads\/2022\/02\/Buecher-KL.-3-4-768x512.jpg 768w\" sizes=\"auto, (max-width: 604px) 100vw, 604px\" \/><\/a> <a href=\"https:\/\/www.grundschule-sasbach.de\/wp\/wp-content\/uploads\/2022\/02\/Lehrerbuecher.jpg\"><img loading=\"lazy\" decoding=\"async\" class=\"alignnone size-large wp-image-5799\" src=\"https:\/\/www.grundschule-sasbach.de\/wp\/wp-content\/uploads\/2022\/02\/Lehrerbuecher.jpg\" alt=\"\" width=\"604\" height=\"402\" srcset=\"https:\/\/www.grundschule-sasbach.de\/wp\/wp-content\/uploads\/2022\/02\/Lehrerbuecher.jpg 800w, https:\/\/www.grundschule-sasbach.de\/wp\/wp-content\/uploads\/2022\/02\/Lehrerbuecher-300x200.jpg 300w, https:\/\/www.grundschule-sasbach.de\/wp\/wp-content\/uploads\/2022\/02\/Lehrerbuecher-768x512.jpg 768w\" sizes=\"auto, (max-width: 604px) 100vw, 604px\" \/><\/a> <a href=\"https:\/\/www.grundschule-sasbach.de\/wp\/wp-content\/uploads\/2022\/02\/Lesetaler.jpg\"><img loading=\"lazy\" decoding=\"async\" class=\"alignnone size-large wp-image-5800\" src=\"https:\/\/www.grundschule-sasbach.de\/wp\/wp-content\/uploads\/2022\/02\/Lesetaler.jpg\" alt=\"\" width=\"604\" height=\"402\" srcset=\"https:\/\/www.grundschule-sasbach.de\/wp\/wp-content\/uploads\/2022\/02\/Lesetaler.jpg 800w, https:\/\/www.grundschule-sasbach.de\/wp\/wp-content\/uploads\/2022\/02\/Lesetaler-300x200.jpg 300w, https:\/\/www.grundschule-sasbach.de\/wp\/wp-content\/uploads\/2022\/02\/Lesetaler-768x512.jpg 768w\" sizes=\"auto, (max-width: 604px) 100vw, 604px\" \/><\/a><\/p>\n<p>&nbsp;<\/p>\n","protected":false},"excerpt":{"rendered":"<p>Lesetage vom 21.-23. Februar 2022 Dieses Jahr fanden die Lesetage in den Klassen statt. Jeder Klassenlehrer hat ein Leseprojekt mit seinen Kindern vorbereitet. Der Lesewettbewerb musster leider ausfallen. Die Buchtauschb\u00f6rse konnte aber stattfinden. Da konnten bereits gelesene B\u00fccher gegen neue eingetauscht werden. Viel Spa\u00df beim Lesen&#8230; auch die Lehrer haben eine Tauschb\u00f6rse gemacht. &nbsp;<\/p>\n","protected":false},"author":4,"featured_media":0,"parent":5965,"menu_order":9,"comment_status":"closed","ping_status":"closed","template":"","meta":{"footnotes":""},"class_list":["post-5778","page","type-page","status-publish","hentry"],"_links":{"self":[{"href":"https:\/\/www.grundschule-sasbach.de\/wp\/index.php?rest_route=\/wp\/v2\/pages\/5778","targetHints":{"allow":["GET"]}}],"collection":[{"href":"https:\/\/www.grundschule-sasbach.de\/wp\/index.php?rest_route=\/wp\/v2\/pages"}],"about":[{"href":"https:\/\/www.grundschule-sasbach.de\/wp\/index.php?rest_route=\/wp\/v2\/types\/page"}],"author":[{"embeddable":true,"href":"https:\/\/www.grundschule-sasbach.de\/wp\/index.php?rest_route=\/wp\/v2\/users\/4"}],"replies":[{"embeddable":true,"href":"https:\/\/www.grundschule-sasbach.de\/wp\/index.php?rest_route=%2Fwp%2Fv2%2Fcomments&post=5778"}],"version-history":[{"count":5,"href":"https:\/\/www.grundschule-sasbach.de\/wp\/index.php?rest_route=\/wp\/v2\/pages\/5778\/revisions"}],"predecessor-version":[{"id":5801,"href":"https:\/\/www.grundschule-sasbach.de\/wp\/index.php?rest_route=\/wp\/v2\/pages\/5778\/revisions\/5801"}],"up":[{"embeddable":true,"href":"https:\/\/www.grundschule-sasbach.de\/wp\/index.php?rest_route=\/wp\/v2\/pages\/5965"}],"wp:attachment":[{"href":"https:\/\/www.grundschule-sasbach.de\/wp\/index.php?rest_route=%2Fwp%2Fv2%2Fmedia&parent=5778"}],"curies":[{"name":"wp","href":"https:\/\/api.w.org\/{rel}","templated":true}]}}