{"id":5817,"date":"2022-03-08T15:24:07","date_gmt":"2022-03-08T13:24:07","guid":{"rendered":"https:\/\/www.grundschule-sasbach.de\/wp\/?page_id=5817"},"modified":"2022-09-15T12:36:50","modified_gmt":"2022-09-15T10:36:50","slug":"waldputzede","status":"publish","type":"page","link":"https:\/\/www.grundschule-sasbach.de\/wp\/?page_id=5817","title":{"rendered":"Waldputzede"},"content":{"rendered":"<h3><span style=\"font-family: comic sans ms, sans-serif; color: #808000;\">Wie sieht es denn bei uns im Wald aus&#8230;. <a href=\"https:\/\/www.grundschule-sasbach.de\/wp\/wp-content\/uploads\/2022\/03\/Illu_Blume2_web.gif\"><img loading=\"lazy\" decoding=\"async\" class=\"wp-image-5818 alignright\" src=\"https:\/\/www.grundschule-sasbach.de\/wp\/wp-content\/uploads\/2022\/03\/Illu_Blume2_web.gif\" alt=\"\" width=\"85\" height=\"104\" \/><\/a><\/span><\/h3>\n<p><span style=\"font-family: comic sans ms, sans-serif;\">Beim R\u00e4uber und Gendarm spielen und bei der Schnitzeljagd fiel uns auf, dass im Wald um unsere Schule herum ganz sch\u00f6n viel M\u00fcll liegt.<\/span><\/p>\n<p><span style=\"font-family: comic sans ms, sans-serif;\">Am Dienstag, den 8. M\u00e4rz 2022 haben wir (Klasse 4a) dann statt Sportunterricht den Wald um unsere Schule herum vom M\u00fcll ges\u00e4ubert.<\/span><\/p>\n<p><span style=\"font-family: comic sans ms, sans-serif;\">Es hat uns zwar viel Spa\u00df gemacht, aber wir waren schon ganz sch\u00f6n entsetzt, was manche Menschen einfach achtlos in den Wald werfen: Flaschen, T\u00fcten, Computer, Flachbildschirme, alte Fahrr\u00e4der, CD\u00b4s&#8230;&#8230;<\/span><\/p>\n<p><span style=\"font-family: comic sans ms, sans-serif;\">&#8230;der M\u00fcllberg war riesig !<\/span><\/p>\n<p><a href=\"https:\/\/www.grundschule-sasbach.de\/wp\/wp-content\/uploads\/2022\/03\/am-Wasser.jpg\"><img loading=\"lazy\" decoding=\"async\" class=\"alignnone wp-image-5819\" src=\"https:\/\/www.grundschule-sasbach.de\/wp\/wp-content\/uploads\/2022\/03\/am-Wasser.jpg\" alt=\"\" width=\"415\" height=\"311\" srcset=\"https:\/\/www.grundschule-sasbach.de\/wp\/wp-content\/uploads\/2022\/03\/am-Wasser.jpg 800w, https:\/\/www.grundschule-sasbach.de\/wp\/wp-content\/uploads\/2022\/03\/am-Wasser-300x225.jpg 300w, https:\/\/www.grundschule-sasbach.de\/wp\/wp-content\/uploads\/2022\/03\/am-Wasser-768x576.jpg 768w\" sizes=\"auto, (max-width: 415px) 100vw, 415px\" \/><\/a> <a href=\"https:\/\/www.grundschule-sasbach.de\/wp\/wp-content\/uploads\/2022\/03\/Muellberg.jpg\"><img loading=\"lazy\" decoding=\"async\" class=\"alignnone wp-image-5820\" src=\"https:\/\/www.grundschule-sasbach.de\/wp\/wp-content\/uploads\/2022\/03\/Muellberg-768x1024.jpg\" alt=\"\" width=\"349\" height=\"465\" srcset=\"https:\/\/www.grundschule-sasbach.de\/wp\/wp-content\/uploads\/2022\/03\/Muellberg-768x1023.jpg 768w, https:\/\/www.grundschule-sasbach.de\/wp\/wp-content\/uploads\/2022\/03\/Muellberg-225x300.jpg 225w, https:\/\/www.grundschule-sasbach.de\/wp\/wp-content\/uploads\/2022\/03\/Muellberg.jpg 800w\" sizes=\"auto, (max-width: 349px) 100vw, 349px\" \/><\/a><\/p>\n<p>Zum Abschluss gab es f\u00fcr die flei\u00dfigen Helfer einen warmen Tee, Apfelschorle, Brezeln und Berliner.<\/p>\n<p><a href=\"https:\/\/www.grundschule-sasbach.de\/wp\/wp-content\/uploads\/2022\/03\/Vesper-im-Lehrerzimmer.jpg\"><img loading=\"lazy\" decoding=\"async\" class=\"alignnone wp-image-5821\" src=\"https:\/\/www.grundschule-sasbach.de\/wp\/wp-content\/uploads\/2022\/03\/Vesper-im-Lehrerzimmer-768x1024.jpg\" alt=\"\" width=\"293\" height=\"390\" srcset=\"https:\/\/www.grundschule-sasbach.de\/wp\/wp-content\/uploads\/2022\/03\/Vesper-im-Lehrerzimmer-768x1023.jpg 768w, https:\/\/www.grundschule-sasbach.de\/wp\/wp-content\/uploads\/2022\/03\/Vesper-im-Lehrerzimmer-225x300.jpg 225w, https:\/\/www.grundschule-sasbach.de\/wp\/wp-content\/uploads\/2022\/03\/Vesper-im-Lehrerzimmer.jpg 800w\" sizes=\"auto, (max-width: 293px) 100vw, 293px\" \/><\/a><\/p>\n<h4><span style=\"color: #008000;\">DANKE an die flei\u00dfigen H\u00e4nde ! <a href=\"https:\/\/www.grundschule-sasbach.de\/wp\/wp-content\/uploads\/2021\/10\/Illu_Gaertner_web.gif\"><img loading=\"lazy\" decoding=\"async\" class=\"alignnone wp-image-5690\" src=\"https:\/\/www.grundschule-sasbach.de\/wp\/wp-content\/uploads\/2021\/10\/Illu_Gaertner_web.gif\" alt=\"\" width=\"171\" height=\"129\" \/><\/a><\/span><\/h4>\n<p><span style=\"font-family: comic sans ms, sans-serif;\">Die Natur dankt es EUCH !<\/span><\/p>\n<p><strong><span style=\"font-family: comic sans ms, sans-serif;\">Gemeindeblatt Sasbach:<\/span><\/strong><\/p>\n<p><span style=\"font-family: comic sans ms, sans-serif;\"><strong>M\u00dcLL im Wald<\/strong><\/span><\/p>\n<p><span style=\"font-family: comic sans ms, sans-serif;\">Am Dienstag, den 8. M\u00e4rz 2002 war die Klasse 4a im Wald und hat den M\u00fcll aus dem Wald gebracht. \u00a0Wir haben erschreckend viel M\u00fcll gefunden, z.B.: ein alter Casino Spielautomat, zwei Fahrr\u00e4der, eine alte Leiter, Skier und jede Menge anderer Sachen.<\/span><\/p>\n<p><span style=\"font-family: comic sans ms, sans-serif;\">Es sind f\u00fcnf gro\u00dfe T\u00fcten M\u00fcll und ganz viel Elektroschrott dabei zusammengekommen. H\u00e4tten die 4. Kl\u00e4ssler noch weitergesucht, h\u00e4tten sie bestimmt noch mehr gefunden! Aber sie mussten wegen Ersch\u00f6pfung aufh\u00f6ren. Au\u00dferdem war es nicht leicht, die Sachen aus dem Bach zu ziehen und wir sahen danach aus wie \u201eSchweine\u201c \u2013 sagten die anderen Sch\u00fcler.<\/span><\/p>\n<p><span style=\"font-family: comic sans ms, sans-serif;\">Nach dieser Aktion bekamen wir ein gro\u00dfes Vesper von der Schule gespendet.<\/span><\/p>\n<p><span style=\"font-family: comic sans ms, sans-serif;\">Wir finden es sehr unversch\u00e4mt, wie viel M\u00fcll immer wieder illegal entsorgt wird. Wir bitten Sie deshalb, dass Sie die M\u00fclltonnen, die \u00fcberall aufgestellt sind, nutzen !!<\/span><\/p>\n<p><span style=\"font-family: comic sans ms, sans-serif;\">Eine gro\u00dfe Bitte der Rheinauen Grundschule Sasbach:<\/span><\/p>\n<p><span style=\"font-family: comic sans ms, sans-serif;\"><strong>HALTET UNSEREN WALD SAUBER!!<\/strong><\/span><\/p>\n<p><span style=\"font-family: comic sans ms, sans-serif;\">Hannah G., Klasse 4a<\/span><\/p>\n<p><span style=\"font-family: comic sans ms, sans-serif;\">Mit der Klasse 4b ging\u00b4s dann zwei Tage sp\u00e4ter noch einmal in den Wald. Auch an diesem Tag wurden wir wieder f\u00fcndig und konnten den M\u00fcllberg gar nicht mehr zur Schule zur\u00fccktragen&#8230;<\/span><\/p>\n<p><a href=\"https:\/\/www.grundschule-sasbach.de\/wp\/wp-content\/uploads\/2022\/03\/4b-10.03.22.jpg\"><img loading=\"lazy\" decoding=\"async\" class=\"alignnone  wp-image-5827\" src=\"https:\/\/www.grundschule-sasbach.de\/wp\/wp-content\/uploads\/2022\/03\/4b-10.03.22.jpg\" alt=\"\" width=\"495\" height=\"371\" srcset=\"https:\/\/www.grundschule-sasbach.de\/wp\/wp-content\/uploads\/2022\/03\/4b-10.03.22.jpg 800w, https:\/\/www.grundschule-sasbach.de\/wp\/wp-content\/uploads\/2022\/03\/4b-10.03.22-300x225.jpg 300w, https:\/\/www.grundschule-sasbach.de\/wp\/wp-content\/uploads\/2022\/03\/4b-10.03.22-768x576.jpg 768w\" sizes=\"auto, (max-width: 495px) 100vw, 495px\" \/><\/a><\/p>\n<p><span style=\"font-family: comic sans ms, sans-serif;\">Aber der Bauhof holte die gesammelten Sachen ab ! DANKE !<\/span><\/p>\n","protected":false},"excerpt":{"rendered":"<p>Wie sieht es denn bei uns im Wald aus&#8230;. Beim R\u00e4uber und Gendarm spielen und bei der Schnitzeljagd fiel uns auf, dass im Wald um unsere Schule herum ganz sch\u00f6n viel M\u00fcll liegt. Am Dienstag, den 8. M\u00e4rz 2022 haben wir (Klasse 4a) dann statt Sportunterricht den Wald um unsere Schule herum vom M\u00fcll ges\u00e4ubert. &hellip; <a href=\"https:\/\/www.grundschule-sasbach.de\/wp\/?page_id=5817\" class=\"more-link\"><span class=\"screen-reader-text\">Waldputzede<\/span> weiterlesen <span class=\"meta-nav\">&rarr;<\/span><\/a><\/p>\n","protected":false},"author":4,"featured_media":0,"parent":5965,"menu_order":11,"comment_status":"closed","ping_status":"closed","template":"","meta":{"footnotes":""},"class_list":["post-5817","page","type-page","status-publish","hentry"],"_links":{"self":[{"href":"https:\/\/www.grundschule-sasbach.de\/wp\/index.php?rest_route=\/wp\/v2\/pages\/5817","targetHints":{"allow":["GET"]}}],"collection":[{"href":"https:\/\/www.grundschule-sasbach.de\/wp\/index.php?rest_route=\/wp\/v2\/pages"}],"about":[{"href":"https:\/\/www.grundschule-sasbach.de\/wp\/index.php?rest_route=\/wp\/v2\/types\/page"}],"author":[{"embeddable":true,"href":"https:\/\/www.grundschule-sasbach.de\/wp\/index.php?rest_route=\/wp\/v2\/users\/4"}],"replies":[{"embeddable":true,"href":"https:\/\/www.grundschule-sasbach.de\/wp\/index.php?rest_route=%2Fwp%2Fv2%2Fcomments&post=5817"}],"version-history":[{"count":6,"href":"https:\/\/www.grundschule-sasbach.de\/wp\/index.php?rest_route=\/wp\/v2\/pages\/5817\/revisions"}],"predecessor-version":[{"id":5828,"href":"https:\/\/www.grundschule-sasbach.de\/wp\/index.php?rest_route=\/wp\/v2\/pages\/5817\/revisions\/5828"}],"up":[{"embeddable":true,"href":"https:\/\/www.grundschule-sasbach.de\/wp\/index.php?rest_route=\/wp\/v2\/pages\/5965"}],"wp:attachment":[{"href":"https:\/\/www.grundschule-sasbach.de\/wp\/index.php?rest_route=%2Fwp%2Fv2%2Fmedia&parent=5817"}],"curies":[{"name":"wp","href":"https:\/\/api.w.org\/{rel}","templated":true}]}}