{"id":5847,"date":"2022-05-16T16:39:46","date_gmt":"2022-05-16T14:39:46","guid":{"rendered":"https:\/\/www.grundschule-sasbach.de\/wp\/?page_id=5847"},"modified":"2022-09-15T12:36:50","modified_gmt":"2022-09-15T10:36:50","slug":"urkunde-medien","status":"publish","type":"page","link":"https:\/\/www.grundschule-sasbach.de\/wp\/?page_id=5847","title":{"rendered":"Urkunde Medien"},"content":{"rendered":"<p><strong>Urkunden\u00fcbergabe Medienprojekt des SWR an die Rheinauen Grundschule<\/strong><\/p>\n<p><strong>\u00a0<\/strong><\/p>\n<p>Kinder wachsen heute wie selbstverst\u00e4ndlich mit digitalen Medien auf. Das Bedienen und Anwenden ist \u201ekinderleicht\u201c &#8211; doch wie steht es dabei um deren Kinderrechte? Wie begleiten, st\u00e4rken, aber auch sch\u00fctzen wir sie, wenn es um Privatsph\u00e4re, Datenschutz, Teilhabe oder Meinungsfreiheit geht?<\/p>\n<p>Die Rheinauen-Grundschule ist seit Mai 2020 mit ipads ausgestattet, die im Unterricht eingesetzt werden. Darum hat die Medienbeauftragte und Konrektorin Melanie M\u00fcller die Schule f\u00fcr ein Bildungsprojekt des SWR und der Initiative Kindermedienland Baden-W\u00fcrttemberg beworben. In diesem Projekt stehen die Kindermedienrechte im Mittelpunkt.<\/p>\n<p>Von \u00fcber 100 Bewerbungen in Baden-W\u00fcrttemberg bekam die Rheinauen Grundschule zusammen mit 13 anderen Schulen den Zuschlag f\u00fcr das Projekt, das in diesem Schuljahr durchgef\u00fchrt wurde. Dazu kamen Fachleute des SWR oder beteiligte Partner an die Schule. Die Klasse 4a produzierte ein H\u00f6rspiel \u201eOhrenspitzer\u201c und die Klasse 4b nahm einen Kurzfilm zum Thema \u201eUrheberrecht und Recht am Bild\u201c auf. Ebenfalls erhielt das Kollegium drei Fortbildungsmodule zum Thema. Mit ins Projektpaket geh\u00f6rte ein Elternabend, der im Februar coronabedingt online durchgef\u00fchrt wurde.<\/p>\n<p>Letzten Freitag \u00fcberreichte dann Ursi Zeilinger, Projektbeauftragte des SWR, der Schulleitung Michaela Nock eine Urkunde f\u00fcr die Teilnahme am Projekt.<a href=\"https:\/\/www.grundschule-sasbach.de\/wp\/wp-content\/uploads\/2022\/05\/Urkunde.jpg\"><img loading=\"lazy\" decoding=\"async\" class=\"alignnone  wp-image-5852\" src=\"https:\/\/www.grundschule-sasbach.de\/wp\/wp-content\/uploads\/2022\/05\/Urkunde.jpg\" alt=\"\" width=\"303\" height=\"202\" srcset=\"https:\/\/www.grundschule-sasbach.de\/wp\/wp-content\/uploads\/2022\/05\/Urkunde.jpg 800w, https:\/\/www.grundschule-sasbach.de\/wp\/wp-content\/uploads\/2022\/05\/Urkunde-300x200.jpg 300w, https:\/\/www.grundschule-sasbach.de\/wp\/wp-content\/uploads\/2022\/05\/Urkunde-768x512.jpg 768w\" sizes=\"auto, (max-width: 303px) 100vw, 303px\" \/><\/a><\/p>\n<p>B\u00fcrgermeister J\u00fcrgen Scheiding betonte, dass neben dem Medieneinsatz auch die herk\u00f6mmlichen Kulturtechniken ihre Bedeutung nicht verlieren sollen.<\/p>\n<p>Die Kinder der Schule umrahmten die \u00dcbergabe mit einem Lied und der Pr\u00e4sentation des entstandenen Films der 4b. <a href=\"https:\/\/www.grundschule-sasbach.de\/wp\/wp-content\/uploads\/2022\/05\/Alle-KInder.jpg\"><img loading=\"lazy\" decoding=\"async\" class=\"alignnone  wp-image-5851\" src=\"https:\/\/www.grundschule-sasbach.de\/wp\/wp-content\/uploads\/2022\/05\/Alle-KInder.jpg\" alt=\"\" width=\"326\" height=\"159\" srcset=\"https:\/\/www.grundschule-sasbach.de\/wp\/wp-content\/uploads\/2022\/05\/Alle-KInder.jpg 800w, https:\/\/www.grundschule-sasbach.de\/wp\/wp-content\/uploads\/2022\/05\/Alle-KInder-300x146.jpg 300w, https:\/\/www.grundschule-sasbach.de\/wp\/wp-content\/uploads\/2022\/05\/Alle-KInder-768x373.jpg 768w\" sizes=\"auto, (max-width: 326px) 100vw, 326px\" \/><\/a><\/p>\n<p>Hier der Link zum Film:<\/p>\n<p>https:\/\/www.swr.de\/unternehmen\/medienkompetenz\/medienrechte-kinder-materialien-100.html<\/p>\n<p>&nbsp;<\/p>\n","protected":false},"excerpt":{"rendered":"<p>Urkunden\u00fcbergabe Medienprojekt des SWR an die Rheinauen Grundschule \u00a0 Kinder wachsen heute wie selbstverst\u00e4ndlich mit digitalen Medien auf. Das Bedienen und Anwenden ist \u201ekinderleicht\u201c &#8211; doch wie steht es dabei um deren Kinderrechte? Wie begleiten, st\u00e4rken, aber auch sch\u00fctzen wir sie, wenn es um Privatsph\u00e4re, Datenschutz, Teilhabe oder Meinungsfreiheit geht? Die Rheinauen-Grundschule ist seit Mai &hellip; <a href=\"https:\/\/www.grundschule-sasbach.de\/wp\/?page_id=5847\" class=\"more-link\"><span class=\"screen-reader-text\">Urkunde Medien<\/span> weiterlesen <span class=\"meta-nav\">&rarr;<\/span><\/a><\/p>\n","protected":false},"author":4,"featured_media":0,"parent":5965,"menu_order":12,"comment_status":"closed","ping_status":"closed","template":"","meta":{"footnotes":""},"class_list":["post-5847","page","type-page","status-publish","hentry"],"_links":{"self":[{"href":"https:\/\/www.grundschule-sasbach.de\/wp\/index.php?rest_route=\/wp\/v2\/pages\/5847","targetHints":{"allow":["GET"]}}],"collection":[{"href":"https:\/\/www.grundschule-sasbach.de\/wp\/index.php?rest_route=\/wp\/v2\/pages"}],"about":[{"href":"https:\/\/www.grundschule-sasbach.de\/wp\/index.php?rest_route=\/wp\/v2\/types\/page"}],"author":[{"embeddable":true,"href":"https:\/\/www.grundschule-sasbach.de\/wp\/index.php?rest_route=\/wp\/v2\/users\/4"}],"replies":[{"embeddable":true,"href":"https:\/\/www.grundschule-sasbach.de\/wp\/index.php?rest_route=%2Fwp%2Fv2%2Fcomments&post=5847"}],"version-history":[{"count":4,"href":"https:\/\/www.grundschule-sasbach.de\/wp\/index.php?rest_route=\/wp\/v2\/pages\/5847\/revisions"}],"predecessor-version":[{"id":5853,"href":"https:\/\/www.grundschule-sasbach.de\/wp\/index.php?rest_route=\/wp\/v2\/pages\/5847\/revisions\/5853"}],"up":[{"embeddable":true,"href":"https:\/\/www.grundschule-sasbach.de\/wp\/index.php?rest_route=\/wp\/v2\/pages\/5965"}],"wp:attachment":[{"href":"https:\/\/www.grundschule-sasbach.de\/wp\/index.php?rest_route=%2Fwp%2Fv2%2Fmedia&parent=5847"}],"curies":[{"name":"wp","href":"https:\/\/api.w.org\/{rel}","templated":true}]}}