{"id":5993,"date":"2022-10-05T14:00:03","date_gmt":"2022-10-05T12:00:03","guid":{"rendered":"https:\/\/www.grundschule-sasbach.de\/wp\/?page_id=5993"},"modified":"2023-09-21T15:34:18","modified_gmt":"2023-09-21T13:34:18","slug":"radaktionstag","status":"publish","type":"page","link":"https:\/\/www.grundschule-sasbach.de\/wp\/?page_id=5993","title":{"rendered":"Radaktionstag"},"content":{"rendered":"<p><span style=\"color: #008000;\"><strong>Radaktionstag \u2013 Radhelden at school am <\/strong>5. Oktober 2022 an der Rheinauen-Grundschule Sasbach <a href=\"https:\/\/www.grundschule-sasbach.de\/wp\/wp-content\/uploads\/2022\/10\/Sonne_farbig.bmp\"><img loading=\"lazy\" decoding=\"async\" class=\"size-full wp-image-5994 alignright\" src=\"https:\/\/www.grundschule-sasbach.de\/wp\/wp-content\/uploads\/2022\/10\/Sonne_farbig.bmp\" alt=\"\" width=\"247\" height=\"172\" \/><\/a><br \/>\n<\/span><\/p>\n<p><a href=\"https:\/\/www.grundschule-sasbach.de\/wp\/wp-content\/uploads\/2022\/10\/Einweisung-Kinder.jpg\"><img loading=\"lazy\" decoding=\"async\" class=\"alignnone size-medium wp-image-5996\" src=\"https:\/\/www.grundschule-sasbach.de\/wp\/wp-content\/uploads\/2022\/10\/Einweisung-Kinder-300x200.jpg\" alt=\"\" width=\"300\" height=\"200\" srcset=\"https:\/\/www.grundschule-sasbach.de\/wp\/wp-content\/uploads\/2022\/10\/Einweisung-Kinder-300x200.jpg 300w, https:\/\/www.grundschule-sasbach.de\/wp\/wp-content\/uploads\/2022\/10\/Einweisung-Kinder-768x512.jpg 768w, https:\/\/www.grundschule-sasbach.de\/wp\/wp-content\/uploads\/2022\/10\/Einweisung-Kinder.jpg 800w\" sizes=\"auto, (max-width: 300px) 100vw, 300px\" \/><\/a><\/p>\n<p>Karolina Hammer vom W\u00fcrttembergischen Radsportverband (WRSV) war schon sehr fr\u00fch am Morgen auf dem Schulgel\u00e4nde, um 8 Fahrrad-Stationen aufzubauen, an denen die Kinder der Rheinauen-Grundschule ihre fahrerischen Fertigkeiten trainieren konnten.<\/p>\n<p>Nachdem die zahlreichen Eltern als Aktionshelfer an den Stationen eingewiesen wurden, \u00fcbten die 100 Sch\u00fclerinnen und Sch\u00fcler in Begleitung ihrer Klassenlehrer das Bremsen, Langsam fahren, Slalomfahren, Gleichgewicht halten und \u00fcber die Rampe fahren.<\/p>\n<p><a href=\"https:\/\/www.grundschule-sasbach.de\/wp\/wp-content\/uploads\/2022\/10\/Zahlen-lesen.jpg\"><img loading=\"lazy\" decoding=\"async\" class=\"size-medium wp-image-6003 alignleft\" src=\"https:\/\/www.grundschule-sasbach.de\/wp\/wp-content\/uploads\/2022\/10\/Zahlen-lesen-300x200.jpg\" alt=\"\" width=\"300\" height=\"200\" srcset=\"https:\/\/www.grundschule-sasbach.de\/wp\/wp-content\/uploads\/2022\/10\/Zahlen-lesen-300x200.jpg 300w, https:\/\/www.grundschule-sasbach.de\/wp\/wp-content\/uploads\/2022\/10\/Zahlen-lesen-768x512.jpg 768w, https:\/\/www.grundschule-sasbach.de\/wp\/wp-content\/uploads\/2022\/10\/Zahlen-lesen.jpg 800w\" sizes=\"auto, (max-width: 300px) 100vw, 300px\" \/><\/a> <a href=\"https:\/\/www.grundschule-sasbach.de\/wp\/wp-content\/uploads\/2022\/10\/Ballstation-I.jpg\"><img loading=\"lazy\" decoding=\"async\" class=\"size-medium wp-image-5998 aligncenter\" src=\"https:\/\/www.grundschule-sasbach.de\/wp\/wp-content\/uploads\/2022\/10\/Ballstation-I-300x200.jpg\" alt=\"\" width=\"300\" height=\"200\" srcset=\"https:\/\/www.grundschule-sasbach.de\/wp\/wp-content\/uploads\/2022\/10\/Ballstation-I-300x200.jpg 300w, https:\/\/www.grundschule-sasbach.de\/wp\/wp-content\/uploads\/2022\/10\/Ballstation-I-768x512.jpg 768w, https:\/\/www.grundschule-sasbach.de\/wp\/wp-content\/uploads\/2022\/10\/Ballstation-I.jpg 800w\" sizes=\"auto, (max-width: 300px) 100vw, 300px\" \/><\/a> <a href=\"https:\/\/www.grundschule-sasbach.de\/wp\/wp-content\/uploads\/2022\/10\/Rampe.jpg\"><img loading=\"lazy\" decoding=\"async\" class=\"size-medium wp-image-6001 alignright\" src=\"https:\/\/www.grundschule-sasbach.de\/wp\/wp-content\/uploads\/2022\/10\/Rampe-300x200.jpg\" alt=\"\" width=\"300\" height=\"200\" srcset=\"https:\/\/www.grundschule-sasbach.de\/wp\/wp-content\/uploads\/2022\/10\/Rampe-300x200.jpg 300w, https:\/\/www.grundschule-sasbach.de\/wp\/wp-content\/uploads\/2022\/10\/Rampe-768x512.jpg 768w, https:\/\/www.grundschule-sasbach.de\/wp\/wp-content\/uploads\/2022\/10\/Rampe.jpg 800w\" sizes=\"auto, (max-width: 300px) 100vw, 300px\" \/><\/a> <a href=\"https:\/\/www.grundschule-sasbach.de\/wp\/wp-content\/uploads\/2022\/10\/Es-macht-Spass....jpg\"><img loading=\"lazy\" decoding=\"async\" class=\"size-medium wp-image-6000 alignleft\" src=\"https:\/\/www.grundschule-sasbach.de\/wp\/wp-content\/uploads\/2022\/10\/Es-macht-Spass...-300x200.jpg\" alt=\"\" width=\"300\" height=\"200\" srcset=\"https:\/\/www.grundschule-sasbach.de\/wp\/wp-content\/uploads\/2022\/10\/Es-macht-Spass...-300x200.jpg 300w, https:\/\/www.grundschule-sasbach.de\/wp\/wp-content\/uploads\/2022\/10\/Es-macht-Spass...-768x512.jpg 768w, https:\/\/www.grundschule-sasbach.de\/wp\/wp-content\/uploads\/2022\/10\/Es-macht-Spass....jpg 800w\" sizes=\"auto, (max-width: 300px) 100vw, 300px\" \/><\/a> <a href=\"https:\/\/www.grundschule-sasbach.de\/wp\/wp-content\/uploads\/2022\/10\/Waescheklammern.jpg\"><img loading=\"lazy\" decoding=\"async\" class=\"size-medium wp-image-6002 aligncenter\" src=\"https:\/\/www.grundschule-sasbach.de\/wp\/wp-content\/uploads\/2022\/10\/Waescheklammern-300x200.jpg\" alt=\"\" width=\"300\" height=\"200\" srcset=\"https:\/\/www.grundschule-sasbach.de\/wp\/wp-content\/uploads\/2022\/10\/Waescheklammern-300x200.jpg 300w, https:\/\/www.grundschule-sasbach.de\/wp\/wp-content\/uploads\/2022\/10\/Waescheklammern-768x512.jpg 768w, https:\/\/www.grundschule-sasbach.de\/wp\/wp-content\/uploads\/2022\/10\/Waescheklammern.jpg 800w\" sizes=\"auto, (max-width: 300px) 100vw, 300px\" \/><\/a><\/p>\n<p>Dabei wurde neben der Fahrsicherheit auch die Motorik, Koordination und R\u00fccksichtnahme geschult.<\/p>\n<p>Da alle Kinder von Klasse 1 bis Klasse 4 teilnahmen, wurden die Schwierigkeitsstufen an den Stationen je nach K\u00f6nnen und Mut variiert.<\/p>\n<p>\u201eEs hat sehr viel Spa\u00df gemacht!\u201c h\u00f6rte man sehr bald von zahlreichen Kindern, denn je sicherer man mit seinem Fahrrad umgehen kann, desto gr\u00f6\u00dfer ist die Freude am Radfahren.<\/p>\n<p><a href=\"https:\/\/www.grundschule-sasbach.de\/wp\/wp-content\/uploads\/2022\/10\/Pause.jpg\"><img loading=\"lazy\" decoding=\"async\" class=\"alignnone size-medium wp-image-6004\" src=\"https:\/\/www.grundschule-sasbach.de\/wp\/wp-content\/uploads\/2022\/10\/Pause-300x200.jpg\" alt=\"\" width=\"300\" height=\"200\" srcset=\"https:\/\/www.grundschule-sasbach.de\/wp\/wp-content\/uploads\/2022\/10\/Pause-300x200.jpg 300w, https:\/\/www.grundschule-sasbach.de\/wp\/wp-content\/uploads\/2022\/10\/Pause-768x512.jpg 768w, https:\/\/www.grundschule-sasbach.de\/wp\/wp-content\/uploads\/2022\/10\/Pause.jpg 800w\" sizes=\"auto, (max-width: 300px) 100vw, 300px\" \/><\/a><\/p>\n<p>Zum Abschluss des sonnigen Aktionstages gab es f\u00fcr alle Kinder als Pausenspiel einen Moonhopper, an dem jetzt in den Schulpausen die Motorik weiter mit Spa\u00df ge\u00fcbt und verbessert werden kann.<\/p>\n<p><a href=\"https:\/\/www.grundschule-sasbach.de\/wp\/wp-content\/uploads\/2022\/10\/Abschussfahrt.jpg\"><img loading=\"lazy\" decoding=\"async\" class=\"alignnone size-medium wp-image-6007\" src=\"https:\/\/www.grundschule-sasbach.de\/wp\/wp-content\/uploads\/2022\/10\/Abschussfahrt-300x200.jpg\" alt=\"\" width=\"300\" height=\"200\" srcset=\"https:\/\/www.grundschule-sasbach.de\/wp\/wp-content\/uploads\/2022\/10\/Abschussfahrt-300x200.jpg 300w, https:\/\/www.grundschule-sasbach.de\/wp\/wp-content\/uploads\/2022\/10\/Abschussfahrt-768x512.jpg 768w, https:\/\/www.grundschule-sasbach.de\/wp\/wp-content\/uploads\/2022\/10\/Abschussfahrt.jpg 800w\" sizes=\"auto, (max-width: 300px) 100vw, 300px\" \/><\/a> <a href=\"https:\/\/www.grundschule-sasbach.de\/wp\/wp-content\/uploads\/2022\/10\/Bei-der-Rampe.jpg\"><img loading=\"lazy\" decoding=\"async\" class=\"alignnone size-medium wp-image-5999\" src=\"https:\/\/www.grundschule-sasbach.de\/wp\/wp-content\/uploads\/2022\/10\/Bei-der-Rampe-300x200.jpg\" alt=\"\" width=\"300\" height=\"200\" srcset=\"https:\/\/www.grundschule-sasbach.de\/wp\/wp-content\/uploads\/2022\/10\/Bei-der-Rampe-300x200.jpg 300w, https:\/\/www.grundschule-sasbach.de\/wp\/wp-content\/uploads\/2022\/10\/Bei-der-Rampe-768x512.jpg 768w, https:\/\/www.grundschule-sasbach.de\/wp\/wp-content\/uploads\/2022\/10\/Bei-der-Rampe.jpg 800w\" sizes=\"auto, (max-width: 300px) 100vw, 300px\" \/><\/a> <a href=\"https:\/\/www.grundschule-sasbach.de\/wp\/wp-content\/uploads\/2022\/10\/Abschlussfahrt.jpg\"><img loading=\"lazy\" decoding=\"async\" class=\"alignnone size-medium wp-image-6005\" src=\"https:\/\/www.grundschule-sasbach.de\/wp\/wp-content\/uploads\/2022\/10\/Abschlussfahrt-300x200.jpg\" alt=\"\" width=\"300\" height=\"200\" srcset=\"https:\/\/www.grundschule-sasbach.de\/wp\/wp-content\/uploads\/2022\/10\/Abschlussfahrt-300x200.jpg 300w, https:\/\/www.grundschule-sasbach.de\/wp\/wp-content\/uploads\/2022\/10\/Abschlussfahrt-768x512.jpg 768w, https:\/\/www.grundschule-sasbach.de\/wp\/wp-content\/uploads\/2022\/10\/Abschlussfahrt.jpg 800w\" sizes=\"auto, (max-width: 300px) 100vw, 300px\" \/><\/a><\/p>\n<p>Ein herzliches Dankesch\u00f6n an Frau Hammer vom W\u00fcrttembergischen Radsportverband f\u00fcr die Durchf\u00fchrung dieses erlebnisreichen Tages, aber auch allen helfenden Eltern ohne deren Hilfe solch ein Tag nicht m\u00f6glich gewesen w\u00e4re.<\/p>\n","protected":false},"excerpt":{"rendered":"<p>Radaktionstag \u2013 Radhelden at school am 5. Oktober 2022 an der Rheinauen-Grundschule Sasbach Karolina Hammer vom W\u00fcrttembergischen Radsportverband (WRSV) war schon sehr fr\u00fch am Morgen auf dem Schulgel\u00e4nde, um 8 Fahrrad-Stationen aufzubauen, an denen die Kinder der Rheinauen-Grundschule ihre fahrerischen Fertigkeiten trainieren konnten. Nachdem die zahlreichen Eltern als Aktionshelfer an den Stationen eingewiesen wurden, \u00fcbten &hellip; <a href=\"https:\/\/www.grundschule-sasbach.de\/wp\/?page_id=5993\" class=\"more-link\"><span class=\"screen-reader-text\">Radaktionstag<\/span> weiterlesen <span class=\"meta-nav\">&rarr;<\/span><\/a><\/p>\n","protected":false},"author":4,"featured_media":0,"parent":5968,"menu_order":2,"comment_status":"closed","ping_status":"closed","template":"","meta":{"footnotes":""},"class_list":["post-5993","page","type-page","status-publish","hentry"],"_links":{"self":[{"href":"https:\/\/www.grundschule-sasbach.de\/wp\/index.php?rest_route=\/wp\/v2\/pages\/5993","targetHints":{"allow":["GET"]}}],"collection":[{"href":"https:\/\/www.grundschule-sasbach.de\/wp\/index.php?rest_route=\/wp\/v2\/pages"}],"about":[{"href":"https:\/\/www.grundschule-sasbach.de\/wp\/index.php?rest_route=\/wp\/v2\/types\/page"}],"author":[{"embeddable":true,"href":"https:\/\/www.grundschule-sasbach.de\/wp\/index.php?rest_route=\/wp\/v2\/users\/4"}],"replies":[{"embeddable":true,"href":"https:\/\/www.grundschule-sasbach.de\/wp\/index.php?rest_route=%2Fwp%2Fv2%2Fcomments&post=5993"}],"version-history":[{"count":3,"href":"https:\/\/www.grundschule-sasbach.de\/wp\/index.php?rest_route=\/wp\/v2\/pages\/5993\/revisions"}],"predecessor-version":[{"id":6008,"href":"https:\/\/www.grundschule-sasbach.de\/wp\/index.php?rest_route=\/wp\/v2\/pages\/5993\/revisions\/6008"}],"up":[{"embeddable":true,"href":"https:\/\/www.grundschule-sasbach.de\/wp\/index.php?rest_route=\/wp\/v2\/pages\/5968"}],"wp:attachment":[{"href":"https:\/\/www.grundschule-sasbach.de\/wp\/index.php?rest_route=%2Fwp%2Fv2%2Fmedia&parent=5993"}],"curies":[{"name":"wp","href":"https:\/\/api.w.org\/{rel}","templated":true}]}}