{"id":6011,"date":"2022-10-19T09:33:33","date_gmt":"2022-10-19T07:33:33","guid":{"rendered":"https:\/\/www.grundschule-sasbach.de\/wp\/?page_id=6011"},"modified":"2023-09-21T15:34:18","modified_gmt":"2023-09-21T13:34:18","slug":"kumu-kurs","status":"publish","type":"page","link":"https:\/\/www.grundschule-sasbach.de\/wp\/?page_id=6011","title":{"rendered":"KUMU-Kurs"},"content":{"rendered":"<h3><span style=\"color: #ff6600;\">Gewaltpr\u00e4ventionskurs KUMU <a href=\"https:\/\/www.grundschule-sasbach.de\/wp\/wp-content\/uploads\/2022\/10\/IMG_6917.jpg\"><img loading=\"lazy\" decoding=\"async\" class=\" wp-image-6015 alignright\" src=\"https:\/\/www.grundschule-sasbach.de\/wp\/wp-content\/uploads\/2022\/10\/IMG_6917-282x300.jpg\" alt=\"\" width=\"165\" height=\"176\" srcset=\"https:\/\/www.grundschule-sasbach.de\/wp\/wp-content\/uploads\/2022\/10\/IMG_6917-282x300.jpg 282w, https:\/\/www.grundschule-sasbach.de\/wp\/wp-content\/uploads\/2022\/10\/IMG_6917.jpg 483w\" sizes=\"auto, (max-width: 165px) 100vw, 165px\" \/><\/a><br \/>\n<\/span><\/h3>\n<p>Alle 2 Jahre f\u00fchren wir Gewaltpr\u00e4ventionskurse f\u00fcr alle Klassen an unserer Schule durch.<\/p>\n<p>In der Woche vom 17.-21. Oktober 2022 fanden die Kurse &#8211; 3 Einheiten a 1,5 Stunden &#8211;\u00a0 an der Schule statt.<\/p>\n<p>Frau Kietz vom KUMU-Team leitete die Seminare.<\/p>\n<p><a href=\"https:\/\/www.grundschule-sasbach.de\/wp\/wp-content\/uploads\/2022\/10\/Gutes-Gefuehl-schlechtes-Gefuehl.jpg\"><img loading=\"lazy\" decoding=\"async\" class=\"size-medium wp-image-6016 alignleft\" src=\"https:\/\/www.grundschule-sasbach.de\/wp\/wp-content\/uploads\/2022\/10\/Gutes-Gefuehl-schlechtes-Gefuehl-300x200.jpg\" alt=\"\" width=\"300\" height=\"200\" srcset=\"https:\/\/www.grundschule-sasbach.de\/wp\/wp-content\/uploads\/2022\/10\/Gutes-Gefuehl-schlechtes-Gefuehl-300x200.jpg 300w, https:\/\/www.grundschule-sasbach.de\/wp\/wp-content\/uploads\/2022\/10\/Gutes-Gefuehl-schlechtes-Gefuehl-768x512.jpg 768w, https:\/\/www.grundschule-sasbach.de\/wp\/wp-content\/uploads\/2022\/10\/Gutes-Gefuehl-schlechtes-Gefuehl.jpg 800w\" sizes=\"auto, (max-width: 300px) 100vw, 300px\" \/><\/a> <a href=\"https:\/\/www.grundschule-sasbach.de\/wp\/wp-content\/uploads\/2022\/10\/Meine-Vetrauensperson.jpg\"><img loading=\"lazy\" decoding=\"async\" class=\"size-medium wp-image-6017 aligncenter\" src=\"https:\/\/www.grundschule-sasbach.de\/wp\/wp-content\/uploads\/2022\/10\/Meine-Vetrauensperson-300x223.jpg\" alt=\"\" width=\"300\" height=\"223\" srcset=\"https:\/\/www.grundschule-sasbach.de\/wp\/wp-content\/uploads\/2022\/10\/Meine-Vetrauensperson-300x223.jpg 300w, https:\/\/www.grundschule-sasbach.de\/wp\/wp-content\/uploads\/2022\/10\/Meine-Vetrauensperson.jpg 705w\" sizes=\"auto, (max-width: 300px) 100vw, 300px\" \/><\/a> <a href=\"https:\/\/www.grundschule-sasbach.de\/wp\/wp-content\/uploads\/2022\/10\/Vetrauensperson.jpg\"><img loading=\"lazy\" decoding=\"async\" class=\"size-medium wp-image-6018 alignright\" src=\"https:\/\/www.grundschule-sasbach.de\/wp\/wp-content\/uploads\/2022\/10\/Vetrauensperson-300x200.jpg\" alt=\"\" width=\"300\" height=\"200\" srcset=\"https:\/\/www.grundschule-sasbach.de\/wp\/wp-content\/uploads\/2022\/10\/Vetrauensperson-300x200.jpg 300w, https:\/\/www.grundschule-sasbach.de\/wp\/wp-content\/uploads\/2022\/10\/Vetrauensperson-768x512.jpg 768w, https:\/\/www.grundschule-sasbach.de\/wp\/wp-content\/uploads\/2022\/10\/Vetrauensperson.jpg 800w\" sizes=\"auto, (max-width: 300px) 100vw, 300px\" \/><\/a> <a href=\"https:\/\/www.grundschule-sasbach.de\/wp\/wp-content\/uploads\/2022\/10\/Wir-schaffen-es-zusammen.jpg\"><img loading=\"lazy\" decoding=\"async\" class=\"alignnone size-medium wp-image-6019\" src=\"https:\/\/www.grundschule-sasbach.de\/wp\/wp-content\/uploads\/2022\/10\/Wir-schaffen-es-zusammen-300x233.jpg\" alt=\"\" width=\"300\" height=\"233\" srcset=\"https:\/\/www.grundschule-sasbach.de\/wp\/wp-content\/uploads\/2022\/10\/Wir-schaffen-es-zusammen-300x233.jpg 300w, https:\/\/www.grundschule-sasbach.de\/wp\/wp-content\/uploads\/2022\/10\/Wir-schaffen-es-zusammen.jpg 665w\" sizes=\"auto, (max-width: 300px) 100vw, 300px\" \/><\/a><\/p>\n<p>DANKE, die Kinder haben viel gelernt !<\/p>\n<p><a href=\"https:\/\/www.grundschule-sasbach.de\/wp\/wp-content\/uploads\/2022\/10\/Keiner-ist-wie-du.jpg\"><img loading=\"lazy\" decoding=\"async\" class=\"size-medium wp-image-6020 alignleft\" src=\"https:\/\/www.grundschule-sasbach.de\/wp\/wp-content\/uploads\/2022\/10\/Keiner-ist-wie-du-300x225.jpg\" alt=\"\" width=\"300\" height=\"225\" srcset=\"https:\/\/www.grundschule-sasbach.de\/wp\/wp-content\/uploads\/2022\/10\/Keiner-ist-wie-du-300x225.jpg 300w, https:\/\/www.grundschule-sasbach.de\/wp\/wp-content\/uploads\/2022\/10\/Keiner-ist-wie-du-768x576.jpg 768w, https:\/\/www.grundschule-sasbach.de\/wp\/wp-content\/uploads\/2022\/10\/Keiner-ist-wie-du.jpg 800w\" sizes=\"auto, (max-width: 300px) 100vw, 300px\" \/><\/a> <a href=\"https:\/\/www.grundschule-sasbach.de\/wp\/wp-content\/uploads\/2022\/10\/Stop.jpg\"><img loading=\"lazy\" decoding=\"async\" class=\"size-medium wp-image-6021 aligncenter\" src=\"https:\/\/www.grundschule-sasbach.de\/wp\/wp-content\/uploads\/2022\/10\/Stop-300x200.jpg\" alt=\"\" width=\"300\" height=\"200\" srcset=\"https:\/\/www.grundschule-sasbach.de\/wp\/wp-content\/uploads\/2022\/10\/Stop-300x200.jpg 300w, https:\/\/www.grundschule-sasbach.de\/wp\/wp-content\/uploads\/2022\/10\/Stop-768x512.jpg 768w, https:\/\/www.grundschule-sasbach.de\/wp\/wp-content\/uploads\/2022\/10\/Stop.jpg 800w\" sizes=\"auto, (max-width: 300px) 100vw, 300px\" \/><\/a> <a href=\"https:\/\/www.grundschule-sasbach.de\/wp\/wp-content\/uploads\/2022\/10\/Stopp-ich-will-das-nicht.jpg\"><img loading=\"lazy\" decoding=\"async\" class=\"size-medium wp-image-6022 alignright\" src=\"https:\/\/www.grundschule-sasbach.de\/wp\/wp-content\/uploads\/2022\/10\/Stopp-ich-will-das-nicht-300x225.jpg\" alt=\"\" width=\"300\" height=\"225\" srcset=\"https:\/\/www.grundschule-sasbach.de\/wp\/wp-content\/uploads\/2022\/10\/Stopp-ich-will-das-nicht-300x225.jpg 300w, https:\/\/www.grundschule-sasbach.de\/wp\/wp-content\/uploads\/2022\/10\/Stopp-ich-will-das-nicht-768x576.jpg 768w, https:\/\/www.grundschule-sasbach.de\/wp\/wp-content\/uploads\/2022\/10\/Stopp-ich-will-das-nicht.jpg 800w\" sizes=\"auto, (max-width: 300px) 100vw, 300px\" \/><\/a><\/p>\n<h3>Gewaltpr\u00e4vention <a href=\"https:\/\/www.grundschule-sasbach.de\/wp\/wp-content\/uploads\/2015\/03\/STOPP.png\" rel=\"nofollow\" data-slb-active=\"1\" data-slb-asset=\"1061641081\" data-slb-internal=\"0\" data-slb-group=\"slb\"><img loading=\"lazy\" decoding=\"async\" class=\"wp-image-3858 alignright\" src=\"https:\/\/www.grundschule-sasbach.de\/wp\/wp-content\/uploads\/2015\/03\/STOPP-211x300.png\" sizes=\"auto, (max-width: 140px) 100vw, 140px\" srcset=\"https:\/\/www.grundschule-sasbach.de\/wp\/wp-content\/uploads\/2015\/03\/STOPP-211x300.png 211w, https:\/\/www.grundschule-sasbach.de\/wp\/wp-content\/uploads\/2015\/03\/STOPP.png 491w\" alt=\"\" width=\"140\" height=\"200\" \/><\/a><\/h3>\n<p>Von der 1. Klasse an lernen die Kinder den Umgang mit der STOPP-Regel.<\/p>\n<p>Alle 2 Jahre werden WSD-Kurse durchgef\u00fchrt.<\/p>\n<p><strong>Kinder vor \u00dcbergriffen sch\u00fctzen:<\/strong><\/p>\n<p><strong><u><a href=\"https:\/\/www.grundschule-sasbach.de\/wp\/wp-content\/uploads\/2015\/03\/Eltern.jpg\" rel=\"nofollow\" data-slb-active=\"1\" data-slb-asset=\"255794489\" data-slb-internal=\"0\" data-slb-group=\"slb\"><img loading=\"lazy\" decoding=\"async\" class=\"wp-image-3856 alignleft\" src=\"https:\/\/www.grundschule-sasbach.de\/wp\/wp-content\/uploads\/2015\/03\/Eltern-292x300.jpg\" sizes=\"auto, (max-width: 116px) 100vw, 116px\" srcset=\"https:\/\/www.grundschule-sasbach.de\/wp\/wp-content\/uploads\/2015\/03\/Eltern-292x300.jpg 292w, https:\/\/www.grundschule-sasbach.de\/wp\/wp-content\/uploads\/2015\/03\/Eltern.jpg 620w\" alt=\"\" width=\"116\" height=\"119\" \/><\/a>Das k\u00f6nnen Sie als Eltern tun:<\/u><\/strong><\/p>\n<p>*Eine <strong>Notfallnummer<\/strong> mit den Kindern <strong>ein\u00fcben<\/strong> (Handynummer von Mama, Papa,\u2026)<\/p>\n<ul>\n<li><strong>2-5 Vertrauenspersonen festlegen<\/strong>.<\/li>\n<\/ul>\n<p>Nur mit diesen Personen darf das Kind mit, sonst mit niemandem.<\/p>\n<p>*<strong>Keine Namensschilder oder Adressschilder <u>\u00e4u\u00dferlich<\/u> am Schulranzen oder Turnbeutel anbringen<\/strong><\/p>\n<p>*<strong>Rettungsinseln<\/strong> (Gesch\u00e4fte, Privathaushalte) auf dem Schulweg oder dem Weg zu Freunden benennen, wo im Notfall Hilfe geholt werden kann.<\/p>\n<p><strong>Kinder ernst nehmen, gut zuh\u00f6ren und mit ihnen sprechen !<\/strong><\/p>\n<p><strong><u>Das<a href=\"https:\/\/www.grundschule-sasbach.de\/wp\/wp-content\/uploads\/2017\/01\/Junge_Maedchen.gif\" rel=\"nofollow\" data-slb-active=\"1\" data-slb-asset=\"2146640177\" data-slb-internal=\"0\" data-slb-group=\"slb\"><img loading=\"lazy\" decoding=\"async\" class=\"wp-image-3547 alignleft\" src=\"https:\/\/www.grundschule-sasbach.de\/wp\/wp-content\/uploads\/2017\/01\/Junge_Maedchen-300x271.gif\" alt=\"\" width=\"126\" height=\"114\" \/><\/a> solltest du als Kind tun:<\/u><\/strong><\/p>\n<p>*Wenn du Hilfe brauchst <strong>die betreffende Person unbedingt mit \u201eSie\u201c<\/strong> ansprechen und <strong>ganz klar und laut sagen, was du <u>nicht<\/u> willst !<\/strong><\/p>\n<p>*<strong>Sicherheitsabstand<\/strong> zur betreffenden Person <strong>halten<\/strong>, damit du im Notfall wegrennen kannst.<\/p>\n<p>* <strong>Hilfe holen oder umliegende Personen direkt ansprechen<\/strong>:<\/p>\n<p>\u201eSie mit dem roten Pullover, helfen Sie mir bitte !\u201c<\/p>\n<p><strong>Auf dein Bauchgef\u00fchl h\u00f6ren. Hier stimmt was nicht !<\/strong><\/p>\n","protected":false},"excerpt":{"rendered":"<p>Gewaltpr\u00e4ventionskurs KUMU Alle 2 Jahre f\u00fchren wir Gewaltpr\u00e4ventionskurse f\u00fcr alle Klassen an unserer Schule durch. In der Woche vom 17.-21. Oktober 2022 fanden die Kurse &#8211; 3 Einheiten a 1,5 Stunden &#8211;\u00a0 an der Schule statt. Frau Kietz vom KUMU-Team leitete die Seminare. DANKE, die Kinder haben viel gelernt ! Gewaltpr\u00e4vention Von der 1. Klasse &hellip; <a href=\"https:\/\/www.grundschule-sasbach.de\/wp\/?page_id=6011\" class=\"more-link\"><span class=\"screen-reader-text\">KUMU-Kurs<\/span> weiterlesen <span class=\"meta-nav\">&rarr;<\/span><\/a><\/p>\n","protected":false},"author":4,"featured_media":0,"parent":5968,"menu_order":3,"comment_status":"closed","ping_status":"closed","template":"","meta":{"footnotes":""},"class_list":["post-6011","page","type-page","status-publish","hentry"],"_links":{"self":[{"href":"https:\/\/www.grundschule-sasbach.de\/wp\/index.php?rest_route=\/wp\/v2\/pages\/6011","targetHints":{"allow":["GET"]}}],"collection":[{"href":"https:\/\/www.grundschule-sasbach.de\/wp\/index.php?rest_route=\/wp\/v2\/pages"}],"about":[{"href":"https:\/\/www.grundschule-sasbach.de\/wp\/index.php?rest_route=\/wp\/v2\/types\/page"}],"author":[{"embeddable":true,"href":"https:\/\/www.grundschule-sasbach.de\/wp\/index.php?rest_route=\/wp\/v2\/users\/4"}],"replies":[{"embeddable":true,"href":"https:\/\/www.grundschule-sasbach.de\/wp\/index.php?rest_route=%2Fwp%2Fv2%2Fcomments&post=6011"}],"version-history":[{"count":5,"href":"https:\/\/www.grundschule-sasbach.de\/wp\/index.php?rest_route=\/wp\/v2\/pages\/6011\/revisions"}],"predecessor-version":[{"id":6024,"href":"https:\/\/www.grundschule-sasbach.de\/wp\/index.php?rest_route=\/wp\/v2\/pages\/6011\/revisions\/6024"}],"up":[{"embeddable":true,"href":"https:\/\/www.grundschule-sasbach.de\/wp\/index.php?rest_route=\/wp\/v2\/pages\/5968"}],"wp:attachment":[{"href":"https:\/\/www.grundschule-sasbach.de\/wp\/index.php?rest_route=%2Fwp%2Fv2%2Fmedia&parent=6011"}],"curies":[{"name":"wp","href":"https:\/\/api.w.org\/{rel}","templated":true}]}}