{"id":6059,"date":"2022-12-16T11:54:40","date_gmt":"2022-12-16T09:54:40","guid":{"rendered":"https:\/\/www.grundschule-sasbach.de\/wp\/?page_id=6059"},"modified":"2023-09-21T15:34:18","modified_gmt":"2023-09-21T13:34:18","slug":"adventszeit","status":"publish","type":"page","link":"https:\/\/www.grundschule-sasbach.de\/wp\/?page_id=6059","title":{"rendered":"Adventszeit"},"content":{"rendered":"<h4><span style=\"font-family: comic sans ms, sans-serif;\"><span style=\"color: #008000;\">Die Adventszeit ist eine ganz besondere Zeit&#8230;.<\/span><a href=\"https:\/\/www.grundschule-sasbach.de\/wp\/wp-content\/uploads\/2022\/12\/Tannenbaum.jpg\"><img loading=\"lazy\" decoding=\"async\" class=\"size-medium wp-image-6069 alignright\" src=\"https:\/\/www.grundschule-sasbach.de\/wp\/wp-content\/uploads\/2022\/12\/Tannenbaum-202x300.jpg\" alt=\"\" width=\"202\" height=\"300\" srcset=\"https:\/\/www.grundschule-sasbach.de\/wp\/wp-content\/uploads\/2022\/12\/Tannenbaum-202x300.jpg 202w, https:\/\/www.grundschule-sasbach.de\/wp\/wp-content\/uploads\/2022\/12\/Tannenbaum.jpg 555w\" sizes=\"auto, (max-width: 202px) 100vw, 202px\" \/><\/a><\/span><\/h4>\n<h4><span style=\"color: #ff6600; font-family: comic sans ms, sans-serif;\">&#8230; sie beginnt\u00a0 mit unserer Aktion: \u201eKinder helfen Kindern\u201c.<\/span><\/h4>\n<p><span style=\"font-family: comic sans ms, sans-serif;\">Wir haben\u00a0 die Patenschaft f\u00fcr ein Kind in Uganda-Afrika \u00fcbernommen. <a href=\"https:\/\/www.grundschule-sasbach.de\/wp\/wp-content\/uploads\/2022\/12\/PLAKAT-Grace-2022.jpg\"><img loading=\"lazy\" decoding=\"async\" class=\"size-medium wp-image-6064 alignleft\" src=\"https:\/\/www.grundschule-sasbach.de\/wp\/wp-content\/uploads\/2022\/12\/PLAKAT-Grace-2022-200x300.jpg\" alt=\"\" width=\"200\" height=\"300\" srcset=\"https:\/\/www.grundschule-sasbach.de\/wp\/wp-content\/uploads\/2022\/12\/PLAKAT-Grace-2022-200x300.jpg 200w, https:\/\/www.grundschule-sasbach.de\/wp\/wp-content\/uploads\/2022\/12\/PLAKAT-Grace-2022-683x1024.jpg 683w, https:\/\/www.grundschule-sasbach.de\/wp\/wp-content\/uploads\/2022\/12\/PLAKAT-Grace-2022-768x1152.jpg 768w, https:\/\/www.grundschule-sasbach.de\/wp\/wp-content\/uploads\/2022\/12\/PLAKAT-Grace-2022.jpg 800w\" sizes=\"auto, (max-width: 200px) 100vw, 200px\" \/><\/a><\/span><\/p>\n<p><span style=\"font-family: comic sans ms, sans-serif;\">Um `Grace`den Besuch der Krankenschwesternschule zu erm\u00f6glichen, helfen alle Kinder mit, Geld zu erarbeiten. Jedes Kind \u00fcbernimmt eine T\u00e4tigkeit, die es sonst nicht tut und l\u00e4sst sich daf\u00fcr \u201eentlohnen\u201c. Das Geld \u00fcbergibt das Kind dann dem Klassenlehrer. Das so verdiente Geld kommt ohne Verwaltungsaufwand direkt nach Afrika.<\/span><\/p>\n<h5><span style=\"color: #ff6600; font-family: comic sans ms, sans-serif;\"><strong>Danke, nochmals allen Kindern !<\/strong><\/span><\/h5>\n<h3><span style=\"color: #008000; font-family: comic sans ms, sans-serif;\">Adventsfeier<a href=\"https:\/\/www.grundschule-sasbach.de\/wp\/wp-content\/uploads\/2022\/12\/Klasse-1.jpg\"><img loading=\"lazy\" decoding=\"async\" class=\"size-medium wp-image-6068 alignright\" src=\"https:\/\/www.grundschule-sasbach.de\/wp\/wp-content\/uploads\/2022\/12\/Klasse-1-300x225.jpg\" alt=\"\" width=\"300\" height=\"225\" srcset=\"https:\/\/www.grundschule-sasbach.de\/wp\/wp-content\/uploads\/2022\/12\/Klasse-1-300x225.jpg 300w, https:\/\/www.grundschule-sasbach.de\/wp\/wp-content\/uploads\/2022\/12\/Klasse-1-768x576.jpg 768w, https:\/\/www.grundschule-sasbach.de\/wp\/wp-content\/uploads\/2022\/12\/Klasse-1.jpg 800w\" sizes=\"auto, (max-width: 300px) 100vw, 300px\" \/><\/a><\/span><\/h3>\n<p><span style=\"font-family: comic sans ms, sans-serif;\">Immer freitags in der\u00a0 1. Stunde treffen wir uns in der Aula zur gemeinsamen Adventsfeier. Gemeinsam wird gesungen und wir \u00fcben die Lieder f\u00fcr unser Weihnachtsmusical. Danach gibt es ein Bilderbuchkino. Die Lehrer lesen die Geschichte vor. <a href=\"https:\/\/www.grundschule-sasbach.de\/wp\/wp-content\/uploads\/2022\/12\/Das-Publikum.jpg\"><img loading=\"lazy\" decoding=\"async\" class=\"alignnone size-medium wp-image-6067\" src=\"https:\/\/www.grundschule-sasbach.de\/wp\/wp-content\/uploads\/2022\/12\/Das-Publikum-300x225.jpg\" alt=\"\" width=\"300\" height=\"225\" srcset=\"https:\/\/www.grundschule-sasbach.de\/wp\/wp-content\/uploads\/2022\/12\/Das-Publikum-300x225.jpg 300w, https:\/\/www.grundschule-sasbach.de\/wp\/wp-content\/uploads\/2022\/12\/Das-Publikum-768x576.jpg 768w, https:\/\/www.grundschule-sasbach.de\/wp\/wp-content\/uploads\/2022\/12\/Das-Publikum.jpg 800w\" sizes=\"auto, (max-width: 300px) 100vw, 300px\" \/><\/a><br \/>\n<\/span><\/p>\n<h5><span style=\"font-family: comic sans ms, sans-serif;\"><a href=\"https:\/\/www.grundschule-sasbach.de\/wp\/wp-content\/uploads\/2022\/12\/Nikolaus.jpg\"><img loading=\"lazy\" decoding=\"async\" class=\"size-medium wp-image-6070 alignright\" src=\"https:\/\/www.grundschule-sasbach.de\/wp\/wp-content\/uploads\/2022\/12\/Nikolaus-200x300.jpg\" alt=\"\" width=\"200\" height=\"300\" srcset=\"https:\/\/www.grundschule-sasbach.de\/wp\/wp-content\/uploads\/2022\/12\/Nikolaus-200x300.jpg 200w, https:\/\/www.grundschule-sasbach.de\/wp\/wp-content\/uploads\/2022\/12\/Nikolaus-683x1024.jpg 683w, https:\/\/www.grundschule-sasbach.de\/wp\/wp-content\/uploads\/2022\/12\/Nikolaus-768x1152.jpg 768w, https:\/\/www.grundschule-sasbach.de\/wp\/wp-content\/uploads\/2022\/12\/Nikolaus.jpg 800w\" sizes=\"auto, (max-width: 200px) 100vw, 200px\" \/><\/a><span style=\"color: #ff0000;\">Der Nikolaus war auch da und hat neue Pausenspiele gebracht. DANKE !<\/span><\/span><\/h5>\n<p>&nbsp;<\/p>\n<p>&nbsp;<\/p>\n<p>&nbsp;<\/p>\n<p>&nbsp;<\/p>\n<h5><span style=\"color: #ff6600; font-family: comic sans ms, sans-serif;\">Letzer Schultag vor den Weihnachtsferien&#8230;<\/span><\/h5>\n<p><span style=\"font-family: comic sans ms, sans-serif;\">Am letzenSchultag f\u00fchren wir unser Weihnachtsmusical in der Kirche auf und alle machen mit. Die Theater AG spielt, die anderen Kinder und die Chor AG singen die Lieder dazu. <a href=\"https:\/\/www.grundschule-sasbach.de\/wp\/wp-content\/uploads\/2022\/12\/Heilige-Paar.jpg\"><img loading=\"lazy\" decoding=\"async\" class=\"alignnone size-medium wp-image-6071\" src=\"https:\/\/www.grundschule-sasbach.de\/wp\/wp-content\/uploads\/2022\/12\/Heilige-Paar-200x300.jpg\" alt=\"\" width=\"200\" height=\"300\" srcset=\"https:\/\/www.grundschule-sasbach.de\/wp\/wp-content\/uploads\/2022\/12\/Heilige-Paar-200x300.jpg 200w, https:\/\/www.grundschule-sasbach.de\/wp\/wp-content\/uploads\/2022\/12\/Heilige-Paar-683x1024.jpg 683w, https:\/\/www.grundschule-sasbach.de\/wp\/wp-content\/uploads\/2022\/12\/Heilige-Paar.jpg 700w\" sizes=\"auto, (max-width: 200px) 100vw, 200px\" \/><\/a> <a href=\"https:\/\/www.grundschule-sasbach.de\/wp\/wp-content\/uploads\/2022\/12\/Theater-AG.jpg\"><img loading=\"lazy\" decoding=\"async\" class=\"alignnone size-medium wp-image-6072\" src=\"https:\/\/www.grundschule-sasbach.de\/wp\/wp-content\/uploads\/2022\/12\/Theater-AG-300x200.jpg\" alt=\"\" width=\"300\" height=\"200\" srcset=\"https:\/\/www.grundschule-sasbach.de\/wp\/wp-content\/uploads\/2022\/12\/Theater-AG-300x200.jpg 300w, https:\/\/www.grundschule-sasbach.de\/wp\/wp-content\/uploads\/2022\/12\/Theater-AG-768x512.jpg 768w, https:\/\/www.grundschule-sasbach.de\/wp\/wp-content\/uploads\/2022\/12\/Theater-AG.jpg 800w\" sizes=\"auto, (max-width: 300px) 100vw, 300px\" \/><\/a><\/span><\/p>\n<p><span style=\"font-family: comic sans ms, sans-serif;\">Die Kinder sind schon ganz aufgeregt&#8230;<\/span><\/p>\n<p><span style=\"font-family: comic sans ms, sans-serif; color: #ff6600;\">Und danach geht es in die WEIHNACHTSFERIEN&#8230;.<\/span><\/p>\n<p><span style=\"font-family: comic sans ms, sans-serif; color: #ff0000;\">Euch allen ein sch\u00f6nes Weihnachtfest und ein gutes NEUES JAHR 2023. <a href=\"https:\/\/www.grundschule-sasbach.de\/wp\/wp-content\/uploads\/2022\/12\/Drache-im-Schnee.jpg\"><img loading=\"lazy\" decoding=\"async\" class=\"alignnone size-medium wp-image-6073\" src=\"https:\/\/www.grundschule-sasbach.de\/wp\/wp-content\/uploads\/2022\/12\/Drache-im-Schnee-225x300.jpg\" alt=\"\" width=\"225\" height=\"300\" srcset=\"https:\/\/www.grundschule-sasbach.de\/wp\/wp-content\/uploads\/2022\/12\/Drache-im-Schnee-225x300.jpg 225w, https:\/\/www.grundschule-sasbach.de\/wp\/wp-content\/uploads\/2022\/12\/Drache-im-Schnee-768x1023.jpg 768w, https:\/\/www.grundschule-sasbach.de\/wp\/wp-content\/uploads\/2022\/12\/Drache-im-Schnee.jpg 800w\" sizes=\"auto, (max-width: 225px) 100vw, 225px\" \/><\/a><\/span><\/p>\n<p>&nbsp;<\/p>\n","protected":false},"excerpt":{"rendered":"<p>Die Adventszeit ist eine ganz besondere Zeit&#8230;. &#8230; sie beginnt\u00a0 mit unserer Aktion: \u201eKinder helfen Kindern\u201c. Wir haben\u00a0 die Patenschaft f\u00fcr ein Kind in Uganda-Afrika \u00fcbernommen. Um `Grace`den Besuch der Krankenschwesternschule zu erm\u00f6glichen, helfen alle Kinder mit, Geld zu erarbeiten. Jedes Kind \u00fcbernimmt eine T\u00e4tigkeit, die es sonst nicht tut und l\u00e4sst sich daf\u00fcr \u201eentlohnen\u201c. &hellip; <a href=\"https:\/\/www.grundschule-sasbach.de\/wp\/?page_id=6059\" class=\"more-link\"><span class=\"screen-reader-text\">Adventszeit<\/span> weiterlesen <span class=\"meta-nav\">&rarr;<\/span><\/a><\/p>\n","protected":false},"author":4,"featured_media":0,"parent":5968,"menu_order":4,"comment_status":"closed","ping_status":"closed","template":"","meta":{"footnotes":""},"class_list":["post-6059","page","type-page","status-publish","hentry"],"_links":{"self":[{"href":"https:\/\/www.grundschule-sasbach.de\/wp\/index.php?rest_route=\/wp\/v2\/pages\/6059","targetHints":{"allow":["GET"]}}],"collection":[{"href":"https:\/\/www.grundschule-sasbach.de\/wp\/index.php?rest_route=\/wp\/v2\/pages"}],"about":[{"href":"https:\/\/www.grundschule-sasbach.de\/wp\/index.php?rest_route=\/wp\/v2\/types\/page"}],"author":[{"embeddable":true,"href":"https:\/\/www.grundschule-sasbach.de\/wp\/index.php?rest_route=\/wp\/v2\/users\/4"}],"replies":[{"embeddable":true,"href":"https:\/\/www.grundschule-sasbach.de\/wp\/index.php?rest_route=%2Fwp%2Fv2%2Fcomments&post=6059"}],"version-history":[{"count":8,"href":"https:\/\/www.grundschule-sasbach.de\/wp\/index.php?rest_route=\/wp\/v2\/pages\/6059\/revisions"}],"predecessor-version":[{"id":6077,"href":"https:\/\/www.grundschule-sasbach.de\/wp\/index.php?rest_route=\/wp\/v2\/pages\/6059\/revisions\/6077"}],"up":[{"embeddable":true,"href":"https:\/\/www.grundschule-sasbach.de\/wp\/index.php?rest_route=\/wp\/v2\/pages\/5968"}],"wp:attachment":[{"href":"https:\/\/www.grundschule-sasbach.de\/wp\/index.php?rest_route=%2Fwp%2Fv2%2Fmedia&parent=6059"}],"curies":[{"name":"wp","href":"https:\/\/api.w.org\/{rel}","templated":true}]}}