{"id":6163,"date":"2023-05-15T09:56:27","date_gmt":"2023-05-15T07:56:27","guid":{"rendered":"https:\/\/www.grundschule-sasbach.de\/wp\/?page_id=6163"},"modified":"2023-09-21T15:34:18","modified_gmt":"2023-09-21T13:34:18","slug":"besuch-f","status":"publish","type":"page","link":"https:\/\/www.grundschule-sasbach.de\/wp\/?page_id=6163","title":{"rendered":"Besuch Frankreich"},"content":{"rendered":"<h3><span style=\"font-family: comic sans ms, sans-serif; color: #008000;\">Unsere Partnerschule &#8211; \u00e9cole Jean Petit bilingue-\u00a0 INGERSHEIM-Frankreich<br \/>\n<\/span><\/h3>\n<h3><a href=\"https:\/\/www.grundschule-sasbach.de\/wp\/wp-content\/uploads\/2023\/05\/Kinder2.png\"><img loading=\"lazy\" decoding=\"async\" class=\"wp-image-6170 alignright\" src=\"https:\/\/www.grundschule-sasbach.de\/wp\/wp-content\/uploads\/2023\/05\/Kinder2-300x253.png\" alt=\"\" width=\"126\" height=\"106\" srcset=\"https:\/\/www.grundschule-sasbach.de\/wp\/wp-content\/uploads\/2023\/05\/Kinder2-300x253.png 300w, https:\/\/www.grundschule-sasbach.de\/wp\/wp-content\/uploads\/2023\/05\/Kinder2-768x648.png 768w, https:\/\/www.grundschule-sasbach.de\/wp\/wp-content\/uploads\/2023\/05\/Kinder2.png 846w\" sizes=\"auto, (max-width: 126px) 100vw, 126px\" \/><\/a><br \/>\n<span style=\"font-family: comic sans ms, sans-serif; font-size: 12pt;\">Am 5. Mai 2023 war die ganze Schule aus Ingersheim von CP bis CM2 bei uns.<\/span><\/h3>\n<p><span style=\"font-family: comic sans ms, sans-serif;\">Um 9:00 Uhr wurden sie zun\u00e4chst in der Aula der Schule begr\u00fc\u00dft.<\/span><\/p>\n<p><span style=\"font-family: comic sans ms, sans-serif;\">Die Klasse 3 hatte ein Theaterst\u00fcck auf franz\u00f6sisch vorbereitet.<\/span><\/p>\n<p><span style=\"font-family: comic sans ms, sans-serif;\">Mit den Partnern wurde zusammen gebastelt, Ball \u00fcber die Schnur gespielt, Gesellschaftsspiele gemacht,&#8230; <a href=\"https:\/\/www.grundschule-sasbach.de\/wp\/wp-content\/uploads\/2023\/05\/Ball-ueber-Schnur-Team-DF-1-2.jpg\"><img loading=\"lazy\" decoding=\"async\" class=\"alignnone size-medium wp-image-6177\" src=\"https:\/\/www.grundschule-sasbach.de\/wp\/wp-content\/uploads\/2023\/05\/Ball-ueber-Schnur-Team-DF-1-2-300x225.jpg\" alt=\"\" width=\"300\" height=\"225\" srcset=\"https:\/\/www.grundschule-sasbach.de\/wp\/wp-content\/uploads\/2023\/05\/Ball-ueber-Schnur-Team-DF-1-2-300x225.jpg 300w, https:\/\/www.grundschule-sasbach.de\/wp\/wp-content\/uploads\/2023\/05\/Ball-ueber-Schnur-Team-DF-1-2-768x576.jpg 768w, https:\/\/www.grundschule-sasbach.de\/wp\/wp-content\/uploads\/2023\/05\/Ball-ueber-Schnur-Team-DF-1-2.jpg 800w\" sizes=\"auto, (max-width: 300px) 100vw, 300px\" \/><\/a><\/span><\/p>\n<p>&nbsp;<\/p>\n<p><a href=\"https:\/\/www.grundschule-sasbach.de\/wp\/wp-content\/uploads\/2023\/05\/IPads-testen.jpg\"><img loading=\"lazy\" decoding=\"async\" class=\"alignnone size-medium wp-image-6172\" src=\"https:\/\/www.grundschule-sasbach.de\/wp\/wp-content\/uploads\/2023\/05\/IPads-testen-300x225.jpg\" alt=\"\" width=\"300\" height=\"225\" srcset=\"https:\/\/www.grundschule-sasbach.de\/wp\/wp-content\/uploads\/2023\/05\/IPads-testen-300x225.jpg 300w, https:\/\/www.grundschule-sasbach.de\/wp\/wp-content\/uploads\/2023\/05\/IPads-testen-768x576.jpg 768w, https:\/\/www.grundschule-sasbach.de\/wp\/wp-content\/uploads\/2023\/05\/IPads-testen.jpg 800w\" sizes=\"auto, (max-width: 300px) 100vw, 300px\" \/><\/a><\/p>\n<p><span style=\"font-family: comic sans ms, sans-serif;\">Es war f\u00fcr alle\u00a0 ein toller Tag !<\/span><\/p>\n<p><span style=\"font-family: comic sans ms, sans-serif;\"><span style=\"color: #99cc00;\">Sch\u00f6n, dass ihr bei uns wart ! <a href=\"https:\/\/www.grundschule-sasbach.de\/wp\/wp-content\/uploads\/2014\/01\/Schmetterlin_Blume.jpg\"><img loading=\"lazy\" decoding=\"async\" class=\"alignnone wp-image-2415\" src=\"https:\/\/www.grundschule-sasbach.de\/wp\/wp-content\/uploads\/2014\/01\/Schmetterlin_Blume-289x300.jpg\" alt=\"\" width=\"123\" height=\"127\" srcset=\"https:\/\/www.grundschule-sasbach.de\/wp\/wp-content\/uploads\/2014\/01\/Schmetterlin_Blume-289x300.jpg 289w, https:\/\/www.grundschule-sasbach.de\/wp\/wp-content\/uploads\/2014\/01\/Schmetterlin_Blume.jpg 358w\" sizes=\"auto, (max-width: 123px) 100vw, 123px\" \/><\/a> <\/span><a href=\"https:\/\/www.grundschule-sasbach.de\/wp\/wp-content\/uploads\/2023\/05\/Unser-Besuch-aus-Frankreich-und-wir.jpg\"><img loading=\"lazy\" decoding=\"async\" class=\"alignnone wp-image-6173\" src=\"https:\/\/www.grundschule-sasbach.de\/wp\/wp-content\/uploads\/2023\/05\/Unser-Besuch-aus-Frankreich-und-wir-300x144.jpg\" alt=\"\" width=\"409\" height=\"196\" srcset=\"https:\/\/www.grundschule-sasbach.de\/wp\/wp-content\/uploads\/2023\/05\/Unser-Besuch-aus-Frankreich-und-wir-300x144.jpg 300w, https:\/\/www.grundschule-sasbach.de\/wp\/wp-content\/uploads\/2023\/05\/Unser-Besuch-aus-Frankreich-und-wir-768x368.jpg 768w, https:\/\/www.grundschule-sasbach.de\/wp\/wp-content\/uploads\/2023\/05\/Unser-Besuch-aus-Frankreich-und-wir.jpg 783w\" sizes=\"auto, (max-width: 409px) 100vw, 409px\" \/><\/a><\/span><\/p>\n<p>&nbsp;<\/p>\n","protected":false},"excerpt":{"rendered":"<p>Unsere Partnerschule &#8211; \u00e9cole Jean Petit bilingue-\u00a0 INGERSHEIM-Frankreich Am 5. Mai 2023 war die ganze Schule aus Ingersheim von CP bis CM2 bei uns. Um 9:00 Uhr wurden sie zun\u00e4chst in der Aula der Schule begr\u00fc\u00dft. Die Klasse 3 hatte ein Theaterst\u00fcck auf franz\u00f6sisch vorbereitet. Mit den Partnern wurde zusammen gebastelt, Ball \u00fcber die Schnur &hellip; <a href=\"https:\/\/www.grundschule-sasbach.de\/wp\/?page_id=6163\" class=\"more-link\"><span class=\"screen-reader-text\">Besuch Frankreich<\/span> weiterlesen <span class=\"meta-nav\">&rarr;<\/span><\/a><\/p>\n","protected":false},"author":4,"featured_media":0,"parent":5968,"menu_order":8,"comment_status":"closed","ping_status":"closed","template":"","meta":{"footnotes":""},"class_list":["post-6163","page","type-page","status-publish","hentry"],"_links":{"self":[{"href":"https:\/\/www.grundschule-sasbach.de\/wp\/index.php?rest_route=\/wp\/v2\/pages\/6163","targetHints":{"allow":["GET"]}}],"collection":[{"href":"https:\/\/www.grundschule-sasbach.de\/wp\/index.php?rest_route=\/wp\/v2\/pages"}],"about":[{"href":"https:\/\/www.grundschule-sasbach.de\/wp\/index.php?rest_route=\/wp\/v2\/types\/page"}],"author":[{"embeddable":true,"href":"https:\/\/www.grundschule-sasbach.de\/wp\/index.php?rest_route=\/wp\/v2\/users\/4"}],"replies":[{"embeddable":true,"href":"https:\/\/www.grundschule-sasbach.de\/wp\/index.php?rest_route=%2Fwp%2Fv2%2Fcomments&post=6163"}],"version-history":[{"count":7,"href":"https:\/\/www.grundschule-sasbach.de\/wp\/index.php?rest_route=\/wp\/v2\/pages\/6163\/revisions"}],"predecessor-version":[{"id":6178,"href":"https:\/\/www.grundschule-sasbach.de\/wp\/index.php?rest_route=\/wp\/v2\/pages\/6163\/revisions\/6178"}],"up":[{"embeddable":true,"href":"https:\/\/www.grundschule-sasbach.de\/wp\/index.php?rest_route=\/wp\/v2\/pages\/5968"}],"wp:attachment":[{"href":"https:\/\/www.grundschule-sasbach.de\/wp\/index.php?rest_route=%2Fwp%2Fv2%2Fmedia&parent=6163"}],"curies":[{"name":"wp","href":"https:\/\/api.w.org\/{rel}","templated":true}]}}