{"id":6292,"date":"2023-09-21T16:04:24","date_gmt":"2023-09-21T14:04:24","guid":{"rendered":"https:\/\/www.grundschule-sasbach.de\/wp\/?page_id=6292"},"modified":"2024-08-02T12:17:53","modified_gmt":"2024-08-02T10:17:53","slug":"einschulung","status":"publish","type":"page","link":"https:\/\/www.grundschule-sasbach.de\/wp\/?page_id=6292","title":{"rendered":"Einschulung"},"content":{"rendered":"<p><a href=\"https:\/\/www.grundschule-sasbach.de\/wp\/wp-content\/uploads\/2019\/11\/Halle-KInder.jpg\"><img loading=\"lazy\" decoding=\"async\" class=\"size-medium wp-image-4919 alignright\" src=\"https:\/\/www.grundschule-sasbach.de\/wp\/wp-content\/uploads\/2019\/11\/Halle-KInder-300x200.jpg\" alt=\"\" width=\"300\" height=\"200\" srcset=\"https:\/\/www.grundschule-sasbach.de\/wp\/wp-content\/uploads\/2019\/11\/Halle-KInder-300x200.jpg 300w, https:\/\/www.grundschule-sasbach.de\/wp\/wp-content\/uploads\/2019\/11\/Halle-KInder-768x512.jpg 768w, https:\/\/www.grundschule-sasbach.de\/wp\/wp-content\/uploads\/2019\/11\/Halle-KInder.jpg 800w\" sizes=\"auto, (max-width: 300px) 100vw, 300px\" \/><span style=\"color: #3366ff;\"><strong><span style=\"font-family: comic sans ms, sans-serif; font-size: 14pt;\">1. Schultag<\/span><\/strong><\/span><\/a><\/p>\n<p><span style=\"font-family: comic sans ms, sans-serif; font-size: 14pt;\">Die Einschulung am Mittwoch in der 1. Schulwoche war wieder sehr sch\u00f6n.<\/span><\/p>\n<p><span style=\"font-family: comic sans ms, sans-serif; font-size: 14pt;\">Die Schulanf\u00e4nger kamen um 7:45 Uhr mit ihren Eltern zu einer kleinen Begr\u00fc\u00dfungsfeier in die Limburghalle.<\/span><\/p>\n<p><span style=\"font-family: comic sans ms, sans-serif; font-size: 14pt;\">Die 2. Kl\u00e4ssler begr\u00fc\u00dften die Neulinge mit einen gesanglichen &#8222;Herzlich Willkommen&#8220;. Danach wurden die Schulanf\u00e4nger und deren Eltern von Frau Nock begr\u00fc\u00dft und offiziell in die Schulgemeinschaft aufgenommen. <a href=\"https:\/\/www.grundschule-sasbach.de\/wp\/wp-content\/uploads\/2023\/09\/Die-Gaeste.jpg\"><img loading=\"lazy\" decoding=\"async\" class=\"alignnone size-medium wp-image-6296\" src=\"https:\/\/www.grundschule-sasbach.de\/wp\/wp-content\/uploads\/2023\/09\/Die-Gaeste-300x200.jpg\" alt=\"\" width=\"300\" height=\"200\" srcset=\"https:\/\/www.grundschule-sasbach.de\/wp\/wp-content\/uploads\/2023\/09\/Die-Gaeste-300x200.jpg 300w, https:\/\/www.grundschule-sasbach.de\/wp\/wp-content\/uploads\/2023\/09\/Die-Gaeste-768x512.jpg 768w, https:\/\/www.grundschule-sasbach.de\/wp\/wp-content\/uploads\/2023\/09\/Die-Gaeste.jpg 800w\" sizes=\"auto, (max-width: 300px) 100vw, 300px\" \/><\/a> <a href=\"https:\/\/www.grundschule-sasbach.de\/wp\/wp-content\/uploads\/2023\/09\/Herzlich-Wilkommen.jpg\"><img loading=\"lazy\" decoding=\"async\" class=\"alignnone size-medium wp-image-6297\" src=\"https:\/\/www.grundschule-sasbach.de\/wp\/wp-content\/uploads\/2023\/09\/Herzlich-Wilkommen-300x200.jpg\" alt=\"\" width=\"300\" height=\"200\" srcset=\"https:\/\/www.grundschule-sasbach.de\/wp\/wp-content\/uploads\/2023\/09\/Herzlich-Wilkommen-300x200.jpg 300w, https:\/\/www.grundschule-sasbach.de\/wp\/wp-content\/uploads\/2023\/09\/Herzlich-Wilkommen-768x512.jpg 768w, https:\/\/www.grundschule-sasbach.de\/wp\/wp-content\/uploads\/2023\/09\/Herzlich-Wilkommen.jpg 800w\" sizes=\"auto, (max-width: 300px) 100vw, 300px\" \/><\/a> <a href=\"https:\/\/www.grundschule-sasbach.de\/wp\/wp-content\/uploads\/2023\/09\/KLase-2-Swimmy.jpg\"><img loading=\"lazy\" decoding=\"async\" class=\"alignnone size-medium wp-image-6298\" src=\"https:\/\/www.grundschule-sasbach.de\/wp\/wp-content\/uploads\/2023\/09\/KLase-2-Swimmy-300x200.jpg\" alt=\"\" width=\"300\" height=\"200\" srcset=\"https:\/\/www.grundschule-sasbach.de\/wp\/wp-content\/uploads\/2023\/09\/KLase-2-Swimmy-300x200.jpg 300w, https:\/\/www.grundschule-sasbach.de\/wp\/wp-content\/uploads\/2023\/09\/KLase-2-Swimmy-768x512.jpg 768w, https:\/\/www.grundschule-sasbach.de\/wp\/wp-content\/uploads\/2023\/09\/KLase-2-Swimmy.jpg 800w\" sizes=\"auto, (max-width: 300px) 100vw, 300px\" \/><\/a> <a href=\"https:\/\/www.grundschule-sasbach.de\/wp\/wp-content\/uploads\/2023\/09\/Unser-Motto.jpg\"><img loading=\"lazy\" decoding=\"async\" class=\"alignnone size-medium wp-image-6299\" src=\"https:\/\/www.grundschule-sasbach.de\/wp\/wp-content\/uploads\/2023\/09\/Unser-Motto-300x211.jpg\" alt=\"\" width=\"300\" height=\"211\" srcset=\"https:\/\/www.grundschule-sasbach.de\/wp\/wp-content\/uploads\/2023\/09\/Unser-Motto-300x211.jpg 300w, https:\/\/www.grundschule-sasbach.de\/wp\/wp-content\/uploads\/2023\/09\/Unser-Motto-768x540.jpg 768w, https:\/\/www.grundschule-sasbach.de\/wp\/wp-content\/uploads\/2023\/09\/Unser-Motto.jpg 800w\" sizes=\"auto, (max-width: 300px) 100vw, 300px\" \/><\/a><\/span><\/p>\n<p><span style=\"font-family: comic sans ms, sans-serif; font-size: 14pt;\">Das Theaterst\u00fcck &#8222;Swimmy&#8220; wurde von den Kinder der 2. Klasse und von Frau Ehret vorgef\u00fchrt. Es war sehr sch\u00f6n. Dem kleinen Fisch &#8222;Swimmy&#8220; erging es, wie vielleicht manch einem Schulanf\u00e4nger, dem es etwas bange vor dem 1. Schultag war.\u00a0 <\/span><\/p>\n<p><span style=\"font-family: comic sans ms, sans-serif; font-size: 14pt;\">Und das sind unsere neuen Klassen Klasse 1a und 1b<\/span><\/p>\n<p><a href=\"https:\/\/www.grundschule-sasbach.de\/wp\/wp-content\/uploads\/2023\/09\/Klasse-1a-Hauser-Tuer.jpg\"><img loading=\"lazy\" decoding=\"async\" class=\"alignnone size-medium wp-image-6300\" src=\"https:\/\/www.grundschule-sasbach.de\/wp\/wp-content\/uploads\/2023\/09\/Klasse-1a-Hauser-Tuer-300x234.jpg\" alt=\"\" width=\"300\" height=\"234\" srcset=\"https:\/\/www.grundschule-sasbach.de\/wp\/wp-content\/uploads\/2023\/09\/Klasse-1a-Hauser-Tuer-300x234.jpg 300w, https:\/\/www.grundschule-sasbach.de\/wp\/wp-content\/uploads\/2023\/09\/Klasse-1a-Hauser-Tuer-768x598.jpg 768w, https:\/\/www.grundschule-sasbach.de\/wp\/wp-content\/uploads\/2023\/09\/Klasse-1a-Hauser-Tuer.jpg 800w\" sizes=\"auto, (max-width: 300px) 100vw, 300px\" \/><\/a><\/p>\n<p><span style=\"font-family: comic sans ms, sans-serif; font-size: 14pt; color: #3366ff;\">HERZLICH WILLKOMMEN an unser Schule und viel Freude am Lernen&#8230; <a href=\"https:\/\/www.grundschule-sasbach.de\/wp\/wp-content\/uploads\/2018\/10\/Kinder2.png\"><img loading=\"lazy\" decoding=\"async\" class=\"alignnone wp-image-3915\" src=\"https:\/\/www.grundschule-sasbach.de\/wp\/wp-content\/uploads\/2018\/10\/Kinder2-300x253.png\" alt=\"\" width=\"189\" height=\"159\" srcset=\"https:\/\/www.grundschule-sasbach.de\/wp\/wp-content\/uploads\/2018\/10\/Kinder2-300x253.png 300w, https:\/\/www.grundschule-sasbach.de\/wp\/wp-content\/uploads\/2018\/10\/Kinder2-768x648.png 768w, https:\/\/www.grundschule-sasbach.de\/wp\/wp-content\/uploads\/2018\/10\/Kinder2.png 846w\" sizes=\"auto, (max-width: 189px) 100vw, 189px\" \/><\/a><\/span><\/p>\n","protected":false},"excerpt":{"rendered":"<p>1. Schultag Die Einschulung am Mittwoch in der 1. Schulwoche war wieder sehr sch\u00f6n. Die Schulanf\u00e4nger kamen um 7:45 Uhr mit ihren Eltern zu einer kleinen Begr\u00fc\u00dfungsfeier in die Limburghalle. Die 2. Kl\u00e4ssler begr\u00fc\u00dften die Neulinge mit einen gesanglichen &#8222;Herzlich Willkommen&#8220;. Danach wurden die Schulanf\u00e4nger und deren Eltern von Frau Nock begr\u00fc\u00dft und offiziell in &hellip; <a href=\"https:\/\/www.grundschule-sasbach.de\/wp\/?page_id=6292\" class=\"more-link\"><span class=\"screen-reader-text\">Einschulung<\/span> weiterlesen <span class=\"meta-nav\">&rarr;<\/span><\/a><\/p>\n","protected":false},"author":4,"featured_media":0,"parent":6732,"menu_order":1,"comment_status":"closed","ping_status":"closed","template":"","meta":{"footnotes":""},"class_list":["post-6292","page","type-page","status-publish","hentry"],"_links":{"self":[{"href":"https:\/\/www.grundschule-sasbach.de\/wp\/index.php?rest_route=\/wp\/v2\/pages\/6292","targetHints":{"allow":["GET"]}}],"collection":[{"href":"https:\/\/www.grundschule-sasbach.de\/wp\/index.php?rest_route=\/wp\/v2\/pages"}],"about":[{"href":"https:\/\/www.grundschule-sasbach.de\/wp\/index.php?rest_route=\/wp\/v2\/types\/page"}],"author":[{"embeddable":true,"href":"https:\/\/www.grundschule-sasbach.de\/wp\/index.php?rest_route=\/wp\/v2\/users\/4"}],"replies":[{"embeddable":true,"href":"https:\/\/www.grundschule-sasbach.de\/wp\/index.php?rest_route=%2Fwp%2Fv2%2Fcomments&post=6292"}],"version-history":[{"count":4,"href":"https:\/\/www.grundschule-sasbach.de\/wp\/index.php?rest_route=\/wp\/v2\/pages\/6292\/revisions"}],"predecessor-version":[{"id":6301,"href":"https:\/\/www.grundschule-sasbach.de\/wp\/index.php?rest_route=\/wp\/v2\/pages\/6292\/revisions\/6301"}],"up":[{"embeddable":true,"href":"https:\/\/www.grundschule-sasbach.de\/wp\/index.php?rest_route=\/wp\/v2\/pages\/6732"}],"wp:attachment":[{"href":"https:\/\/www.grundschule-sasbach.de\/wp\/index.php?rest_route=%2Fwp%2Fv2%2Fmedia&parent=6292"}],"curies":[{"name":"wp","href":"https:\/\/api.w.org\/{rel}","templated":true}]}}