{"id":6337,"date":"2023-10-25T12:43:45","date_gmt":"2023-10-25T10:43:45","guid":{"rendered":"https:\/\/www.grundschule-sasbach.de\/wp\/?page_id=6337"},"modified":"2024-08-02T12:17:53","modified_gmt":"2024-08-02T10:17:53","slug":"skipping-hearts","status":"publish","type":"page","link":"https:\/\/www.grundschule-sasbach.de\/wp\/?page_id=6337","title":{"rendered":"Skipping Hearts"},"content":{"rendered":"<p>Am 24. Oktober 2023 konnte die Klasse 3 an einem Workshop in &#8222;Rope skipping-Seilspringen&#8220; der Deutschen Herzstiftung teilnehmen.<\/p>\n<p><a href=\"https:\/\/www.grundschule-sasbach.de\/wp\/wp-content\/uploads\/2023\/10\/Plakat.jpg\"><img loading=\"lazy\" decoding=\"async\" class=\"alignnone size-medium wp-image-6339\" src=\"https:\/\/www.grundschule-sasbach.de\/wp\/wp-content\/uploads\/2023\/10\/Plakat-209x300.jpg\" alt=\"\" width=\"209\" height=\"300\" srcset=\"https:\/\/www.grundschule-sasbach.de\/wp\/wp-content\/uploads\/2023\/10\/Plakat-209x300.jpg 209w, https:\/\/www.grundschule-sasbach.de\/wp\/wp-content\/uploads\/2023\/10\/Plakat-714x1024.jpg 714w, https:\/\/www.grundschule-sasbach.de\/wp\/wp-content\/uploads\/2023\/10\/Plakat-768x1101.jpg 768w, https:\/\/www.grundschule-sasbach.de\/wp\/wp-content\/uploads\/2023\/10\/Plakat.jpg 800w\" sizes=\"auto, (max-width: 209px) 100vw, 209px\" \/><\/a><\/p>\n<p><span style=\"font-family: comic sans ms, sans-serif;\">Zuerst wurde in zwei Sportstunden kr\u00e4ftig ge\u00fcbt. Zuerst verschiedene Einzelsp\u00fcnge, <a href=\"https:\/\/www.grundschule-sasbach.de\/wp\/wp-content\/uploads\/2023\/10\/Verschiedene-Spruenge.jpg\"><img loading=\"lazy\" decoding=\"async\" class=\"size-medium wp-image-6341 alignleft\" src=\"https:\/\/www.grundschule-sasbach.de\/wp\/wp-content\/uploads\/2023\/10\/Verschiedene-Spruenge-300x200.jpg\" alt=\"\" width=\"300\" height=\"200\" srcset=\"https:\/\/www.grundschule-sasbach.de\/wp\/wp-content\/uploads\/2023\/10\/Verschiedene-Spruenge-300x200.jpg 300w, https:\/\/www.grundschule-sasbach.de\/wp\/wp-content\/uploads\/2023\/10\/Verschiedene-Spruenge-768x512.jpg 768w, https:\/\/www.grundschule-sasbach.de\/wp\/wp-content\/uploads\/2023\/10\/Verschiedene-Spruenge.jpg 800w\" sizes=\"auto, (max-width: 300px) 100vw, 300px\" \/><\/a>danach Partnerspr\u00fcnge <a href=\"https:\/\/www.grundschule-sasbach.de\/wp\/wp-content\/uploads\/2023\/10\/Partnerspruenge.jpg\"><img loading=\"lazy\" decoding=\"async\" class=\"alignnone size-medium wp-image-6342\" src=\"https:\/\/www.grundschule-sasbach.de\/wp\/wp-content\/uploads\/2023\/10\/Partnerspruenge-300x200.jpg\" alt=\"\" width=\"300\" height=\"200\" srcset=\"https:\/\/www.grundschule-sasbach.de\/wp\/wp-content\/uploads\/2023\/10\/Partnerspruenge-300x200.jpg 300w, https:\/\/www.grundschule-sasbach.de\/wp\/wp-content\/uploads\/2023\/10\/Partnerspruenge-768x512.jpg 768w, https:\/\/www.grundschule-sasbach.de\/wp\/wp-content\/uploads\/2023\/10\/Partnerspruenge.jpg 800w\" sizes=\"auto, (max-width: 300px) 100vw, 300px\" \/><\/a>und zum Schluss Sp\u00fcnge am Langseil.<\/span><\/p>\n<p><span style=\"font-family: comic sans ms, sans-serif;\">Zur sp\u00e4teren Vorf\u00fchrung gabe es dann auch noch Publikum. <a href=\"https:\/\/www.grundschule-sasbach.de\/wp\/wp-content\/uploads\/2023\/10\/Vorfuehrung-mit-Zuschauern.jpg\"><img loading=\"lazy\" decoding=\"async\" class=\"alignnone size-medium wp-image-6344\" src=\"https:\/\/www.grundschule-sasbach.de\/wp\/wp-content\/uploads\/2023\/10\/Vorfuehrung-mit-Zuschauern-300x200.jpg\" alt=\"\" width=\"300\" height=\"200\" srcset=\"https:\/\/www.grundschule-sasbach.de\/wp\/wp-content\/uploads\/2023\/10\/Vorfuehrung-mit-Zuschauern-300x200.jpg 300w, https:\/\/www.grundschule-sasbach.de\/wp\/wp-content\/uploads\/2023\/10\/Vorfuehrung-mit-Zuschauern-768x512.jpg 768w, https:\/\/www.grundschule-sasbach.de\/wp\/wp-content\/uploads\/2023\/10\/Vorfuehrung-mit-Zuschauern.jpg 800w\" sizes=\"auto, (max-width: 300px) 100vw, 300px\" \/><\/a><\/span><\/p>\n<p><span style=\"font-family: comic sans ms, sans-serif;\">Einige Eltern und alle Klassen der Schule waren gekommen. <\/span><\/p>\n<p><span style=\"font-family: comic sans ms, sans-serif;\">Im Anschluss an die Vorf\u00fchrung durften dann alle selbst springen. <a href=\"https:\/\/www.grundschule-sasbach.de\/wp\/wp-content\/uploads\/2023\/10\/Die-ganze-Schule-springt.jpg\"><img loading=\"lazy\" decoding=\"async\" class=\"alignnone size-medium wp-image-6343\" src=\"https:\/\/www.grundschule-sasbach.de\/wp\/wp-content\/uploads\/2023\/10\/Die-ganze-Schule-springt-300x225.jpg\" alt=\"\" width=\"300\" height=\"225\" srcset=\"https:\/\/www.grundschule-sasbach.de\/wp\/wp-content\/uploads\/2023\/10\/Die-ganze-Schule-springt-300x225.jpg 300w, https:\/\/www.grundschule-sasbach.de\/wp\/wp-content\/uploads\/2023\/10\/Die-ganze-Schule-springt-768x576.jpg 768w, https:\/\/www.grundschule-sasbach.de\/wp\/wp-content\/uploads\/2023\/10\/Die-ganze-Schule-springt.jpg 800w\" sizes=\"auto, (max-width: 300px) 100vw, 300px\" \/><\/a><\/span><\/p>\n<h4><span style=\"font-family: comic sans ms, sans-serif; color: #ff0000;\">DANKE an die Deutsche Herzstiftung f\u00fcr das tolle Angebot !<\/span><\/h4>\n<p><span style=\"font-family: comic sans ms, sans-serif;\">Wir springen weiter&#8230;<\/span>.<\/p>\n<p>&nbsp;<\/p>\n","protected":false},"excerpt":{"rendered":"<p>Am 24. Oktober 2023 konnte die Klasse 3 an einem Workshop in &#8222;Rope skipping-Seilspringen&#8220; der Deutschen Herzstiftung teilnehmen. Zuerst wurde in zwei Sportstunden kr\u00e4ftig ge\u00fcbt. Zuerst verschiedene Einzelsp\u00fcnge, danach Partnerspr\u00fcnge und zum Schluss Sp\u00fcnge am Langseil. Zur sp\u00e4teren Vorf\u00fchrung gabe es dann auch noch Publikum. Einige Eltern und alle Klassen der Schule waren gekommen. Im &hellip; <a href=\"https:\/\/www.grundschule-sasbach.de\/wp\/?page_id=6337\" class=\"more-link\"><span class=\"screen-reader-text\">Skipping Hearts<\/span> weiterlesen <span class=\"meta-nav\">&rarr;<\/span><\/a><\/p>\n","protected":false},"author":4,"featured_media":0,"parent":6732,"menu_order":4,"comment_status":"closed","ping_status":"closed","template":"","meta":{"footnotes":""},"class_list":["post-6337","page","type-page","status-publish","hentry"],"_links":{"self":[{"href":"https:\/\/www.grundschule-sasbach.de\/wp\/index.php?rest_route=\/wp\/v2\/pages\/6337","targetHints":{"allow":["GET"]}}],"collection":[{"href":"https:\/\/www.grundschule-sasbach.de\/wp\/index.php?rest_route=\/wp\/v2\/pages"}],"about":[{"href":"https:\/\/www.grundschule-sasbach.de\/wp\/index.php?rest_route=\/wp\/v2\/types\/page"}],"author":[{"embeddable":true,"href":"https:\/\/www.grundschule-sasbach.de\/wp\/index.php?rest_route=\/wp\/v2\/users\/4"}],"replies":[{"embeddable":true,"href":"https:\/\/www.grundschule-sasbach.de\/wp\/index.php?rest_route=%2Fwp%2Fv2%2Fcomments&post=6337"}],"version-history":[{"count":6,"href":"https:\/\/www.grundschule-sasbach.de\/wp\/index.php?rest_route=\/wp\/v2\/pages\/6337\/revisions"}],"predecessor-version":[{"id":6340,"href":"https:\/\/www.grundschule-sasbach.de\/wp\/index.php?rest_route=\/wp\/v2\/pages\/6337\/revisions\/6340"}],"up":[{"embeddable":true,"href":"https:\/\/www.grundschule-sasbach.de\/wp\/index.php?rest_route=\/wp\/v2\/pages\/6732"}],"wp:attachment":[{"href":"https:\/\/www.grundschule-sasbach.de\/wp\/index.php?rest_route=%2Fwp%2Fv2%2Fmedia&parent=6337"}],"curies":[{"name":"wp","href":"https:\/\/api.w.org\/{rel}","templated":true}]}}