{"id":6440,"date":"2024-01-30T14:44:04","date_gmt":"2024-01-30T12:44:04","guid":{"rendered":"https:\/\/www.grundschule-sasbach.de\/wp\/?page_id=6440"},"modified":"2024-08-02T12:17:53","modified_gmt":"2024-08-02T10:17:53","slug":"stadttheater-fr","status":"publish","type":"page","link":"https:\/\/www.grundschule-sasbach.de\/wp\/?page_id=6440","title":{"rendered":"Stadttheater FR"},"content":{"rendered":"<h3><span style=\"color: #33cccc;\">Die Sch\u00f6ne und das Biest<\/span><\/h3>\n<p><span style=\"font-family: comic sans ms, sans-serif;\">Am 30. Januar 2024 konnten wir wieder einmal ins Stadttheater nach Freiburg fahren. <a href=\"https:\/\/www.grundschule-sasbach.de\/wp\/wp-content\/uploads\/2024\/01\/Es-geht-los.jpg\"><img loading=\"lazy\" decoding=\"async\" class=\"size-medium wp-image-6441 alignleft\" src=\"https:\/\/www.grundschule-sasbach.de\/wp\/wp-content\/uploads\/2024\/01\/Es-geht-los-300x225.jpg\" alt=\"\" width=\"300\" height=\"225\" srcset=\"https:\/\/www.grundschule-sasbach.de\/wp\/wp-content\/uploads\/2024\/01\/Es-geht-los-300x225.jpg 300w, https:\/\/www.grundschule-sasbach.de\/wp\/wp-content\/uploads\/2024\/01\/Es-geht-los-768x576.jpg 768w, https:\/\/www.grundschule-sasbach.de\/wp\/wp-content\/uploads\/2024\/01\/Es-geht-los.jpg 800w\" sizes=\"auto, (max-width: 300px) 100vw, 300px\" \/><\/a><\/span><\/p>\n<p><span style=\"font-family: comic sans ms, sans-serif;\">Im Gro\u00dfen Haus konnten wir uns die &#8222;Sch\u00f6ne und das Biest&#8220; anschauen. <\/span><\/p>\n<p><a href=\"https:\/\/www.grundschule-sasbach.de\/wp\/wp-content\/uploads\/2024\/01\/Vor-dem-Stadttheater-Grosses-Haus.jpg\"><img loading=\"lazy\" decoding=\"async\" class=\"size-medium wp-image-6442 alignnone\" src=\"https:\/\/www.grundschule-sasbach.de\/wp\/wp-content\/uploads\/2024\/01\/Vor-dem-Stadttheater-Grosses-Haus-225x300.jpg\" alt=\"\" width=\"225\" height=\"300\" srcset=\"https:\/\/www.grundschule-sasbach.de\/wp\/wp-content\/uploads\/2024\/01\/Vor-dem-Stadttheater-Grosses-Haus-225x300.jpg 225w, https:\/\/www.grundschule-sasbach.de\/wp\/wp-content\/uploads\/2024\/01\/Vor-dem-Stadttheater-Grosses-Haus-768x1023.jpg 768w, https:\/\/www.grundschule-sasbach.de\/wp\/wp-content\/uploads\/2024\/01\/Vor-dem-Stadttheater-Grosses-Haus.jpg 800w\" sizes=\"auto, (max-width: 225px) 100vw, 225px\" \/><\/a><\/p>\n<p><span style=\"font-family: comic sans ms, sans-serif;\"><a href=\"https:\/\/www.grundschule-sasbach.de\/wp\/wp-content\/uploads\/2024\/01\/Die-Schoene-und-das-Biest.jpg\"><img loading=\"lazy\" decoding=\"async\" class=\"size-medium wp-image-6443 alignleft\" src=\"https:\/\/www.grundschule-sasbach.de\/wp\/wp-content\/uploads\/2024\/01\/Die-Schoene-und-das-Biest-300x225.jpg\" alt=\"\" width=\"300\" height=\"225\" srcset=\"https:\/\/www.grundschule-sasbach.de\/wp\/wp-content\/uploads\/2024\/01\/Die-Schoene-und-das-Biest-300x225.jpg 300w, https:\/\/www.grundschule-sasbach.de\/wp\/wp-content\/uploads\/2024\/01\/Die-Schoene-und-das-Biest-768x576.jpg 768w, https:\/\/www.grundschule-sasbach.de\/wp\/wp-content\/uploads\/2024\/01\/Die-Schoene-und-das-Biest.jpg 800w\" sizes=\"auto, (max-width: 300px) 100vw, 300px\" \/><\/a>Es war ein sch\u00f6ner Tag f\u00fcr Klein und Gro\u00df&#8230; <a href=\"https:\/\/www.grundschule-sasbach.de\/wp\/wp-content\/uploads\/2023\/05\/Kinder2.png\"><img loading=\"lazy\" decoding=\"async\" class=\"wp-image-6170 alignright\" src=\"https:\/\/www.grundschule-sasbach.de\/wp\/wp-content\/uploads\/2023\/05\/Kinder2-300x253.png\" alt=\"\" width=\"138\" height=\"116\" srcset=\"https:\/\/www.grundschule-sasbach.de\/wp\/wp-content\/uploads\/2023\/05\/Kinder2-300x253.png 300w, https:\/\/www.grundschule-sasbach.de\/wp\/wp-content\/uploads\/2023\/05\/Kinder2-768x648.png 768w, https:\/\/www.grundschule-sasbach.de\/wp\/wp-content\/uploads\/2023\/05\/Kinder2.png 846w\" sizes=\"auto, (max-width: 138px) 100vw, 138px\" \/><\/a><br \/>\n<\/span><\/p>\n<p>&nbsp;<\/p>\n","protected":false},"excerpt":{"rendered":"<p>Die Sch\u00f6ne und das Biest Am 30. Januar 2024 konnten wir wieder einmal ins Stadttheater nach Freiburg fahren. Im Gro\u00dfen Haus konnten wir uns die &#8222;Sch\u00f6ne und das Biest&#8220; anschauen. Es war ein sch\u00f6ner Tag f\u00fcr Klein und Gro\u00df&#8230; &nbsp;<\/p>\n","protected":false},"author":4,"featured_media":0,"parent":6732,"menu_order":8,"comment_status":"closed","ping_status":"closed","template":"","meta":{"footnotes":""},"class_list":["post-6440","page","type-page","status-publish","hentry"],"_links":{"self":[{"href":"https:\/\/www.grundschule-sasbach.de\/wp\/index.php?rest_route=\/wp\/v2\/pages\/6440","targetHints":{"allow":["GET"]}}],"collection":[{"href":"https:\/\/www.grundschule-sasbach.de\/wp\/index.php?rest_route=\/wp\/v2\/pages"}],"about":[{"href":"https:\/\/www.grundschule-sasbach.de\/wp\/index.php?rest_route=\/wp\/v2\/types\/page"}],"author":[{"embeddable":true,"href":"https:\/\/www.grundschule-sasbach.de\/wp\/index.php?rest_route=\/wp\/v2\/users\/4"}],"replies":[{"embeddable":true,"href":"https:\/\/www.grundschule-sasbach.de\/wp\/index.php?rest_route=%2Fwp%2Fv2%2Fcomments&post=6440"}],"version-history":[{"count":3,"href":"https:\/\/www.grundschule-sasbach.de\/wp\/index.php?rest_route=\/wp\/v2\/pages\/6440\/revisions"}],"predecessor-version":[{"id":6446,"href":"https:\/\/www.grundschule-sasbach.de\/wp\/index.php?rest_route=\/wp\/v2\/pages\/6440\/revisions\/6446"}],"up":[{"embeddable":true,"href":"https:\/\/www.grundschule-sasbach.de\/wp\/index.php?rest_route=\/wp\/v2\/pages\/6732"}],"wp:attachment":[{"href":"https:\/\/www.grundschule-sasbach.de\/wp\/index.php?rest_route=%2Fwp%2Fv2%2Fmedia&parent=6440"}],"curies":[{"name":"wp","href":"https:\/\/api.w.org\/{rel}","templated":true}]}}