{"id":6448,"date":"2024-02-07T16:53:54","date_gmt":"2024-02-07T14:53:54","guid":{"rendered":"https:\/\/www.grundschule-sasbach.de\/wp\/?page_id=6448"},"modified":"2024-08-02T12:17:53","modified_gmt":"2024-08-02T10:17:53","slug":"lesetage","status":"publish","type":"page","link":"https:\/\/www.grundschule-sasbach.de\/wp\/?page_id=6448","title":{"rendered":"Lesetage"},"content":{"rendered":"<h3><span style=\"font-family: comic sans ms, sans-serif; color: #800080;\">&#8222;Lesen hei\u00dft auf Wolken fliegen&#8230;&#8220; <\/span><\/h3>\n<h4><span style=\"font-family: comic sans ms, sans-serif; color: #993366;\">Vom 5.-7. Februar fanden bei uns die Lesetage statt.<\/span><\/h4>\n<p><span style=\"font-family: comic sans ms, sans-serif;\"><strong>Lesefreude bei Kindern wecken !<\/strong><\/span><\/p>\n<p><span style=\"font-family: comic sans ms, sans-serif;\">Lesen gilt als <strong>Schl\u00fcsselkompetenz f\u00fcr den Schulerfolg<\/strong>. Lesen schult das Einf\u00fchlungsverm\u00f6gen, das kritische Denken, die Fantasie und die Vorstellungskraft.<\/span><span style=\"font-family: comic sans ms, sans-serif;\">Lesen beeinflusst den Lebensweg der Kinder auf positive Weise. <\/span><span style=\"font-family: comic sans ms, sans-serif;\">An den <strong>Lesetagen<\/strong> wollen wir versuchen, die Lesefreude der Kinder zu wecken.<\/span><\/p>\n<p><span style=\"font-family: comic sans ms, sans-serif;\"><span style=\"color: #993366; font-size: 14pt;\">Am Montag<\/span> wurde in den Klassen gelesen.<\/span><\/p>\n<p><span style=\"font-family: comic sans ms, sans-serif;\"><span style=\"color: #993366; font-size: 14pt;\"> Am Dienstag<\/span> fand dann auch noch der Lesewettbewerb statt. Die Kinder haben toll vorgelesen<\/span> <a href=\"https:\/\/www.grundschule-sasbach.de\/wp\/wp-content\/uploads\/2024\/02\/Unsere-Vorleser.jpg\"><img loading=\"lazy\" decoding=\"async\" class=\"size-medium wp-image-6458 alignright\" src=\"https:\/\/www.grundschule-sasbach.de\/wp\/wp-content\/uploads\/2024\/02\/Unsere-Vorleser-300x225.jpg\" alt=\"\" width=\"300\" height=\"225\" srcset=\"https:\/\/www.grundschule-sasbach.de\/wp\/wp-content\/uploads\/2024\/02\/Unsere-Vorleser-300x225.jpg 300w, https:\/\/www.grundschule-sasbach.de\/wp\/wp-content\/uploads\/2024\/02\/Unsere-Vorleser-768x576.jpg 768w, https:\/\/www.grundschule-sasbach.de\/wp\/wp-content\/uploads\/2024\/02\/Unsere-Vorleser.jpg 800w\" sizes=\"auto, (max-width: 300px) 100vw, 300px\" \/><\/a><a href=\"https:\/\/www.grundschule-sasbach.de\/wp\/wp-content\/uploads\/2024\/02\/Dazwischen-Bewegung.jpg\"><img loading=\"lazy\" decoding=\"async\" class=\"size-medium wp-image-6456 alignleft\" src=\"https:\/\/www.grundschule-sasbach.de\/wp\/wp-content\/uploads\/2024\/02\/Dazwischen-Bewegung-300x225.jpg\" alt=\"\" width=\"300\" height=\"225\" srcset=\"https:\/\/www.grundschule-sasbach.de\/wp\/wp-content\/uploads\/2024\/02\/Dazwischen-Bewegung-300x225.jpg 300w, https:\/\/www.grundschule-sasbach.de\/wp\/wp-content\/uploads\/2024\/02\/Dazwischen-Bewegung-768x576.jpg 768w, https:\/\/www.grundschule-sasbach.de\/wp\/wp-content\/uploads\/2024\/02\/Dazwischen-Bewegung.jpg 800w\" sizes=\"auto, (max-width: 300px) 100vw, 300px\" \/><\/a> <span style=\"font-size: 12pt; font-family: comic sans ms, sans-serif;\">und zwischendurch gab es auch ein bisschen Bewegung.<\/span><\/p>\n<p>&nbsp;<\/p>\n<p>&nbsp;<\/p>\n<p>&nbsp;<\/p>\n<p>&nbsp;<\/p>\n<p><span style=\"font-family: comic sans ms, sans-serif;\">Das sind unsere Gewinner vom Lesewettbewerb: <\/span><\/p>\n<p><span style=\"font-family: comic sans ms, sans-serif;\"><a href=\"https:\/\/www.grundschule-sasbach.de\/wp\/wp-content\/uploads\/2024\/02\/Unsere-Lesewettbewerb-Gewinner.jpg\">Herzlichen Glk\u00fcckwunsch ! Ihr seid tolle Leser ! <\/a><a href=\"https:\/\/www.grundschule-sasbach.de\/wp\/wp-content\/uploads\/2023\/05\/Kinder2.png\"><img loading=\"lazy\" decoding=\"async\" class=\"wp-image-6170 alignright\" src=\"https:\/\/www.grundschule-sasbach.de\/wp\/wp-content\/uploads\/2023\/05\/Kinder2-300x253.png\" alt=\"\" width=\"146\" height=\"123\" srcset=\"https:\/\/www.grundschule-sasbach.de\/wp\/wp-content\/uploads\/2023\/05\/Kinder2-300x253.png 300w, https:\/\/www.grundschule-sasbach.de\/wp\/wp-content\/uploads\/2023\/05\/Kinder2-768x648.png 768w, https:\/\/www.grundschule-sasbach.de\/wp\/wp-content\/uploads\/2023\/05\/Kinder2.png 846w\" sizes=\"auto, (max-width: 146px) 100vw, 146px\" \/><\/a><a href=\"https:\/\/www.grundschule-sasbach.de\/wp\/wp-content\/uploads\/2024\/02\/Unsere-Lesewettbewerb-Gewinner.jpg\"><img loading=\"lazy\" decoding=\"async\" class=\"alignnone size-medium wp-image-6457\" src=\"https:\/\/www.grundschule-sasbach.de\/wp\/wp-content\/uploads\/2024\/02\/Unsere-Lesewettbewerb-Gewinner-300x224.jpg\" alt=\"\" width=\"300\" height=\"224\" srcset=\"https:\/\/www.grundschule-sasbach.de\/wp\/wp-content\/uploads\/2024\/02\/Unsere-Lesewettbewerb-Gewinner-300x224.jpg 300w, https:\/\/www.grundschule-sasbach.de\/wp\/wp-content\/uploads\/2024\/02\/Unsere-Lesewettbewerb-Gewinner.jpg 673w\" sizes=\"auto, (max-width: 300px) 100vw, 300px\" \/><\/a><\/span><\/p>\n<p><span style=\"font-family: comic sans ms, sans-serif;\">Am Mittwoch war zuerst unsere Buchtauschb\u00f6rse und <\/span><\/p>\n<p><span style=\"font-family: comic sans ms, sans-serif;\"><a href=\"https:\/\/www.grundschule-sasbach.de\/wp\/wp-content\/uploads\/2024\/02\/Die-Tauschboerse.jpg\"><img loading=\"lazy\" decoding=\"async\" class=\"alignnone size-medium wp-image-6462\" src=\"https:\/\/www.grundschule-sasbach.de\/wp\/wp-content\/uploads\/2024\/02\/Die-Tauschboerse-300x225.jpg\" alt=\"\" width=\"300\" height=\"225\" srcset=\"https:\/\/www.grundschule-sasbach.de\/wp\/wp-content\/uploads\/2024\/02\/Die-Tauschboerse-300x225.jpg 300w, https:\/\/www.grundschule-sasbach.de\/wp\/wp-content\/uploads\/2024\/02\/Die-Tauschboerse-768x576.jpg 768w, https:\/\/www.grundschule-sasbach.de\/wp\/wp-content\/uploads\/2024\/02\/Die-Tauschboerse.jpg 800w\" sizes=\"auto, (max-width: 300px) 100vw, 300px\" \/><\/a><a href=\"https:\/\/www.grundschule-sasbach.de\/wp\/wp-content\/uploads\/2024\/02\/Tauschboerse-Klasse-2.jpg\"><img loading=\"lazy\" decoding=\"async\" class=\"alignnone size-medium wp-image-6465\" src=\"https:\/\/www.grundschule-sasbach.de\/wp\/wp-content\/uploads\/2024\/02\/Tauschboerse-Klasse-2-300x225.jpg\" alt=\"\" width=\"300\" height=\"225\" srcset=\"https:\/\/www.grundschule-sasbach.de\/wp\/wp-content\/uploads\/2024\/02\/Tauschboerse-Klasse-2-300x225.jpg 300w, https:\/\/www.grundschule-sasbach.de\/wp\/wp-content\/uploads\/2024\/02\/Tauschboerse-Klasse-2-768x576.jpg 768w, https:\/\/www.grundschule-sasbach.de\/wp\/wp-content\/uploads\/2024\/02\/Tauschboerse-Klasse-2.jpg 800w\" sizes=\"auto, (max-width: 300px) 100vw, 300px\" \/><\/a><a href=\"https:\/\/www.grundschule-sasbach.de\/wp\/wp-content\/uploads\/2024\/02\/Es-wird-gelesen-Klasse-4.jpg\"><img loading=\"lazy\" decoding=\"async\" class=\"alignnone size-medium wp-image-6464\" src=\"https:\/\/www.grundschule-sasbach.de\/wp\/wp-content\/uploads\/2024\/02\/Es-wird-gelesen-Klasse-4-300x225.jpg\" alt=\"\" width=\"300\" height=\"225\" srcset=\"https:\/\/www.grundschule-sasbach.de\/wp\/wp-content\/uploads\/2024\/02\/Es-wird-gelesen-Klasse-4-300x225.jpg 300w, https:\/\/www.grundschule-sasbach.de\/wp\/wp-content\/uploads\/2024\/02\/Es-wird-gelesen-Klasse-4-768x576.jpg 768w, https:\/\/www.grundschule-sasbach.de\/wp\/wp-content\/uploads\/2024\/02\/Es-wird-gelesen-Klasse-4.jpg 800w\" sizes=\"auto, (max-width: 300px) 100vw, 300px\" \/><\/a><a href=\"https:\/\/www.grundschule-sasbach.de\/wp\/wp-content\/uploads\/2024\/02\/Es-wird-gelesen-Klasse-2.jpg\"><img loading=\"lazy\" decoding=\"async\" class=\"alignnone size-medium wp-image-6463\" src=\"https:\/\/www.grundschule-sasbach.de\/wp\/wp-content\/uploads\/2024\/02\/Es-wird-gelesen-Klasse-2-300x225.jpg\" alt=\"\" width=\"300\" height=\"225\" srcset=\"https:\/\/www.grundschule-sasbach.de\/wp\/wp-content\/uploads\/2024\/02\/Es-wird-gelesen-Klasse-2-300x225.jpg 300w, https:\/\/www.grundschule-sasbach.de\/wp\/wp-content\/uploads\/2024\/02\/Es-wird-gelesen-Klasse-2-768x576.jpg 768w, https:\/\/www.grundschule-sasbach.de\/wp\/wp-content\/uploads\/2024\/02\/Es-wird-gelesen-Klasse-2.jpg 800w\" sizes=\"auto, (max-width: 300px) 100vw, 300px\" \/><\/a><br \/>\n<\/span><\/p>\n<p><span style=\"font-family: comic sans ms, sans-serif;\">danach kamen die Lesepaten. Daf\u00fcr konnten wir die B\u00fcrgermeister Herr Kietz (Riegel), Herr Metz (Endingen) und Herr Scheiding aus Sasbach, Frau Volk und Frau Hauser gewinnen.<\/span><\/p>\n<p><span style=\"font-family: comic sans ms, sans-serif;\"><span style=\"font-size: 14pt; color: #993366;\"> Sch\u00f6n, dass Sie da waren&#8230; DANKE !<\/span> <a href=\"https:\/\/www.grundschule-sasbach.de\/wp\/wp-content\/uploads\/2020\/07\/Kinder_Blume.jpg\"><img loading=\"lazy\" decoding=\"async\" class=\"wp-image-5351 alignright\" src=\"https:\/\/www.grundschule-sasbach.de\/wp\/wp-content\/uploads\/2020\/07\/Kinder_Blume-300x193.jpg\" alt=\"\" width=\"166\" height=\"107\" srcset=\"https:\/\/www.grundschule-sasbach.de\/wp\/wp-content\/uploads\/2020\/07\/Kinder_Blume-300x193.jpg 300w, https:\/\/www.grundschule-sasbach.de\/wp\/wp-content\/uploads\/2020\/07\/Kinder_Blume-768x493.jpg 768w, https:\/\/www.grundschule-sasbach.de\/wp\/wp-content\/uploads\/2020\/07\/Kinder_Blume.jpg 822w\" sizes=\"auto, (max-width: 166px) 100vw, 166px\" \/><\/a><\/span><\/p>\n<p><a href=\"https:\/\/www.grundschule-sasbach.de\/wp\/wp-content\/uploads\/2024\/02\/Unsere-Lesepaten-BMs.jpg\"><img loading=\"lazy\" decoding=\"async\" class=\"alignnone size-medium wp-image-6460\" src=\"https:\/\/www.grundschule-sasbach.de\/wp\/wp-content\/uploads\/2024\/02\/Unsere-Lesepaten-BMs-225x300.jpg\" alt=\"\" width=\"225\" height=\"300\" srcset=\"https:\/\/www.grundschule-sasbach.de\/wp\/wp-content\/uploads\/2024\/02\/Unsere-Lesepaten-BMs-225x300.jpg 225w, https:\/\/www.grundschule-sasbach.de\/wp\/wp-content\/uploads\/2024\/02\/Unsere-Lesepaten-BMs-768x1023.jpg 768w, https:\/\/www.grundschule-sasbach.de\/wp\/wp-content\/uploads\/2024\/02\/Unsere-Lesepaten-BMs.jpg 800w\" sizes=\"auto, (max-width: 225px) 100vw, 225px\" \/><\/a><\/p>\n","protected":false},"excerpt":{"rendered":"<p>&#8222;Lesen hei\u00dft auf Wolken fliegen&#8230;&#8220; Vom 5.-7. Februar fanden bei uns die Lesetage statt. Lesefreude bei Kindern wecken ! Lesen gilt als Schl\u00fcsselkompetenz f\u00fcr den Schulerfolg. Lesen schult das Einf\u00fchlungsverm\u00f6gen, das kritische Denken, die Fantasie und die Vorstellungskraft.Lesen beeinflusst den Lebensweg der Kinder auf positive Weise. An den Lesetagen wollen wir versuchen, die Lesefreude der &hellip; <a href=\"https:\/\/www.grundschule-sasbach.de\/wp\/?page_id=6448\" class=\"more-link\"><span class=\"screen-reader-text\">Lesetage<\/span> weiterlesen <span class=\"meta-nav\">&rarr;<\/span><\/a><\/p>\n","protected":false},"author":4,"featured_media":0,"parent":6732,"menu_order":9,"comment_status":"closed","ping_status":"closed","template":"","meta":{"footnotes":""},"class_list":["post-6448","page","type-page","status-publish","hentry"],"_links":{"self":[{"href":"https:\/\/www.grundschule-sasbach.de\/wp\/index.php?rest_route=\/wp\/v2\/pages\/6448","targetHints":{"allow":["GET"]}}],"collection":[{"href":"https:\/\/www.grundschule-sasbach.de\/wp\/index.php?rest_route=\/wp\/v2\/pages"}],"about":[{"href":"https:\/\/www.grundschule-sasbach.de\/wp\/index.php?rest_route=\/wp\/v2\/types\/page"}],"author":[{"embeddable":true,"href":"https:\/\/www.grundschule-sasbach.de\/wp\/index.php?rest_route=\/wp\/v2\/users\/4"}],"replies":[{"embeddable":true,"href":"https:\/\/www.grundschule-sasbach.de\/wp\/index.php?rest_route=%2Fwp%2Fv2%2Fcomments&post=6448"}],"version-history":[{"count":8,"href":"https:\/\/www.grundschule-sasbach.de\/wp\/index.php?rest_route=\/wp\/v2\/pages\/6448\/revisions"}],"predecessor-version":[{"id":6552,"href":"https:\/\/www.grundschule-sasbach.de\/wp\/index.php?rest_route=\/wp\/v2\/pages\/6448\/revisions\/6552"}],"up":[{"embeddable":true,"href":"https:\/\/www.grundschule-sasbach.de\/wp\/index.php?rest_route=\/wp\/v2\/pages\/6732"}],"wp:attachment":[{"href":"https:\/\/www.grundschule-sasbach.de\/wp\/index.php?rest_route=%2Fwp%2Fv2%2Fmedia&parent=6448"}],"curies":[{"name":"wp","href":"https:\/\/api.w.org\/{rel}","templated":true}]}}