{"id":6528,"date":"2024-03-04T12:11:27","date_gmt":"2024-03-04T10:11:27","guid":{"rendered":"https:\/\/www.grundschule-sasbach.de\/wp\/?page_id=6528"},"modified":"2025-11-12T13:54:26","modified_gmt":"2025-11-12T11:54:26","slug":"farhplan-sweg","status":"publish","type":"page","link":"https:\/\/www.grundschule-sasbach.de\/wp\/?page_id=6528","title":{"rendered":"Fahrplan-3.Kind Regelung"},"content":{"rendered":"<a href=\"https:\/\/www.grundschule-sasbach.de\/wp\/wp-content\/uploads\/2025\/09\/FAHRPLAN-2025-2026.pdf\" class=\"pdfemb-viewer\" style=\"\" data-width=\"max\" data-height=\"max\" data-toolbar=\"bottom\" data-toolbar-fixed=\"off\">FAHRPLAN 2025-2026<\/a>\n<p><strong>Bezuschussung des Deutschland-Tickets JugendBW ab dem dritten Kind<\/strong><\/p>\n<p>In der Gemeinderatssitzung vom 22. Oktober 2025 wurde beschlossen, dass die Kosten f\u00fcr das Deutschland-Ticket JugendBW ab dem dritten Kind von der Gemeinde \u00fcbernommen werden.<\/p>\n<p>Diese Unterst\u00fctzung gilt f\u00fcr Kinder, die die Rheinauen-Grundschule besuchen und in Jechtingen oder Leiselheim wohnen.<\/p>\n<p>Die Regelung tritt ab dem Schuljahr 2025\/2026 in Kraft und gilt grunds\u00e4tzlich auch f\u00fcr die Folgejahre, sofern keine anderweitige F\u00f6rderung durch den Landkreis besteht.<\/p>\n<p>Eine Antragstellung ist ab September 2025 m\u00f6glich. Die Auszahlung erfolgt am Ende des Schuljahres, unter Vorlage von Nachweisen (z.B. Zahlungsbeleg, Kontoauszug etc.). Die monatlichen Zahlungsnachweise sind bis zum 14.08.2026 im Rathaus\/Grundschule vorzulegen.<\/p>\n<a href=\"https:\/\/www.grundschule-sasbach.de\/wp\/wp-content\/uploads\/2025\/11\/Antrag-auf-Zuschussuebernahme-neu.pdf\" class=\"pdfemb-viewer\" style=\"\" data-width=\"max\" data-height=\"max\" data-toolbar=\"bottom\" data-toolbar-fixed=\"off\">Antrag auf Zuschuss\u00fcbernahme neu<\/a>\n<p>Formular zum Ausdrucken:<a href=\"https:\/\/www.grundschule-sasbach.de\/wp\/wp-content\/uploads\/2025\/11\/Antrag-auf-Zuschussuebernahme-neu.pdf\" target=\"_blank\" rel=\"noopener\"> Antrag 3. Kind<\/a><\/p>\n<p>Falls Sie weitere Fragen haben, wende Sie sich an Frau Felchner unter der Tel. 07642\/910123 oder bei der Rheinauen-Grundschule unter der Tel. 07642\/9078650.<\/p>\n","protected":false},"excerpt":{"rendered":"<p>Bezuschussung des Deutschland-Tickets JugendBW ab dem dritten Kind In der Gemeinderatssitzung vom 22. Oktober 2025 wurde beschlossen, dass die Kosten f\u00fcr das Deutschland-Ticket JugendBW ab dem dritten Kind von der Gemeinde \u00fcbernommen werden. Diese Unterst\u00fctzung gilt f\u00fcr Kinder, die die Rheinauen-Grundschule besuchen und in Jechtingen oder Leiselheim wohnen. Die Regelung tritt ab dem Schuljahr 2025\/2026 &hellip; <a href=\"https:\/\/www.grundschule-sasbach.de\/wp\/?page_id=6528\" class=\"more-link\"><span class=\"screen-reader-text\">Fahrplan-3.Kind Regelung<\/span> weiterlesen <span class=\"meta-nav\">&rarr;<\/span><\/a><\/p>\n","protected":false},"author":4,"featured_media":0,"parent":5922,"menu_order":2,"comment_status":"closed","ping_status":"closed","template":"","meta":{"footnotes":""},"class_list":["post-6528","page","type-page","status-publish","hentry"],"_links":{"self":[{"href":"https:\/\/www.grundschule-sasbach.de\/wp\/index.php?rest_route=\/wp\/v2\/pages\/6528","targetHints":{"allow":["GET"]}}],"collection":[{"href":"https:\/\/www.grundschule-sasbach.de\/wp\/index.php?rest_route=\/wp\/v2\/pages"}],"about":[{"href":"https:\/\/www.grundschule-sasbach.de\/wp\/index.php?rest_route=\/wp\/v2\/types\/page"}],"author":[{"embeddable":true,"href":"https:\/\/www.grundschule-sasbach.de\/wp\/index.php?rest_route=\/wp\/v2\/users\/4"}],"replies":[{"embeddable":true,"href":"https:\/\/www.grundschule-sasbach.de\/wp\/index.php?rest_route=%2Fwp%2Fv2%2Fcomments&post=6528"}],"version-history":[{"count":19,"href":"https:\/\/www.grundschule-sasbach.de\/wp\/index.php?rest_route=\/wp\/v2\/pages\/6528\/revisions"}],"predecessor-version":[{"id":7359,"href":"https:\/\/www.grundschule-sasbach.de\/wp\/index.php?rest_route=\/wp\/v2\/pages\/6528\/revisions\/7359"}],"up":[{"embeddable":true,"href":"https:\/\/www.grundschule-sasbach.de\/wp\/index.php?rest_route=\/wp\/v2\/pages\/5922"}],"wp:attachment":[{"href":"https:\/\/www.grundschule-sasbach.de\/wp\/index.php?rest_route=%2Fwp%2Fv2%2Fmedia&parent=6528"}],"curies":[{"name":"wp","href":"https:\/\/api.w.org\/{rel}","templated":true}]}}