{"id":6538,"date":"2024-03-04T12:22:18","date_gmt":"2024-03-04T10:22:18","guid":{"rendered":"https:\/\/www.grundschule-sasbach.de\/wp\/?page_id=6538"},"modified":"2024-08-02T12:17:53","modified_gmt":"2024-08-02T10:17:53","slug":"lehrerausflug","status":"publish","type":"page","link":"https:\/\/www.grundschule-sasbach.de\/wp\/?page_id=6538","title":{"rendered":"Lehrerausflug"},"content":{"rendered":"<h3><span style=\"color: #ff0000;\">Lehrerausflug nach Freiburg<\/span><\/h3>\n<p>Am 1. M\u00e4rz 2024 fuhren wir gemeinam, Lehrer und Betreuungspersonal, nach Freiburg zu:<\/p>\n<p><span style=\"font-family: comic sans ms, sans-serif; font-size: 12pt;\">Wilhelm Hasemann und die Erfindung des Schwarzwalds im <\/span><span style=\"font-family: comic sans ms, sans-serif; font-size: 12pt;\">Augustinermuseum<\/span><\/p>\n<p id=\"anker1972988\" class=\"basecontent-line-break-text\"><span style=\"font-family: comic sans ms, sans-serif; font-size: 12pt;\">Mit den Gem\u00e4lden, Illustrationen und Postkarten von Wilhelm Hasemann (1850\u20131913) eroberte der Bollenhut die Welt und pr\u00e4gt das Bild des Schwarzwalds bis heute. Bei dem geb\u00fcrtigen Sachsen war die Begeisterung f\u00fcr die Region und ihre Menschen so gro\u00df, dass er sich in Gutach niederlie\u00df und eine Malerkolonie gr\u00fcndete. Der K\u00fcnstler nutzte Fotos als Vorlagen und fertigte unz\u00e4hlige Skizzen an. Aus diesem reichen Motivfundus schuf er immer neue Kompositionen: aufw\u00e4ndig verzierte Trachten tauchen in vielen Bildern auf und auch stattliche H\u00f6fe, Interieurs oder besonders idyllische Landstriche kehren immer wieder. Der Blick \u00fcber Hasemanns Schulter verr\u00e4t viel \u00fcber Projektionen und Inszenierungen.<\/span><\/p>\n<p><a href=\"https:\/\/www.grundschule-sasbach.de\/wp\/wp-content\/uploads\/2024\/03\/Alle-im-Herrgottswinkel.jpg\"><img loading=\"lazy\" decoding=\"async\" class=\"alignnone size-medium wp-image-6543\" src=\"https:\/\/www.grundschule-sasbach.de\/wp\/wp-content\/uploads\/2024\/03\/Alle-im-Herrgottswinkel-300x225.jpg\" alt=\"\" width=\"300\" height=\"225\" srcset=\"https:\/\/www.grundschule-sasbach.de\/wp\/wp-content\/uploads\/2024\/03\/Alle-im-Herrgottswinkel-300x225.jpg 300w, https:\/\/www.grundschule-sasbach.de\/wp\/wp-content\/uploads\/2024\/03\/Alle-im-Herrgottswinkel-768x576.jpg 768w, https:\/\/www.grundschule-sasbach.de\/wp\/wp-content\/uploads\/2024\/03\/Alle-im-Herrgottswinkel.jpg 800w\" sizes=\"auto, (max-width: 300px) 100vw, 300px\" \/><\/a> <a href=\"https:\/\/www.grundschule-sasbach.de\/wp\/wp-content\/uploads\/2024\/03\/Hasemann-bei-der-ARbeit.jpg\"><img loading=\"lazy\" decoding=\"async\" class=\"alignnone size-medium wp-image-6544\" src=\"https:\/\/www.grundschule-sasbach.de\/wp\/wp-content\/uploads\/2024\/03\/Hasemann-bei-der-ARbeit-225x300.jpg\" alt=\"\" width=\"225\" height=\"300\" srcset=\"https:\/\/www.grundschule-sasbach.de\/wp\/wp-content\/uploads\/2024\/03\/Hasemann-bei-der-ARbeit-225x300.jpg 225w, https:\/\/www.grundschule-sasbach.de\/wp\/wp-content\/uploads\/2024\/03\/Hasemann-bei-der-ARbeit-768x1024.jpg 768w, https:\/\/www.grundschule-sasbach.de\/wp\/wp-content\/uploads\/2024\/03\/Hasemann-bei-der-ARbeit.jpg 810w\" sizes=\"auto, (max-width: 225px) 100vw, 225px\" \/><\/a><\/p>\n<p class=\"basecontent-line-break-text\">Die Ausstellung lohnt sich sehr ! Sch\u00f6n war es&#8230;<\/p>\n","protected":false},"excerpt":{"rendered":"<p>Lehrerausflug nach Freiburg Am 1. M\u00e4rz 2024 fuhren wir gemeinam, Lehrer und Betreuungspersonal, nach Freiburg zu: Wilhelm Hasemann und die Erfindung des Schwarzwalds im Augustinermuseum Mit den Gem\u00e4lden, Illustrationen und Postkarten von Wilhelm Hasemann (1850\u20131913) eroberte der Bollenhut die Welt und pr\u00e4gt das Bild des Schwarzwalds bis heute. Bei dem geb\u00fcrtigen Sachsen war die Begeisterung &hellip; <a href=\"https:\/\/www.grundschule-sasbach.de\/wp\/?page_id=6538\" class=\"more-link\"><span class=\"screen-reader-text\">Lehrerausflug<\/span> weiterlesen <span class=\"meta-nav\">&rarr;<\/span><\/a><\/p>\n","protected":false},"author":4,"featured_media":0,"parent":6732,"menu_order":11,"comment_status":"closed","ping_status":"closed","template":"","meta":{"footnotes":""},"class_list":["post-6538","page","type-page","status-publish","hentry"],"_links":{"self":[{"href":"https:\/\/www.grundschule-sasbach.de\/wp\/index.php?rest_route=\/wp\/v2\/pages\/6538","targetHints":{"allow":["GET"]}}],"collection":[{"href":"https:\/\/www.grundschule-sasbach.de\/wp\/index.php?rest_route=\/wp\/v2\/pages"}],"about":[{"href":"https:\/\/www.grundschule-sasbach.de\/wp\/index.php?rest_route=\/wp\/v2\/types\/page"}],"author":[{"embeddable":true,"href":"https:\/\/www.grundschule-sasbach.de\/wp\/index.php?rest_route=\/wp\/v2\/users\/4"}],"replies":[{"embeddable":true,"href":"https:\/\/www.grundschule-sasbach.de\/wp\/index.php?rest_route=%2Fwp%2Fv2%2Fcomments&post=6538"}],"version-history":[{"count":4,"href":"https:\/\/www.grundschule-sasbach.de\/wp\/index.php?rest_route=\/wp\/v2\/pages\/6538\/revisions"}],"predecessor-version":[{"id":6542,"href":"https:\/\/www.grundschule-sasbach.de\/wp\/index.php?rest_route=\/wp\/v2\/pages\/6538\/revisions\/6542"}],"up":[{"embeddable":true,"href":"https:\/\/www.grundschule-sasbach.de\/wp\/index.php?rest_route=\/wp\/v2\/pages\/6732"}],"wp:attachment":[{"href":"https:\/\/www.grundschule-sasbach.de\/wp\/index.php?rest_route=%2Fwp%2Fv2%2Fmedia&parent=6538"}],"curies":[{"name":"wp","href":"https:\/\/api.w.org\/{rel}","templated":true}]}}