{"id":6540,"date":"2024-03-04T12:22:36","date_gmt":"2024-03-04T10:22:36","guid":{"rendered":"https:\/\/www.grundschule-sasbach.de\/wp\/?page_id=6540"},"modified":"2024-08-02T12:17:53","modified_gmt":"2024-08-02T10:17:53","slug":"neuer-bm","status":"publish","type":"page","link":"https:\/\/www.grundschule-sasbach.de\/wp\/?page_id=6540","title":{"rendered":"Neuer BM"},"content":{"rendered":"<p>Am 3. M\u00e4rz 2024 war die B\u00fcrgermeisterwahl bei uns in der Gemeinde. Das ist wichtig f\u00fcr uns, da wir dann ja einen neuen Schultr\u00e4ger-Chef bekommen.<\/p>\n<p>Die Zusammenarbeit mit der Gemeinde ist uns ein gro\u00dfes Anliegen.<\/p>\n<p><a href=\"https:\/\/www.grundschule-sasbach.de\/wp\/wp-content\/uploads\/2024\/03\/Die-Buergermeistertanne.jpg\"><img loading=\"lazy\" decoding=\"async\" class=\"alignnone size-medium wp-image-6549\" src=\"https:\/\/www.grundschule-sasbach.de\/wp\/wp-content\/uploads\/2024\/03\/Die-Buergermeistertanne-262x300.jpg\" alt=\"\" width=\"262\" height=\"300\" srcset=\"https:\/\/www.grundschule-sasbach.de\/wp\/wp-content\/uploads\/2024\/03\/Die-Buergermeistertanne-262x300.jpg 262w, https:\/\/www.grundschule-sasbach.de\/wp\/wp-content\/uploads\/2024\/03\/Die-Buergermeistertanne.jpg 698w\" sizes=\"auto, (max-width: 262px) 100vw, 262px\" \/><\/a> <a href=\"https:\/\/www.grundschule-sasbach.de\/wp\/wp-content\/uploads\/2024\/03\/Unser-Ortsfahnen.jpg\"><img loading=\"lazy\" decoding=\"async\" class=\"alignnone size-medium wp-image-6550\" src=\"https:\/\/www.grundschule-sasbach.de\/wp\/wp-content\/uploads\/2024\/03\/Unser-Ortsfahnen-300x225.jpg\" alt=\"\" width=\"300\" height=\"225\" srcset=\"https:\/\/www.grundschule-sasbach.de\/wp\/wp-content\/uploads\/2024\/03\/Unser-Ortsfahnen-300x225.jpg 300w, https:\/\/www.grundschule-sasbach.de\/wp\/wp-content\/uploads\/2024\/03\/Unser-Ortsfahnen-1024x768.jpg 1024w, https:\/\/www.grundschule-sasbach.de\/wp\/wp-content\/uploads\/2024\/03\/Unser-Ortsfahnen-768x576.jpg 768w, https:\/\/www.grundschule-sasbach.de\/wp\/wp-content\/uploads\/2024\/03\/Unser-Ortsfahnen.jpg 1066w\" sizes=\"auto, (max-width: 300px) 100vw, 300px\" \/><\/a><\/p>\n<p>Die B\u00fcrgermeistertanne steht nun\u00a0 bei uns im Schulhof und unsere 3 Ortsfahnen.<\/p>\n<h4><span style=\"color: #99cc00;\">HERZLICHEN GL\u00dcCKWUNSCH Herr Nikolas Kopp und auf eine gute Zusammenarbeit !<\/span><\/h4>\n","protected":false},"excerpt":{"rendered":"<p>Am 3. M\u00e4rz 2024 war die B\u00fcrgermeisterwahl bei uns in der Gemeinde. Das ist wichtig f\u00fcr uns, da wir dann ja einen neuen Schultr\u00e4ger-Chef bekommen. Die Zusammenarbeit mit der Gemeinde ist uns ein gro\u00dfes Anliegen. Die B\u00fcrgermeistertanne steht nun\u00a0 bei uns im Schulhof und unsere 3 Ortsfahnen. HERZLICHEN GL\u00dcCKWUNSCH Herr Nikolas Kopp und auf eine &hellip; <a href=\"https:\/\/www.grundschule-sasbach.de\/wp\/?page_id=6540\" class=\"more-link\"><span class=\"screen-reader-text\">Neuer BM<\/span> weiterlesen <span class=\"meta-nav\">&rarr;<\/span><\/a><\/p>\n","protected":false},"author":4,"featured_media":0,"parent":6732,"menu_order":12,"comment_status":"closed","ping_status":"closed","template":"","meta":{"footnotes":""},"class_list":["post-6540","page","type-page","status-publish","hentry"],"_links":{"self":[{"href":"https:\/\/www.grundschule-sasbach.de\/wp\/index.php?rest_route=\/wp\/v2\/pages\/6540","targetHints":{"allow":["GET"]}}],"collection":[{"href":"https:\/\/www.grundschule-sasbach.de\/wp\/index.php?rest_route=\/wp\/v2\/pages"}],"about":[{"href":"https:\/\/www.grundschule-sasbach.de\/wp\/index.php?rest_route=\/wp\/v2\/types\/page"}],"author":[{"embeddable":true,"href":"https:\/\/www.grundschule-sasbach.de\/wp\/index.php?rest_route=\/wp\/v2\/users\/4"}],"replies":[{"embeddable":true,"href":"https:\/\/www.grundschule-sasbach.de\/wp\/index.php?rest_route=%2Fwp%2Fv2%2Fcomments&post=6540"}],"version-history":[{"count":3,"href":"https:\/\/www.grundschule-sasbach.de\/wp\/index.php?rest_route=\/wp\/v2\/pages\/6540\/revisions"}],"predecessor-version":[{"id":6551,"href":"https:\/\/www.grundschule-sasbach.de\/wp\/index.php?rest_route=\/wp\/v2\/pages\/6540\/revisions\/6551"}],"up":[{"embeddable":true,"href":"https:\/\/www.grundschule-sasbach.de\/wp\/index.php?rest_route=\/wp\/v2\/pages\/6732"}],"wp:attachment":[{"href":"https:\/\/www.grundschule-sasbach.de\/wp\/index.php?rest_route=%2Fwp%2Fv2%2Fmedia&parent=6540"}],"curies":[{"name":"wp","href":"https:\/\/api.w.org\/{rel}","templated":true}]}}