{"id":6554,"date":"2024-03-08T12:55:22","date_gmt":"2024-03-08T10:55:22","guid":{"rendered":"https:\/\/www.grundschule-sasbach.de\/wp\/?page_id=6554"},"modified":"2024-08-02T12:17:53","modified_gmt":"2024-08-02T10:17:53","slug":"sport","status":"publish","type":"page","link":"https:\/\/www.grundschule-sasbach.de\/wp\/?page_id=6554","title":{"rendered":"SPORT"},"content":{"rendered":"<p><span style=\"font-family: comic sans ms, sans-serif; font-size: 14pt;\"><strong><u>Am 23. Februar 2024<\/u><\/strong>: <strong>Fu\u00dfballturnier Hallenrunde Jungen<\/strong> in Rheinhausen. <\/span><\/p>\n<p><span style=\"font-family: comic sans ms, sans-serif; font-size: 14pt;\">Unsere Jungen belegten dort den 2. Platz.<\/span><\/p>\n<p><span style=\"font-family: comic sans ms, sans-serif; font-size: 14pt;\"><strong>HERZLICHEN GL\u00dcCKWUNSCH !<br \/>\n<a href=\"https:\/\/www.grundschule-sasbach.de\/wp\/wp-content\/uploads\/2024\/03\/Fussball-Hallenrunde-JUNGS-2.-Platz-von-3-Rheinhausen.jpg\"><img loading=\"lazy\" decoding=\"async\" class=\"alignnone size-medium wp-image-6559\" src=\"https:\/\/www.grundschule-sasbach.de\/wp\/wp-content\/uploads\/2024\/03\/Fussball-Hallenrunde-JUNGS-2.-Platz-von-3-Rheinhausen-300x225.jpg\" alt=\"\" width=\"300\" height=\"225\" srcset=\"https:\/\/www.grundschule-sasbach.de\/wp\/wp-content\/uploads\/2024\/03\/Fussball-Hallenrunde-JUNGS-2.-Platz-von-3-Rheinhausen-300x225.jpg 300w, https:\/\/www.grundschule-sasbach.de\/wp\/wp-content\/uploads\/2024\/03\/Fussball-Hallenrunde-JUNGS-2.-Platz-von-3-Rheinhausen-1024x768.jpg 1024w, https:\/\/www.grundschule-sasbach.de\/wp\/wp-content\/uploads\/2024\/03\/Fussball-Hallenrunde-JUNGS-2.-Platz-von-3-Rheinhausen-768x576.jpg 768w, https:\/\/www.grundschule-sasbach.de\/wp\/wp-content\/uploads\/2024\/03\/Fussball-Hallenrunde-JUNGS-2.-Platz-von-3-Rheinhausen-1536x1152.jpg 1536w, https:\/\/www.grundschule-sasbach.de\/wp\/wp-content\/uploads\/2024\/03\/Fussball-Hallenrunde-JUNGS-2.-Platz-von-3-Rheinhausen.jpg 2016w\" sizes=\"auto, (max-width: 300px) 100vw, 300px\" \/><\/a><br \/>\n<\/strong><\/span><\/p>\n<p><span style=\"font-family: comic sans ms, sans-serif; font-size: 14pt;\"><strong>DANKE <\/strong>an Herr Meyer und Herr Fischer f\u00fcr die Begleitung !<\/span><\/p>\n<p><span style=\"font-size: 14pt; font-family: comic sans ms, sans-serif;\"><strong><u>Am 6. M\u00e4rz 2024: <\/u>Fu\u00dfball Hallenrunde der M\u00e4dchen <\/strong>in Emmendingen.<\/span><\/p>\n<p><span style=\"font-size: 14pt; font-family: comic sans ms, sans-serif;\">Sie belegten dort den 6. Platz.<\/span><\/p>\n<p><span style=\"font-size: 14pt; font-family: comic sans ms, sans-serif;\"><strong>HERZLICHEN GL\u00dcCKWUNSCH !<\/strong><\/span><\/p>\n<p><span style=\"font-size: 14pt;\"><a href=\"https:\/\/www.grundschule-sasbach.de\/wp\/wp-content\/uploads\/2024\/03\/Fussball-Hallenrunde-Maedchen-6.-Platz-von-8-scaled.jpg\"><img loading=\"lazy\" decoding=\"async\" class=\"alignnone size-medium wp-image-6560\" src=\"https:\/\/www.grundschule-sasbach.de\/wp\/wp-content\/uploads\/2024\/03\/Fussball-Hallenrunde-Maedchen-6.-Platz-von-8-300x239.jpg\" alt=\"\" width=\"300\" height=\"239\" srcset=\"https:\/\/www.grundschule-sasbach.de\/wp\/wp-content\/uploads\/2024\/03\/Fussball-Hallenrunde-Maedchen-6.-Platz-von-8-300x239.jpg 300w, https:\/\/www.grundschule-sasbach.de\/wp\/wp-content\/uploads\/2024\/03\/Fussball-Hallenrunde-Maedchen-6.-Platz-von-8-1024x814.jpg 1024w, https:\/\/www.grundschule-sasbach.de\/wp\/wp-content\/uploads\/2024\/03\/Fussball-Hallenrunde-Maedchen-6.-Platz-von-8-768x611.jpg 768w, https:\/\/www.grundschule-sasbach.de\/wp\/wp-content\/uploads\/2024\/03\/Fussball-Hallenrunde-Maedchen-6.-Platz-von-8-1536x1222.jpg 1536w, https:\/\/www.grundschule-sasbach.de\/wp\/wp-content\/uploads\/2024\/03\/Fussball-Hallenrunde-Maedchen-6.-Platz-von-8-2048x1629.jpg 2048w\" sizes=\"auto, (max-width: 300px) 100vw, 300px\" \/><\/a><\/span><\/p>\n<p><span style=\"font-size: 14pt; font-family: comic sans ms, sans-serif;\"><strong>Danke an Leonie f\u00fcr die Begleitung !<br \/>\n<\/strong><\/span><\/p>\n<p><span style=\"font-size: 14pt; font-family: comic sans ms, sans-serif;\"><strong>Ab dem 12. M\u00e4rz 2024<\/strong> fahren wir mit den Klassen 3+4 einmal w\u00f6chentlich ins <strong>Schwimmbad nach Marckolsheim<\/strong>.<\/span><\/p>\n<p><span style=\"font-size: 14pt; font-family: comic sans ms, sans-serif;\">Die Schwimmer k\u00f6nnen dort ihr Schwimmabzeichen ablegen und die Nichtschwimmer sollen Freude und Spa\u00df im Wasser bekommen. <\/span><\/p>\n","protected":false},"excerpt":{"rendered":"<p>Am 23. Februar 2024: Fu\u00dfballturnier Hallenrunde Jungen in Rheinhausen. Unsere Jungen belegten dort den 2. Platz. HERZLICHEN GL\u00dcCKWUNSCH ! DANKE an Herr Meyer und Herr Fischer f\u00fcr die Begleitung ! Am 6. M\u00e4rz 2024: Fu\u00dfball Hallenrunde der M\u00e4dchen in Emmendingen. Sie belegten dort den 6. Platz. HERZLICHEN GL\u00dcCKWUNSCH ! Danke an Leonie f\u00fcr die Begleitung &hellip; <a href=\"https:\/\/www.grundschule-sasbach.de\/wp\/?page_id=6554\" class=\"more-link\"><span class=\"screen-reader-text\">SPORT<\/span> weiterlesen <span class=\"meta-nav\">&rarr;<\/span><\/a><\/p>\n","protected":false},"author":4,"featured_media":0,"parent":6732,"menu_order":14,"comment_status":"closed","ping_status":"closed","template":"","meta":{"footnotes":""},"class_list":["post-6554","page","type-page","status-publish","hentry"],"_links":{"self":[{"href":"https:\/\/www.grundschule-sasbach.de\/wp\/index.php?rest_route=\/wp\/v2\/pages\/6554","targetHints":{"allow":["GET"]}}],"collection":[{"href":"https:\/\/www.grundschule-sasbach.de\/wp\/index.php?rest_route=\/wp\/v2\/pages"}],"about":[{"href":"https:\/\/www.grundschule-sasbach.de\/wp\/index.php?rest_route=\/wp\/v2\/types\/page"}],"author":[{"embeddable":true,"href":"https:\/\/www.grundschule-sasbach.de\/wp\/index.php?rest_route=\/wp\/v2\/users\/4"}],"replies":[{"embeddable":true,"href":"https:\/\/www.grundschule-sasbach.de\/wp\/index.php?rest_route=%2Fwp%2Fv2%2Fcomments&post=6554"}],"version-history":[{"count":3,"href":"https:\/\/www.grundschule-sasbach.de\/wp\/index.php?rest_route=\/wp\/v2\/pages\/6554\/revisions"}],"predecessor-version":[{"id":6561,"href":"https:\/\/www.grundschule-sasbach.de\/wp\/index.php?rest_route=\/wp\/v2\/pages\/6554\/revisions\/6561"}],"up":[{"embeddable":true,"href":"https:\/\/www.grundschule-sasbach.de\/wp\/index.php?rest_route=\/wp\/v2\/pages\/6732"}],"wp:attachment":[{"href":"https:\/\/www.grundschule-sasbach.de\/wp\/index.php?rest_route=%2Fwp%2Fv2%2Fmedia&parent=6554"}],"curies":[{"name":"wp","href":"https:\/\/api.w.org\/{rel}","templated":true}]}}