{"id":6744,"date":"2024-09-11T14:18:18","date_gmt":"2024-09-11T12:18:18","guid":{"rendered":"https:\/\/www.grundschule-sasbach.de\/wp\/?page_id=6744"},"modified":"2025-09-17T10:30:12","modified_gmt":"2025-09-17T08:30:12","slug":"einschulung","status":"publish","type":"page","link":"https:\/\/www.grundschule-sasbach.de\/wp\/?page_id=6744","title":{"rendered":"Einschulung"},"content":{"rendered":"<p><a href=\"https:\/\/www.grundschule-sasbach.de\/wp\/wp-content\/uploads\/2024\/09\/Herzlich-Willkommen.jpg\"><img loading=\"lazy\" decoding=\"async\" class=\"alignnone wp-image-6746\" src=\"https:\/\/www.grundschule-sasbach.de\/wp\/wp-content\/uploads\/2024\/09\/Herzlich-Willkommen-300x45.jpg\" alt=\"\" width=\"367\" height=\"55\" srcset=\"https:\/\/www.grundschule-sasbach.de\/wp\/wp-content\/uploads\/2024\/09\/Herzlich-Willkommen-300x45.jpg 300w, https:\/\/www.grundschule-sasbach.de\/wp\/wp-content\/uploads\/2024\/09\/Herzlich-Willkommen.jpg 702w\" sizes=\"auto, (max-width: 367px) 100vw, 367px\" \/><\/a><\/p>\n<h4><span style=\"color: #ff0000;\">Einschulung am Mittwoch,\u00a0 den 11. September 2024<\/span><\/h4>\n<p>Die Einschulung fand dieses Jahr<a href=\"https:\/\/www.grundschule-sasbach.de\/wp\/wp-content\/uploads\/2021\/09\/Willkommen.jpg\" data-slb-active=\"1\" data-slb-asset=\"1495722298\" data-slb-internal=\"0\" data-slb-group=\"slb\">\u00a0<\/a> wieder am Mittwoch statt.<\/p>\n<p>Dieses Jahr gibt es wieder 2 Klassen, die 2 Klassenlehrerinnen freuen sich schon sehr auf die ARbeit mit den Kindern.<\/p>\n<p>Die Einschulungskinder aus den Ortteilen: Jechtingen und Leiselheim kamen morgens mit unseren gro\u00dfen Sch\u00fclern und einem Elternteil mit dem Schulbus zur Schule.<\/p>\n<p>Das Programm in der Limburghalle begann dann f\u00fcr alle um 7.45 Uhr.<\/p>\n<p>Wir hatten viele G\u00e4ste:<\/p>\n<p><a href=\"https:\/\/www.grundschule-sasbach.de\/wp\/wp-content\/uploads\/2024\/09\/Schulanfaenger-Eltern-und-Gaeste.jpg\"><img loading=\"lazy\" decoding=\"async\" class=\"alignnone size-medium wp-image-6748\" src=\"https:\/\/www.grundschule-sasbach.de\/wp\/wp-content\/uploads\/2024\/09\/Schulanfaenger-Eltern-und-Gaeste-300x200.jpg\" alt=\"\" width=\"300\" height=\"200\" srcset=\"https:\/\/www.grundschule-sasbach.de\/wp\/wp-content\/uploads\/2024\/09\/Schulanfaenger-Eltern-und-Gaeste-300x200.jpg 300w, https:\/\/www.grundschule-sasbach.de\/wp\/wp-content\/uploads\/2024\/09\/Schulanfaenger-Eltern-und-Gaeste-768x512.jpg 768w, https:\/\/www.grundschule-sasbach.de\/wp\/wp-content\/uploads\/2024\/09\/Schulanfaenger-Eltern-und-Gaeste.jpg 800w\" sizes=\"auto, (max-width: 300px) 100vw, 300px\" \/><\/a><\/p>\n<p>Unser neuer B\u00fcrgermeister Herr Nikolas Kopp war auch da, er begr\u00fc\u00dfte die neuen Schulanf\u00e4nger, Eltern und G\u00e4ste und w\u00fcnschte einen guten Schulstart.<\/p>\n<h4>Die 2. Kl\u00e4ssler f\u00fchrten das Theaterst\u00fcck vom &#8222;L\u00f6wen. der nicht schreiben konnte&#8220; auf !<\/h4>\n<p><a href=\"https:\/\/www.grundschule-sasbach.de\/wp\/wp-content\/uploads\/2024\/09\/Theaterkinder-2a2b.jpg\"><img loading=\"lazy\" decoding=\"async\" class=\"alignnone size-medium wp-image-6749\" src=\"https:\/\/www.grundschule-sasbach.de\/wp\/wp-content\/uploads\/2024\/09\/Theaterkinder-2a2b-300x173.jpg\" alt=\"\" width=\"300\" height=\"173\" srcset=\"https:\/\/www.grundschule-sasbach.de\/wp\/wp-content\/uploads\/2024\/09\/Theaterkinder-2a2b-300x173.jpg 300w, https:\/\/www.grundschule-sasbach.de\/wp\/wp-content\/uploads\/2024\/09\/Theaterkinder-2a2b.jpg 755w\" sizes=\"auto, (max-width: 300px) 100vw, 300px\" \/><\/a><\/p>\n<h4>Das habt ihr toll gemacht-DANKE nochmals daf\u00fcr !<\/h4>\n<h4>Das sind unsere neuen 1. Kl\u00e4ssler 1a und 1b:<\/h4>\n<p><a href=\"https:\/\/www.grundschule-sasbach.de\/wp\/wp-content\/uploads\/2024\/09\/Unsere-SChulanfaenger.jpg\"><img loading=\"lazy\" decoding=\"async\" class=\"alignnone size-medium wp-image-6750\" src=\"https:\/\/www.grundschule-sasbach.de\/wp\/wp-content\/uploads\/2024\/09\/Unsere-SChulanfaenger-300x159.jpg\" alt=\"\" width=\"300\" height=\"159\" srcset=\"https:\/\/www.grundschule-sasbach.de\/wp\/wp-content\/uploads\/2024\/09\/Unsere-SChulanfaenger-300x159.jpg 300w, https:\/\/www.grundschule-sasbach.de\/wp\/wp-content\/uploads\/2024\/09\/Unsere-SChulanfaenger.jpg 762w\" sizes=\"auto, (max-width: 300px) 100vw, 300px\" \/><\/a><\/p>\n<p>\u201eTsch\u00fcsss, liebe Eltern ! Es geht los !\u201c<\/p>\n<h4><span style=\"color: #ff6600;\">Wir w\u00fcnschen Euch und Euren Eltern einen guen Schulstart an unserer Schule und viel Spa\u00df am Lernen.<\/span> <a href=\"https:\/\/www.grundschule-sasbach.de\/wp\/wp-content\/uploads\/2022\/09\/Maedchen_Junge_Blume.gif\" data-slb-active=\"1\" data-slb-asset=\"1309501273\" data-slb-internal=\"0\" data-slb-group=\"slb\"><img loading=\"lazy\" decoding=\"async\" class=\"alignnone wp-image-5989\" src=\"https:\/\/www.grundschule-sasbach.de\/wp\/wp-content\/uploads\/2022\/09\/Maedchen_Junge_Blume-300x193.gif\" alt=\"\" width=\"194\" height=\"125\" \/><\/a><\/h4>\n<p>Das sind sie:<\/p>\n<p><a href=\"https:\/\/www.grundschule-sasbach.de\/wp\/wp-content\/uploads\/2024\/10\/1a-Frau-Person.jpg\"><img loading=\"lazy\" decoding=\"async\" class=\"alignnone size-medium wp-image-6769\" src=\"https:\/\/www.grundschule-sasbach.de\/wp\/wp-content\/uploads\/2024\/10\/1a-Frau-Person-300x200.jpg\" alt=\"\" width=\"300\" height=\"200\" srcset=\"https:\/\/www.grundschule-sasbach.de\/wp\/wp-content\/uploads\/2024\/10\/1a-Frau-Person-300x200.jpg 300w, https:\/\/www.grundschule-sasbach.de\/wp\/wp-content\/uploads\/2024\/10\/1a-Frau-Person-768x512.jpg 768w, https:\/\/www.grundschule-sasbach.de\/wp\/wp-content\/uploads\/2024\/10\/1a-Frau-Person.jpg 800w\" sizes=\"auto, (max-width: 300px) 100vw, 300px\" \/><\/a> <a href=\"https:\/\/www.grundschule-sasbach.de\/wp\/wp-content\/uploads\/2024\/10\/1b-Frau-Ehret.jpg\"><img loading=\"lazy\" decoding=\"async\" class=\"alignnone size-medium wp-image-6770\" src=\"https:\/\/www.grundschule-sasbach.de\/wp\/wp-content\/uploads\/2024\/10\/1b-Frau-Ehret-300x200.jpg\" alt=\"\" width=\"300\" height=\"200\" srcset=\"https:\/\/www.grundschule-sasbach.de\/wp\/wp-content\/uploads\/2024\/10\/1b-Frau-Ehret-300x200.jpg 300w, https:\/\/www.grundschule-sasbach.de\/wp\/wp-content\/uploads\/2024\/10\/1b-Frau-Ehret-768x512.jpg 768w, https:\/\/www.grundschule-sasbach.de\/wp\/wp-content\/uploads\/2024\/10\/1b-Frau-Ehret.jpg 800w\" sizes=\"auto, (max-width: 300px) 100vw, 300px\" \/><\/a><\/p>\n","protected":false},"excerpt":{"rendered":"<p>Einschulung am Mittwoch,\u00a0 den 11. September 2024 Die Einschulung fand dieses Jahr\u00a0 wieder am Mittwoch statt. Dieses Jahr gibt es wieder 2 Klassen, die 2 Klassenlehrerinnen freuen sich schon sehr auf die ARbeit mit den Kindern. Die Einschulungskinder aus den Ortteilen: Jechtingen und Leiselheim kamen morgens mit unseren gro\u00dfen Sch\u00fclern und einem Elternteil mit dem &hellip; <a href=\"https:\/\/www.grundschule-sasbach.de\/wp\/?page_id=6744\" class=\"more-link\"><span class=\"screen-reader-text\">Einschulung<\/span> weiterlesen <span class=\"meta-nav\">&rarr;<\/span><\/a><\/p>\n","protected":false},"author":4,"featured_media":0,"parent":7207,"menu_order":1,"comment_status":"closed","ping_status":"closed","template":"","meta":{"footnotes":""},"class_list":["post-6744","page","type-page","status-publish","hentry"],"_links":{"self":[{"href":"https:\/\/www.grundschule-sasbach.de\/wp\/index.php?rest_route=\/wp\/v2\/pages\/6744","targetHints":{"allow":["GET"]}}],"collection":[{"href":"https:\/\/www.grundschule-sasbach.de\/wp\/index.php?rest_route=\/wp\/v2\/pages"}],"about":[{"href":"https:\/\/www.grundschule-sasbach.de\/wp\/index.php?rest_route=\/wp\/v2\/types\/page"}],"author":[{"embeddable":true,"href":"https:\/\/www.grundschule-sasbach.de\/wp\/index.php?rest_route=\/wp\/v2\/users\/4"}],"replies":[{"embeddable":true,"href":"https:\/\/www.grundschule-sasbach.de\/wp\/index.php?rest_route=%2Fwp%2Fv2%2Fcomments&post=6744"}],"version-history":[{"count":8,"href":"https:\/\/www.grundschule-sasbach.de\/wp\/index.php?rest_route=\/wp\/v2\/pages\/6744\/revisions"}],"predecessor-version":[{"id":6771,"href":"https:\/\/www.grundschule-sasbach.de\/wp\/index.php?rest_route=\/wp\/v2\/pages\/6744\/revisions\/6771"}],"up":[{"embeddable":true,"href":"https:\/\/www.grundschule-sasbach.de\/wp\/index.php?rest_route=\/wp\/v2\/pages\/7207"}],"wp:attachment":[{"href":"https:\/\/www.grundschule-sasbach.de\/wp\/index.php?rest_route=%2Fwp%2Fv2%2Fmedia&parent=6744"}],"curies":[{"name":"wp","href":"https:\/\/api.w.org\/{rel}","templated":true}]}}