{"id":6764,"date":"2024-10-04T12:42:21","date_gmt":"2024-10-04T10:42:21","guid":{"rendered":"https:\/\/www.grundschule-sasbach.de\/wp\/?page_id=6764"},"modified":"2025-09-17T10:30:12","modified_gmt":"2025-09-17T08:30:12","slug":"apfelernte","status":"publish","type":"page","link":"https:\/\/www.grundschule-sasbach.de\/wp\/?page_id=6764","title":{"rendered":"Apfelernte"},"content":{"rendered":"<p><span style=\"color: #ff0000;\"><strong><span style=\"font-family: comic sans ms, sans-serif; font-size: 18pt;\">Apfelernte<\/span><\/strong><\/span><\/p>\n<p><span style=\"font-family: comic sans ms, sans-serif;\">Am 2. Oktober 2024 haben wir auf den gemeindeeigenen Streuobstwiesen\u00a0 \u00c4pfel aufgesammelt f\u00fcr Apfelsaft.<\/span><\/p>\n<p><span style=\"font-family: comic sans ms, sans-serif;\">Es gab \u00fcber 450 Liter !<\/span><\/p>\n<p><span style=\"font-family: comic sans ms, sans-serif;\">Und Spa\u00df hat es zusammen auch gemacht&#8230;.<\/span><\/p>\n<p><a href=\"https:\/\/www.grundschule-sasbach.de\/wp\/wp-content\/uploads\/2024\/10\/Apfelernte-auf-dem-Baum.jpg\"><img loading=\"lazy\" decoding=\"async\" class=\"alignnone size-medium wp-image-6796\" src=\"https:\/\/www.grundschule-sasbach.de\/wp\/wp-content\/uploads\/2024\/10\/Apfelernte-auf-dem-Baum-225x300.jpg\" alt=\"\" width=\"225\" height=\"300\" srcset=\"https:\/\/www.grundschule-sasbach.de\/wp\/wp-content\/uploads\/2024\/10\/Apfelernte-auf-dem-Baum-225x300.jpg 225w, https:\/\/www.grundschule-sasbach.de\/wp\/wp-content\/uploads\/2024\/10\/Apfelernte-auf-dem-Baum-768x1024.jpg 768w, https:\/\/www.grundschule-sasbach.de\/wp\/wp-content\/uploads\/2024\/10\/Apfelernte-auf-dem-Baum.jpg 800w\" sizes=\"auto, (max-width: 225px) 100vw, 225px\" \/><\/a> <a href=\"https:\/\/www.grundschule-sasbach.de\/wp\/wp-content\/uploads\/2024\/10\/Das-ganze-Ernteteam.jpg\"><img loading=\"lazy\" decoding=\"async\" class=\"alignnone size-medium wp-image-6797\" src=\"https:\/\/www.grundschule-sasbach.de\/wp\/wp-content\/uploads\/2024\/10\/Das-ganze-Ernteteam-300x225.jpg\" alt=\"\" width=\"300\" height=\"225\" srcset=\"https:\/\/www.grundschule-sasbach.de\/wp\/wp-content\/uploads\/2024\/10\/Das-ganze-Ernteteam-300x225.jpg 300w, https:\/\/www.grundschule-sasbach.de\/wp\/wp-content\/uploads\/2024\/10\/Das-ganze-Ernteteam-768x576.jpg 768w, https:\/\/www.grundschule-sasbach.de\/wp\/wp-content\/uploads\/2024\/10\/Das-ganze-Ernteteam.jpg 800w\" sizes=\"auto, (max-width: 300px) 100vw, 300px\" \/><\/a> <a href=\"https:\/\/www.grundschule-sasbach.de\/wp\/wp-content\/uploads\/2024\/10\/So-viele-Aepfel.jpg\"><img loading=\"lazy\" decoding=\"async\" class=\"alignnone size-medium wp-image-6798\" src=\"https:\/\/www.grundschule-sasbach.de\/wp\/wp-content\/uploads\/2024\/10\/So-viele-Aepfel-225x300.jpg\" alt=\"\" width=\"225\" height=\"300\" srcset=\"https:\/\/www.grundschule-sasbach.de\/wp\/wp-content\/uploads\/2024\/10\/So-viele-Aepfel-225x300.jpg 225w, https:\/\/www.grundschule-sasbach.de\/wp\/wp-content\/uploads\/2024\/10\/So-viele-Aepfel-768x1024.jpg 768w, https:\/\/www.grundschule-sasbach.de\/wp\/wp-content\/uploads\/2024\/10\/So-viele-Aepfel.jpg 800w\" sizes=\"auto, (max-width: 225px) 100vw, 225px\" \/><\/a> <a href=\"https:\/\/www.grundschule-sasbach.de\/wp\/wp-content\/uploads\/2024\/10\/Unser-Apfelsaft-2.jpg\"><img loading=\"lazy\" decoding=\"async\" class=\"alignnone size-medium wp-image-6799\" src=\"https:\/\/www.grundschule-sasbach.de\/wp\/wp-content\/uploads\/2024\/10\/Unser-Apfelsaft-2-300x225.jpg\" alt=\"\" width=\"300\" height=\"225\" srcset=\"https:\/\/www.grundschule-sasbach.de\/wp\/wp-content\/uploads\/2024\/10\/Unser-Apfelsaft-2-300x225.jpg 300w, https:\/\/www.grundschule-sasbach.de\/wp\/wp-content\/uploads\/2024\/10\/Unser-Apfelsaft-2-768x576.jpg 768w, https:\/\/www.grundschule-sasbach.de\/wp\/wp-content\/uploads\/2024\/10\/Unser-Apfelsaft-2.jpg 800w\" sizes=\"auto, (max-width: 300px) 100vw, 300px\" \/><\/a><\/p>\n","protected":false},"excerpt":{"rendered":"<p>Apfelernte Am 2. Oktober 2024 haben wir auf den gemeindeeigenen Streuobstwiesen\u00a0 \u00c4pfel aufgesammelt f\u00fcr Apfelsaft. Es gab \u00fcber 450 Liter ! Und Spa\u00df hat es zusammen auch gemacht&#8230;.<\/p>\n","protected":false},"author":4,"featured_media":0,"parent":7207,"menu_order":3,"comment_status":"closed","ping_status":"closed","template":"","meta":{"footnotes":""},"class_list":["post-6764","page","type-page","status-publish","hentry"],"_links":{"self":[{"href":"https:\/\/www.grundschule-sasbach.de\/wp\/index.php?rest_route=\/wp\/v2\/pages\/6764","targetHints":{"allow":["GET"]}}],"collection":[{"href":"https:\/\/www.grundschule-sasbach.de\/wp\/index.php?rest_route=\/wp\/v2\/pages"}],"about":[{"href":"https:\/\/www.grundschule-sasbach.de\/wp\/index.php?rest_route=\/wp\/v2\/types\/page"}],"author":[{"embeddable":true,"href":"https:\/\/www.grundschule-sasbach.de\/wp\/index.php?rest_route=\/wp\/v2\/users\/4"}],"replies":[{"embeddable":true,"href":"https:\/\/www.grundschule-sasbach.de\/wp\/index.php?rest_route=%2Fwp%2Fv2%2Fcomments&post=6764"}],"version-history":[{"count":3,"href":"https:\/\/www.grundschule-sasbach.de\/wp\/index.php?rest_route=\/wp\/v2\/pages\/6764\/revisions"}],"predecessor-version":[{"id":6800,"href":"https:\/\/www.grundschule-sasbach.de\/wp\/index.php?rest_route=\/wp\/v2\/pages\/6764\/revisions\/6800"}],"up":[{"embeddable":true,"href":"https:\/\/www.grundschule-sasbach.de\/wp\/index.php?rest_route=\/wp\/v2\/pages\/7207"}],"wp:attachment":[{"href":"https:\/\/www.grundschule-sasbach.de\/wp\/index.php?rest_route=%2Fwp%2Fv2%2Fmedia&parent=6764"}],"curies":[{"name":"wp","href":"https:\/\/api.w.org\/{rel}","templated":true}]}}