{"id":6803,"date":"2024-10-15T17:42:13","date_gmt":"2024-10-15T15:42:13","guid":{"rendered":"https:\/\/www.grundschule-sasbach.de\/wp\/?page_id=6803"},"modified":"2025-09-17T10:30:12","modified_gmt":"2025-09-17T08:30:12","slug":"kumu","status":"publish","type":"page","link":"https:\/\/www.grundschule-sasbach.de\/wp\/?page_id=6803","title":{"rendered":"KUMU"},"content":{"rendered":"<p><span style=\"color: #800080;\"><strong><span style=\"font-size: 14pt; font-family: comic sans ms, sans-serif;\">KUMU-Gewaltpr\u00e4ventionskurse in allen Klassen<\/span><\/strong><\/span><\/p>\n<p><span style=\"font-family: comic sans ms, sans-serif; color: #800080;\">vom 11. &#8211; 18. Oktober 2024<\/span><\/p>\n<p><span style=\"font-family: comic sans ms, sans-serif; color: #000000;\">Alle 2 Jahre finden an unserer Schule Gewaltpr\u00e4ventionskurse in allen Klassen statt.<\/span><\/p>\n<p><span style=\"font-family: comic sans ms, sans-serif; color: #000000;\">Sie sind ein Puzzleteil in unserem Pr\u00e4ventionskonzept:<\/span><\/p>\n<p><span style=\"font-family: comic sans ms, sans-serif;\">Wir sind uns sicherlich einig dar\u00fcber, dass man vor dem Problem der Gewalt unter Kindern, Jugendlichen und Erwachsenen nicht die Augen verschlie\u00dfen darf. Ein erfolgversprechender Weg ist es, diese gemeinsame Aufgabe rechtzeitig und nachhaltig durch Pr\u00e4vention anzugehen. In unserem KUMU-Workshop wird durch verschiedene \u00dcbungen, angepasste Rollenspiele, Gespr\u00e4che und viel Spa\u00df die Thematik behandelt und das Selbstvertrauen aller Teilnehmer in der Gruppe gest\u00e4rkt.<\/span><\/p>\n<p><span style=\"font-family: comic sans ms, sans-serif;\">Der KUMU Workshop umfasst 3\u00d790 Minuten.<\/span><br \/>\n<span style=\"font-family: comic sans ms, sans-serif;\">Im Folgenden sind Inhalte beschrieben, die behandelt werden (k\u00f6nnen).<\/span><br \/>\n<span style=\"font-family: comic sans ms, sans-serif;\">Diese passen wir dem Alter (Kinder, Jugendliche und Erwachsene) individuell an.<\/span><\/p>\n<p><span style=\"font-family: comic sans ms, sans-serif;\">Was soll ein KUMU Workshop erreichen?<\/span><\/p>\n<ul>\n<li><span style=\"font-family: comic sans ms, sans-serif;\">Es wird gelernt mit offenen und wachen Sinnen seine Umgebung, auch im Alltag, wahrzunehmen.<\/span><\/li>\n<li><span style=\"font-family: comic sans ms, sans-serif;\">Durch \u00dcbungen lernen die Teilnehmer das k\u00f6rpereigene Fr\u00fchwarnsystem (Bauchgef\u00fchl) kennen und darauf zu achten.<\/span><\/li>\n<li><span style=\"font-family: comic sans ms, sans-serif;\">Bewusstsein f\u00fcr das eigene Auftreten (Mimik, Gestik, K\u00f6rperhaltung und Sprache) und mit Worten durchsetzen.<\/span><\/li>\n<li><span style=\"font-family: comic sans ms, sans-serif;\">Umgang mit Konfliktsituationen im Alltag.<\/span><\/li>\n<li><span style=\"font-family: comic sans ms, sans-serif;\">Regeln im Alltag. Wof\u00fcr sind Regeln gut und warum brauchen wir eigentlich Regeln?<\/span><\/li>\n<li><span style=\"font-family: comic sans ms, sans-serif;\">Umgang mit Fremden und Distanzzonen. Wer ist f\u00fcr mich fremd und wie gehe ich damit um?<\/span><\/li>\n<li><span style=\"font-family: comic sans ms, sans-serif;\">Verhaltenssicherheit in verschiedenen Situationen<\/span><\/li>\n<li><span style=\"font-family: comic sans ms, sans-serif;\">\u00a0Zivilcourage erlernen.<\/span><\/li>\n<li><span style=\"font-family: comic sans ms, sans-serif;\">Schutz vor Mobbing.<\/span><\/li>\n<li><span style=\"font-family: comic sans ms, sans-serif;\">Gewaltfreier Umgang miteinander. <\/span><\/li>\n<\/ul>\n<p><span style=\"font-family: comic sans ms, sans-serif;\">Weitere Informationen zu KUMU finden Sie auch auf der Homepage vom KUMU-Team: <\/span><a href=\"https:\/\/www.grundschule-sasbach.de\/wp\/wp-content\/uploads\/2024\/10\/KUMU-2a.jpg\"><span style=\"font-family: comic sans ms, sans-serif;\">https:\/\/kumuteam.de<\/span><br \/>\n<img loading=\"lazy\" decoding=\"async\" class=\"alignnone size-medium wp-image-6806 aligncenter\" src=\"https:\/\/www.grundschule-sasbach.de\/wp\/wp-content\/uploads\/2024\/10\/KUMU-2a-300x225.jpg\" alt=\"\" width=\"300\" height=\"225\" srcset=\"https:\/\/www.grundschule-sasbach.de\/wp\/wp-content\/uploads\/2024\/10\/KUMU-2a-300x225.jpg 300w, https:\/\/www.grundschule-sasbach.de\/wp\/wp-content\/uploads\/2024\/10\/KUMU-2a-768x576.jpg 768w, https:\/\/www.grundschule-sasbach.de\/wp\/wp-content\/uploads\/2024\/10\/KUMU-2a.jpg 800w\" sizes=\"auto, (max-width: 300px) 100vw, 300px\" \/><\/a> <a href=\"https:\/\/www.grundschule-sasbach.de\/wp\/wp-content\/uploads\/2024\/10\/Vertrauensgasse-2a.jpg\"><img loading=\"lazy\" decoding=\"async\" class=\"alignnone size-medium wp-image-6807\" src=\"https:\/\/www.grundschule-sasbach.de\/wp\/wp-content\/uploads\/2024\/10\/Vertrauensgasse-2a-215x300.jpg\" alt=\"\" width=\"215\" height=\"300\" srcset=\"https:\/\/www.grundschule-sasbach.de\/wp\/wp-content\/uploads\/2024\/10\/Vertrauensgasse-2a-215x300.jpg 215w, https:\/\/www.grundschule-sasbach.de\/wp\/wp-content\/uploads\/2024\/10\/Vertrauensgasse-2a-734x1024.jpg 734w, https:\/\/www.grundschule-sasbach.de\/wp\/wp-content\/uploads\/2024\/10\/Vertrauensgasse-2a-768x1071.jpg 768w, https:\/\/www.grundschule-sasbach.de\/wp\/wp-content\/uploads\/2024\/10\/Vertrauensgasse-2a.jpg 800w\" sizes=\"auto, (max-width: 215px) 100vw, 215px\" \/><\/a><a href=\"https:\/\/www.grundschule-sasbach.de\/wp\/wp-content\/uploads\/2024\/10\/Klasse-3-am-Auto.jpg\"><img loading=\"lazy\" decoding=\"async\" class=\"alignnone size-medium wp-image-6816\" src=\"https:\/\/www.grundschule-sasbach.de\/wp\/wp-content\/uploads\/2024\/10\/Klasse-3-am-Auto-300x225.jpg\" alt=\"\" width=\"300\" height=\"225\" srcset=\"https:\/\/www.grundschule-sasbach.de\/wp\/wp-content\/uploads\/2024\/10\/Klasse-3-am-Auto-300x225.jpg 300w, https:\/\/www.grundschule-sasbach.de\/wp\/wp-content\/uploads\/2024\/10\/Klasse-3-am-Auto-768x576.jpg 768w, https:\/\/www.grundschule-sasbach.de\/wp\/wp-content\/uploads\/2024\/10\/Klasse-3-am-Auto.jpg 800w\" sizes=\"auto, (max-width: 300px) 100vw, 300px\" \/><\/a><a href=\"https:\/\/www.grundschule-sasbach.de\/wp\/wp-content\/uploads\/2024\/10\/STOPP-Klasse-3.jpg\"><img loading=\"lazy\" decoding=\"async\" class=\"alignnone size-medium wp-image-6817\" src=\"https:\/\/www.grundschule-sasbach.de\/wp\/wp-content\/uploads\/2024\/10\/STOPP-Klasse-3-300x164.jpg\" alt=\"\" width=\"300\" height=\"164\" srcset=\"https:\/\/www.grundschule-sasbach.de\/wp\/wp-content\/uploads\/2024\/10\/STOPP-Klasse-3-300x164.jpg 300w, https:\/\/www.grundschule-sasbach.de\/wp\/wp-content\/uploads\/2024\/10\/STOPP-Klasse-3-768x419.jpg 768w, https:\/\/www.grundschule-sasbach.de\/wp\/wp-content\/uploads\/2024\/10\/STOPP-Klasse-3.jpg 800w\" sizes=\"auto, (max-width: 300px) 100vw, 300px\" \/><\/a><\/p>\n<p>TIPPs des Kumu-Teams:<\/p>\n<a href=\"https:\/\/www.grundschule-sasbach.de\/wp\/wp-content\/uploads\/2024\/10\/Tipps-fuer-Eltern-und-Kinder-Fremde.pdf\" class=\"pdfemb-viewer\" style=\"\" data-width=\"max\" data-height=\"max\" data-toolbar=\"bottom\" data-toolbar-fixed=\"off\">Tipps f\u00fcr Eltern und Kinder Fremde<\/a>\n","protected":false},"excerpt":{"rendered":"<p>KUMU-Gewaltpr\u00e4ventionskurse in allen Klassen vom 11. &#8211; 18. Oktober 2024 Alle 2 Jahre finden an unserer Schule Gewaltpr\u00e4ventionskurse in allen Klassen statt. Sie sind ein Puzzleteil in unserem Pr\u00e4ventionskonzept: Wir sind uns sicherlich einig dar\u00fcber, dass man vor dem Problem der Gewalt unter Kindern, Jugendlichen und Erwachsenen nicht die Augen verschlie\u00dfen darf. Ein erfolgversprechender Weg &hellip; <a href=\"https:\/\/www.grundschule-sasbach.de\/wp\/?page_id=6803\" class=\"more-link\"><span class=\"screen-reader-text\">KUMU<\/span> weiterlesen <span class=\"meta-nav\">&rarr;<\/span><\/a><\/p>\n","protected":false},"author":4,"featured_media":0,"parent":7207,"menu_order":4,"comment_status":"closed","ping_status":"closed","template":"","meta":{"footnotes":""},"class_list":["post-6803","page","type-page","status-publish","hentry"],"_links":{"self":[{"href":"https:\/\/www.grundschule-sasbach.de\/wp\/index.php?rest_route=\/wp\/v2\/pages\/6803","targetHints":{"allow":["GET"]}}],"collection":[{"href":"https:\/\/www.grundschule-sasbach.de\/wp\/index.php?rest_route=\/wp\/v2\/pages"}],"about":[{"href":"https:\/\/www.grundschule-sasbach.de\/wp\/index.php?rest_route=\/wp\/v2\/types\/page"}],"author":[{"embeddable":true,"href":"https:\/\/www.grundschule-sasbach.de\/wp\/index.php?rest_route=\/wp\/v2\/users\/4"}],"replies":[{"embeddable":true,"href":"https:\/\/www.grundschule-sasbach.de\/wp\/index.php?rest_route=%2Fwp%2Fv2%2Fcomments&post=6803"}],"version-history":[{"count":6,"href":"https:\/\/www.grundschule-sasbach.de\/wp\/index.php?rest_route=\/wp\/v2\/pages\/6803\/revisions"}],"predecessor-version":[{"id":6818,"href":"https:\/\/www.grundschule-sasbach.de\/wp\/index.php?rest_route=\/wp\/v2\/pages\/6803\/revisions\/6818"}],"up":[{"embeddable":true,"href":"https:\/\/www.grundschule-sasbach.de\/wp\/index.php?rest_route=\/wp\/v2\/pages\/7207"}],"wp:attachment":[{"href":"https:\/\/www.grundschule-sasbach.de\/wp\/index.php?rest_route=%2Fwp%2Fv2%2Fmedia&parent=6803"}],"curies":[{"name":"wp","href":"https:\/\/api.w.org\/{rel}","templated":true}]}}