{"id":6843,"date":"2024-11-08T13:44:05","date_gmt":"2024-11-08T11:44:05","guid":{"rendered":"https:\/\/www.grundschule-sasbach.de\/wp\/?page_id=6843"},"modified":"2025-09-17T10:30:12","modified_gmt":"2025-09-17T08:30:12","slug":"instrumentenvorstellung","status":"publish","type":"page","link":"https:\/\/www.grundschule-sasbach.de\/wp\/?page_id=6843","title":{"rendered":"Instrumentenvorstellung"},"content":{"rendered":"<h3><span style=\"font-size: 14pt; color: #ff0000; font-family: comic sans ms, sans-serif;\">Die Musikvereine JECHTINGEN und SASBACH stellen sich und ihre Instrument vor&#8230;<a href=\"https:\/\/www.grundschule-sasbach.de\/wp\/wp-content\/uploads\/2024\/11\/Floete.tif\"><img decoding=\"async\" class=\"alignnone size-full wp-image-6844\" src=\"https:\/\/www.grundschule-sasbach.de\/wp\/wp-content\/uploads\/2024\/11\/Floete.tif\" alt=\"\" \/><\/a><a href=\"https:\/\/www.grundschule-sasbach.de\/wp\/wp-content\/uploads\/2024\/11\/Floete-1.tif\"><img decoding=\"async\" class=\"alignnone size-full wp-image-6845\" src=\"https:\/\/www.grundschule-sasbach.de\/wp\/wp-content\/uploads\/2024\/11\/Floete-1.tif\" alt=\"\" \/><\/a><\/span><\/h3>\n<p><span style=\"font-family: comic sans ms, sans-serif;\">Am Freitag, den 8. November war die <strong><span style=\"color: #993366;\">Winzerkapelle Jechtingen<\/span><\/strong> und der <strong><span style=\"color: #993366;\">Musikverein Sasbach<\/span><\/strong> bei uns in der Schule. <\/span><\/p>\n<p><span style=\"font-family: comic sans ms, sans-serif;\">Die Sch\u00fcler der <strong>Klassen 3 und 4<\/strong> durften die Instrumente ausprobieren, Rhythmus \u00fcben, Instrumente und Notenst\u00e4nder zusammenbauen und vieles mehr&#8230;. <a href=\"https:\/\/www.grundschule-sasbach.de\/wp\/wp-content\/uploads\/2024\/11\/Ausprobieren.jpg\"><img loading=\"lazy\" decoding=\"async\" class=\"alignnone size-medium wp-image-6849\" src=\"https:\/\/www.grundschule-sasbach.de\/wp\/wp-content\/uploads\/2024\/11\/Ausprobieren-300x225.jpg\" alt=\"\" width=\"300\" height=\"225\" srcset=\"https:\/\/www.grundschule-sasbach.de\/wp\/wp-content\/uploads\/2024\/11\/Ausprobieren-300x225.jpg 300w, https:\/\/www.grundschule-sasbach.de\/wp\/wp-content\/uploads\/2024\/11\/Ausprobieren-768x576.jpg 768w, https:\/\/www.grundschule-sasbach.de\/wp\/wp-content\/uploads\/2024\/11\/Ausprobieren.jpg 800w\" sizes=\"auto, (max-width: 300px) 100vw, 300px\" \/><\/a> <a href=\"https:\/\/www.grundschule-sasbach.de\/wp\/wp-content\/uploads\/2024\/11\/Das-Saxophon.jpg\"><img loading=\"lazy\" decoding=\"async\" class=\"alignnone size-medium wp-image-6850\" src=\"https:\/\/www.grundschule-sasbach.de\/wp\/wp-content\/uploads\/2024\/11\/Das-Saxophon-300x225.jpg\" alt=\"\" width=\"300\" height=\"225\" srcset=\"https:\/\/www.grundschule-sasbach.de\/wp\/wp-content\/uploads\/2024\/11\/Das-Saxophon-300x225.jpg 300w, https:\/\/www.grundschule-sasbach.de\/wp\/wp-content\/uploads\/2024\/11\/Das-Saxophon-768x576.jpg 768w, https:\/\/www.grundschule-sasbach.de\/wp\/wp-content\/uploads\/2024\/11\/Das-Saxophon.jpg 800w\" sizes=\"auto, (max-width: 300px) 100vw, 300px\" \/><\/a> <a href=\"https:\/\/www.grundschule-sasbach.de\/wp\/wp-content\/uploads\/2024\/11\/Instrumente-zusammenbauen.jpg\"><img loading=\"lazy\" decoding=\"async\" class=\"alignnone size-medium wp-image-6851\" src=\"https:\/\/www.grundschule-sasbach.de\/wp\/wp-content\/uploads\/2024\/11\/Instrumente-zusammenbauen-300x225.jpg\" alt=\"\" width=\"300\" height=\"225\" srcset=\"https:\/\/www.grundschule-sasbach.de\/wp\/wp-content\/uploads\/2024\/11\/Instrumente-zusammenbauen-300x225.jpg 300w, https:\/\/www.grundschule-sasbach.de\/wp\/wp-content\/uploads\/2024\/11\/Instrumente-zusammenbauen-768x576.jpg 768w, https:\/\/www.grundschule-sasbach.de\/wp\/wp-content\/uploads\/2024\/11\/Instrumente-zusammenbauen.jpg 800w\" sizes=\"auto, (max-width: 300px) 100vw, 300px\" \/><\/a> <a href=\"https:\/\/www.grundschule-sasbach.de\/wp\/wp-content\/uploads\/2024\/11\/Kommt-da-enin-Ton-raus-.jpg\"><img loading=\"lazy\" decoding=\"async\" class=\"alignnone size-medium wp-image-6852\" src=\"https:\/\/www.grundschule-sasbach.de\/wp\/wp-content\/uploads\/2024\/11\/Kommt-da-enin-Ton-raus--173x300.jpg\" alt=\"\" width=\"173\" height=\"300\" srcset=\"https:\/\/www.grundschule-sasbach.de\/wp\/wp-content\/uploads\/2024\/11\/Kommt-da-enin-Ton-raus--173x300.jpg 173w, https:\/\/www.grundschule-sasbach.de\/wp\/wp-content\/uploads\/2024\/11\/Kommt-da-enin-Ton-raus-.jpg 461w\" sizes=\"auto, (max-width: 173px) 100vw, 173px\" \/><\/a> <a href=\"https:\/\/www.grundschule-sasbach.de\/wp\/wp-content\/uploads\/2024\/11\/Notenstaender-aufbauen.jpg\"><img loading=\"lazy\" decoding=\"async\" class=\"alignnone size-medium wp-image-6853\" src=\"https:\/\/www.grundschule-sasbach.de\/wp\/wp-content\/uploads\/2024\/11\/Notenstaender-aufbauen-300x225.jpg\" alt=\"\" width=\"300\" height=\"225\" srcset=\"https:\/\/www.grundschule-sasbach.de\/wp\/wp-content\/uploads\/2024\/11\/Notenstaender-aufbauen-300x225.jpg 300w, https:\/\/www.grundschule-sasbach.de\/wp\/wp-content\/uploads\/2024\/11\/Notenstaender-aufbauen-768x576.jpg 768w, https:\/\/www.grundschule-sasbach.de\/wp\/wp-content\/uploads\/2024\/11\/Notenstaender-aufbauen.jpg 800w\" sizes=\"auto, (max-width: 300px) 100vw, 300px\" \/><\/a> <a href=\"https:\/\/www.grundschule-sasbach.de\/wp\/wp-content\/uploads\/2024\/11\/Rhytmus-ueben.jpg\"><img loading=\"lazy\" decoding=\"async\" class=\"alignnone size-medium wp-image-6854\" src=\"https:\/\/www.grundschule-sasbach.de\/wp\/wp-content\/uploads\/2024\/11\/Rhytmus-ueben-300x225.jpg\" alt=\"\" width=\"300\" height=\"225\" srcset=\"https:\/\/www.grundschule-sasbach.de\/wp\/wp-content\/uploads\/2024\/11\/Rhytmus-ueben-300x225.jpg 300w, https:\/\/www.grundschule-sasbach.de\/wp\/wp-content\/uploads\/2024\/11\/Rhytmus-ueben-768x576.jpg 768w, https:\/\/www.grundschule-sasbach.de\/wp\/wp-content\/uploads\/2024\/11\/Rhytmus-ueben.jpg 800w\" sizes=\"auto, (max-width: 300px) 100vw, 300px\" \/><\/a> <a href=\"https:\/\/www.grundschule-sasbach.de\/wp\/wp-content\/uploads\/2024\/11\/So-geht-das.jpg\"><img loading=\"lazy\" decoding=\"async\" class=\"alignnone size-medium wp-image-6855\" src=\"https:\/\/www.grundschule-sasbach.de\/wp\/wp-content\/uploads\/2024\/11\/So-geht-das-300x225.jpg\" alt=\"\" width=\"300\" height=\"225\" srcset=\"https:\/\/www.grundschule-sasbach.de\/wp\/wp-content\/uploads\/2024\/11\/So-geht-das-300x225.jpg 300w, https:\/\/www.grundschule-sasbach.de\/wp\/wp-content\/uploads\/2024\/11\/So-geht-das-768x576.jpg 768w, https:\/\/www.grundschule-sasbach.de\/wp\/wp-content\/uploads\/2024\/11\/So-geht-das.jpg 800w\" sizes=\"auto, (max-width: 300px) 100vw, 300px\" \/><\/a><br \/>\n<\/span><\/p>\n<p><span style=\"font-size: 12pt; font-family: comic sans ms, sans-serif;\">Es war ein aufregendet und toller Tag !<\/span><\/p>\n<p><span style=\"font-size: 12pt; font-family: comic sans ms, sans-serif;\">DANKE den Musikern f\u00fcr die tolle Vorbereitung, Organisation und Durchf\u00fchrung.<a href=\"https:\/\/www.grundschule-sasbach.de\/wp\/wp-content\/uploads\/2020\/07\/Kinder_Blume.jpg\"><img loading=\"lazy\" decoding=\"async\" class=\"alignnone wp-image-5351\" src=\"https:\/\/www.grundschule-sasbach.de\/wp\/wp-content\/uploads\/2020\/07\/Kinder_Blume-300x193.jpg\" alt=\"\" width=\"215\" height=\"138\" srcset=\"https:\/\/www.grundschule-sasbach.de\/wp\/wp-content\/uploads\/2020\/07\/Kinder_Blume-300x193.jpg 300w, https:\/\/www.grundschule-sasbach.de\/wp\/wp-content\/uploads\/2020\/07\/Kinder_Blume-768x493.jpg 768w, https:\/\/www.grundschule-sasbach.de\/wp\/wp-content\/uploads\/2020\/07\/Kinder_Blume.jpg 822w\" sizes=\"auto, (max-width: 215px) 100vw, 215px\" \/><\/a><\/span><\/p>\n<p><a href=\"https:\/\/www.grundschule-sasbach.de\/wp\/wp-content\/uploads\/2024\/11\/Gruppenfoto.jpg\"><img loading=\"lazy\" decoding=\"async\" class=\"alignnone size-medium wp-image-6847\" src=\"https:\/\/www.grundschule-sasbach.de\/wp\/wp-content\/uploads\/2024\/11\/Gruppenfoto-300x180.jpg\" alt=\"\" width=\"300\" height=\"180\" srcset=\"https:\/\/www.grundschule-sasbach.de\/wp\/wp-content\/uploads\/2024\/11\/Gruppenfoto-300x180.jpg 300w, https:\/\/www.grundschule-sasbach.de\/wp\/wp-content\/uploads\/2024\/11\/Gruppenfoto.jpg 748w\" sizes=\"auto, (max-width: 300px) 100vw, 300px\" \/><\/a><\/p>\n<p><span style=\"font-size: 12pt; font-family: comic sans ms, sans-serif; color: #993366;\">Vielleicht gibt es in den Vereinen ja bald Zuwachs-das w\u00e4re toll !<\/span><\/p>\n","protected":false},"excerpt":{"rendered":"<p>Die Musikvereine JECHTINGEN und SASBACH stellen sich und ihre Instrument vor&#8230; Am Freitag, den 8. November war die Winzerkapelle Jechtingen und der Musikverein Sasbach bei uns in der Schule. Die Sch\u00fcler der Klassen 3 und 4 durften die Instrumente ausprobieren, Rhythmus \u00fcben, Instrumente und Notenst\u00e4nder zusammenbauen und vieles mehr&#8230;. Es war ein aufregendet und toller &hellip; <a href=\"https:\/\/www.grundschule-sasbach.de\/wp\/?page_id=6843\" class=\"more-link\"><span class=\"screen-reader-text\">Instrumentenvorstellung<\/span> weiterlesen <span class=\"meta-nav\">&rarr;<\/span><\/a><\/p>\n","protected":false},"author":4,"featured_media":0,"parent":7207,"menu_order":5,"comment_status":"closed","ping_status":"closed","template":"","meta":{"footnotes":""},"class_list":["post-6843","page","type-page","status-publish","hentry"],"_links":{"self":[{"href":"https:\/\/www.grundschule-sasbach.de\/wp\/index.php?rest_route=\/wp\/v2\/pages\/6843","targetHints":{"allow":["GET"]}}],"collection":[{"href":"https:\/\/www.grundschule-sasbach.de\/wp\/index.php?rest_route=\/wp\/v2\/pages"}],"about":[{"href":"https:\/\/www.grundschule-sasbach.de\/wp\/index.php?rest_route=\/wp\/v2\/types\/page"}],"author":[{"embeddable":true,"href":"https:\/\/www.grundschule-sasbach.de\/wp\/index.php?rest_route=\/wp\/v2\/users\/4"}],"replies":[{"embeddable":true,"href":"https:\/\/www.grundschule-sasbach.de\/wp\/index.php?rest_route=%2Fwp%2Fv2%2Fcomments&post=6843"}],"version-history":[{"count":3,"href":"https:\/\/www.grundschule-sasbach.de\/wp\/index.php?rest_route=\/wp\/v2\/pages\/6843\/revisions"}],"predecessor-version":[{"id":6856,"href":"https:\/\/www.grundschule-sasbach.de\/wp\/index.php?rest_route=\/wp\/v2\/pages\/6843\/revisions\/6856"}],"up":[{"embeddable":true,"href":"https:\/\/www.grundschule-sasbach.de\/wp\/index.php?rest_route=\/wp\/v2\/pages\/7207"}],"wp:attachment":[{"href":"https:\/\/www.grundschule-sasbach.de\/wp\/index.php?rest_route=%2Fwp%2Fv2%2Fmedia&parent=6843"}],"curies":[{"name":"wp","href":"https:\/\/api.w.org\/{rel}","templated":true}]}}