{"id":6858,"date":"2024-12-12T12:20:24","date_gmt":"2024-12-12T10:20:24","guid":{"rendered":"https:\/\/www.grundschule-sasbach.de\/wp\/?page_id=6858"},"modified":"2025-09-17T10:30:12","modified_gmt":"2025-09-17T08:30:12","slug":"weihnachtszeit","status":"publish","type":"page","link":"https:\/\/www.grundschule-sasbach.de\/wp\/?page_id=6858","title":{"rendered":"Advents- und Weihnachtszeit"},"content":{"rendered":"<p>Die Advents- und Weihnachtszeit ist bei uns eine ganz besondere Zeit. <a href=\"https:\/\/www.grundschule-sasbach.de\/wp\/wp-content\/uploads\/2024\/12\/Unser-schoener-Weihnachtsbaum.jpg\"><img loading=\"lazy\" decoding=\"async\" class=\"alignnone size-medium wp-image-6862\" src=\"https:\/\/www.grundschule-sasbach.de\/wp\/wp-content\/uploads\/2024\/12\/Unser-schoener-Weihnachtsbaum-225x300.jpg\" alt=\"\" width=\"225\" height=\"300\" srcset=\"https:\/\/www.grundschule-sasbach.de\/wp\/wp-content\/uploads\/2024\/12\/Unser-schoener-Weihnachtsbaum-225x300.jpg 225w, https:\/\/www.grundschule-sasbach.de\/wp\/wp-content\/uploads\/2024\/12\/Unser-schoener-Weihnachtsbaum.jpg 600w\" sizes=\"auto, (max-width: 225px) 100vw, 225px\" \/><\/a><\/p>\n<p>Die Lichter am Weihnachtsbaum leuchten und das Haus ist weihnachtlich geschm\u00fcckt,..<\/p>\n<p>Diese Jahr kam am 6. Dezember der Nikolaus &#8211; sogar pers\u00f6nlich.\u00a0 <a href=\"https:\/\/www.grundschule-sasbach.de\/wp\/wp-content\/uploads\/2024\/12\/Der-Nikolaus-ist-da.jpg\"><img loading=\"lazy\" decoding=\"async\" class=\"alignnone size-medium wp-image-6864\" src=\"https:\/\/www.grundschule-sasbach.de\/wp\/wp-content\/uploads\/2024\/12\/Der-Nikolaus-ist-da-225x300.jpg\" alt=\"\" width=\"225\" height=\"300\" srcset=\"https:\/\/www.grundschule-sasbach.de\/wp\/wp-content\/uploads\/2024\/12\/Der-Nikolaus-ist-da-225x300.jpg 225w, https:\/\/www.grundschule-sasbach.de\/wp\/wp-content\/uploads\/2024\/12\/Der-Nikolaus-ist-da.jpg 600w\" sizes=\"auto, (max-width: 225px) 100vw, 225px\" \/><\/a>\u00a0 <a href=\"https:\/\/www.grundschule-sasbach.de\/wp\/wp-content\/uploads\/2024\/12\/Geschenke-fuer-alle-vom-Nikolaus.jpg\"><img loading=\"lazy\" decoding=\"async\" class=\"alignnone size-medium wp-image-6866\" src=\"https:\/\/www.grundschule-sasbach.de\/wp\/wp-content\/uploads\/2024\/12\/Geschenke-fuer-alle-vom-Nikolaus-300x225.jpg\" alt=\"\" width=\"300\" height=\"225\" srcset=\"https:\/\/www.grundschule-sasbach.de\/wp\/wp-content\/uploads\/2024\/12\/Geschenke-fuer-alle-vom-Nikolaus-300x225.jpg 300w, https:\/\/www.grundschule-sasbach.de\/wp\/wp-content\/uploads\/2024\/12\/Geschenke-fuer-alle-vom-Nikolaus-768x576.jpg 768w, https:\/\/www.grundschule-sasbach.de\/wp\/wp-content\/uploads\/2024\/12\/Geschenke-fuer-alle-vom-Nikolaus.jpg 800w\" sizes=\"auto, (max-width: 300px) 100vw, 300px\" \/><\/a><\/p>\n<p>Er hat sch\u00f6ne Geschenke f\u00fcr ALLE Kinder mitgebracht.<\/p>\n<p>DANKE lieber Nikolaus !<\/p>\n<p>In der Adventszeit startet auch unsere Aktion \u201cKinder helfen Kindern\u201d f\u00fcr unser Patenkind Jacob aus Uganda, dem wir es mit unserer Spende erm\u00f6glichen, die Schule zu besuchen\u00a0 und einen Schulabschluss zu machen kann. Alle Kinder helfen mit und \u00fcbernehmen eine Aufgabe f\u00fcr die sie \u201centlohnt\u201d werden, z.B. Stra\u00dfe fegen f\u00fcr die Oma, einkaufen f\u00fcr den Nachbar, \u2026 Das Geld wird dann eingesammelt und f\u00fcr Jacob \u00fcberwiesen. <a href=\"https:\/\/www.grundschule-sasbach.de\/wp\/wp-content\/uploads\/2024\/12\/Stellwand-Jacob-2024.jpg\"><img loading=\"lazy\" decoding=\"async\" class=\"alignnone size-medium wp-image-6867\" src=\"https:\/\/www.grundschule-sasbach.de\/wp\/wp-content\/uploads\/2024\/12\/Stellwand-Jacob-2024-225x300.jpg\" alt=\"\" width=\"225\" height=\"300\" srcset=\"https:\/\/www.grundschule-sasbach.de\/wp\/wp-content\/uploads\/2024\/12\/Stellwand-Jacob-2024-225x300.jpg 225w, https:\/\/www.grundschule-sasbach.de\/wp\/wp-content\/uploads\/2024\/12\/Stellwand-Jacob-2024-768x1023.jpg 768w, https:\/\/www.grundschule-sasbach.de\/wp\/wp-content\/uploads\/2024\/12\/Stellwand-Jacob-2024.jpg 800w\" sizes=\"auto, (max-width: 225px) 100vw, 225px\" \/><\/a><\/p>\n<p>In der Vorweihnachtszeit treffen wir uns immer alle am Freitagmorgen in der Schulaula. Wir singen gemeinsam die Lieder f\u00fcr unser Weihnachtsmusical, tragen Gedichte vor und\u00a0 es gibt immer ein Bilderbuchkino mit einer sch\u00f6nen Geschichte.<a href=\"https:\/\/www.grundschule-sasbach.de\/wp\/wp-content\/uploads\/2024\/12\/1.-AdvenNikolaus.jpg\"><img loading=\"lazy\" decoding=\"async\" class=\"alignnone size-medium wp-image-6863\" src=\"https:\/\/www.grundschule-sasbach.de\/wp\/wp-content\/uploads\/2024\/12\/1.-AdvenNikolaus-300x225.jpg\" alt=\"\" width=\"300\" height=\"225\" srcset=\"https:\/\/www.grundschule-sasbach.de\/wp\/wp-content\/uploads\/2024\/12\/1.-AdvenNikolaus-300x225.jpg 300w, https:\/\/www.grundschule-sasbach.de\/wp\/wp-content\/uploads\/2024\/12\/1.-AdvenNikolaus-768x576.jpg 768w, https:\/\/www.grundschule-sasbach.de\/wp\/wp-content\/uploads\/2024\/12\/1.-AdvenNikolaus.jpg 800w\" sizes=\"auto, (max-width: 300px) 100vw, 300px\" \/><\/a><a href=\"https:\/\/www.grundschule-sasbach.de\/wp\/wp-content\/uploads\/2024\/12\/Die-1.-Kerze-brennt.jpg\"><img loading=\"lazy\" decoding=\"async\" class=\"alignnone size-medium wp-image-6865\" src=\"https:\/\/www.grundschule-sasbach.de\/wp\/wp-content\/uploads\/2024\/12\/Die-1.-Kerze-brennt-300x225.jpg\" alt=\"\" width=\"300\" height=\"225\" srcset=\"https:\/\/www.grundschule-sasbach.de\/wp\/wp-content\/uploads\/2024\/12\/Die-1.-Kerze-brennt-300x225.jpg 300w, https:\/\/www.grundschule-sasbach.de\/wp\/wp-content\/uploads\/2024\/12\/Die-1.-Kerze-brennt-768x576.jpg 768w, https:\/\/www.grundschule-sasbach.de\/wp\/wp-content\/uploads\/2024\/12\/Die-1.-Kerze-brennt.jpg 800w\" sizes=\"auto, (max-width: 300px) 100vw, 300px\" \/><\/a><\/p>\n<p><a href=\"https:\/\/www.grundschule-sasbach.de\/wp\/wp-content\/uploads\/2024\/12\/2.-Advent-singen.jpg\"><img loading=\"lazy\" decoding=\"async\" class=\"alignnone size-medium wp-image-6870\" src=\"https:\/\/www.grundschule-sasbach.de\/wp\/wp-content\/uploads\/2024\/12\/2.-Advent-singen-300x225.jpg\" alt=\"\" width=\"300\" height=\"225\" srcset=\"https:\/\/www.grundschule-sasbach.de\/wp\/wp-content\/uploads\/2024\/12\/2.-Advent-singen-300x225.jpg 300w, https:\/\/www.grundschule-sasbach.de\/wp\/wp-content\/uploads\/2024\/12\/2.-Advent-singen-768x576.jpg 768w, https:\/\/www.grundschule-sasbach.de\/wp\/wp-content\/uploads\/2024\/12\/2.-Advent-singen.jpg 800w\" sizes=\"auto, (max-width: 300px) 100vw, 300px\" \/><\/a><\/p>\n<p>Das ist eine sehr sch\u00f6ne Einstimmung auf Weihnachten.<\/p>\n<p>Der Abschluss ist dann am letzten Schultag vor den Weihnachtsferien. Da f\u00fchren wir zusammen mit der Theater AG das Weihnachtsmusical in der Kirche vor.<\/p>\n<p><a href=\"https:\/\/www.grundschule-sasbach.de\/wp\/wp-content\/uploads\/2025\/01\/Weihnachtsmusical-Theater-AG.jpg\"><img loading=\"lazy\" decoding=\"async\" class=\"alignnone size-medium wp-image-6913\" src=\"https:\/\/www.grundschule-sasbach.de\/wp\/wp-content\/uploads\/2025\/01\/Weihnachtsmusical-Theater-AG-300x225.jpg\" alt=\"\" width=\"300\" height=\"225\" srcset=\"https:\/\/www.grundschule-sasbach.de\/wp\/wp-content\/uploads\/2025\/01\/Weihnachtsmusical-Theater-AG-300x225.jpg 300w, https:\/\/www.grundschule-sasbach.de\/wp\/wp-content\/uploads\/2025\/01\/Weihnachtsmusical-Theater-AG-768x576.jpg 768w, https:\/\/www.grundschule-sasbach.de\/wp\/wp-content\/uploads\/2025\/01\/Weihnachtsmusical-Theater-AG.jpg 800w\" sizes=\"auto, (max-width: 300px) 100vw, 300px\" \/><\/a><\/p>\n<p><span style=\"font-size: 14pt; color: #ff0000;\">Danach kann WEIHNACHTEN kommen\u2026<\/span><\/p>\n<p><span style=\"font-size: 14pt; color: #ff0000;\">Sch\u00f6ne Weihnachtsferien und einen guten Start in ein Neues Jahr\u2026 <a href=\"https:\/\/www.grundschule-sasbach.de\/wp\/wp-content\/uploads\/2023\/12\/Christbaum.gif\"><img loading=\"lazy\" decoding=\"async\" class=\"alignnone wp-image-6429\" src=\"https:\/\/www.grundschule-sasbach.de\/wp\/wp-content\/uploads\/2023\/12\/Christbaum-193x300.gif\" alt=\"\" width=\"142\" height=\"221\" \/><\/a><br \/>\n<\/span><\/p>\n","protected":false},"excerpt":{"rendered":"<p>Die Advents- und Weihnachtszeit ist bei uns eine ganz besondere Zeit. Die Lichter am Weihnachtsbaum leuchten und das Haus ist weihnachtlich geschm\u00fcckt,.. Diese Jahr kam am 6. Dezember der Nikolaus &#8211; sogar pers\u00f6nlich.\u00a0 \u00a0 Er hat sch\u00f6ne Geschenke f\u00fcr ALLE Kinder mitgebracht. DANKE lieber Nikolaus ! In der Adventszeit startet auch unsere Aktion \u201cKinder helfen &hellip; <a href=\"https:\/\/www.grundschule-sasbach.de\/wp\/?page_id=6858\" class=\"more-link\"><span class=\"screen-reader-text\">Advents- und Weihnachtszeit<\/span> weiterlesen <span class=\"meta-nav\">&rarr;<\/span><\/a><\/p>\n","protected":false},"author":4,"featured_media":0,"parent":7207,"menu_order":6,"comment_status":"closed","ping_status":"closed","template":"","meta":{"footnotes":""},"class_list":["post-6858","page","type-page","status-publish","hentry"],"_links":{"self":[{"href":"https:\/\/www.grundschule-sasbach.de\/wp\/index.php?rest_route=\/wp\/v2\/pages\/6858","targetHints":{"allow":["GET"]}}],"collection":[{"href":"https:\/\/www.grundschule-sasbach.de\/wp\/index.php?rest_route=\/wp\/v2\/pages"}],"about":[{"href":"https:\/\/www.grundschule-sasbach.de\/wp\/index.php?rest_route=\/wp\/v2\/types\/page"}],"author":[{"embeddable":true,"href":"https:\/\/www.grundschule-sasbach.de\/wp\/index.php?rest_route=\/wp\/v2\/users\/4"}],"replies":[{"embeddable":true,"href":"https:\/\/www.grundschule-sasbach.de\/wp\/index.php?rest_route=%2Fwp%2Fv2%2Fcomments&post=6858"}],"version-history":[{"count":8,"href":"https:\/\/www.grundschule-sasbach.de\/wp\/index.php?rest_route=\/wp\/v2\/pages\/6858\/revisions"}],"predecessor-version":[{"id":6914,"href":"https:\/\/www.grundschule-sasbach.de\/wp\/index.php?rest_route=\/wp\/v2\/pages\/6858\/revisions\/6914"}],"up":[{"embeddable":true,"href":"https:\/\/www.grundschule-sasbach.de\/wp\/index.php?rest_route=\/wp\/v2\/pages\/7207"}],"wp:attachment":[{"href":"https:\/\/www.grundschule-sasbach.de\/wp\/index.php?rest_route=%2Fwp%2Fv2%2Fmedia&parent=6858"}],"curies":[{"name":"wp","href":"https:\/\/api.w.org\/{rel}","templated":true}]}}