{"id":6916,"date":"2025-01-21T10:23:35","date_gmt":"2025-01-21T08:23:35","guid":{"rendered":"https:\/\/www.grundschule-sasbach.de\/wp\/?page_id=6916"},"modified":"2025-09-17T10:30:12","modified_gmt":"2025-09-17T08:30:12","slug":"france-mobil","status":"publish","type":"page","link":"https:\/\/www.grundschule-sasbach.de\/wp\/?page_id=6916","title":{"rendered":"France mobil"},"content":{"rendered":"<p>Direkt nach den Weihnachtsferien am Freitag, den 10. Januar war das France mobil bei uns.<\/p>\n<p><a href=\"https:\/\/www.grundschule-sasbach.de\/wp\/wp-content\/uploads\/2025\/01\/Franzoesische-Spiele.jpg\"><img loading=\"lazy\" decoding=\"async\" class=\"alignnone size-medium wp-image-6917\" src=\"https:\/\/www.grundschule-sasbach.de\/wp\/wp-content\/uploads\/2025\/01\/Franzoesische-Spiele-300x225.jpg\" alt=\"\" width=\"300\" height=\"225\" srcset=\"https:\/\/www.grundschule-sasbach.de\/wp\/wp-content\/uploads\/2025\/01\/Franzoesische-Spiele-300x225.jpg 300w, https:\/\/www.grundschule-sasbach.de\/wp\/wp-content\/uploads\/2025\/01\/Franzoesische-Spiele-768x576.jpg 768w, https:\/\/www.grundschule-sasbach.de\/wp\/wp-content\/uploads\/2025\/01\/Franzoesische-Spiele.jpg 800w\" sizes=\"auto, (max-width: 300px) 100vw, 300px\" \/><\/a> <a href=\"https:\/\/www.grundschule-sasbach.de\/wp\/wp-content\/uploads\/2025\/01\/Welche-Woerter-kennen-wir-schon.jpg\"><img loading=\"lazy\" decoding=\"async\" class=\"alignnone size-medium wp-image-6918\" src=\"https:\/\/www.grundschule-sasbach.de\/wp\/wp-content\/uploads\/2025\/01\/Welche-Woerter-kennen-wir-schon-300x225.jpg\" alt=\"\" width=\"300\" height=\"225\" srcset=\"https:\/\/www.grundschule-sasbach.de\/wp\/wp-content\/uploads\/2025\/01\/Welche-Woerter-kennen-wir-schon-300x225.jpg 300w, https:\/\/www.grundschule-sasbach.de\/wp\/wp-content\/uploads\/2025\/01\/Welche-Woerter-kennen-wir-schon-768x576.jpg 768w, https:\/\/www.grundschule-sasbach.de\/wp\/wp-content\/uploads\/2025\/01\/Welche-Woerter-kennen-wir-schon.jpg 800w\" sizes=\"auto, (max-width: 300px) 100vw, 300px\" \/><\/a><\/p>\n<p><strong>Zw\u00f6lf franz\u00f6sische Lektorinnen und Lektoren<\/strong> sind in Deutschland unterwegs. Sie haben den Auftrag, deutsche Schulen zu besuchen und Sch\u00fcler*innen\u00a0aller Altersgruppen spielerisch f\u00fcr Frankreich und die franz\u00f6sische Sprache zu begeistern. Im Gep\u00e4ck hat das junge Team ein frisches und oft \u00fcberraschendes Bild seines Landes. Zum Einsatz kommen <strong>Spiele, aktuelle frankophone Musik, Zeitschriften, Filme \u2013 alles was Spa\u00df und neugierig macht!<\/strong> Der FranceMobil-Besuch bereitet nicht nur Lust auf das Erlernen der franz\u00f6sischen Sprache, sondern auch auf eine internationale Mobilit\u00e4ts-erfahrung.<\/p>\n<p><span class=\"BxUVEf ILfuVd\" lang=\"de\"><span class=\"hgKElc\"><b>Das Programm FranceMobil beweist, dass man eine Fremdsprache spielerisch leicht und mit jede Menge Spa\u00df erlernen kann<\/b>. <\/span><\/span><\/p>\n<p>Es war eine sch\u00f6ne Erfahrung f\u00fcr die Kinder&#8230;.<\/p>\n<p>DANKE !<\/p>\n","protected":false},"excerpt":{"rendered":"<p>Direkt nach den Weihnachtsferien am Freitag, den 10. Januar war das France mobil bei uns. Zw\u00f6lf franz\u00f6sische Lektorinnen und Lektoren sind in Deutschland unterwegs. Sie haben den Auftrag, deutsche Schulen zu besuchen und Sch\u00fcler*innen\u00a0aller Altersgruppen spielerisch f\u00fcr Frankreich und die franz\u00f6sische Sprache zu begeistern. Im Gep\u00e4ck hat das junge Team ein frisches und oft \u00fcberraschendes &hellip; <a href=\"https:\/\/www.grundschule-sasbach.de\/wp\/?page_id=6916\" class=\"more-link\"><span class=\"screen-reader-text\">France mobil<\/span> weiterlesen <span class=\"meta-nav\">&rarr;<\/span><\/a><\/p>\n","protected":false},"author":4,"featured_media":0,"parent":7207,"menu_order":7,"comment_status":"closed","ping_status":"closed","template":"","meta":{"footnotes":""},"class_list":["post-6916","page","type-page","status-publish","hentry"],"_links":{"self":[{"href":"https:\/\/www.grundschule-sasbach.de\/wp\/index.php?rest_route=\/wp\/v2\/pages\/6916","targetHints":{"allow":["GET"]}}],"collection":[{"href":"https:\/\/www.grundschule-sasbach.de\/wp\/index.php?rest_route=\/wp\/v2\/pages"}],"about":[{"href":"https:\/\/www.grundschule-sasbach.de\/wp\/index.php?rest_route=\/wp\/v2\/types\/page"}],"author":[{"embeddable":true,"href":"https:\/\/www.grundschule-sasbach.de\/wp\/index.php?rest_route=\/wp\/v2\/users\/4"}],"replies":[{"embeddable":true,"href":"https:\/\/www.grundschule-sasbach.de\/wp\/index.php?rest_route=%2Fwp%2Fv2%2Fcomments&post=6916"}],"version-history":[{"count":1,"href":"https:\/\/www.grundschule-sasbach.de\/wp\/index.php?rest_route=\/wp\/v2\/pages\/6916\/revisions"}],"predecessor-version":[{"id":6919,"href":"https:\/\/www.grundschule-sasbach.de\/wp\/index.php?rest_route=\/wp\/v2\/pages\/6916\/revisions\/6919"}],"up":[{"embeddable":true,"href":"https:\/\/www.grundschule-sasbach.de\/wp\/index.php?rest_route=\/wp\/v2\/pages\/7207"}],"wp:attachment":[{"href":"https:\/\/www.grundschule-sasbach.de\/wp\/index.php?rest_route=%2Fwp%2Fv2%2Fmedia&parent=6916"}],"curies":[{"name":"wp","href":"https:\/\/api.w.org\/{rel}","templated":true}]}}