{"id":6924,"date":"2025-01-22T14:34:07","date_gmt":"2025-01-22T12:34:07","guid":{"rendered":"https:\/\/www.grundschule-sasbach.de\/wp\/?page_id=6924"},"modified":"2025-09-17T10:30:12","modified_gmt":"2025-09-17T08:30:12","slug":"theater-freiburg","status":"publish","type":"page","link":"https:\/\/www.grundschule-sasbach.de\/wp\/?page_id=6924","title":{"rendered":"Theater Freiburg+F\u00fchrung"},"content":{"rendered":"<p>Heute, am 22. Januar 2025 sind wir mit allen Kindern der Schule in das Theater nach Freiburg gefahren.<\/p>\n<p>Im Gro\u00dfen Haus konnten wir das St\u00fcck &#8222;Pinocchio&#8220; anschauen.<\/p>\n<p>Es war eine tolle <strong>Inszenierung<\/strong> mit kunterbunten Kost\u00fcmen und ideenreichem\u00a0 B\u00fchnenbild.<\/p>\n<p>Pinocchio m\u00f6chte zum Schluss, anders als im Text von Carlo Collodi, nicht zum Menschen-Jungen werden, er sagt: \u201eIch will f\u00fcr alle Zeit niemand sein au\u00dfer ich selbst!\u201c<\/p>\n<h4><span style=\"color: #99cc00;\">Wir waren begeistert&#8230;..<\/span><\/h4>\n<p><a href=\"https:\/\/www.grundschule-sasbach.de\/wp\/wp-content\/uploads\/2025\/01\/Das-grosse-Haus.jpg\"><img loading=\"lazy\" decoding=\"async\" class=\"alignnone size-medium wp-image-6925\" src=\"https:\/\/www.grundschule-sasbach.de\/wp\/wp-content\/uploads\/2025\/01\/Das-grosse-Haus-262x300.jpg\" alt=\"\" width=\"262\" height=\"300\" srcset=\"https:\/\/www.grundschule-sasbach.de\/wp\/wp-content\/uploads\/2025\/01\/Das-grosse-Haus-262x300.jpg 262w, https:\/\/www.grundschule-sasbach.de\/wp\/wp-content\/uploads\/2025\/01\/Das-grosse-Haus.jpg 763w\" sizes=\"auto, (max-width: 262px) 100vw, 262px\" \/><\/a> <a href=\"https:\/\/www.grundschule-sasbach.de\/wp\/wp-content\/uploads\/2025\/01\/Wir-warten-gespannt.jpg\"><img loading=\"lazy\" decoding=\"async\" class=\"alignnone size-medium wp-image-6927\" src=\"https:\/\/www.grundschule-sasbach.de\/wp\/wp-content\/uploads\/2025\/01\/Wir-warten-gespannt-300x300.jpg\" alt=\"\" width=\"300\" height=\"300\" srcset=\"https:\/\/www.grundschule-sasbach.de\/wp\/wp-content\/uploads\/2025\/01\/Wir-warten-gespannt-300x300.jpg 300w, https:\/\/www.grundschule-sasbach.de\/wp\/wp-content\/uploads\/2025\/01\/Wir-warten-gespannt-150x150.jpg 150w, https:\/\/www.grundschule-sasbach.de\/wp\/wp-content\/uploads\/2025\/01\/Wir-warten-gespannt-768x765.jpg 768w, https:\/\/www.grundschule-sasbach.de\/wp\/wp-content\/uploads\/2025\/01\/Wir-warten-gespannt.jpg 800w\" sizes=\"auto, (max-width: 300px) 100vw, 300px\" \/><\/a><a href=\"https:\/\/www.grundschule-sasbach.de\/wp\/wp-content\/uploads\/2025\/01\/Eine-tolle-Vorstellung.jpg\"><img loading=\"lazy\" decoding=\"async\" class=\"alignnone size-medium wp-image-6926\" src=\"https:\/\/www.grundschule-sasbach.de\/wp\/wp-content\/uploads\/2025\/01\/Eine-tolle-Vorstellung-300x181.jpg\" alt=\"\" width=\"300\" height=\"181\" srcset=\"https:\/\/www.grundschule-sasbach.de\/wp\/wp-content\/uploads\/2025\/01\/Eine-tolle-Vorstellung-300x181.jpg 300w, https:\/\/www.grundschule-sasbach.de\/wp\/wp-content\/uploads\/2025\/01\/Eine-tolle-Vorstellung-768x464.jpg 768w, https:\/\/www.grundschule-sasbach.de\/wp\/wp-content\/uploads\/2025\/01\/Eine-tolle-Vorstellung.jpg 800w\" sizes=\"auto, (max-width: 300px) 100vw, 300px\" \/><\/a><\/p>\n<h3><span style=\"color: #ff0000;\">Theaterf\u00fchrung im &#8222;Gro\u00dfen Haus&#8220;<\/span><\/h3>\n<p>Am <span style=\"color: #800000;\">10. April 2025<\/span> waren wir dann einmal hinter den Kullisen im Theater Freiburg. Wir, die Klasse 4, hatten eine tolle Theaterf\u00fchrung !<\/p>\n<p>Wir durften im Zuschauerraum zu einer Probenvorbereitung zu einer Premiere , wir waren in den Werkst\u00e4tten, der N\u00e4herei, dem Kost\u00fcmarchiv.<\/p>\n<p>Wir konnten echte Requisiten und B\u00fchnenbilder anschauen. Es war richtig spannend&#8230;<\/p>\n<p><a href=\"https:\/\/www.grundschule-sasbach.de\/wp\/wp-content\/uploads\/2025\/04\/Die-Kulissen.jpg\"><img loading=\"lazy\" decoding=\"async\" class=\"alignnone size-thumbnail wp-image-7029\" src=\"https:\/\/www.grundschule-sasbach.de\/wp\/wp-content\/uploads\/2025\/04\/Die-Kulissen-150x150.jpg\" alt=\"\" width=\"150\" height=\"150\" \/><\/a> <a href=\"https:\/\/www.grundschule-sasbach.de\/wp\/wp-content\/uploads\/2025\/04\/Die-Naeherei.jpg\"><img loading=\"lazy\" decoding=\"async\" class=\"alignnone size-thumbnail wp-image-7030\" src=\"https:\/\/www.grundschule-sasbach.de\/wp\/wp-content\/uploads\/2025\/04\/Die-Naeherei-150x150.jpg\" alt=\"\" width=\"150\" height=\"150\" \/><\/a> <a href=\"https:\/\/www.grundschule-sasbach.de\/wp\/wp-content\/uploads\/2025\/04\/Die-Theater-AG-Klasse-4.jpg\"><img loading=\"lazy\" decoding=\"async\" class=\"alignnone size-thumbnail wp-image-7031\" src=\"https:\/\/www.grundschule-sasbach.de\/wp\/wp-content\/uploads\/2025\/04\/Die-Theater-AG-Klasse-4-150x150.jpg\" alt=\"\" width=\"150\" height=\"150\" \/><\/a> <a href=\"https:\/\/www.grundschule-sasbach.de\/wp\/wp-content\/uploads\/2025\/04\/Die-Werkstatt.jpg\"><img loading=\"lazy\" decoding=\"async\" class=\"alignnone size-thumbnail wp-image-7032\" src=\"https:\/\/www.grundschule-sasbach.de\/wp\/wp-content\/uploads\/2025\/04\/Die-Werkstatt-150x150.jpg\" alt=\"\" width=\"150\" height=\"150\" \/><\/a> <a href=\"https:\/\/www.grundschule-sasbach.de\/wp\/wp-content\/uploads\/2025\/04\/Im-Eingangsbereich.jpg\"><img loading=\"lazy\" decoding=\"async\" class=\"alignnone size-thumbnail wp-image-7033\" src=\"https:\/\/www.grundschule-sasbach.de\/wp\/wp-content\/uploads\/2025\/04\/Im-Eingangsbereich-150x150.jpg\" alt=\"\" width=\"150\" height=\"150\" \/><\/a> <a href=\"https:\/\/www.grundschule-sasbach.de\/wp\/wp-content\/uploads\/2025\/04\/Im-Grossen-Haus.jpg\"><img loading=\"lazy\" decoding=\"async\" class=\"alignnone size-thumbnail wp-image-7034\" src=\"https:\/\/www.grundschule-sasbach.de\/wp\/wp-content\/uploads\/2025\/04\/Im-Grossen-Haus-150x150.jpg\" alt=\"\" width=\"150\" height=\"150\" \/><\/a> <a href=\"https:\/\/www.grundschule-sasbach.de\/wp\/wp-content\/uploads\/2025\/04\/In-der-Malerei.jpg\"><img loading=\"lazy\" decoding=\"async\" class=\"alignnone size-thumbnail wp-image-7035\" src=\"https:\/\/www.grundschule-sasbach.de\/wp\/wp-content\/uploads\/2025\/04\/In-der-Malerei-150x150.jpg\" alt=\"\" width=\"150\" height=\"150\" \/><\/a> <a href=\"https:\/\/www.grundschule-sasbach.de\/wp\/wp-content\/uploads\/2025\/04\/Ist-das-schwer.jpg\"><img loading=\"lazy\" decoding=\"async\" class=\"alignnone size-thumbnail wp-image-7036\" src=\"https:\/\/www.grundschule-sasbach.de\/wp\/wp-content\/uploads\/2025\/04\/Ist-das-schwer-150x150.jpg\" alt=\"\" width=\"150\" height=\"150\" \/><\/a><\/p>\n<p>&nbsp;<\/p>\n<p>&nbsp;<\/p>\n","protected":false},"excerpt":{"rendered":"<p>Heute, am 22. Januar 2025 sind wir mit allen Kindern der Schule in das Theater nach Freiburg gefahren. Im Gro\u00dfen Haus konnten wir das St\u00fcck &#8222;Pinocchio&#8220; anschauen. Es war eine tolle Inszenierung mit kunterbunten Kost\u00fcmen und ideenreichem\u00a0 B\u00fchnenbild. Pinocchio m\u00f6chte zum Schluss, anders als im Text von Carlo Collodi, nicht zum Menschen-Jungen werden, er sagt: &hellip; <a href=\"https:\/\/www.grundschule-sasbach.de\/wp\/?page_id=6924\" class=\"more-link\"><span class=\"screen-reader-text\">Theater Freiburg+F\u00fchrung<\/span> weiterlesen <span class=\"meta-nav\">&rarr;<\/span><\/a><\/p>\n","protected":false},"author":4,"featured_media":0,"parent":7207,"menu_order":8,"comment_status":"closed","ping_status":"closed","template":"","meta":{"footnotes":""},"class_list":["post-6924","page","type-page","status-publish","hentry"],"_links":{"self":[{"href":"https:\/\/www.grundschule-sasbach.de\/wp\/index.php?rest_route=\/wp\/v2\/pages\/6924","targetHints":{"allow":["GET"]}}],"collection":[{"href":"https:\/\/www.grundschule-sasbach.de\/wp\/index.php?rest_route=\/wp\/v2\/pages"}],"about":[{"href":"https:\/\/www.grundschule-sasbach.de\/wp\/index.php?rest_route=\/wp\/v2\/types\/page"}],"author":[{"embeddable":true,"href":"https:\/\/www.grundschule-sasbach.de\/wp\/index.php?rest_route=\/wp\/v2\/users\/4"}],"replies":[{"embeddable":true,"href":"https:\/\/www.grundschule-sasbach.de\/wp\/index.php?rest_route=%2Fwp%2Fv2%2Fcomments&post=6924"}],"version-history":[{"count":5,"href":"https:\/\/www.grundschule-sasbach.de\/wp\/index.php?rest_route=\/wp\/v2\/pages\/6924\/revisions"}],"predecessor-version":[{"id":7038,"href":"https:\/\/www.grundschule-sasbach.de\/wp\/index.php?rest_route=\/wp\/v2\/pages\/6924\/revisions\/7038"}],"up":[{"embeddable":true,"href":"https:\/\/www.grundschule-sasbach.de\/wp\/index.php?rest_route=\/wp\/v2\/pages\/7207"}],"wp:attachment":[{"href":"https:\/\/www.grundschule-sasbach.de\/wp\/index.php?rest_route=%2Fwp%2Fv2%2Fmedia&parent=6924"}],"curies":[{"name":"wp","href":"https:\/\/api.w.org\/{rel}","templated":true}]}}