{"id":6933,"date":"2025-02-27T15:36:34","date_gmt":"2025-02-27T13:36:34","guid":{"rendered":"https:\/\/www.grundschule-sasbach.de\/wp\/?page_id=6933"},"modified":"2025-09-17T10:30:12","modified_gmt":"2025-09-17T08:30:12","slug":"fasnet","status":"publish","type":"page","link":"https:\/\/www.grundschule-sasbach.de\/wp\/?page_id=6933","title":{"rendered":"FASNET"},"content":{"rendered":"<h3><strong><span style=\"color: #ff00ff;\">Narri-Narro<\/span><\/strong><\/h3>\n<h4><span style=\"color: #00ff00;\"><strong>Knadder-knadder-pfludd-pfludd<\/strong><\/span><\/h4>\n<h4><strong><span style=\"color: #ff6600;\">Liseli-Liselo<\/span><\/strong><\/h4>\n<h3>d\u00b4Fasnet ische endlig do !<\/h3>\n<p>Einer der sch\u00f6nsten Tage im Jahr ist bei und der &#8222;Schmutzige Dunschdig&#8220;.<\/p>\n<p>Zuerst wird in den Klassen gefeiert, dann werden die Kinder\u00a0 um 10:00 Uhr von der Putzfrauen und Putzm\u00e4nnern und den Kupfbickern von ihren Lehrern befreit.<\/p>\n<p>Wir waren \u00fcberw\u00e4ltigt wie viele dieses Jahr gekommen sind&#8230;..<\/p>\n<p>Hier ein paar Eindr\u00fccke:<\/p>\n<p><a href=\"https:\/\/www.grundschule-sasbach.de\/wp\/wp-content\/uploads\/2025\/02\/Im-Hof-ist-Stimmung-scaled.jpg\"><img loading=\"lazy\" decoding=\"async\" class=\"alignnone size-medium wp-image-6936\" src=\"https:\/\/www.grundschule-sasbach.de\/wp\/wp-content\/uploads\/2025\/02\/Im-Hof-ist-Stimmung-300x225.jpg\" alt=\"\" width=\"300\" height=\"225\" srcset=\"https:\/\/www.grundschule-sasbach.de\/wp\/wp-content\/uploads\/2025\/02\/Im-Hof-ist-Stimmung-300x225.jpg 300w, https:\/\/www.grundschule-sasbach.de\/wp\/wp-content\/uploads\/2025\/02\/Im-Hof-ist-Stimmung-1024x768.jpg 1024w, https:\/\/www.grundschule-sasbach.de\/wp\/wp-content\/uploads\/2025\/02\/Im-Hof-ist-Stimmung-768x576.jpg 768w, https:\/\/www.grundschule-sasbach.de\/wp\/wp-content\/uploads\/2025\/02\/Im-Hof-ist-Stimmung-1536x1152.jpg 1536w, https:\/\/www.grundschule-sasbach.de\/wp\/wp-content\/uploads\/2025\/02\/Im-Hof-ist-Stimmung-2048x1536.jpg 2048w\" sizes=\"auto, (max-width: 300px) 100vw, 300px\" \/><\/a> <a href=\"https:\/\/www.grundschule-sasbach.de\/wp\/wp-content\/uploads\/2025\/02\/Im-Hof-wird-getanzt-scaled.jpg\"><img loading=\"lazy\" decoding=\"async\" class=\"alignnone size-medium wp-image-6937\" src=\"https:\/\/www.grundschule-sasbach.de\/wp\/wp-content\/uploads\/2025\/02\/Im-Hof-wird-getanzt-300x225.jpg\" alt=\"\" width=\"300\" height=\"225\" srcset=\"https:\/\/www.grundschule-sasbach.de\/wp\/wp-content\/uploads\/2025\/02\/Im-Hof-wird-getanzt-300x225.jpg 300w, https:\/\/www.grundschule-sasbach.de\/wp\/wp-content\/uploads\/2025\/02\/Im-Hof-wird-getanzt-1024x768.jpg 1024w, https:\/\/www.grundschule-sasbach.de\/wp\/wp-content\/uploads\/2025\/02\/Im-Hof-wird-getanzt-768x576.jpg 768w, https:\/\/www.grundschule-sasbach.de\/wp\/wp-content\/uploads\/2025\/02\/Im-Hof-wird-getanzt-1536x1152.jpg 1536w, https:\/\/www.grundschule-sasbach.de\/wp\/wp-content\/uploads\/2025\/02\/Im-Hof-wird-getanzt-2048x1536.jpg 2048w\" sizes=\"auto, (max-width: 300px) 100vw, 300px\" \/><\/a> <a href=\"https:\/\/www.grundschule-sasbach.de\/wp\/wp-content\/uploads\/2025\/02\/Putzfrauen-und-Kumpfbicker-sind-da-scaled.jpg\"><img loading=\"lazy\" decoding=\"async\" class=\"alignnone size-medium wp-image-6938\" src=\"https:\/\/www.grundschule-sasbach.de\/wp\/wp-content\/uploads\/2025\/02\/Putzfrauen-und-Kumpfbicker-sind-da-300x225.jpg\" alt=\"\" width=\"300\" height=\"225\" srcset=\"https:\/\/www.grundschule-sasbach.de\/wp\/wp-content\/uploads\/2025\/02\/Putzfrauen-und-Kumpfbicker-sind-da-300x225.jpg 300w, https:\/\/www.grundschule-sasbach.de\/wp\/wp-content\/uploads\/2025\/02\/Putzfrauen-und-Kumpfbicker-sind-da-1024x768.jpg 1024w, https:\/\/www.grundschule-sasbach.de\/wp\/wp-content\/uploads\/2025\/02\/Putzfrauen-und-Kumpfbicker-sind-da-768x576.jpg 768w, https:\/\/www.grundschule-sasbach.de\/wp\/wp-content\/uploads\/2025\/02\/Putzfrauen-und-Kumpfbicker-sind-da-1536x1152.jpg 1536w, https:\/\/www.grundschule-sasbach.de\/wp\/wp-content\/uploads\/2025\/02\/Putzfrauen-und-Kumpfbicker-sind-da-2048x1536.jpg 2048w\" sizes=\"auto, (max-width: 300px) 100vw, 300px\" \/><\/a><\/p>\n<p>In der Aula wird zusammen\u00a0 gesungen, getanz, gelacht und die Thater AG hat noch eine Zauber Show vorbereitet.<\/p>\n<p><a href=\"https:\/\/www.grundschule-sasbach.de\/wp\/wp-content\/uploads\/2025\/02\/Alle-Kostueme-auf-dem-Laufsteg-scaled.jpg\"><img loading=\"lazy\" decoding=\"async\" class=\"alignnone size-thumbnail wp-image-6939\" src=\"https:\/\/www.grundschule-sasbach.de\/wp\/wp-content\/uploads\/2025\/02\/Alle-Kostueme-auf-dem-Laufsteg-150x150.jpg\" alt=\"\" width=\"150\" height=\"150\" \/><\/a> <a href=\"https:\/\/www.grundschule-sasbach.de\/wp\/wp-content\/uploads\/2025\/02\/Das-naerrische-Publikum-scaled.jpg\"><img loading=\"lazy\" decoding=\"async\" class=\"alignnone size-medium wp-image-6940\" src=\"https:\/\/www.grundschule-sasbach.de\/wp\/wp-content\/uploads\/2025\/02\/Das-naerrische-Publikum-300x225.jpg\" alt=\"\" width=\"300\" height=\"225\" srcset=\"https:\/\/www.grundschule-sasbach.de\/wp\/wp-content\/uploads\/2025\/02\/Das-naerrische-Publikum-300x225.jpg 300w, https:\/\/www.grundschule-sasbach.de\/wp\/wp-content\/uploads\/2025\/02\/Das-naerrische-Publikum-1024x768.jpg 1024w, https:\/\/www.grundschule-sasbach.de\/wp\/wp-content\/uploads\/2025\/02\/Das-naerrische-Publikum-768x576.jpg 768w, https:\/\/www.grundschule-sasbach.de\/wp\/wp-content\/uploads\/2025\/02\/Das-naerrische-Publikum-1536x1152.jpg 1536w, https:\/\/www.grundschule-sasbach.de\/wp\/wp-content\/uploads\/2025\/02\/Das-naerrische-Publikum-2048x1536.jpg 2048w\" sizes=\"auto, (max-width: 300px) 100vw, 300px\" \/><\/a> <a href=\"https:\/\/www.grundschule-sasbach.de\/wp\/wp-content\/uploads\/2025\/02\/Der-Kostuemwettbewerb-scaled.jpg\"><img loading=\"lazy\" decoding=\"async\" class=\"alignnone size-medium wp-image-6941\" src=\"https:\/\/www.grundschule-sasbach.de\/wp\/wp-content\/uploads\/2025\/02\/Der-Kostuemwettbewerb-300x225.jpg\" alt=\"\" width=\"300\" height=\"225\" srcset=\"https:\/\/www.grundschule-sasbach.de\/wp\/wp-content\/uploads\/2025\/02\/Der-Kostuemwettbewerb-300x225.jpg 300w, https:\/\/www.grundschule-sasbach.de\/wp\/wp-content\/uploads\/2025\/02\/Der-Kostuemwettbewerb-1024x768.jpg 1024w, https:\/\/www.grundschule-sasbach.de\/wp\/wp-content\/uploads\/2025\/02\/Der-Kostuemwettbewerb-768x576.jpg 768w, https:\/\/www.grundschule-sasbach.de\/wp\/wp-content\/uploads\/2025\/02\/Der-Kostuemwettbewerb-1536x1152.jpg 1536w, https:\/\/www.grundschule-sasbach.de\/wp\/wp-content\/uploads\/2025\/02\/Der-Kostuemwettbewerb-2048x1536.jpg 2048w\" sizes=\"auto, (max-width: 300px) 100vw, 300px\" \/><\/a> <a href=\"https:\/\/www.grundschule-sasbach.de\/wp\/wp-content\/uploads\/2025\/02\/Die-Praemierung-scaled.jpg\"><img loading=\"lazy\" decoding=\"async\" class=\"alignnone size-medium wp-image-6942\" src=\"https:\/\/www.grundschule-sasbach.de\/wp\/wp-content\/uploads\/2025\/02\/Die-Praemierung-300x225.jpg\" alt=\"\" width=\"300\" height=\"225\" srcset=\"https:\/\/www.grundschule-sasbach.de\/wp\/wp-content\/uploads\/2025\/02\/Die-Praemierung-300x225.jpg 300w, https:\/\/www.grundschule-sasbach.de\/wp\/wp-content\/uploads\/2025\/02\/Die-Praemierung-1024x768.jpg 1024w, https:\/\/www.grundschule-sasbach.de\/wp\/wp-content\/uploads\/2025\/02\/Die-Praemierung-768x576.jpg 768w, https:\/\/www.grundschule-sasbach.de\/wp\/wp-content\/uploads\/2025\/02\/Die-Praemierung-1536x1152.jpg 1536w, https:\/\/www.grundschule-sasbach.de\/wp\/wp-content\/uploads\/2025\/02\/Die-Praemierung-2048x1536.jpg 2048w\" sizes=\"auto, (max-width: 300px) 100vw, 300px\" \/><\/a> <a href=\"https:\/\/www.grundschule-sasbach.de\/wp\/wp-content\/uploads\/2025\/02\/Die-tollen-Kostueme-scaled.jpg\"><img loading=\"lazy\" decoding=\"async\" class=\"alignnone size-medium wp-image-6943\" src=\"https:\/\/www.grundschule-sasbach.de\/wp\/wp-content\/uploads\/2025\/02\/Die-tollen-Kostueme-300x225.jpg\" alt=\"\" width=\"300\" height=\"225\" srcset=\"https:\/\/www.grundschule-sasbach.de\/wp\/wp-content\/uploads\/2025\/02\/Die-tollen-Kostueme-300x225.jpg 300w, https:\/\/www.grundschule-sasbach.de\/wp\/wp-content\/uploads\/2025\/02\/Die-tollen-Kostueme-1024x768.jpg 1024w, https:\/\/www.grundschule-sasbach.de\/wp\/wp-content\/uploads\/2025\/02\/Die-tollen-Kostueme-768x576.jpg 768w, https:\/\/www.grundschule-sasbach.de\/wp\/wp-content\/uploads\/2025\/02\/Die-tollen-Kostueme-1536x1152.jpg 1536w, https:\/\/www.grundschule-sasbach.de\/wp\/wp-content\/uploads\/2025\/02\/Die-tollen-Kostueme-2048x1536.jpg 2048w\" sizes=\"auto, (max-width: 300px) 100vw, 300px\" \/><\/a> <a href=\"https:\/\/www.grundschule-sasbach.de\/wp\/wp-content\/uploads\/2025\/02\/Die-Zauber-Show-scaled.jpg\"><img loading=\"lazy\" decoding=\"async\" class=\"alignnone size-medium wp-image-6944\" src=\"https:\/\/www.grundschule-sasbach.de\/wp\/wp-content\/uploads\/2025\/02\/Die-Zauber-Show-225x300.jpg\" alt=\"\" width=\"225\" height=\"300\" srcset=\"https:\/\/www.grundschule-sasbach.de\/wp\/wp-content\/uploads\/2025\/02\/Die-Zauber-Show-225x300.jpg 225w, https:\/\/www.grundschule-sasbach.de\/wp\/wp-content\/uploads\/2025\/02\/Die-Zauber-Show-768x1024.jpg 768w, https:\/\/www.grundschule-sasbach.de\/wp\/wp-content\/uploads\/2025\/02\/Die-Zauber-Show-1152x1536.jpg 1152w, https:\/\/www.grundschule-sasbach.de\/wp\/wp-content\/uploads\/2025\/02\/Die-Zauber-Show-1536x2048.jpg 1536w, https:\/\/www.grundschule-sasbach.de\/wp\/wp-content\/uploads\/2025\/02\/Die-Zauber-Show-scaled.jpg 1920w\" sizes=\"auto, (max-width: 225px) 100vw, 225px\" \/><\/a> <a href=\"https:\/\/www.grundschule-sasbach.de\/wp\/wp-content\/uploads\/2025\/02\/Die-Zauberer-scaled.jpg\"><img loading=\"lazy\" decoding=\"async\" class=\"alignnone size-medium wp-image-6945\" src=\"https:\/\/www.grundschule-sasbach.de\/wp\/wp-content\/uploads\/2025\/02\/Die-Zauberer-225x300.jpg\" alt=\"\" width=\"225\" height=\"300\" srcset=\"https:\/\/www.grundschule-sasbach.de\/wp\/wp-content\/uploads\/2025\/02\/Die-Zauberer-225x300.jpg 225w, https:\/\/www.grundschule-sasbach.de\/wp\/wp-content\/uploads\/2025\/02\/Die-Zauberer-768x1024.jpg 768w, https:\/\/www.grundschule-sasbach.de\/wp\/wp-content\/uploads\/2025\/02\/Die-Zauberer-1152x1536.jpg 1152w, https:\/\/www.grundschule-sasbach.de\/wp\/wp-content\/uploads\/2025\/02\/Die-Zauberer-1536x2048.jpg 1536w, https:\/\/www.grundschule-sasbach.de\/wp\/wp-content\/uploads\/2025\/02\/Die-Zauberer-scaled.jpg 1920w\" sizes=\"auto, (max-width: 225px) 100vw, 225px\" \/><\/a> <a href=\"https:\/\/www.grundschule-sasbach.de\/wp\/wp-content\/uploads\/2025\/02\/Es-geht-los-mit-Musik-durchs-Haus-scaled.jpg\"><img loading=\"lazy\" decoding=\"async\" class=\"alignnone size-medium wp-image-6946\" src=\"https:\/\/www.grundschule-sasbach.de\/wp\/wp-content\/uploads\/2025\/02\/Es-geht-los-mit-Musik-durchs-Haus-225x300.jpg\" alt=\"\" width=\"225\" height=\"300\" srcset=\"https:\/\/www.grundschule-sasbach.de\/wp\/wp-content\/uploads\/2025\/02\/Es-geht-los-mit-Musik-durchs-Haus-225x300.jpg 225w, https:\/\/www.grundschule-sasbach.de\/wp\/wp-content\/uploads\/2025\/02\/Es-geht-los-mit-Musik-durchs-Haus-768x1024.jpg 768w, https:\/\/www.grundschule-sasbach.de\/wp\/wp-content\/uploads\/2025\/02\/Es-geht-los-mit-Musik-durchs-Haus-1152x1536.jpg 1152w, https:\/\/www.grundschule-sasbach.de\/wp\/wp-content\/uploads\/2025\/02\/Es-geht-los-mit-Musik-durchs-Haus-1536x2048.jpg 1536w, https:\/\/www.grundschule-sasbach.de\/wp\/wp-content\/uploads\/2025\/02\/Es-geht-los-mit-Musik-durchs-Haus-scaled.jpg 1920w\" sizes=\"auto, (max-width: 225px) 100vw, 225px\" \/><\/a> <a href=\"https:\/\/www.grundschule-sasbach.de\/wp\/wp-content\/uploads\/2025\/02\/In-der-Aula-gehts-weiter-scaled.jpg\"><img loading=\"lazy\" decoding=\"async\" class=\"alignnone size-medium wp-image-6947\" src=\"https:\/\/www.grundschule-sasbach.de\/wp\/wp-content\/uploads\/2025\/02\/In-der-Aula-gehts-weiter-300x225.jpg\" alt=\"\" width=\"300\" height=\"225\" srcset=\"https:\/\/www.grundschule-sasbach.de\/wp\/wp-content\/uploads\/2025\/02\/In-der-Aula-gehts-weiter-300x225.jpg 300w, https:\/\/www.grundschule-sasbach.de\/wp\/wp-content\/uploads\/2025\/02\/In-der-Aula-gehts-weiter-1024x768.jpg 1024w, https:\/\/www.grundschule-sasbach.de\/wp\/wp-content\/uploads\/2025\/02\/In-der-Aula-gehts-weiter-768x576.jpg 768w, https:\/\/www.grundschule-sasbach.de\/wp\/wp-content\/uploads\/2025\/02\/In-der-Aula-gehts-weiter-1536x1152.jpg 1536w, https:\/\/www.grundschule-sasbach.de\/wp\/wp-content\/uploads\/2025\/02\/In-der-Aula-gehts-weiter-2048x1536.jpg 2048w\" sizes=\"auto, (max-width: 300px) 100vw, 300px\" \/><\/a> <a href=\"https:\/\/www.grundschule-sasbach.de\/wp\/wp-content\/uploads\/2025\/02\/Tanz-2a-b-scaled.jpg\"><img loading=\"lazy\" decoding=\"async\" class=\"alignnone size-medium wp-image-6948\" src=\"https:\/\/www.grundschule-sasbach.de\/wp\/wp-content\/uploads\/2025\/02\/Tanz-2a-b-300x225.jpg\" alt=\"\" width=\"300\" height=\"225\" srcset=\"https:\/\/www.grundschule-sasbach.de\/wp\/wp-content\/uploads\/2025\/02\/Tanz-2a-b-300x225.jpg 300w, https:\/\/www.grundschule-sasbach.de\/wp\/wp-content\/uploads\/2025\/02\/Tanz-2a-b-1024x768.jpg 1024w, https:\/\/www.grundschule-sasbach.de\/wp\/wp-content\/uploads\/2025\/02\/Tanz-2a-b-768x576.jpg 768w, https:\/\/www.grundschule-sasbach.de\/wp\/wp-content\/uploads\/2025\/02\/Tanz-2a-b-1536x1152.jpg 1536w, https:\/\/www.grundschule-sasbach.de\/wp\/wp-content\/uploads\/2025\/02\/Tanz-2a-b-2048x1536.jpg 2048w\" sizes=\"auto, (max-width: 300px) 100vw, 300px\" \/><\/a> <a href=\"https:\/\/www.grundschule-sasbach.de\/wp\/wp-content\/uploads\/2025\/02\/Tanz-3-4-scaled.jpg\"><img loading=\"lazy\" decoding=\"async\" class=\"alignnone size-medium wp-image-6949\" src=\"https:\/\/www.grundschule-sasbach.de\/wp\/wp-content\/uploads\/2025\/02\/Tanz-3-4-300x225.jpg\" alt=\"\" width=\"300\" height=\"225\" srcset=\"https:\/\/www.grundschule-sasbach.de\/wp\/wp-content\/uploads\/2025\/02\/Tanz-3-4-300x225.jpg 300w, https:\/\/www.grundschule-sasbach.de\/wp\/wp-content\/uploads\/2025\/02\/Tanz-3-4-1024x768.jpg 1024w, https:\/\/www.grundschule-sasbach.de\/wp\/wp-content\/uploads\/2025\/02\/Tanz-3-4-768x576.jpg 768w, https:\/\/www.grundschule-sasbach.de\/wp\/wp-content\/uploads\/2025\/02\/Tanz-3-4-1536x1152.jpg 1536w, https:\/\/www.grundschule-sasbach.de\/wp\/wp-content\/uploads\/2025\/02\/Tanz-3-4-2048x1536.jpg 2048w\" sizes=\"auto, (max-width: 300px) 100vw, 300px\" \/><\/a> <a href=\"https:\/\/www.grundschule-sasbach.de\/wp\/wp-content\/uploads\/2025\/02\/Tanz-der-1a-b-scaled.jpg\"><img loading=\"lazy\" decoding=\"async\" class=\"alignnone size-medium wp-image-6950\" src=\"https:\/\/www.grundschule-sasbach.de\/wp\/wp-content\/uploads\/2025\/02\/Tanz-der-1a-b-300x225.jpg\" alt=\"\" width=\"300\" height=\"225\" srcset=\"https:\/\/www.grundschule-sasbach.de\/wp\/wp-content\/uploads\/2025\/02\/Tanz-der-1a-b-300x225.jpg 300w, https:\/\/www.grundschule-sasbach.de\/wp\/wp-content\/uploads\/2025\/02\/Tanz-der-1a-b-1024x768.jpg 1024w, https:\/\/www.grundschule-sasbach.de\/wp\/wp-content\/uploads\/2025\/02\/Tanz-der-1a-b-768x576.jpg 768w, https:\/\/www.grundschule-sasbach.de\/wp\/wp-content\/uploads\/2025\/02\/Tanz-der-1a-b-1536x1152.jpg 1536w, https:\/\/www.grundschule-sasbach.de\/wp\/wp-content\/uploads\/2025\/02\/Tanz-der-1a-b-2048x1536.jpg 2048w\" sizes=\"auto, (max-width: 300px) 100vw, 300px\" \/><\/a> <a href=\"https:\/\/www.grundschule-sasbach.de\/wp\/wp-content\/uploads\/2025\/02\/Unsere-Jury-scaled.jpg\"><img loading=\"lazy\" decoding=\"async\" class=\"alignnone size-medium wp-image-6951\" src=\"https:\/\/www.grundschule-sasbach.de\/wp\/wp-content\/uploads\/2025\/02\/Unsere-Jury-300x225.jpg\" alt=\"\" width=\"300\" height=\"225\" srcset=\"https:\/\/www.grundschule-sasbach.de\/wp\/wp-content\/uploads\/2025\/02\/Unsere-Jury-300x225.jpg 300w, https:\/\/www.grundschule-sasbach.de\/wp\/wp-content\/uploads\/2025\/02\/Unsere-Jury-1024x768.jpg 1024w, https:\/\/www.grundschule-sasbach.de\/wp\/wp-content\/uploads\/2025\/02\/Unsere-Jury-768x576.jpg 768w, https:\/\/www.grundschule-sasbach.de\/wp\/wp-content\/uploads\/2025\/02\/Unsere-Jury-1536x1152.jpg 1536w, https:\/\/www.grundschule-sasbach.de\/wp\/wp-content\/uploads\/2025\/02\/Unsere-Jury-2048x1536.jpg 2048w\" sizes=\"auto, (max-width: 300px) 100vw, 300px\" \/><\/a><\/p>\n<p>Wir w\u00fcnschen ALLEN sch\u00f6ne\u00a0 n\u00e4rrische Tage und sch\u00f6ne Fasnetsferien ! <a href=\"https:\/\/www.grundschule-sasbach.de\/wp\/wp-content\/uploads\/2024\/02\/Clowns.jpg\"><img loading=\"lazy\" decoding=\"async\" class=\"alignnone size-thumbnail wp-image-6467\" src=\"https:\/\/www.grundschule-sasbach.de\/wp\/wp-content\/uploads\/2024\/02\/Clowns-150x150.jpg\" alt=\"\" width=\"150\" height=\"150\" \/><\/a><\/p>\n","protected":false},"excerpt":{"rendered":"<p>Narri-Narro Knadder-knadder-pfludd-pfludd Liseli-Liselo d\u00b4Fasnet ische endlig do ! Einer der sch\u00f6nsten Tage im Jahr ist bei und der &#8222;Schmutzige Dunschdig&#8220;. Zuerst wird in den Klassen gefeiert, dann werden die Kinder\u00a0 um 10:00 Uhr von der Putzfrauen und Putzm\u00e4nnern und den Kupfbickern von ihren Lehrern befreit. Wir waren \u00fcberw\u00e4ltigt wie viele dieses Jahr gekommen sind&#8230;.. Hier &hellip; <a href=\"https:\/\/www.grundschule-sasbach.de\/wp\/?page_id=6933\" class=\"more-link\"><span class=\"screen-reader-text\">FASNET<\/span> weiterlesen <span class=\"meta-nav\">&rarr;<\/span><\/a><\/p>\n","protected":false},"author":4,"featured_media":0,"parent":7207,"menu_order":9,"comment_status":"closed","ping_status":"closed","template":"","meta":{"footnotes":""},"class_list":["post-6933","page","type-page","status-publish","hentry"],"_links":{"self":[{"href":"https:\/\/www.grundschule-sasbach.de\/wp\/index.php?rest_route=\/wp\/v2\/pages\/6933","targetHints":{"allow":["GET"]}}],"collection":[{"href":"https:\/\/www.grundschule-sasbach.de\/wp\/index.php?rest_route=\/wp\/v2\/pages"}],"about":[{"href":"https:\/\/www.grundschule-sasbach.de\/wp\/index.php?rest_route=\/wp\/v2\/types\/page"}],"author":[{"embeddable":true,"href":"https:\/\/www.grundschule-sasbach.de\/wp\/index.php?rest_route=\/wp\/v2\/users\/4"}],"replies":[{"embeddable":true,"href":"https:\/\/www.grundschule-sasbach.de\/wp\/index.php?rest_route=%2Fwp%2Fv2%2Fcomments&post=6933"}],"version-history":[{"count":3,"href":"https:\/\/www.grundschule-sasbach.de\/wp\/index.php?rest_route=\/wp\/v2\/pages\/6933\/revisions"}],"predecessor-version":[{"id":6952,"href":"https:\/\/www.grundschule-sasbach.de\/wp\/index.php?rest_route=\/wp\/v2\/pages\/6933\/revisions\/6952"}],"up":[{"embeddable":true,"href":"https:\/\/www.grundschule-sasbach.de\/wp\/index.php?rest_route=\/wp\/v2\/pages\/7207"}],"wp:attachment":[{"href":"https:\/\/www.grundschule-sasbach.de\/wp\/index.php?rest_route=%2Fwp%2Fv2%2Fmedia&parent=6933"}],"curies":[{"name":"wp","href":"https:\/\/api.w.org\/{rel}","templated":true}]}}