{"id":7006,"date":"2025-03-31T09:30:59","date_gmt":"2025-03-31T07:30:59","guid":{"rendered":"https:\/\/www.grundschule-sasbach.de\/wp\/?page_id=7006"},"modified":"2025-09-17T10:30:12","modified_gmt":"2025-09-17T08:30:12","slug":"foerderverein","status":"publish","type":"page","link":"https:\/\/www.grundschule-sasbach.de\/wp\/?page_id=7006","title":{"rendered":"F\u00f6rderverein"},"content":{"rendered":"<h3><span style=\"color: #99cc00;\">Juhuuu, wir haben einen neuen F\u00f6rderverein<\/span><\/h3>\n<p>Am 29. M\u00e4rz 2025 fand die Auftaktveranstaltung unseres neuen Schulf\u00f6rdervereines in der Limburghalle bei Kaffee und Kuchen statt. Die Kinderg\u00e4rten und die Schulen hatten ein kleines Programm vorbereitet.<\/p>\n<p>DANKE an ALLE, die sich f\u00fcr uns einsetzen&#8230;.\u00a0 <a href=\"https:\/\/www.grundschule-sasbach.de\/wp\/wp-content\/uploads\/2025\/03\/Maedchen_Junge_singen.gif\"><img loading=\"lazy\" decoding=\"async\" class=\"alignnone size-thumbnail wp-image-7014\" src=\"https:\/\/www.grundschule-sasbach.de\/wp\/wp-content\/uploads\/2025\/03\/Maedchen_Junge_singen-150x150.gif\" alt=\"\" width=\"150\" height=\"150\" \/><\/a><\/p>\n<p><a href=\"https:\/\/www.grundschule-sasbach.de\/wp\/wp-content\/uploads\/2025\/03\/Herr-Kopp-1.-Vorsitzender-stellt-den-Verein-vor.jpg\"><img loading=\"lazy\" decoding=\"async\" class=\"alignnone size-thumbnail wp-image-7010\" src=\"https:\/\/www.grundschule-sasbach.de\/wp\/wp-content\/uploads\/2025\/03\/Herr-Kopp-1.-Vorsitzender-stellt-den-Verein-vor-150x150.jpg\" alt=\"\" width=\"150\" height=\"150\" \/><\/a><a href=\"https:\/\/www.grundschule-sasbach.de\/wp\/wp-content\/uploads\/2025\/03\/Herr-Kopp-1.-Vorsitzender.jpg\"><img loading=\"lazy\" decoding=\"async\" class=\"alignnone size-thumbnail wp-image-7011\" src=\"https:\/\/www.grundschule-sasbach.de\/wp\/wp-content\/uploads\/2025\/03\/Herr-Kopp-1.-Vorsitzender-150x150.jpg\" alt=\"\" width=\"150\" height=\"150\" \/><\/a><a href=\"https:\/\/www.grundschule-sasbach.de\/wp\/wp-content\/uploads\/2025\/03\/Die-Buehne-ist-noch-leer.jpg\"><img loading=\"lazy\" decoding=\"async\" class=\"alignnone size-thumbnail wp-image-7008\" src=\"https:\/\/www.grundschule-sasbach.de\/wp\/wp-content\/uploads\/2025\/03\/Die-Buehne-ist-noch-leer-150x150.jpg\" alt=\"\" width=\"150\" height=\"150\" \/><\/a> <a href=\"https:\/\/www.grundschule-sasbach.de\/wp\/wp-content\/uploads\/2025\/03\/Wir-sind-bereit-die-Kuchentheke.jpg\"><img loading=\"lazy\" decoding=\"async\" class=\"alignnone size-thumbnail wp-image-7013\" src=\"https:\/\/www.grundschule-sasbach.de\/wp\/wp-content\/uploads\/2025\/03\/Wir-sind-bereit-die-Kuchentheke-150x150.jpg\" alt=\"\" width=\"150\" height=\"150\" \/><\/a><a href=\"https:\/\/www.grundschule-sasbach.de\/wp\/wp-content\/uploads\/2025\/03\/Alle-sind-auf-der-Buehne-schoen-.jpg\"><img loading=\"lazy\" decoding=\"async\" class=\"alignnone size-thumbnail wp-image-7007\" src=\"https:\/\/www.grundschule-sasbach.de\/wp\/wp-content\/uploads\/2025\/03\/Alle-sind-auf-der-Buehne-schoen--150x150.jpg\" alt=\"\" width=\"150\" height=\"150\" \/><\/a><a href=\"https:\/\/www.grundschule-sasbach.de\/wp\/wp-content\/uploads\/2025\/03\/Die-Halle-ist-gut-gefuellt.jpg\"><img loading=\"lazy\" decoding=\"async\" class=\"alignnone size-thumbnail wp-image-7009\" src=\"https:\/\/www.grundschule-sasbach.de\/wp\/wp-content\/uploads\/2025\/03\/Die-Halle-ist-gut-gefuellt-150x150.jpg\" alt=\"\" width=\"150\" height=\"150\" \/><\/a> <a href=\"https:\/\/www.grundschule-sasbach.de\/wp\/wp-content\/uploads\/2025\/03\/Unsere-Gitarrenkinder.jpg\"><img loading=\"lazy\" decoding=\"async\" class=\"alignnone size-thumbnail wp-image-7012\" src=\"https:\/\/www.grundschule-sasbach.de\/wp\/wp-content\/uploads\/2025\/03\/Unsere-Gitarrenkinder-150x150.jpg\" alt=\"\" width=\"150\" height=\"150\" \/><\/a><\/p>\n<p>Infos, die Satzung, die Beitragsordnung und die Beitrittserkl\u00e4ung finden Sie unter: Das sind wir &#8211; F\u00f6rderverein<\/p>\n<h4><span style=\"color: #99cc00;\">\u00dcber Ihre Mitgliedschaft w\u00fcrden wir uns sehr freuen !<\/span><\/h4>\n","protected":false},"excerpt":{"rendered":"<p>Juhuuu, wir haben einen neuen F\u00f6rderverein Am 29. M\u00e4rz 2025 fand die Auftaktveranstaltung unseres neuen Schulf\u00f6rdervereines in der Limburghalle bei Kaffee und Kuchen statt. Die Kinderg\u00e4rten und die Schulen hatten ein kleines Programm vorbereitet. DANKE an ALLE, die sich f\u00fcr uns einsetzen&#8230;.\u00a0 Infos, die Satzung, die Beitragsordnung und die Beitrittserkl\u00e4ung finden Sie unter: Das sind &hellip; <a href=\"https:\/\/www.grundschule-sasbach.de\/wp\/?page_id=7006\" class=\"more-link\"><span class=\"screen-reader-text\">F\u00f6rderverein<\/span> weiterlesen <span class=\"meta-nav\">&rarr;<\/span><\/a><\/p>\n","protected":false},"author":4,"featured_media":0,"parent":7207,"menu_order":10,"comment_status":"closed","ping_status":"closed","template":"","meta":{"footnotes":""},"class_list":["post-7006","page","type-page","status-publish","hentry"],"_links":{"self":[{"href":"https:\/\/www.grundschule-sasbach.de\/wp\/index.php?rest_route=\/wp\/v2\/pages\/7006","targetHints":{"allow":["GET"]}}],"collection":[{"href":"https:\/\/www.grundschule-sasbach.de\/wp\/index.php?rest_route=\/wp\/v2\/pages"}],"about":[{"href":"https:\/\/www.grundschule-sasbach.de\/wp\/index.php?rest_route=\/wp\/v2\/types\/page"}],"author":[{"embeddable":true,"href":"https:\/\/www.grundschule-sasbach.de\/wp\/index.php?rest_route=\/wp\/v2\/users\/4"}],"replies":[{"embeddable":true,"href":"https:\/\/www.grundschule-sasbach.de\/wp\/index.php?rest_route=%2Fwp%2Fv2%2Fcomments&post=7006"}],"version-history":[{"count":4,"href":"https:\/\/www.grundschule-sasbach.de\/wp\/index.php?rest_route=\/wp\/v2\/pages\/7006\/revisions"}],"predecessor-version":[{"id":7018,"href":"https:\/\/www.grundschule-sasbach.de\/wp\/index.php?rest_route=\/wp\/v2\/pages\/7006\/revisions\/7018"}],"up":[{"embeddable":true,"href":"https:\/\/www.grundschule-sasbach.de\/wp\/index.php?rest_route=\/wp\/v2\/pages\/7207"}],"wp:attachment":[{"href":"https:\/\/www.grundschule-sasbach.de\/wp\/index.php?rest_route=%2Fwp%2Fv2%2Fmedia&parent=7006"}],"curies":[{"name":"wp","href":"https:\/\/api.w.org\/{rel}","templated":true}]}}