{"id":7267,"date":"2025-10-10T11:10:29","date_gmt":"2025-10-10T09:10:29","guid":{"rendered":"https:\/\/www.grundschule-sasbach.de\/wp\/?page_id=7267"},"modified":"2026-01-16T16:27:32","modified_gmt":"2026-01-16T14:27:32","slug":"instrumentenvorstellung-mvs","status":"publish","type":"page","link":"https:\/\/www.grundschule-sasbach.de\/wp\/?page_id=7267","title":{"rendered":"Instrumentenvorstellung MVs"},"content":{"rendered":"<header class=\"entry-header\">\n<h2 class=\"entry-title\"><span style=\"color: #008000; font-family: comic sans ms, sans-serif;\">Instrumentenvorstellung<\/span><\/h2>\n<\/header>\n<div class=\"entry-content\">\n<p><span style=\"font-family: comic sans ms, sans-serif; color: #000000; font-size: 14pt;\">Am 10. Oktober 2025 waren Musiker\/innen des Musikvereins Sasbach und der Winzerkapelle Jechtingen bei uns.<a href=\"https:\/\/www.grundschule-sasbach.de\/wp\/wp-content\/uploads\/2025\/10\/Unsere-Floetenanfaenger.jpg\"><img loading=\"lazy\" decoding=\"async\" class=\"alignnone size-thumbnail wp-image-7276\" src=\"https:\/\/www.grundschule-sasbach.de\/wp\/wp-content\/uploads\/2025\/10\/Unsere-Floetenanfaenger-150x150.jpg\" alt=\"\" width=\"150\" height=\"150\" \/><\/a><a href=\"https:\/\/www.grundschule-sasbach.de\/wp\/wp-content\/uploads\/2025\/10\/Unsere-Floetenkinder.jpg\"><img loading=\"lazy\" decoding=\"async\" class=\"alignnone size-thumbnail wp-image-7277\" src=\"https:\/\/www.grundschule-sasbach.de\/wp\/wp-content\/uploads\/2025\/10\/Unsere-Floetenkinder-150x150.jpg\" alt=\"\" width=\"150\" height=\"150\" \/><\/a><\/span><\/p>\n<p><span style=\"font-family: comic sans ms, sans-serif; font-size: 14pt;\">Zur Begr\u00fc\u00dfung spielten zuerst unsere Fl\u00f6tenkinder unter der Leitung von Frau Nutto vor der ganzen Schule. Die k\u00f6nnen es schon richtig gut ! Seit zwei Jahren haben wir eine Kooperation mit den beiden Musikvereinen. <a href=\"https:\/\/www.grundschule-sasbach.de\/wp\/wp-content\/uploads\/2025\/10\/Floete.gif\"><img loading=\"lazy\" decoding=\"async\" class=\"alignnone size-thumbnail wp-image-7270\" src=\"https:\/\/www.grundschule-sasbach.de\/wp\/wp-content\/uploads\/2025\/10\/Floete-150x150.gif\" alt=\"\" width=\"150\" height=\"150\" \/><\/a><a href=\"https:\/\/www.grundschule-sasbach.de\/wp\/wp-content\/uploads\/2025\/10\/Die-Querfloete-mal-ausprobieren.jpg\"><img loading=\"lazy\" decoding=\"async\" class=\"alignnone size-thumbnail wp-image-7273\" src=\"https:\/\/www.grundschule-sasbach.de\/wp\/wp-content\/uploads\/2025\/10\/Die-Querfloete-mal-ausprobieren-150x150.jpg\" alt=\"\" width=\"150\" height=\"150\" \/><\/a><a href=\"https:\/\/www.grundschule-sasbach.de\/wp\/wp-content\/uploads\/2025\/10\/Auch-der-Notenstaenderaufbau-will-gelernt-sein.jpg\"><img loading=\"lazy\" decoding=\"async\" class=\"alignnone size-thumbnail wp-image-7271\" src=\"https:\/\/www.grundschule-sasbach.de\/wp\/wp-content\/uploads\/2025\/10\/Auch-der-Notenstaenderaufbau-will-gelernt-sein-150x150.jpg\" alt=\"\" width=\"150\" height=\"150\" \/><\/a><\/span><\/p>\n<p><span style=\"font-family: comic sans ms, sans-serif; color: #000000; font-size: 14pt;\">Nach der Vorf\u00fchrung durften die 3. und 4. Kl\u00e4ssler viele <a href=\"https:\/\/www.grundschule-sasbach.de\/wp\/wp-content\/uploads\/2025\/10\/Einfach-mal-ein-Instrument-ausprobieren.jpg\"><img loading=\"lazy\" decoding=\"async\" class=\"alignnone size-thumbnail wp-image-7274\" src=\"https:\/\/www.grundschule-sasbach.de\/wp\/wp-content\/uploads\/2025\/10\/Einfach-mal-ein-Instrument-ausprobieren-150x150.jpg\" alt=\"\" width=\"150\" height=\"150\" \/><\/a>Instrumente ausporobieren und kennerlernen, h\u00f6ren, wie sie klingen <a href=\"https:\/\/www.grundschule-sasbach.de\/wp\/wp-content\/uploads\/2025\/10\/Instrumente-puzzeln.jpg\"><img loading=\"lazy\" decoding=\"async\" class=\"alignnone size-thumbnail wp-image-7275\" src=\"https:\/\/www.grundschule-sasbach.de\/wp\/wp-content\/uploads\/2025\/10\/Instrumente-puzzeln-150x150.jpg\" alt=\"\" width=\"150\" height=\"150\" \/><\/a>und noch vieles mehr. Es war eine tolle Erfahrung !<a href=\"https:\/\/www.grundschule-sasbach.de\/wp\/wp-content\/uploads\/2025\/10\/Welches-Instrument-hoert-ihr.jpg\"><img loading=\"lazy\" decoding=\"async\" class=\"alignnone size-thumbnail wp-image-7278\" src=\"https:\/\/www.grundschule-sasbach.de\/wp\/wp-content\/uploads\/2025\/10\/Welches-Instrument-hoert-ihr-150x150.jpg\" alt=\"\" width=\"150\" height=\"150\" \/><\/a><\/span><\/p>\n<p><span style=\"font-size: 14pt; font-family: comic sans ms, sans-serif;\">Vielleicht konnte bei ein paar Kindern das Interesse an der Musik geweckt werden und das ein oder andere Kind hat Lust ein Instrument im Musikverein zu lernen. Das w\u00e4re toll !<\/span><\/p>\n<p><span style=\"font-size: 14pt; font-family: comic sans ms, sans-serif;\">DANKE an euch Musiker,<a href=\"https:\/\/www.grundschule-sasbach.de\/wp\/wp-content\/uploads\/2020\/07\/Kinder_Blume.jpg\"><img loading=\"lazy\" decoding=\"async\" class=\"alignnone size-thumbnail wp-image-5351\" src=\"https:\/\/www.grundschule-sasbach.de\/wp\/wp-content\/uploads\/2020\/07\/Kinder_Blume-150x150.jpg\" alt=\"\" width=\"150\" height=\"150\" \/><\/a><\/span><\/p>\n<p><span style=\"font-size: 14pt; font-family: comic sans ms, sans-serif;\"> ihr macht das richtig toll ! <a href=\"https:\/\/www.grundschule-sasbach.de\/wp\/wp-content\/uploads\/2025\/10\/Die-ganze-Musikgruppe.jpg\"><img loading=\"lazy\" decoding=\"async\" class=\"alignnone size-thumbnail wp-image-7272\" src=\"https:\/\/www.grundschule-sasbach.de\/wp\/wp-content\/uploads\/2025\/10\/Die-ganze-Musikgruppe-150x150.jpg\" alt=\"\" width=\"150\" height=\"150\" \/><\/a><\/span><\/p>\n<p>&nbsp;<\/p>\n<\/div>\n","protected":false},"excerpt":{"rendered":"<p>Instrumentenvorstellung Am 10. Oktober 2025 waren Musiker\/innen des Musikvereins Sasbach und der Winzerkapelle Jechtingen bei uns. Zur Begr\u00fc\u00dfung spielten zuerst unsere Fl\u00f6tenkinder unter der Leitung von Frau Nutto vor der ganzen Schule. Die k\u00f6nnen es schon richtig gut ! Seit zwei Jahren haben wir eine Kooperation mit den beiden Musikvereinen. Nach der Vorf\u00fchrung durften die &hellip; <a href=\"https:\/\/www.grundschule-sasbach.de\/wp\/?page_id=7267\" class=\"more-link\"><span class=\"screen-reader-text\">Instrumentenvorstellung MVs<\/span> weiterlesen <span class=\"meta-nav\">&rarr;<\/span><\/a><\/p>\n","protected":false},"author":4,"featured_media":0,"parent":7410,"menu_order":4,"comment_status":"closed","ping_status":"closed","template":"","meta":{"footnotes":""},"class_list":["post-7267","page","type-page","status-publish","hentry"],"_links":{"self":[{"href":"https:\/\/www.grundschule-sasbach.de\/wp\/index.php?rest_route=\/wp\/v2\/pages\/7267","targetHints":{"allow":["GET"]}}],"collection":[{"href":"https:\/\/www.grundschule-sasbach.de\/wp\/index.php?rest_route=\/wp\/v2\/pages"}],"about":[{"href":"https:\/\/www.grundschule-sasbach.de\/wp\/index.php?rest_route=\/wp\/v2\/types\/page"}],"author":[{"embeddable":true,"href":"https:\/\/www.grundschule-sasbach.de\/wp\/index.php?rest_route=\/wp\/v2\/users\/4"}],"replies":[{"embeddable":true,"href":"https:\/\/www.grundschule-sasbach.de\/wp\/index.php?rest_route=%2Fwp%2Fv2%2Fcomments&post=7267"}],"version-history":[{"count":5,"href":"https:\/\/www.grundschule-sasbach.de\/wp\/index.php?rest_route=\/wp\/v2\/pages\/7267\/revisions"}],"predecessor-version":[{"id":7281,"href":"https:\/\/www.grundschule-sasbach.de\/wp\/index.php?rest_route=\/wp\/v2\/pages\/7267\/revisions\/7281"}],"up":[{"embeddable":true,"href":"https:\/\/www.grundschule-sasbach.de\/wp\/index.php?rest_route=\/wp\/v2\/pages\/7410"}],"wp:attachment":[{"href":"https:\/\/www.grundschule-sasbach.de\/wp\/index.php?rest_route=%2Fwp%2Fv2%2Fmedia&parent=7267"}],"curies":[{"name":"wp","href":"https:\/\/api.w.org\/{rel}","templated":true}]}}