{"id":7296,"date":"2025-10-24T10:06:41","date_gmt":"2025-10-24T08:06:41","guid":{"rendered":"https:\/\/www.grundschule-sasbach.de\/wp\/?page_id=7296"},"modified":"2026-01-16T16:27:43","modified_gmt":"2026-01-16T14:27:43","slug":"oper-mannheim","status":"publish","type":"page","link":"https:\/\/www.grundschule-sasbach.de\/wp\/?page_id=7296","title":{"rendered":"OPER Mannheim"},"content":{"rendered":"<h3><span style=\"color: #008000; font-family: comic sans ms, sans-serif;\">Es war einmal&#8230;<\/span><\/h3>\n<p><span style=\"font-family: comic sans ms, sans-serif;\">Alle 2 Jahre haben wir Besuch von der Oper Mannheim bei uns in der Schule.<a href=\"https:\/\/www.grundschule-sasbach.de\/wp\/wp-content\/uploads\/2025\/10\/Es-war-einmal.-alle-warten-gespannt-scaled.jpg\"><img loading=\"lazy\" decoding=\"async\" class=\"alignnone size-thumbnail wp-image-7301\" src=\"https:\/\/www.grundschule-sasbach.de\/wp\/wp-content\/uploads\/2025\/10\/Es-war-einmal.-alle-warten-gespannt-150x150.jpg\" alt=\"\" width=\"150\" height=\"150\" \/><\/a><\/span><\/p>\n<p><span style=\"font-family: comic sans ms, sans-serif;\">Dieses mal durften wir das St\u00fcck: &#8222;Es war einmal&#8230;&#8220; anh\u00f6ren und anschauen.<\/span><\/p>\n<p><a href=\"https:\/\/www.grundschule-sasbach.de\/wp\/wp-content\/uploads\/2025\/10\/Alle-Schauspieler-schoen-war\u00b4s-scaled.jpg\"><img loading=\"lazy\" decoding=\"async\" class=\"alignnone size-thumbnail wp-image-7297\" src=\"https:\/\/www.grundschule-sasbach.de\/wp\/wp-content\/uploads\/2025\/10\/Alle-Schauspieler-schoen-war\u00b4s-150x150.jpg\" alt=\"\" width=\"150\" height=\"150\" \/><\/a> <a href=\"https:\/\/www.grundschule-sasbach.de\/wp\/wp-content\/uploads\/2025\/10\/Das-Rotkaeppchen-und-der-liebe-Wolf-scaled.jpg\"><img loading=\"lazy\" decoding=\"async\" class=\"alignnone size-thumbnail wp-image-7298\" src=\"https:\/\/www.grundschule-sasbach.de\/wp\/wp-content\/uploads\/2025\/10\/Das-Rotkaeppchen-und-der-liebe-Wolf-150x150.jpg\" alt=\"\" width=\"150\" height=\"150\" \/><\/a> <a href=\"https:\/\/www.grundschule-sasbach.de\/wp\/wp-content\/uploads\/2025\/10\/Der-Professor-bricht-auf-ins-Maerchenland-scaled.jpg\"><img loading=\"lazy\" decoding=\"async\" class=\"alignnone size-thumbnail wp-image-7299\" src=\"https:\/\/www.grundschule-sasbach.de\/wp\/wp-content\/uploads\/2025\/10\/Der-Professor-bricht-auf-ins-Maerchenland-150x150.jpg\" alt=\"\" width=\"150\" height=\"150\" \/><\/a> <a href=\"https:\/\/www.grundschule-sasbach.de\/wp\/wp-content\/uploads\/2025\/10\/Tanz-der-Schneeflockenkinder-scaled.jpg\"><img loading=\"lazy\" decoding=\"async\" class=\"alignnone size-thumbnail wp-image-7302\" src=\"https:\/\/www.grundschule-sasbach.de\/wp\/wp-content\/uploads\/2025\/10\/Tanz-der-Schneeflockenkinder-150x150.jpg\" alt=\"\" width=\"150\" height=\"150\" \/><\/a> <a href=\"https:\/\/www.grundschule-sasbach.de\/wp\/wp-content\/uploads\/2025\/10\/Unsere-Lebkuchenkinder-bei-Gretel-scaled.jpg\"><img loading=\"lazy\" decoding=\"async\" class=\"alignnone size-thumbnail wp-image-7303\" src=\"https:\/\/www.grundschule-sasbach.de\/wp\/wp-content\/uploads\/2025\/10\/Unsere-Lebkuchenkinder-bei-Gretel-150x150.jpg\" alt=\"\" width=\"150\" height=\"150\" \/><\/a> <a href=\"https:\/\/www.grundschule-sasbach.de\/wp\/wp-content\/uploads\/2025\/10\/Unsere-Schneeflockenkinder-bei-der-Schneekoenigin-scaled.jpg\"><img loading=\"lazy\" decoding=\"async\" class=\"alignnone size-thumbnail wp-image-7304\" src=\"https:\/\/www.grundschule-sasbach.de\/wp\/wp-content\/uploads\/2025\/10\/Unsere-Schneeflockenkinder-bei-der-Schneekoenigin-150x150.jpg\" alt=\"\" width=\"150\" height=\"150\" \/><\/a><\/p>\n<p>Die Theater AG Kinder der Klasse 4 durften als Schneeflocken und Lebkuchen beim St\u00fcck mitspielen.<\/p>\n<p><span style=\"font-family: comic sans ms, sans-serif;\">Es war wieder sehr sch\u00f6n&#8230;.<\/span><\/p>\n<h6><span style=\"font-family: comic sans ms, sans-serif;\">Am Ende durften wir noch unsere Fragen an die zwei Schauspielerinnen stellen. <\/span><\/h6>\n<h6><span style=\"font-family: comic sans ms, sans-serif;\"><span style=\"color: #008000;\">DANKE ! <a href=\"https:\/\/www.grundschule-sasbach.de\/wp\/wp-content\/uploads\/2020\/07\/Kinder_Blume.jpg\"><img loading=\"lazy\" decoding=\"async\" class=\"alignnone size-thumbnail wp-image-5351\" src=\"https:\/\/www.grundschule-sasbach.de\/wp\/wp-content\/uploads\/2020\/07\/Kinder_Blume-150x150.jpg\" alt=\"\" width=\"150\" height=\"150\" \/><\/a><\/span><\/span><\/h6>\n<p>&nbsp;<\/p>\n","protected":false},"excerpt":{"rendered":"<p>Es war einmal&#8230; Alle 2 Jahre haben wir Besuch von der Oper Mannheim bei uns in der Schule. Dieses mal durften wir das St\u00fcck: &#8222;Es war einmal&#8230;&#8220; anh\u00f6ren und anschauen. Die Theater AG Kinder der Klasse 4 durften als Schneeflocken und Lebkuchen beim St\u00fcck mitspielen. Es war wieder sehr sch\u00f6n&#8230;. Am Ende durften wir noch &hellip; <a href=\"https:\/\/www.grundschule-sasbach.de\/wp\/?page_id=7296\" class=\"more-link\"><span class=\"screen-reader-text\">OPER Mannheim<\/span> weiterlesen <span class=\"meta-nav\">&rarr;<\/span><\/a><\/p>\n","protected":false},"author":4,"featured_media":0,"parent":7410,"menu_order":5,"comment_status":"closed","ping_status":"closed","template":"","meta":{"footnotes":""},"class_list":["post-7296","page","type-page","status-publish","hentry"],"_links":{"self":[{"href":"https:\/\/www.grundschule-sasbach.de\/wp\/index.php?rest_route=\/wp\/v2\/pages\/7296","targetHints":{"allow":["GET"]}}],"collection":[{"href":"https:\/\/www.grundschule-sasbach.de\/wp\/index.php?rest_route=\/wp\/v2\/pages"}],"about":[{"href":"https:\/\/www.grundschule-sasbach.de\/wp\/index.php?rest_route=\/wp\/v2\/types\/page"}],"author":[{"embeddable":true,"href":"https:\/\/www.grundschule-sasbach.de\/wp\/index.php?rest_route=\/wp\/v2\/users\/4"}],"replies":[{"embeddable":true,"href":"https:\/\/www.grundschule-sasbach.de\/wp\/index.php?rest_route=%2Fwp%2Fv2%2Fcomments&post=7296"}],"version-history":[{"count":2,"href":"https:\/\/www.grundschule-sasbach.de\/wp\/index.php?rest_route=\/wp\/v2\/pages\/7296\/revisions"}],"predecessor-version":[{"id":7326,"href":"https:\/\/www.grundschule-sasbach.de\/wp\/index.php?rest_route=\/wp\/v2\/pages\/7296\/revisions\/7326"}],"up":[{"embeddable":true,"href":"https:\/\/www.grundschule-sasbach.de\/wp\/index.php?rest_route=\/wp\/v2\/pages\/7410"}],"wp:attachment":[{"href":"https:\/\/www.grundschule-sasbach.de\/wp\/index.php?rest_route=%2Fwp%2Fv2%2Fmedia&parent=7296"}],"curies":[{"name":"wp","href":"https:\/\/api.w.org\/{rel}","templated":true}]}}