{"id":7344,"date":"2025-11-11T11:01:38","date_gmt":"2025-11-11T09:01:38","guid":{"rendered":"https:\/\/www.grundschule-sasbach.de\/wp\/?page_id=7344"},"modified":"2026-01-16T16:27:54","modified_gmt":"2026-01-16T14:27:54","slug":"lehrerausflug","status":"publish","type":"page","link":"https:\/\/www.grundschule-sasbach.de\/wp\/?page_id=7344","title":{"rendered":"Lehrerausflug"},"content":{"rendered":"<h3><span style=\"color: #008080;\">Auch Lehrer und Betreuuer brauchen einmal eine kleine Auszeit&#8230;<\/span><\/h3>\n<p>Lehrer- und Betreuungsausflug am 7. November 2025 nach Burkheim<\/p>\n<p>Leider hat es Die Sonne nicht geschafft uns bei der Wanderung nach Burkheim zu begleiten, aber die Stimmung konnte das nicht tr\u00fcben. <a href=\"https:\/\/www.grundschule-sasbach.de\/wp\/wp-content\/uploads\/2022\/10\/Sonne_farbig.bmp\"><img loading=\"lazy\" decoding=\"async\" class=\"alignnone size-thumbnail wp-image-5994\" src=\"https:\/\/www.grundschule-sasbach.de\/wp\/wp-content\/uploads\/2022\/10\/Sonne_farbig-150x150.jpg\" alt=\"\" width=\"150\" height=\"150\" \/><\/a><\/p>\n<p>Unser erstes Ziel war das sch\u00f6ne Heartcaf\u00e9. <a href=\"https:\/\/www.grundschule-sasbach.de\/wp\/wp-content\/uploads\/2025\/11\/Der-Weihnachtsbaum-steht-auch-schon.jpg\"><img loading=\"lazy\" decoding=\"async\" class=\"alignnone size-thumbnail wp-image-7348\" src=\"https:\/\/www.grundschule-sasbach.de\/wp\/wp-content\/uploads\/2025\/11\/Der-Weihnachtsbaum-steht-auch-schon-150x150.jpg\" alt=\"\" width=\"150\" height=\"150\" \/><\/a> <a href=\"https:\/\/www.grundschule-sasbach.de\/wp\/wp-content\/uploads\/2025\/11\/Ein-Kaffee-mit-Herz-zur-Staerkung.jpg\"><img loading=\"lazy\" decoding=\"async\" class=\"alignnone size-thumbnail wp-image-7349\" src=\"https:\/\/www.grundschule-sasbach.de\/wp\/wp-content\/uploads\/2025\/11\/Ein-Kaffee-mit-Herz-zur-Staerkung-150x150.jpg\" alt=\"\" width=\"150\" height=\"150\" \/><\/a><\/p>\n<p>Nach einem kleinen Rundgang durch das wundersch\u00f6ne St\u00e4dtle, gings in den Kr\u00e4uterhof.<a href=\"https:\/\/www.grundschule-sasbach.de\/wp\/wp-content\/uploads\/2025\/11\/Das-schoene-Staedtchen-mit-etwas-Nebel.jpg\"><img loading=\"lazy\" decoding=\"async\" class=\"alignnone size-thumbnail wp-image-7347\" src=\"https:\/\/www.grundschule-sasbach.de\/wp\/wp-content\/uploads\/2025\/11\/Das-schoene-Staedtchen-mit-etwas-Nebel-150x150.jpg\" alt=\"\" width=\"150\" height=\"150\" \/><\/a><a href=\"https:\/\/www.grundschule-sasbach.de\/wp\/wp-content\/uploads\/2025\/11\/KLeiner-Stadtrundgang.jpg\"><img loading=\"lazy\" decoding=\"async\" class=\"alignnone size-thumbnail wp-image-7351\" src=\"https:\/\/www.grundschule-sasbach.de\/wp\/wp-content\/uploads\/2025\/11\/KLeiner-Stadtrundgang-150x150.jpg\" alt=\"\" width=\"150\" height=\"150\" \/><\/a><a href=\"https:\/\/www.grundschule-sasbach.de\/wp\/wp-content\/uploads\/2025\/11\/Im-Kraeuterhof-in-Burkheim.jpg\"><img loading=\"lazy\" decoding=\"async\" class=\"alignnone size-thumbnail wp-image-7350\" src=\"https:\/\/www.grundschule-sasbach.de\/wp\/wp-content\/uploads\/2025\/11\/Im-Kraeuterhof-in-Burkheim-150x150.jpg\" alt=\"\" width=\"150\" height=\"150\" \/><\/a><\/p>\n<p>Der Abschluss fand in der Kreuz Post zum Abendeseen statt.<\/p>\n<p>Es warein sch\u00f6nerAusflug&#8230;<a href=\"https:\/\/www.grundschule-sasbach.de\/wp\/wp-content\/uploads\/2025\/11\/Lehrer-und-Betreuung-25-26-1.jpg\"><img loading=\"lazy\" decoding=\"async\" class=\"alignnone size-thumbnail wp-image-7345\" src=\"https:\/\/www.grundschule-sasbach.de\/wp\/wp-content\/uploads\/2025\/11\/Lehrer-und-Betreuung-25-26-1-150x150.jpg\" alt=\"\" width=\"150\" height=\"150\" \/><\/a><\/p>\n","protected":false},"excerpt":{"rendered":"<p>Auch Lehrer und Betreuuer brauchen einmal eine kleine Auszeit&#8230; Lehrer- und Betreuungsausflug am 7. November 2025 nach Burkheim Leider hat es Die Sonne nicht geschafft uns bei der Wanderung nach Burkheim zu begleiten, aber die Stimmung konnte das nicht tr\u00fcben. Unser erstes Ziel war das sch\u00f6ne Heartcaf\u00e9. Nach einem kleinen Rundgang durch das wundersch\u00f6ne St\u00e4dtle, &hellip; <a href=\"https:\/\/www.grundschule-sasbach.de\/wp\/?page_id=7344\" class=\"more-link\"><span class=\"screen-reader-text\">Lehrerausflug<\/span> weiterlesen <span class=\"meta-nav\">&rarr;<\/span><\/a><\/p>\n","protected":false},"author":4,"featured_media":0,"parent":7410,"menu_order":6,"comment_status":"closed","ping_status":"closed","template":"","meta":{"footnotes":""},"class_list":["post-7344","page","type-page","status-publish","hentry"],"_links":{"self":[{"href":"https:\/\/www.grundschule-sasbach.de\/wp\/index.php?rest_route=\/wp\/v2\/pages\/7344","targetHints":{"allow":["GET"]}}],"collection":[{"href":"https:\/\/www.grundschule-sasbach.de\/wp\/index.php?rest_route=\/wp\/v2\/pages"}],"about":[{"href":"https:\/\/www.grundschule-sasbach.de\/wp\/index.php?rest_route=\/wp\/v2\/types\/page"}],"author":[{"embeddable":true,"href":"https:\/\/www.grundschule-sasbach.de\/wp\/index.php?rest_route=\/wp\/v2\/users\/4"}],"replies":[{"embeddable":true,"href":"https:\/\/www.grundschule-sasbach.de\/wp\/index.php?rest_route=%2Fwp%2Fv2%2Fcomments&post=7344"}],"version-history":[{"count":3,"href":"https:\/\/www.grundschule-sasbach.de\/wp\/index.php?rest_route=\/wp\/v2\/pages\/7344\/revisions"}],"predecessor-version":[{"id":7353,"href":"https:\/\/www.grundschule-sasbach.de\/wp\/index.php?rest_route=\/wp\/v2\/pages\/7344\/revisions\/7353"}],"up":[{"embeddable":true,"href":"https:\/\/www.grundschule-sasbach.de\/wp\/index.php?rest_route=\/wp\/v2\/pages\/7410"}],"wp:attachment":[{"href":"https:\/\/www.grundschule-sasbach.de\/wp\/index.php?rest_route=%2Fwp%2Fv2%2Fmedia&parent=7344"}],"curies":[{"name":"wp","href":"https:\/\/api.w.org\/{rel}","templated":true}]}}