{"id":7362,"date":"2025-12-05T12:31:21","date_gmt":"2025-12-05T10:31:21","guid":{"rendered":"https:\/\/www.grundschule-sasbach.de\/wp\/?page_id=7362"},"modified":"2026-01-16T16:28:09","modified_gmt":"2026-01-16T14:28:09","slug":"adventzeit-weihnachten","status":"publish","type":"page","link":"https:\/\/www.grundschule-sasbach.de\/wp\/?page_id=7362","title":{"rendered":"Advent -Weihnachten"},"content":{"rendered":"<p><a href=\"https:\/\/www.grundschule-sasbach.de\/wp\/wp-content\/uploads\/2025\/12\/Die-1.-Kerze-brennt.jpg\"><img loading=\"lazy\" decoding=\"async\" class=\"alignnone size-thumbnail wp-image-7365\" src=\"https:\/\/www.grundschule-sasbach.de\/wp\/wp-content\/uploads\/2025\/12\/Die-1.-Kerze-brennt-150x150.jpg\" alt=\"\" width=\"150\" height=\"150\" \/><\/a>Adventszeit in unserer Schule <a href=\"https:\/\/www.grundschule-sasbach.de\/wp\/wp-content\/uploads\/2014\/12\/Christbaum2.jpg\"><img loading=\"lazy\" decoding=\"async\" class=\"alignnone size-thumbnail wp-image-2823\" src=\"https:\/\/www.grundschule-sasbach.de\/wp\/wp-content\/uploads\/2014\/12\/Christbaum2-150x150.jpg\" alt=\"\" width=\"150\" height=\"150\" \/><\/a><\/p>\n<h4><span style=\"color: #008000;\">Die Adventszeit ist eine ganz besondere Zeit\u2026.<\/span><a href=\"https:\/\/www.grundschule-sasbach.de\/wp\/wp-content\/uploads\/2022\/12\/Tannenbaum.jpg\" data-slb-active=\"1\" data-slb-asset=\"1032810089\" data-slb-internal=\"0\" data-slb-group=\"slb\"><img loading=\"lazy\" decoding=\"async\" class=\"size-medium wp-image-6069 alignnone\" src=\"https:\/\/www.grundschule-sasbach.de\/wp\/wp-content\/uploads\/2022\/12\/Tannenbaum-202x300.jpg\" sizes=\"auto, (max-width: 202px) 100vw, 202px\" srcset=\"https:\/\/www.grundschule-sasbach.de\/wp\/wp-content\/uploads\/2022\/12\/Tannenbaum-202x300.jpg 202w, https:\/\/www.grundschule-sasbach.de\/wp\/wp-content\/uploads\/2022\/12\/Tannenbaum.jpg 555w\" alt=\"\" width=\"202\" height=\"300\" \/><\/a><\/h4>\n<h4><span style=\"color: #ff6600;\">\u2026 sie beginnt\u00a0 mit unserer Aktion: \u201eKinder helfen Kindern\u201c.<\/span><\/h4>\n<p>Wir haben\u00a0 die Patenschaft f\u00fcr JACOB ein Kind aus Uganda-Afrika \u00fcbernommen.<\/p>\n<p><a href=\"https:\/\/www.grundschule-sasbach.de\/wp\/wp-content\/uploads\/2025\/12\/Plakat-Jacob-2025.jpg\"><img loading=\"lazy\" decoding=\"async\" class=\"alignnone size-thumbnail wp-image-7367\" src=\"https:\/\/www.grundschule-sasbach.de\/wp\/wp-content\/uploads\/2025\/12\/Plakat-Jacob-2025-150x150.jpg\" alt=\"\" width=\"150\" height=\"150\" \/><\/a>Um Jacob den Besuch der Schule zu erm\u00f6glichen, helfen alle Kinder mit, Geld zu erarbeiten.<\/p>\n<p>Jedes Kind \u00fcbernimmt eine T\u00e4tigkeit , die es sonst nicht macht oder startet eine Aktion und l\u00e4sst sich daf\u00fcr \u201eentlohnen\u201c.<\/p>\n<p>Das Geld wird vom Klassenlehrer eingesammelt und ohne Verwaltungsaufwand nach Afrika geschickt.<\/p>\n<h5><span style=\"color: #ff6600;\"><strong>Danke, nochmals allen Kindern f\u00fcr die vielen tollen Aktionen!<\/strong><\/span><\/h5>\n<h3>Adventsfeier<\/h3>\n<p>Immer freitags in der\u00a0 1. Stunde treffen wir uns in der Aula zur gemeinsamen Adventsfeier. Gemeinsam wird gesungen und wir \u00fcben die Lieder f\u00fcr unser Weihnachtsmusical. Danach gibt es ein Bilderbuchkino. Die Lehrer lesen die Geschichte vor. <a href=\"https:\/\/www.grundschule-sasbach.de\/wp\/wp-content\/uploads\/2025\/12\/Unsere-Andentsfeier-beginn-I-1.jpg\"><img loading=\"lazy\" decoding=\"async\" class=\"size-thumbnail wp-image-7372 alignleft\" src=\"https:\/\/www.grundschule-sasbach.de\/wp\/wp-content\/uploads\/2025\/12\/Unsere-Andentsfeier-beginn-I-1-150x150.jpg\" alt=\"\" width=\"150\" height=\"150\" \/><\/a><\/p>\n<p><a href=\"https:\/\/www.grundschule-sasbach.de\/wp\/wp-content\/uploads\/2025\/12\/IMG_4759.jpg\"><img loading=\"lazy\" decoding=\"async\" class=\"alignnone size-thumbnail wp-image-7369\" src=\"https:\/\/www.grundschule-sasbach.de\/wp\/wp-content\/uploads\/2025\/12\/IMG_4759-150x150.jpg\" alt=\"\" width=\"150\" height=\"150\" \/><\/a><\/p>\n<h5>Letzer Schultag vor den Weihnachtsferien\u2026<\/h5>\n<p>Am letzenSchultag f\u00fchren wir unser Weihnachtsmusical in der Kirche auf und alle machen mit. Die Theater AG spielt, die anderen Kinder und die Chor AG singen die Lieder dazu.<\/p>\n<p>Die Kinder sind schon ganz aufgeregt, die Vorbereitungen laufen&#8230;<a href=\"https:\/\/www.grundschule-sasbach.de\/wp\/wp-content\/uploads\/2025\/12\/Die-neuen-Weihnachtsrequisiten-Krippe-und-Schafe.jpg\"><img loading=\"lazy\" decoding=\"async\" class=\"size-thumbnail wp-image-7370 alignleft\" src=\"https:\/\/www.grundschule-sasbach.de\/wp\/wp-content\/uploads\/2025\/12\/Die-neuen-Weihnachtsrequisiten-Krippe-und-Schafe-150x150.jpg\" alt=\"\" width=\"150\" height=\"150\" \/><\/a> <a href=\"https:\/\/www.grundschule-sasbach.de\/wp\/wp-content\/uploads\/2025\/12\/Unser-Weihnachtskostuemstaender.jpg\"><img loading=\"lazy\" decoding=\"async\" class=\"alignnone size-thumbnail wp-image-7371\" src=\"https:\/\/www.grundschule-sasbach.de\/wp\/wp-content\/uploads\/2025\/12\/Unser-Weihnachtskostuemstaender-150x150.jpg\" alt=\"\" width=\"150\" height=\"150\" \/><\/a><\/p>\n<p>Sch\u00f6n war\u00b4s !<\/p>\n<p><a href=\"https:\/\/www.grundschule-sasbach.de\/wp\/wp-content\/uploads\/2025\/12\/An-der-Krippe-mit-Ochs-und-Esel.jpg\"><img loading=\"lazy\" decoding=\"async\" class=\"alignnone size-thumbnail wp-image-7391\" src=\"https:\/\/www.grundschule-sasbach.de\/wp\/wp-content\/uploads\/2025\/12\/An-der-Krippe-mit-Ochs-und-Esel-150x150.jpg\" alt=\"\" width=\"150\" height=\"150\" \/><\/a> <a href=\"https:\/\/www.grundschule-sasbach.de\/wp\/wp-content\/uploads\/2025\/12\/Die-Theatergruppe-mit-Masken.jpg\"><img loading=\"lazy\" decoding=\"async\" class=\"alignnone size-thumbnail wp-image-7392\" src=\"https:\/\/www.grundschule-sasbach.de\/wp\/wp-content\/uploads\/2025\/12\/Die-Theatergruppe-mit-Masken-150x150.jpg\" alt=\"\" width=\"150\" height=\"150\" \/><\/a><\/p>\n<p>Jetzt geht es in die WEIHNACHTSFERIEN\u2026.<\/p>\n<p>Euch allen ein sch\u00f6nes Weihnachtfest und ein gutes NEUES JAHR 2026.<\/p>\n","protected":false},"excerpt":{"rendered":"<p>Adventszeit in unserer Schule Die Adventszeit ist eine ganz besondere Zeit\u2026. \u2026 sie beginnt\u00a0 mit unserer Aktion: \u201eKinder helfen Kindern\u201c. Wir haben\u00a0 die Patenschaft f\u00fcr JACOB ein Kind aus Uganda-Afrika \u00fcbernommen. Um Jacob den Besuch der Schule zu erm\u00f6glichen, helfen alle Kinder mit, Geld zu erarbeiten. Jedes Kind \u00fcbernimmt eine T\u00e4tigkeit , die es sonst &hellip; <a href=\"https:\/\/www.grundschule-sasbach.de\/wp\/?page_id=7362\" class=\"more-link\"><span class=\"screen-reader-text\">Advent -Weihnachten<\/span> weiterlesen <span class=\"meta-nav\">&rarr;<\/span><\/a><\/p>\n","protected":false},"author":4,"featured_media":0,"parent":7410,"menu_order":7,"comment_status":"closed","ping_status":"closed","template":"","meta":{"footnotes":""},"class_list":["post-7362","page","type-page","status-publish","hentry"],"_links":{"self":[{"href":"https:\/\/www.grundschule-sasbach.de\/wp\/index.php?rest_route=\/wp\/v2\/pages\/7362","targetHints":{"allow":["GET"]}}],"collection":[{"href":"https:\/\/www.grundschule-sasbach.de\/wp\/index.php?rest_route=\/wp\/v2\/pages"}],"about":[{"href":"https:\/\/www.grundschule-sasbach.de\/wp\/index.php?rest_route=\/wp\/v2\/types\/page"}],"author":[{"embeddable":true,"href":"https:\/\/www.grundschule-sasbach.de\/wp\/index.php?rest_route=\/wp\/v2\/users\/4"}],"replies":[{"embeddable":true,"href":"https:\/\/www.grundschule-sasbach.de\/wp\/index.php?rest_route=%2Fwp%2Fv2%2Fcomments&post=7362"}],"version-history":[{"count":7,"href":"https:\/\/www.grundschule-sasbach.de\/wp\/index.php?rest_route=\/wp\/v2\/pages\/7362\/revisions"}],"predecessor-version":[{"id":7393,"href":"https:\/\/www.grundschule-sasbach.de\/wp\/index.php?rest_route=\/wp\/v2\/pages\/7362\/revisions\/7393"}],"up":[{"embeddable":true,"href":"https:\/\/www.grundschule-sasbach.de\/wp\/index.php?rest_route=\/wp\/v2\/pages\/7410"}],"wp:attachment":[{"href":"https:\/\/www.grundschule-sasbach.de\/wp\/index.php?rest_route=%2Fwp%2Fv2%2Fmedia&parent=7362"}],"curies":[{"name":"wp","href":"https:\/\/api.w.org\/{rel}","templated":true}]}}