{"id":7421,"date":"2026-02-12T16:25:56","date_gmt":"2026-02-12T14:25:56","guid":{"rendered":"https:\/\/www.grundschule-sasbach.de\/wp\/?page_id=7421"},"modified":"2026-02-12T16:25:56","modified_gmt":"2026-02-12T14:25:56","slug":"polizei-theater","status":"publish","type":"page","link":"https:\/\/www.grundschule-sasbach.de\/wp\/?page_id=7421","title":{"rendered":"Polizei Theater"},"content":{"rendered":"<h3><span style=\"color: #0000ff;\">Kasperle Theater der Verkehrspolizei<\/span><\/h3>\n<p>Am 30. Januar hatten wir Besuch von der Verkehrspolizei.<\/p>\n<p>Die Polizei spielte den Kindern der Klasse 1+2 und den Schulanf\u00e4nger, die zu Besuch waren, ein\u00a0 Kasperletheater vor, dass lehrreich, lustig und richtig toll war.<\/p>\n<p><a href=\"https:\/\/www.grundschule-sasbach.de\/wp\/wp-content\/uploads\/2026\/02\/Das-Kasperletheater-geht-los.jpg\"><img loading=\"lazy\" decoding=\"async\" class=\"alignnone size-thumbnail wp-image-7422\" src=\"https:\/\/www.grundschule-sasbach.de\/wp\/wp-content\/uploads\/2026\/02\/Das-Kasperletheater-geht-los-150x150.jpg\" alt=\"\" width=\"150\" height=\"150\" \/><\/a> <a href=\"https:\/\/www.grundschule-sasbach.de\/wp\/wp-content\/uploads\/2026\/02\/Kasperlethater-mit-der-Verkehrspolizei.jpg\"><img loading=\"lazy\" decoding=\"async\" class=\"alignnone size-thumbnail wp-image-7423\" src=\"https:\/\/www.grundschule-sasbach.de\/wp\/wp-content\/uploads\/2026\/02\/Kasperlethater-mit-der-Verkehrspolizei-150x150.jpg\" alt=\"\" width=\"150\" height=\"150\" \/><\/a><\/p>\n<p>Gro\u00df und klein fanden das Thetarst\u00fcck gro\u00dfartig !<\/p>\n<p>Vielen Dank daf\u00fcr !<\/p>\n<p>&nbsp;<\/p>\n","protected":false},"excerpt":{"rendered":"<p>Kasperle Theater der Verkehrspolizei Am 30. Januar hatten wir Besuch von der Verkehrspolizei. Die Polizei spielte den Kindern der Klasse 1+2 und den Schulanf\u00e4nger, die zu Besuch waren, ein\u00a0 Kasperletheater vor, dass lehrreich, lustig und richtig toll war. Gro\u00df und klein fanden das Thetarst\u00fcck gro\u00dfartig ! Vielen Dank daf\u00fcr ! &nbsp;<\/p>\n","protected":false},"author":4,"featured_media":0,"parent":7410,"menu_order":9,"comment_status":"closed","ping_status":"closed","template":"","meta":{"footnotes":""},"class_list":["post-7421","page","type-page","status-publish","hentry"],"_links":{"self":[{"href":"https:\/\/www.grundschule-sasbach.de\/wp\/index.php?rest_route=\/wp\/v2\/pages\/7421","targetHints":{"allow":["GET"]}}],"collection":[{"href":"https:\/\/www.grundschule-sasbach.de\/wp\/index.php?rest_route=\/wp\/v2\/pages"}],"about":[{"href":"https:\/\/www.grundschule-sasbach.de\/wp\/index.php?rest_route=\/wp\/v2\/types\/page"}],"author":[{"embeddable":true,"href":"https:\/\/www.grundschule-sasbach.de\/wp\/index.php?rest_route=\/wp\/v2\/users\/4"}],"replies":[{"embeddable":true,"href":"https:\/\/www.grundschule-sasbach.de\/wp\/index.php?rest_route=%2Fwp%2Fv2%2Fcomments&post=7421"}],"version-history":[{"count":1,"href":"https:\/\/www.grundschule-sasbach.de\/wp\/index.php?rest_route=\/wp\/v2\/pages\/7421\/revisions"}],"predecessor-version":[{"id":7424,"href":"https:\/\/www.grundschule-sasbach.de\/wp\/index.php?rest_route=\/wp\/v2\/pages\/7421\/revisions\/7424"}],"up":[{"embeddable":true,"href":"https:\/\/www.grundschule-sasbach.de\/wp\/index.php?rest_route=\/wp\/v2\/pages\/7410"}],"wp:attachment":[{"href":"https:\/\/www.grundschule-sasbach.de\/wp\/index.php?rest_route=%2Fwp%2Fv2%2Fmedia&parent=7421"}],"curies":[{"name":"wp","href":"https:\/\/api.w.org\/{rel}","templated":true}]}}