{"id":7479,"date":"2026-02-27T09:25:29","date_gmt":"2026-02-27T07:25:29","guid":{"rendered":"https:\/\/www.grundschule-sasbach.de\/wp\/?page_id=7479"},"modified":"2026-03-28T13:05:59","modified_gmt":"2026-03-28T11:05:59","slug":"sport","status":"publish","type":"page","link":"https:\/\/www.grundschule-sasbach.de\/wp\/?page_id=7479","title":{"rendered":"SPORT"},"content":{"rendered":"<h3 style=\"text-align: center;\"><span style=\"color: #008080; font-family: comic sans ms, sans-serif;\">Wir sind &#8222;Bewegte Schule&#8220;- Sport und Spa\u00df an Bewegung sind uns als Schule sehr wichtig.<\/span><\/h3>\n<h3><span style=\"font-family: comic sans ms, sans-serif;\">27. M\u00e4rz 2026: Kreisfinale der Jungen in Merdingen<\/span><\/h3>\n<p><span style=\"font-family: comic sans ms, sans-serif; font-size: 14pt;\">Unsere Jungen belegten dort den 4. Platz<\/span><\/p>\n<p><a href=\"https:\/\/www.grundschule-sasbach.de\/wp\/wp-content\/uploads\/2026\/03\/Kreisfinale-Fussball-JUNGEN-Merdingen-27.03.2026.jpg\"><img loading=\"lazy\" decoding=\"async\" class=\"alignnone size-thumbnail wp-image-7612\" src=\"https:\/\/www.grundschule-sasbach.de\/wp\/wp-content\/uploads\/2026\/03\/Kreisfinale-Fussball-JUNGEN-Merdingen-27.03.2026-150x150.jpg\" alt=\"\" width=\"150\" height=\"150\" \/><\/a><\/p>\n<p><strong><span style=\"font-family: comic sans ms, sans-serif; font-size: 14pt;\">HERZLICHEN GL\u00dcCKWUNSCH !\u00a0<\/span><\/strong><\/p>\n<p><span style=\"font-size: 14pt; font-family: comic sans ms, sans-serif;\">DANKE an Herrn Steiert und Herr Meyer !<\/span> <a href=\"https:\/\/www.grundschule-sasbach.de\/wp\/wp-content\/uploads\/2025\/06\/Herz-4.jpg\"><img loading=\"lazy\" decoding=\"async\" class=\"alignnone wp-image-7109\" src=\"https:\/\/www.grundschule-sasbach.de\/wp\/wp-content\/uploads\/2025\/06\/Herz-4-150x150.jpg\" alt=\"\" width=\"39\" height=\"39\" \/><\/a><\/p>\n<h3><span style=\"font-family: comic sans ms, sans-serif;\">25. M\u00e4rz 2026: Fu\u00dfballturnier der M\u00e4dchen in Waldkirch<span style=\"font-size: 12pt; color: #ff0000;\"> &#8211; fiel leider aus !<\/span><\/span><\/h3>\n<h3><span style=\"font-family: comic sans ms, sans-serif;\">26. Februar 2026: M\u00e4dchenfu\u00dfballmobil des SC FREIBURG<\/span><\/h3>\n<p><span style=\"font-family: comic sans ms, sans-serif;\">Am 26. Februar 2026 war ein Team der Fu\u00dfballdamen des SC Freiburg bei uns. Die M\u00e4dchen der Klassen 3+4 durften an einem Probetraining teilnehmen.<\/span><\/p>\n<p><span style=\"font-family: comic sans ms, sans-serif;\"><a href=\"https:\/\/www.grundschule-sasbach.de\/wp\/wp-content\/uploads\/2026\/02\/Maedchen-Fussball-Mobil-1.jpg\"><img loading=\"lazy\" decoding=\"async\" class=\"alignnone size-thumbnail wp-image-7482\" src=\"https:\/\/www.grundschule-sasbach.de\/wp\/wp-content\/uploads\/2026\/02\/Maedchen-Fussball-Mobil-1-150x150.jpg\" alt=\"\" width=\"150\" height=\"150\" \/><\/a> <a href=\"https:\/\/www.grundschule-sasbach.de\/wp\/wp-content\/uploads\/2026\/02\/Maedchen-Fussball-Mobil-6.jpg\"><img loading=\"lazy\" decoding=\"async\" class=\"alignnone size-thumbnail wp-image-7483\" src=\"https:\/\/www.grundschule-sasbach.de\/wp\/wp-content\/uploads\/2026\/02\/Maedchen-Fussball-Mobil-6-150x150.jpg\" alt=\"\" width=\"150\" height=\"150\" \/><\/a> <a href=\"https:\/\/www.grundschule-sasbach.de\/wp\/wp-content\/uploads\/2026\/02\/Maedchen-Fussball-Mobil-13.jpg\"><img loading=\"lazy\" decoding=\"async\" class=\"alignnone size-thumbnail wp-image-7484\" src=\"https:\/\/www.grundschule-sasbach.de\/wp\/wp-content\/uploads\/2026\/02\/Maedchen-Fussball-Mobil-13-150x150.jpg\" alt=\"\" width=\"150\" height=\"150\" \/><\/a> <a href=\"https:\/\/www.grundschule-sasbach.de\/wp\/wp-content\/uploads\/2026\/02\/Maedchen-Fussball-Mobil-14.jpg\"><img loading=\"lazy\" decoding=\"async\" class=\"alignnone size-thumbnail wp-image-7485\" src=\"https:\/\/www.grundschule-sasbach.de\/wp\/wp-content\/uploads\/2026\/02\/Maedchen-Fussball-Mobil-14-150x150.jpg\" alt=\"\" width=\"150\" height=\"150\" \/><\/a> <a href=\"https:\/\/www.grundschule-sasbach.de\/wp\/wp-content\/uploads\/2026\/02\/Maedchen-Fussball-Mobil-15.jpg\"><img loading=\"lazy\" decoding=\"async\" class=\"alignnone size-thumbnail wp-image-7486\" src=\"https:\/\/www.grundschule-sasbach.de\/wp\/wp-content\/uploads\/2026\/02\/Maedchen-Fussball-Mobil-15-150x150.jpg\" alt=\"\" width=\"150\" height=\"150\" \/><\/a> <a href=\"https:\/\/www.grundschule-sasbach.de\/wp\/wp-content\/uploads\/2026\/02\/Maedchen-Fussball-Mobil-18.jpg\"><img loading=\"lazy\" decoding=\"async\" class=\"alignnone size-thumbnail wp-image-7487\" src=\"https:\/\/www.grundschule-sasbach.de\/wp\/wp-content\/uploads\/2026\/02\/Maedchen-Fussball-Mobil-18-150x150.jpg\" alt=\"\" width=\"150\" height=\"150\" \/><\/a> <a href=\"https:\/\/www.grundschule-sasbach.de\/wp\/wp-content\/uploads\/2026\/02\/Maedchen-Fussball-Mobil-22.jpg\"><img loading=\"lazy\" decoding=\"async\" class=\"alignnone size-thumbnail wp-image-7488\" src=\"https:\/\/www.grundschule-sasbach.de\/wp\/wp-content\/uploads\/2026\/02\/Maedchen-Fussball-Mobil-22-150x150.jpg\" alt=\"\" width=\"150\" height=\"150\" \/><\/a><\/span><\/p>\n<p><span style=\"font-family: comic sans ms, sans-serif; font-size: 14pt;\">DANKE ! Die M\u00e4dchen hatten sehr viel Spa\u00df. Hoffentlich k\u00f6nnen wir auch bald zum n\u00e4chsten Fu\u00dfballturnier. Das w\u00e4re toll&#8230;<\/span><\/p>\n<h3><span style=\"font-family: comic sans ms, sans-serif;\">30. Januar 2026: Fu\u00dfball Hallenrunde JUNGEN in Rheinhausen<\/span><\/h3>\n<p><span style=\"font-size: 14pt;\"><span style=\"font-family: comic sans ms, sans-serif;\">Unsere Jungs belegten dort den 2. Platz und kommen eine Run<\/span>de weiter !<\/span><\/p>\n<p><span style=\"font-size: 14pt;\">Unser Jungs-Team:<\/span><\/p>\n<p><a href=\"https:\/\/www.grundschule-sasbach.de\/wp\/wp-content\/uploads\/2026\/02\/Fussball-Jungen-Hallenrunde-30.01.2026.jpg\"><img loading=\"lazy\" decoding=\"async\" class=\"alignnone size-thumbnail wp-image-7480\" src=\"https:\/\/www.grundschule-sasbach.de\/wp\/wp-content\/uploads\/2026\/02\/Fussball-Jungen-Hallenrunde-30.01.2026-150x150.jpg\" alt=\"\" width=\"150\" height=\"150\" \/><\/a><\/p>\n<p><span style=\"font-family: comic sans ms, sans-serif; font-size: 14pt;\">Juhuuuuu&#8230;.<\/span><\/p>\n<p><span style=\"font-family: comic sans ms, sans-serif; font-size: 14pt;\">DANKE an Herrn Steiert und Herr Meyer !<\/span> <a href=\"https:\/\/www.grundschule-sasbach.de\/wp\/wp-content\/uploads\/2025\/06\/Herz-4.jpg\"><img loading=\"lazy\" decoding=\"async\" class=\"alignnone wp-image-7109\" src=\"https:\/\/www.grundschule-sasbach.de\/wp\/wp-content\/uploads\/2025\/06\/Herz-4-150x150.jpg\" alt=\"\" width=\"39\" height=\"39\" \/><\/a><\/p>\n<h3><span style=\"color: #0000ff; font-family: comic sans ms, sans-serif;\">26. November 2025: Jugend trainiert f\u00fcr Olympia-<\/span><br \/>\n<span style=\"color: #0000ff; font-family: comic sans ms, sans-serif;\">Ger\u00e4teturnen M\u00e4dchen<\/span><br \/>\n<span style=\"font-family: comic sans ms, sans-serif;\">Unsere Schulmannschaft belegte den 10. Platz <\/span><\/h3>\n<h6><span style=\"font-family: comic sans ms, sans-serif;\">(von 23 Mannschaften).<\/span><\/h6>\n<p><span style=\"font-family: comic sans ms, sans-serif;\">HERZLICHEN GL\u00dcCKWUNSCH ! <\/span><\/p>\n<p><span style=\"font-family: comic sans ms, sans-serif;\">DANKE an Frau Lauk f\u00fcr die Begleitung !<a href=\"https:\/\/www.grundschule-sasbach.de\/wp\/wp-content\/uploads\/2022\/03\/Illu_Blume2_web.gif\"><img loading=\"lazy\" decoding=\"async\" class=\" wp-image-5818 alignright\" src=\"https:\/\/www.grundschule-sasbach.de\/wp\/wp-content\/uploads\/2022\/03\/Illu_Blume2_web-150x150.gif\" alt=\"\" width=\"101\" height=\"101\" \/><\/a><\/span><\/p>\n<h3><span style=\"font-family: comic sans ms, sans-serif;\"><a href=\"https:\/\/www.grundschule-sasbach.de\/wp\/wp-content\/uploads\/2026\/02\/Geraeteturnen-26.11.25.jpg\"><img loading=\"lazy\" decoding=\"async\" class=\"alignnone size-thumbnail wp-image-7481\" src=\"https:\/\/www.grundschule-sasbach.de\/wp\/wp-content\/uploads\/2026\/02\/Geraeteturnen-26.11.25-150x150.jpg\" alt=\"\" width=\"150\" height=\"150\" \/><\/a><\/span><\/h3>\n<p>&nbsp;<\/p>\n<p>&nbsp;<\/p>\n","protected":false},"excerpt":{"rendered":"<p>Wir sind &#8222;Bewegte Schule&#8220;- Sport und Spa\u00df an Bewegung sind uns als Schule sehr wichtig. 27. M\u00e4rz 2026: Kreisfinale der Jungen in Merdingen Unsere Jungen belegten dort den 4. Platz HERZLICHEN GL\u00dcCKWUNSCH !\u00a0 DANKE an Herrn Steiert und Herr Meyer ! 25. M\u00e4rz 2026: Fu\u00dfballturnier der M\u00e4dchen in Waldkirch &#8211; fiel leider aus ! 26. &hellip; <a href=\"https:\/\/www.grundschule-sasbach.de\/wp\/?page_id=7479\" class=\"more-link\"><span class=\"screen-reader-text\">SPORT<\/span> weiterlesen <span class=\"meta-nav\">&rarr;<\/span><\/a><\/p>\n","protected":false},"author":4,"featured_media":0,"parent":7410,"menu_order":10,"comment_status":"closed","ping_status":"closed","template":"","meta":{"footnotes":""},"class_list":["post-7479","page","type-page","status-publish","hentry"],"_links":{"self":[{"href":"https:\/\/www.grundschule-sasbach.de\/wp\/index.php?rest_route=\/wp\/v2\/pages\/7479","targetHints":{"allow":["GET"]}}],"collection":[{"href":"https:\/\/www.grundschule-sasbach.de\/wp\/index.php?rest_route=\/wp\/v2\/pages"}],"about":[{"href":"https:\/\/www.grundschule-sasbach.de\/wp\/index.php?rest_route=\/wp\/v2\/types\/page"}],"author":[{"embeddable":true,"href":"https:\/\/www.grundschule-sasbach.de\/wp\/index.php?rest_route=\/wp\/v2\/users\/4"}],"replies":[{"embeddable":true,"href":"https:\/\/www.grundschule-sasbach.de\/wp\/index.php?rest_route=%2Fwp%2Fv2%2Fcomments&post=7479"}],"version-history":[{"count":7,"href":"https:\/\/www.grundschule-sasbach.de\/wp\/index.php?rest_route=\/wp\/v2\/pages\/7479\/revisions"}],"predecessor-version":[{"id":7613,"href":"https:\/\/www.grundschule-sasbach.de\/wp\/index.php?rest_route=\/wp\/v2\/pages\/7479\/revisions\/7613"}],"up":[{"embeddable":true,"href":"https:\/\/www.grundschule-sasbach.de\/wp\/index.php?rest_route=\/wp\/v2\/pages\/7410"}],"wp:attachment":[{"href":"https:\/\/www.grundschule-sasbach.de\/wp\/index.php?rest_route=%2Fwp%2Fv2%2Fmedia&parent=7479"}],"curies":[{"name":"wp","href":"https:\/\/api.w.org\/{rel}","templated":true}]}}