{"id":7561,"date":"2026-03-23T10:35:13","date_gmt":"2026-03-23T08:35:13","guid":{"rendered":"https:\/\/www.grundschule-sasbach.de\/wp\/?page_id=7561"},"modified":"2026-03-23T10:41:28","modified_gmt":"2026-03-23T08:41:28","slug":"waldputzede","status":"publish","type":"page","link":"https:\/\/www.grundschule-sasbach.de\/wp\/?page_id=7561","title":{"rendered":"Waldputzede"},"content":{"rendered":"<p><span style=\"font-family: comic sans ms, sans-serif;\">Freitag, 20. M\u00e4rz 2026<\/span><\/p>\n<h3><span style=\"font-family: comic sans ms, sans-serif;\"><strong>Gemeinsam f\u00fcr eine saubere Umwelt: <\/strong><\/span><\/h3>\n<h3><span style=\"font-family: comic sans ms, sans-serif;\"><strong>Erfolgreiche M\u00fcllsammelaktion mit 60 Helfern in Sasbach<\/strong><\/span><\/h3>\n<p><span style=\"font-family: comic sans ms, sans-serif;\">Mit gro\u00dfem Engagement und viel Tatkraft beteiligten sich am vergangenen Freitag rund 60 freiwillige Helferinnen und Helfer an einer M\u00fcllsammelaktion in Sasbach und den Ortsteilen Jechtingen und Leiselheim sowie in den angrenzenden Au\u00dfenbereichen. Organisiert von der Rheinauen Grundschule, wurde die Aktion auch vom Bauhof der Gemeinde unterst\u00fctzt.<\/span><\/p>\n<p><span style=\"font-family: comic sans ms, sans-serif;\">Ausgestattet mit Bollerwagen, M\u00fcllzangen und M\u00fcllbeuteln machten sich die gro\u00dfen und kleinen Teilnehmer auf den Weg, um Stra\u00dfen, Wege und Pl\u00e4tze von achtlos weggeworfenem Abfall zu befreien.<\/span><\/p>\n<p><span style=\"font-family: comic sans ms, sans-serif;\">Dabei kam einiges zusammen: Neben den \u00fcblichen Funden wie Verpackungen und Flaschen stie\u00dfen die Helfer auch auf ungew\u00f6hnliche Gegenst\u00e4nde, die f\u00fcr so manchen erstaunten Blick sorgten.<\/span><\/p>\n<p><span style=\"font-family: comic sans ms, sans-serif;\">Die Aktion zeigte eindrucksvoll, wie viel M\u00fcll sich in der Natur ansammelt \u2013 und wie wichtig es ist, Verantwortung f\u00fcr die eigene Umgebung zu \u00fcbernehmen. Gleichzeitig wurde deutlich, wie viel Freude gemeinsames Engagement machen kann.<\/span><\/p>\n<p><span style=\"font-family: comic sans ms, sans-serif;\">Zum Abschluss des erfolgreichen Tages waren alle Beteiligten zu einem wohlverdienten Vesper in der Feuerwehr Sasbach eingeladen. Dieses wurde liebevoll von Isolde und Ewald sowie ihrem Helferteam organisiert und bot den passenden Rahmen, um die Aktion in geselliger Runde ausklingen zu lassen.<\/span><\/p>\n<p><span style=\"font-family: comic sans ms, sans-serif;\">Ein rundum gelungener Tag, der nicht nur f\u00fcr eine sauberere Umgebung sorgte, sondern hoffentlich auch nachhaltige Eindr\u00fccke hinterlassen hat. Ein herzliches Dankesch\u00f6n an alle, die mitgemacht haben \u2013 mit der Hoffnung, dass viele auch in Zukunft achtsamer mit der Umwelt umgehen.<\/span><\/p>\n<p><span style=\"font-family: comic sans ms, sans-serif;\"><a href=\"https:\/\/www.grundschule-sasbach.de\/wp\/wp-content\/uploads\/2026\/03\/Waldputzede-2026-Es-kann-losgehen.-1.jpg\"><img loading=\"lazy\" decoding=\"async\" class=\"alignnone size-thumbnail wp-image-7564\" src=\"https:\/\/www.grundschule-sasbach.de\/wp\/wp-content\/uploads\/2026\/03\/Waldputzede-2026-Es-kann-losgehen.-1-150x150.jpg\" alt=\"\" width=\"150\" height=\"150\" \/><\/a> <a href=\"https:\/\/www.grundschule-sasbach.de\/wp\/wp-content\/uploads\/2026\/03\/Waldputzede-2026-Vesper-4.jpg\"><img loading=\"lazy\" decoding=\"async\" class=\"alignnone size-thumbnail wp-image-7565\" src=\"https:\/\/www.grundschule-sasbach.de\/wp\/wp-content\/uploads\/2026\/03\/Waldputzede-2026-Vesper-4-150x150.jpg\" alt=\"\" width=\"150\" height=\"150\" \/><\/a><\/span><\/p>\n<h3><span style=\"color: #008000; font-family: comic sans ms, sans-serif;\">DANKE an alle Begleitpersonen und Helfer !<\/span><\/h3>\n","protected":false},"excerpt":{"rendered":"<p>Freitag, 20. M\u00e4rz 2026 Gemeinsam f\u00fcr eine saubere Umwelt: Erfolgreiche M\u00fcllsammelaktion mit 60 Helfern in Sasbach Mit gro\u00dfem Engagement und viel Tatkraft beteiligten sich am vergangenen Freitag rund 60 freiwillige Helferinnen und Helfer an einer M\u00fcllsammelaktion in Sasbach und den Ortsteilen Jechtingen und Leiselheim sowie in den angrenzenden Au\u00dfenbereichen. Organisiert von der Rheinauen Grundschule, wurde &hellip; <a href=\"https:\/\/www.grundschule-sasbach.de\/wp\/?page_id=7561\" class=\"more-link\"><span class=\"screen-reader-text\">Waldputzede<\/span> weiterlesen <span class=\"meta-nav\">&rarr;<\/span><\/a><\/p>\n","protected":false},"author":4,"featured_media":0,"parent":7410,"menu_order":13,"comment_status":"closed","ping_status":"closed","template":"","meta":{"footnotes":""},"class_list":["post-7561","page","type-page","status-publish","hentry"],"_links":{"self":[{"href":"https:\/\/www.grundschule-sasbach.de\/wp\/index.php?rest_route=\/wp\/v2\/pages\/7561","targetHints":{"allow":["GET"]}}],"collection":[{"href":"https:\/\/www.grundschule-sasbach.de\/wp\/index.php?rest_route=\/wp\/v2\/pages"}],"about":[{"href":"https:\/\/www.grundschule-sasbach.de\/wp\/index.php?rest_route=\/wp\/v2\/types\/page"}],"author":[{"embeddable":true,"href":"https:\/\/www.grundschule-sasbach.de\/wp\/index.php?rest_route=\/wp\/v2\/users\/4"}],"replies":[{"embeddable":true,"href":"https:\/\/www.grundschule-sasbach.de\/wp\/index.php?rest_route=%2Fwp%2Fv2%2Fcomments&post=7561"}],"version-history":[{"count":4,"href":"https:\/\/www.grundschule-sasbach.de\/wp\/index.php?rest_route=\/wp\/v2\/pages\/7561\/revisions"}],"predecessor-version":[{"id":7567,"href":"https:\/\/www.grundschule-sasbach.de\/wp\/index.php?rest_route=\/wp\/v2\/pages\/7561\/revisions\/7567"}],"up":[{"embeddable":true,"href":"https:\/\/www.grundschule-sasbach.de\/wp\/index.php?rest_route=\/wp\/v2\/pages\/7410"}],"wp:attachment":[{"href":"https:\/\/www.grundschule-sasbach.de\/wp\/index.php?rest_route=%2Fwp%2Fv2%2Fmedia&parent=7561"}],"curies":[{"name":"wp","href":"https:\/\/api.w.org\/{rel}","templated":true}]}}