{"id":7577,"date":"2026-03-27T14:07:26","date_gmt":"2026-03-27T12:07:26","guid":{"rendered":"https:\/\/www.grundschule-sasbach.de\/wp\/?page_id=7577"},"modified":"2026-03-27T14:07:26","modified_gmt":"2026-03-27T12:07:26","slug":"ferienauftakt","status":"publish","type":"page","link":"https:\/\/www.grundschule-sasbach.de\/wp\/?page_id=7577","title":{"rendered":"Ferienauftakt"},"content":{"rendered":"<h3><span style=\"color: #99cc00;\">Gemeinsamer Ferienauftakt <a href=\"https:\/\/www.grundschule-sasbach.de\/wp\/wp-content\/uploads\/2026\/03\/Maerz.tif\"><img decoding=\"async\" class=\"alignnone size-full wp-image-7578\" src=\"https:\/\/www.grundschule-sasbach.de\/wp\/wp-content\/uploads\/2026\/03\/Maerz.tif\" alt=\"\" \/><\/a><a href=\"https:\/\/www.grundschule-sasbach.de\/wp\/wp-content\/uploads\/2026\/03\/Ostereier.jpg\"><img loading=\"lazy\" decoding=\"async\" class=\"alignnone size-thumbnail wp-image-7579\" src=\"https:\/\/www.grundschule-sasbach.de\/wp\/wp-content\/uploads\/2026\/03\/Ostereier-150x150.jpg\" alt=\"\" width=\"150\" height=\"150\" \/><\/a><\/span><\/h3>\n<p>Am diesj\u00e4hrigen P\u00e4dagogischen Tag haben wir beschlossen, dass wir vor einem Ferienabschnitt, gemeinsam auf die letzen Schulwochen zur\u00fcckblicken wollen.<\/p>\n<p>Gegenseitig zeigen wir uns, was wir in den letzten Wochen alles gelernt haben.<\/p>\n<p>Alle Kinder der Schule treffen sich dazu in der Schulaula, wo jede Klasse einen kleinen Beitrag vorbringen darf.<\/p>\n<h5><span style=\"color: #99cc00;\">Es war ein\u00a0 abwechslungsreiches Programm mit Liedern, Gedichten, Akrobatik, Instrumenten-Vorspiel,&#8230;<\/span><\/h5>\n<p><a href=\"https:\/\/www.grundschule-sasbach.de\/wp\/wp-content\/uploads\/2026\/03\/Klasse-4-scaled.jpg\"><img loading=\"lazy\" decoding=\"async\" class=\"alignnone size-thumbnail wp-image-7592\" src=\"https:\/\/www.grundschule-sasbach.de\/wp\/wp-content\/uploads\/2026\/03\/Klasse-4-150x150.jpg\" alt=\"\" width=\"150\" height=\"150\" \/><\/a> <a href=\"https:\/\/www.grundschule-sasbach.de\/wp\/wp-content\/uploads\/2026\/03\/Kanon-2a-1-1.jpg\"><img loading=\"lazy\" decoding=\"async\" class=\"alignnone size-thumbnail wp-image-7593\" src=\"https:\/\/www.grundschule-sasbach.de\/wp\/wp-content\/uploads\/2026\/03\/Kanon-2a-1-1-150x150.jpg\" alt=\"\" width=\"150\" height=\"150\" \/><\/a> <a href=\"https:\/\/www.grundschule-sasbach.de\/wp\/wp-content\/uploads\/2026\/03\/Klasse-1a-1.jpg\"><img loading=\"lazy\" decoding=\"async\" class=\"alignnone size-thumbnail wp-image-7594\" src=\"https:\/\/www.grundschule-sasbach.de\/wp\/wp-content\/uploads\/2026\/03\/Klasse-1a-1-150x150.jpg\" alt=\"\" width=\"150\" height=\"150\" \/><\/a> <a href=\"https:\/\/www.grundschule-sasbach.de\/wp\/wp-content\/uploads\/2026\/03\/Klasse-1b-Gedicht-Tulpe-1.jpg\"><img loading=\"lazy\" decoding=\"async\" class=\"alignnone size-thumbnail wp-image-7595\" src=\"https:\/\/www.grundschule-sasbach.de\/wp\/wp-content\/uploads\/2026\/03\/Klasse-1b-Gedicht-Tulpe-1-150x150.jpg\" alt=\"\" width=\"150\" height=\"150\" \/><\/a> <a href=\"https:\/\/www.grundschule-sasbach.de\/wp\/wp-content\/uploads\/2026\/03\/Klasse-2b-1-1.jpg\"><img loading=\"lazy\" decoding=\"async\" class=\"alignnone size-thumbnail wp-image-7596\" src=\"https:\/\/www.grundschule-sasbach.de\/wp\/wp-content\/uploads\/2026\/03\/Klasse-2b-1-1-150x150.jpg\" alt=\"\" width=\"150\" height=\"150\" \/><\/a> <a href=\"https:\/\/www.grundschule-sasbach.de\/wp\/wp-content\/uploads\/2026\/03\/Klasse-2b-mit-Instumenten-1.jpg\"><img loading=\"lazy\" decoding=\"async\" class=\"alignnone size-thumbnail wp-image-7597\" src=\"https:\/\/www.grundschule-sasbach.de\/wp\/wp-content\/uploads\/2026\/03\/Klasse-2b-mit-Instumenten-1-150x150.jpg\" alt=\"\" width=\"150\" height=\"150\" \/><\/a> <a href=\"https:\/\/www.grundschule-sasbach.de\/wp\/wp-content\/uploads\/2026\/03\/Klasse-2b-Osterhasen-Gedicht-1-1.jpg\"><img loading=\"lazy\" decoding=\"async\" class=\"alignnone size-thumbnail wp-image-7598\" src=\"https:\/\/www.grundschule-sasbach.de\/wp\/wp-content\/uploads\/2026\/03\/Klasse-2b-Osterhasen-Gedicht-1-1-150x150.jpg\" alt=\"\" width=\"150\" height=\"150\" \/><\/a> <a href=\"https:\/\/www.grundschule-sasbach.de\/wp\/wp-content\/uploads\/2026\/03\/Klasse-3a-mit-Pyramiden-1.jpg\"><img loading=\"lazy\" decoding=\"async\" class=\"alignnone size-thumbnail wp-image-7599\" src=\"https:\/\/www.grundschule-sasbach.de\/wp\/wp-content\/uploads\/2026\/03\/Klasse-3a-mit-Pyramiden-1-150x150.jpg\" alt=\"\" width=\"150\" height=\"150\" \/><\/a> <a href=\"https:\/\/www.grundschule-sasbach.de\/wp\/wp-content\/uploads\/2026\/03\/Klasse-3b-mit-dem-Wal-Gedicht-1.jpg\"><img loading=\"lazy\" decoding=\"async\" class=\"alignnone size-thumbnail wp-image-7600\" src=\"https:\/\/www.grundschule-sasbach.de\/wp\/wp-content\/uploads\/2026\/03\/Klasse-3b-mit-dem-Wal-Gedicht-1-150x150.jpg\" alt=\"\" width=\"150\" height=\"150\" \/><\/a> <a href=\"https:\/\/www.grundschule-sasbach.de\/wp\/wp-content\/uploads\/2026\/03\/KLasse-4-mit-der-WErbung-1.jpg\"><img loading=\"lazy\" decoding=\"async\" class=\"alignnone size-thumbnail wp-image-7601\" src=\"https:\/\/www.grundschule-sasbach.de\/wp\/wp-content\/uploads\/2026\/03\/KLasse-4-mit-der-WErbung-1-150x150.jpg\" alt=\"\" width=\"150\" height=\"150\" \/><\/a> <a href=\"https:\/\/www.grundschule-sasbach.de\/wp\/wp-content\/uploads\/2026\/03\/Klasse-4-mit-ihrem-Werbeprodukt-1.jpg\"><img loading=\"lazy\" decoding=\"async\" class=\"alignnone size-thumbnail wp-image-7602\" src=\"https:\/\/www.grundschule-sasbach.de\/wp\/wp-content\/uploads\/2026\/03\/Klasse-4-mit-ihrem-Werbeprodukt-1-150x150.jpg\" alt=\"\" width=\"150\" height=\"150\" \/><\/a> <a href=\"https:\/\/www.grundschule-sasbach.de\/wp\/wp-content\/uploads\/2026\/03\/Klasse-4-mit-ihrer-Werbung-1.jpg\"><img loading=\"lazy\" decoding=\"async\" class=\"alignnone size-thumbnail wp-image-7603\" src=\"https:\/\/www.grundschule-sasbach.de\/wp\/wp-content\/uploads\/2026\/03\/Klasse-4-mit-ihrer-Werbung-1-150x150.jpg\" alt=\"\" width=\"150\" height=\"150\" \/><\/a><\/p>\n<p><a href=\"https:\/\/www.grundschule-sasbach.de\/wp\/wp-content\/uploads\/2026\/03\/Sonne_farbig.bmp\"><img loading=\"lazy\" decoding=\"async\" class=\"alignnone size-thumbnail wp-image-7580\" src=\"https:\/\/www.grundschule-sasbach.de\/wp\/wp-content\/uploads\/2026\/03\/Sonne_farbig-150x150.jpg\" alt=\"\" width=\"150\" height=\"150\" \/><\/a><\/p>\n<h5><span style=\"color: #99cc00;\">&#8230;&#8230; und ein sch\u00f6ner Auftakt in die Osterferien.<\/span><\/h5>\n<p>&nbsp;<\/p>\n<p>&nbsp;<\/p>\n","protected":false},"excerpt":{"rendered":"<p>Gemeinsamer Ferienauftakt Am diesj\u00e4hrigen P\u00e4dagogischen Tag haben wir beschlossen, dass wir vor einem Ferienabschnitt, gemeinsam auf die letzen Schulwochen zur\u00fcckblicken wollen. Gegenseitig zeigen wir uns, was wir in den letzten Wochen alles gelernt haben. Alle Kinder der Schule treffen sich dazu in der Schulaula, wo jede Klasse einen kleinen Beitrag vorbringen darf. Es war ein\u00a0 &hellip; <a href=\"https:\/\/www.grundschule-sasbach.de\/wp\/?page_id=7577\" class=\"more-link\"><span class=\"screen-reader-text\">Ferienauftakt<\/span> weiterlesen <span class=\"meta-nav\">&rarr;<\/span><\/a><\/p>\n","protected":false},"author":4,"featured_media":0,"parent":7410,"menu_order":14,"comment_status":"closed","ping_status":"closed","template":"","meta":{"footnotes":""},"class_list":["post-7577","page","type-page","status-publish","hentry"],"_links":{"self":[{"href":"https:\/\/www.grundschule-sasbach.de\/wp\/index.php?rest_route=\/wp\/v2\/pages\/7577","targetHints":{"allow":["GET"]}}],"collection":[{"href":"https:\/\/www.grundschule-sasbach.de\/wp\/index.php?rest_route=\/wp\/v2\/pages"}],"about":[{"href":"https:\/\/www.grundschule-sasbach.de\/wp\/index.php?rest_route=\/wp\/v2\/types\/page"}],"author":[{"embeddable":true,"href":"https:\/\/www.grundschule-sasbach.de\/wp\/index.php?rest_route=\/wp\/v2\/users\/4"}],"replies":[{"embeddable":true,"href":"https:\/\/www.grundschule-sasbach.de\/wp\/index.php?rest_route=%2Fwp%2Fv2%2Fcomments&post=7577"}],"version-history":[{"count":1,"href":"https:\/\/www.grundschule-sasbach.de\/wp\/index.php?rest_route=\/wp\/v2\/pages\/7577\/revisions"}],"predecessor-version":[{"id":7604,"href":"https:\/\/www.grundschule-sasbach.de\/wp\/index.php?rest_route=\/wp\/v2\/pages\/7577\/revisions\/7604"}],"up":[{"embeddable":true,"href":"https:\/\/www.grundschule-sasbach.de\/wp\/index.php?rest_route=\/wp\/v2\/pages\/7410"}],"wp:attachment":[{"href":"https:\/\/www.grundschule-sasbach.de\/wp\/index.php?rest_route=%2Fwp%2Fv2%2Fmedia&parent=7577"}],"curies":[{"name":"wp","href":"https:\/\/api.w.org\/{rel}","templated":true}]}}