{"id":931,"date":"2010-08-02T18:40:38","date_gmt":"2010-08-02T16:40:38","guid":{"rendered":"http:\/\/www.grundschule-sasbach.de\/wp\/?page_id=931"},"modified":"2019-09-17T10:04:41","modified_gmt":"2019-09-17T08:04:41","slug":"lehrbeauftragte","status":"publish","type":"page","link":"https:\/\/www.grundschule-sasbach.de\/wp\/?page_id=931","title":{"rendered":"Lehrbeauftragte"},"content":{"rendered":"<h2><span style=\"color: #ff6600;\">2010\/2011<\/span><\/h2>\n<h3><span style=\"text-decoration: underline;\"><span style=\"color: #ff00ff;\">AG Kunst<\/span><\/span> <a href=\"https:\/\/www.grundschule-sasbach.de\/wp\/wp-content\/uploads\/2010\/08\/Maedchen_Junge_Blume.gif\"><img loading=\"lazy\" decoding=\"async\" class=\"size-full wp-image-1140 alignleft\" title=\"Maedchen_Junge_Blume\" src=\"https:\/\/www.grundschule-sasbach.de\/wp\/wp-content\/uploads\/2010\/08\/Maedchen_Junge_Blume.gif\" alt=\"Maedchen_Junge_Blume\" width=\"180\" height=\"115\" srcset=\"https:\/\/www.grundschule-sasbach.de\/wp\/wp-content\/uploads\/2010\/08\/Maedchen_Junge_Blume.gif 411w, https:\/\/www.grundschule-sasbach.de\/wp\/wp-content\/uploads\/2010\/08\/Maedchen_Junge_Blume-300x192.gif 300w\" sizes=\"auto, (max-width: 180px) 100vw, 180px\" \/><\/a><\/h3>\n<p>Frau Sibylle Gut ist Erzieherin und bietet an unsererer Schule eine Kunst AG an.<\/p>\n<p>Dieses Jahr wird sich die AG mit &#8222;Landart&#8220;, Kunst in und mit der Natur, besch\u00e4ftigen.<\/p>\n<p><a href=\"https:\/\/www.grundschule-sasbach.de\/wp\/wp-content\/uploads\/2010\/08\/Wald-AG-002.jpg\"><img loading=\"lazy\" decoding=\"async\" class=\"alignleft size-full wp-image-1356\" title=\"Wald AG 002\" src=\"https:\/\/www.grundschule-sasbach.de\/wp\/wp-content\/uploads\/2010\/08\/Wald-AG-002.jpg\" alt=\"Wald AG 002\" width=\"300\" height=\"200\" \/><\/a><a href=\"https:\/\/www.grundschule-sasbach.de\/wp\/wp-content\/uploads\/2010\/08\/Wald-AG-017.jpg\"><img loading=\"lazy\" decoding=\"async\" class=\"aligncenter size-full wp-image-1357\" title=\"Wald AG 017\" src=\"https:\/\/www.grundschule-sasbach.de\/wp\/wp-content\/uploads\/2010\/08\/Wald-AG-017.jpg\" alt=\"Wald AG 017\" width=\"300\" height=\"200\" \/><\/a><a href=\"https:\/\/www.grundschule-sasbach.de\/wp\/wp-content\/uploads\/2010\/08\/Wald-AG-029.jpg\"><img loading=\"lazy\" decoding=\"async\" class=\"alignright size-full wp-image-1358\" title=\"Wald AG 029\" src=\"https:\/\/www.grundschule-sasbach.de\/wp\/wp-content\/uploads\/2010\/08\/Wald-AG-029.jpg\" alt=\"Wald AG 029\" width=\"300\" height=\"200\" \/><\/a><\/p>\n<p>Kreativit\u00e4t und Bewegung werden somit sinnvoll verbunden.<\/p>\n<h3>Zum Abschluss der Landart AG gab es noch ein gro\u00dfes Grillfest.<\/h3>\n<p><a href=\"https:\/\/www.grundschule-sasbach.de\/wp\/wp-content\/uploads\/2010\/08\/Wald-AG-18.jpg\"><img loading=\"lazy\" decoding=\"async\" class=\"alignleft size-full wp-image-1475\" title=\"Wald AG (18)\" src=\"https:\/\/www.grundschule-sasbach.de\/wp\/wp-content\/uploads\/2010\/08\/Wald-AG-18.jpg\" alt=\"Wald AG (18)\" width=\"300\" height=\"200\" \/><\/a><a href=\"https:\/\/www.grundschule-sasbach.de\/wp\/wp-content\/uploads\/2010\/08\/Wald-AG-29.jpg\"><img loading=\"lazy\" decoding=\"async\" class=\"aligncenter size-full wp-image-1476\" title=\"Wald AG (29)\" src=\"https:\/\/www.grundschule-sasbach.de\/wp\/wp-content\/uploads\/2010\/08\/Wald-AG-29.jpg\" alt=\"Wald AG (29)\" width=\"300\" height=\"200\" \/><\/a><a href=\"https:\/\/www.grundschule-sasbach.de\/wp\/wp-content\/uploads\/2010\/08\/Wald-AG-20.jpg\"><img loading=\"lazy\" decoding=\"async\" class=\"alignright size-full wp-image-1477\" title=\"Wald AG (20)\" src=\"https:\/\/www.grundschule-sasbach.de\/wp\/wp-content\/uploads\/2010\/08\/Wald-AG-20.jpg\" alt=\"Wald AG (20)\" width=\"300\" height=\"200\" \/><\/a><a href=\"https:\/\/www.grundschule-sasbach.de\/wp\/wp-content\/uploads\/2010\/08\/Wald-AG-21.jpg\"><img loading=\"lazy\" decoding=\"async\" class=\"alignright size-full wp-image-1478\" title=\"Wald AG (21)\" src=\"https:\/\/www.grundschule-sasbach.de\/wp\/wp-content\/uploads\/2010\/08\/Wald-AG-21.jpg\" alt=\"Wald AG (21)\" width=\"300\" height=\"200\" \/><\/a><\/p>\n<h3><span style=\"color: #ff00ff;\"><span style=\"text-decoration: underline;\">Zirkus AG<\/span> <a href=\"https:\/\/www.grundschule-sasbach.de\/wp\/wp-content\/uploads\/2010\/08\/Februar.gif\"><img loading=\"lazy\" decoding=\"async\" class=\"size-full wp-image-1141 alignleft\" title=\"Februar\" src=\"https:\/\/www.grundschule-sasbach.de\/wp\/wp-content\/uploads\/2010\/08\/Februar.gif\" alt=\"Februar\" width=\"166\" height=\"119\" srcset=\"https:\/\/www.grundschule-sasbach.de\/wp\/wp-content\/uploads\/2010\/08\/Februar.gif 472w, https:\/\/www.grundschule-sasbach.de\/wp\/wp-content\/uploads\/2010\/08\/Februar-300x215.gif 300w\" sizes=\"auto, (max-width: 166px) 100vw, 166px\" \/><\/a><br \/>\n<\/span><\/h3>\n<p><span style=\"color: #ff00ff;\"><span style=\"color: #000000;\">Ab Januar wird Herr Burkhart Bender eine Zirkus AG f\u00fcr die Kinder der<\/span><\/span><\/p>\n<p><span style=\"color: #ff00ff;\"><span style=\"color: #000000;\">3. Klasse anbieten.\u00a0 Sie wird am Dienstag Nachmittag stattfinden.<\/span><\/span><\/p>\n<h2><span style=\"color: #ff0000;\">2011\/2012\/2013<\/span><\/h2>\n<h2><\/h2>\n<h3><span style=\"color: #ff00ff;\"><span style=\"color: #000000;\"><span style=\"color: #ff6600;\"><span style=\"color: #ff00ff;\"><span style=\"text-decoration: underline;\">Kunst AG<\/span><\/span><\/span><\/span><\/span><\/h3>\n<h2><span style=\"color: #ff6600;\"><br \/>\n<\/span><\/h2>\n<p><span style=\"color: #ff00ff;\"><span style=\"color: #000000;\"><span style=\"color: #ff6600;\"><span style=\"color: #ff00ff;\"><span style=\"color: #000000;\">F\u00fcr die Kinder der 2. Klasse wird eine AG-Kunst angeboten.<br \/>\n<\/span><\/span><\/span><\/span><\/span><\/p>\n<p><span style=\"color: #ff00ff;\"><span style=\"color: #000000;\"><span style=\"color: #ff6600;\"><span style=\"color: #ff00ff;\"><span style=\"color: #000000;\">Frau Rebel wird mit den Kindern selbst Leinw\u00e4nde herstellen und sie kreativ bemalen.<\/span><\/span><\/span><\/span><\/span><\/p>\n<p><span style=\"color: #ff00ff;\"><span style=\"color: #000000;\"><span style=\"color: #ff6600;\"><span style=\"color: #ff00ff;\"><span style=\"color: #000000;\">Und das sind die Ergebnisse &#8230; super !!<\/span><\/span><\/span><\/span><\/span><\/p>\n<p><span style=\"color: #ff00ff;\"><span style=\"color: #000000;\"><span style=\"color: #ff6600;\"><span style=\"color: #ff00ff;\"><span style=\"color: #000000;\"><a href=\"https:\/\/www.grundschule-sasbach.de\/wp\/wp-content\/uploads\/2010\/08\/DSC03912.JPG\"><img loading=\"lazy\" decoding=\"async\" class=\"alignleft size-full wp-image-1687\" title=\"DSC03912\" src=\"https:\/\/www.grundschule-sasbach.de\/wp\/wp-content\/uploads\/2010\/08\/DSC03912.JPG\" alt=\"DSC03912\" width=\"330\" height=\"248\" \/><\/a><br \/>\n<\/span><\/span><\/span><\/span><\/span><\/p>\n","protected":false},"excerpt":{"rendered":"<p>2010\/2011 AG Kunst Frau Sibylle Gut ist Erzieherin und bietet an unsererer Schule eine Kunst AG an. Dieses Jahr wird sich die AG mit &#8222;Landart&#8220;, Kunst in und mit der Natur, besch\u00e4ftigen. Kreativit\u00e4t und Bewegung werden somit sinnvoll verbunden. Zum Abschluss der Landart AG gab es noch ein gro\u00dfes Grillfest. Zirkus AG Ab Januar wird &hellip; <a href=\"https:\/\/www.grundschule-sasbach.de\/wp\/?page_id=931\" class=\"more-link\"><span class=\"screen-reader-text\">Lehrbeauftragte<\/span> weiterlesen <span class=\"meta-nav\">&rarr;<\/span><\/a><\/p>\n","protected":false},"author":4,"featured_media":0,"parent":6,"menu_order":6,"comment_status":"closed","ping_status":"closed","template":"","meta":{"footnotes":""},"class_list":["post-931","page","type-page","status-publish","hentry"],"_links":{"self":[{"href":"https:\/\/www.grundschule-sasbach.de\/wp\/index.php?rest_route=\/wp\/v2\/pages\/931","targetHints":{"allow":["GET"]}}],"collection":[{"href":"https:\/\/www.grundschule-sasbach.de\/wp\/index.php?rest_route=\/wp\/v2\/pages"}],"about":[{"href":"https:\/\/www.grundschule-sasbach.de\/wp\/index.php?rest_route=\/wp\/v2\/types\/page"}],"author":[{"embeddable":true,"href":"https:\/\/www.grundschule-sasbach.de\/wp\/index.php?rest_route=\/wp\/v2\/users\/4"}],"replies":[{"embeddable":true,"href":"https:\/\/www.grundschule-sasbach.de\/wp\/index.php?rest_route=%2Fwp%2Fv2%2Fcomments&post=931"}],"version-history":[{"count":13,"href":"https:\/\/www.grundschule-sasbach.de\/wp\/index.php?rest_route=\/wp\/v2\/pages\/931\/revisions"}],"predecessor-version":[{"id":4857,"href":"https:\/\/www.grundschule-sasbach.de\/wp\/index.php?rest_route=\/wp\/v2\/pages\/931\/revisions\/4857"}],"up":[{"embeddable":true,"href":"https:\/\/www.grundschule-sasbach.de\/wp\/index.php?rest_route=\/wp\/v2\/pages\/6"}],"wp:attachment":[{"href":"https:\/\/www.grundschule-sasbach.de\/wp\/index.php?rest_route=%2Fwp%2Fv2%2Fmedia&parent=931"}],"curies":[{"name":"wp","href":"https:\/\/api.w.org\/{rel}","templated":true}]}}